{"id":7312,"date":"2026-03-23T10:54:09","date_gmt":"2026-03-23T09:54:09","guid":{"rendered":"https:\/\/bartech.sk\/?page_id=7312"},"modified":"2026-04-22T08:40:24","modified_gmt":"2026-04-22T06:40:24","slug":"registration-for-the-workshop-7","status":"publish","type":"page","link":"https:\/\/bartech.sk\/en\/registration-for-the-workshop-7\/","title":{"rendered":"Registration for workshop 2026"},"content":{"rendered":"\n<style type=\"text\/css\" data-created_by=\"avia_inline_auto\" id=\"style-css-av-lv2hh6tx-76623bb27197dc4ee254652550d0fc3f\">\n.avia-section.av-lv2hh6tx-76623bb27197dc4ee254652550d0fc3f{\nbackground-repeat:no-repeat;\nbackground-image:url(https:\/\/bartech.sk\/wp-content\/uploads\/2024\/07\/registracia-banner.jpg);\nbackground-position:50% 50%;\nbackground-attachment:scroll;\n}\n<\/style>\n<div id='av_section_1'  class='avia-section av-lv2hh6tx-76623bb27197dc4ee254652550d0fc3f main_color avia-section-default avia-no-border-styling  avia-builder-el-0  el_before_av_section  avia-builder-el-first  main-banner avia-full-stretch avia-bg-style-scroll av-minimum-height av-minimum-height-25 av-height-25  container_wrap fullsize'  data-section-bg-repeat='stretch' data-av_minimum_height_pc='25' data-av_min_height_opt='25'><div class='container av-section-cont-open' ><main  role=\"main\" itemprop=\"mainContentOfPage\"  class='template-page content  av-content-full alpha units'><div class='post-entry post-entry-type-page post-entry-7312'><div class='entry-content-wrapper clearfix'>\n<div  class='flex_column av-50n4xn-912b247e8a5814624ceda6991ea0ca8a av_one_full  avia-builder-el-1  avia-builder-el-no-sibling  first flex_column_div  '     ><p>\n<style type=\"text\/css\" data-created_by=\"avia_inline_auto\" id=\"style-css-av-lv2hgv0i-466dcbd485226b110576cefb8b583d96\">\n#top .av-special-heading.av-lv2hgv0i-466dcbd485226b110576cefb8b583d96{\npadding-bottom:0;\n}\nbody .av-special-heading.av-lv2hgv0i-466dcbd485226b110576cefb8b583d96 .av-special-heading-tag .heading-char{\nfont-size:25px;\n}\n.av-special-heading.av-lv2hgv0i-466dcbd485226b110576cefb8b583d96 .av-subheading{\nfont-size:15px;\n}\n<\/style>\n<div  class='av-special-heading av-lv2hgv0i-466dcbd485226b110576cefb8b583d96 av-special-heading-h1 blockquote modern-quote  avia-builder-el-2  el_before_av_hr  avia-builder-el-first  subpage-title-h1'><h1 class='av-special-heading-tag'  itemprop=\"headline\"  >Registration for the workshop<\/h1><div class=\"special-heading-border\"><div class=\"special-heading-inner-border\"><\/div><\/div><\/div><br \/>\n\n<style type=\"text\/css\" data-created_by=\"avia_inline_auto\" id=\"style-css-av-4vbggz-e1e09ebfae37b39159830bbfb0717b06\">\n#top .hr.av-4vbggz-e1e09ebfae37b39159830bbfb0717b06{\nmargin-top:0px;\nmargin-bottom:30px;\n}\n.hr.av-4vbggz-e1e09ebfae37b39159830bbfb0717b06 .hr-inner{\nwidth:100px;\nborder-color:#ed7207;\n}\n<\/style>\n<div  class='hr av-4vbggz-e1e09ebfae37b39159830bbfb0717b06 hr-custom  avia-builder-el-3  el_after_av_heading  avia-builder-el-last  hr-subpage-banner hr-left hr-icon-no'><span class='hr-inner inner-border-av-border-fat'><span class=\"hr-inner-style\"><\/span><\/span><\/div><\/p><\/div>\n\n<\/div><\/div><\/main><!-- close content main element --><\/div><\/div><div id='av_section_2'  class='avia-section av-4pam57-1b4043977edf04f77a77ec405bcccf3c main_color avia-section-small avia-no-border-styling  avia-builder-el-4  el_after_av_section  avia-builder-el-last  avia-bg-style-scroll container_wrap fullsize'  ><div class='container av-section-cont-open' ><div class='template-page content  av-content-full alpha units'><div class='post-entry post-entry-type-page post-entry-7312'><div class='entry-content-wrapper clearfix'>\n<div  class='flex_column av-4liigb-74ce4fd62c899b4655f8d2bec6d2e851 av_one_full  avia-builder-el-5  el_before_av_two_third  avia-builder-el-first  first flex_column_div  '     ><section  class='av_textblock_section av-lv2hjuv5-257e3051f96454759959fd3320833939 '   itemscope=\"itemscope\" itemtype=\"https:\/\/schema.org\/CreativeWork\" ><div class='avia_textblock'  itemprop=\"text\" ><p><strong><span data-teams=\"true\">On Wednesday and Thursday 21-22.10.<\/span>2026 we have prepared another of our workshops for you, where we present real installations at our customers. You have the opportunity to get acquainted with the original customer requirements, our solution proposal and the process of joint implementation of the project up to the evaluation of the current situation.<\/p>\n<p><\/strong><strong> <a style=\"display: inline-block; background-color: #008dd2; color: #ffffff; padding: 20px 40px; text-decoration: none; border-radius: 8px; font-weight: bold; font-size: 20px;\" href=\"https:\/\/bartech.sk\/en\/?page_id=7539\" target=\"_blank\" rel=\"noopener\">Workshop programme<\/a><\/strong><strong>                                                                                                                       <\/strong><\/p>\n<\/div><\/section><\/div><div class='flex_column_table av-lz10345a-2784d5b280760d4732fc295883933e73 sc-av_two_third av-equal-height-column-flextable'>\n<style type=\"text\/css\" data-created_by=\"avia_inline_auto\" id=\"style-css-av-lz10345a-2784d5b280760d4732fc295883933e73\">\n#top .flex_column_table.av-equal-height-column-flextable.av-lz10345a-2784d5b280760d4732fc295883933e73{\nmargin-top:0px;\nmargin-bottom:0px;\n}\n.flex_column.av-lz10345a-2784d5b280760d4732fc295883933e73{\nwidth:66.3333333333%;\nmargin-left:0;\nbackground-color:#f7f7f7;\n}\n#top .flex_column_table.av-equal-height-column-flextable.av-lz10345a-2784d5b280760d4732fc295883933e73 .av-flex-placeholder{\nwidth:1%;\n}\n<\/style>\n<div  class='flex_column av-lz10345a-2784d5b280760d4732fc295883933e73 av_two_third  avia-builder-el-7  el_after_av_one_full  el_before_av_one_third  cf-box first flex_column_table_cell av-equal-height-column av-align-top  column-top-margin'     ><p>\n<style type=\"text\/css\" data-created_by=\"avia_inline_auto\" id=\"style-css-av-lz105bod-065d6f9f99f6e9a9d4f9c57aab5f4bc7\">\n#top .av-special-heading.av-lz105bod-065d6f9f99f6e9a9d4f9c57aab5f4bc7{\npadding-bottom:10px;\n}\nbody .av-special-heading.av-lz105bod-065d6f9f99f6e9a9d4f9c57aab5f4bc7 .av-special-heading-tag .heading-char{\nfont-size:25px;\n}\n.av-special-heading.av-lz105bod-065d6f9f99f6e9a9d4f9c57aab5f4bc7 .av-subheading{\nfont-size:15px;\n}\n<\/style>\n<div  class='av-special-heading av-lz105bod-065d6f9f99f6e9a9d4f9c57aab5f4bc7 av-special-heading-h1 blockquote modern-quote modern-centered  avia-builder-el-8  el_before_av_textblock  avia-builder-el-first '><h1 class='av-special-heading-tag'  itemprop=\"headline\"  >Sign Up<\/h1><div class=\"special-heading-border\"><div class=\"special-heading-inner-border\"><\/div><\/div><\/div><br \/>\n<section  class='av_textblock_section av-lz107odh-aa14218c6c6084775455361f200ecb4c '   itemscope=\"itemscope\" itemtype=\"https:\/\/schema.org\/CreativeWork\" ><div class='avia_textblock'  itemprop=\"text\" ><p style=\"text-align: center;\"><strong>MANUFACTURING &amp; LOGISTICS INNOVATION DAYS<br \/>\nRFID on the rise<\/strong><\/p>\n<p style=\"text-align: left;\"><strong>Venue:<\/strong> Hotel Tenis, Neresn\u00edcka cesta 13, 960 01 Zvolen<\/p>\n<p style=\"text-align: left;\"><strong>Deadline:<\/strong> 21. &#8211; 22.10.2026<\/p>\n<p style=\"text-align: left;\"><strong>Ticket price (registration fee):<br \/>\n<\/strong>Until 30.06.2026 &#8211; 100 EUR<br \/>\nUntil 30.06.2026 &#8211; 120 EUR<br \/>\nAfter 30.08.2026 &#8211; 140 EUR<br \/>\nPrices are without VAT.<\/p>\n<div><\/div>\n<div><\/div>\n<\/div><\/section><br \/>\n<\/p><\/div><div class='av-flex-placeholder'><\/div>\n<style type=\"text\/css\" data-created_by=\"avia_inline_auto\" id=\"style-css-av-3vdfy7-01b11bf759ce872cb7f099d66aac2e71\">\n#top .flex_column_table.av-equal-height-column-flextable.av-3vdfy7-01b11bf759ce872cb7f099d66aac2e71{\nmargin-top:0px;\nmargin-bottom:0px;\n}\n.flex_column.av-3vdfy7-01b11bf759ce872cb7f099d66aac2e71{\nwidth:32.6666666667%;\nmargin-left:0;\n}\n#top .flex_column_table.av-equal-height-column-flextable.av-3vdfy7-01b11bf759ce872cb7f099d66aac2e71 .av-flex-placeholder{\nwidth:1%;\n}\n<\/style>\n<div  class='flex_column av-3vdfy7-01b11bf759ce872cb7f099d66aac2e71 av_one_third  avia-builder-el-11  el_after_av_two_third  avia-builder-el-last  flex_column_table_cell av-equal-height-column av-align-top  column-top-margin'     ><section  class='av_textblock_section av-lzb7tbr2-9a0b169f1d984a4d8d8901f82831991c '   itemscope=\"itemscope\" itemtype=\"https:\/\/schema.org\/CreativeWork\" ><div class='avia_textblock'  itemprop=\"text\" ><h3 style=\"text-align: left;\">MAIN PARTNER<\/h3>\n<hr>\n<p><a href=\"https:\/\/www.zebra.com\/\" target=\"_blank\" rel=\"noopener\"><img loading=\"lazy\" decoding=\"async\" class=\"alignnone wp-image-3726\" src=\"https:\/\/bartech.sk\/wp-content\/uploads\/2024\/07\/2-zebra_logo-300x97.png\" alt=\"\" width=\"395\" height=\"128\"><\/a><\/p>\n<h4><strong style=\"font-size: 20px;\">PARTNERS<\/strong><\/h4>\n<hr>\n<p><a href=\"https:\/\/www.bartendersoftware.com\/\" target=\"_blank\" rel=\"noopener\"><img loading=\"lazy\" decoding=\"async\" class=\"alignnone wp-image-5615\" src=\"https:\/\/bartech.sk\/wp-content\/uploads\/2025\/06\/bart.png\" alt=\"\" width=\"195\" height=\"33\"><\/a>   <a href=\"https:\/\/www.brodit.com\/en\" target=\"_blank\" rel=\"noopener\"><img loading=\"lazy\" decoding=\"async\" class=\"alignnone wp-image-7415\" src=\"https:\/\/bartech.sk\/wp-content\/uploads\/2026\/03\/brodit2.png\" alt=\"\" width=\"143\" height=\"69\"><\/a> <a href=\"https:\/\/www.108realestate.sk\/\" target=\"_blank\" rel=\"noopener\"><img loading=\"lazy\" decoding=\"async\" class=\"alignnone wp-image-7377\" src=\"https:\/\/bartech.sk\/wp-content\/uploads\/2026\/03\/real-estate.png\" alt=\"\" width=\"204\" height=\"39\"><\/a>    <a href=\"https:\/\/www.mts.sk\/\" target=\"_blank\" rel=\"noopener\"><img loading=\"lazy\" decoding=\"async\" class=\"alignnone wp-image-7381\" src=\"https:\/\/bartech.sk\/wp-content\/uploads\/2026\/03\/mts-logo.png\" alt=\"\" width=\"192\" height=\"46\"><\/a> <a href=\"https:\/\/www.arcon-automation.com\/sk\" target=\"_blank\" rel=\"noopener\"><img loading=\"lazy\" decoding=\"async\" class=\"alignnone wp-image-7417\" src=\"https:\/\/bartech.sk\/wp-content\/uploads\/2026\/03\/arcon1.png\" alt=\"\" width=\"178\" height=\"56\"><\/a>       <a href=\"https:\/\/proman.sk\/\" target=\"_blank\" rel=\"noopener\"><img loading=\"lazy\" decoding=\"async\" class=\"alignnone wp-image-3964\" src=\"https:\/\/bartech.sk\/wp-content\/uploads\/2024\/07\/ProMan80.png\" alt=\"\" width=\"155\" height=\"44\"><\/a> <a href=\"https:\/\/www.siea.sk\/\" target=\"_blank\" rel=\"noopener\"><img loading=\"lazy\" decoding=\"async\" class=\"alignnone wp-image-7430\" src=\"https:\/\/bartech.sk\/wp-content\/uploads\/2026\/04\/siea-logo.jpg\" alt=\"\" width=\"212\" height=\"38\"><\/a> <a href=\"https:\/\/www.sario.sk\/sk\" target=\"_blank\" rel=\"noopener\"><img loading=\"lazy\" decoding=\"async\" class=\"alignnone wp-image-7437\" src=\"https:\/\/bartech.sk\/wp-content\/uploads\/2026\/04\/sarioo.png\" alt=\"\" width=\"199\" height=\"53\"><\/a><\/p>\n<h4 style=\"text-align: left;\"><strong>MEDIA PARTNERS<\/strong><\/h4>\n<hr>\n<p><a href=\"https:\/\/transport.sk\/\" target=\"_blank\" rel=\"noopener\"><img loading=\"lazy\" decoding=\"async\" class=\"alignnone wp-image-7434\" src=\"https:\/\/bartech.sk\/wp-content\/uploads\/2026\/04\/logistika.png\" alt=\"\" width=\"184\" height=\"130\"><\/a> <a href=\"https:\/\/www.engineering.sk\/sk\/\" target=\"_blank\" rel=\"noopener\"><img loading=\"lazy\" decoding=\"async\" class=\"alignnone wp-image-7526\" src=\"https:\/\/bartech.sk\/wp-content\/uploads\/2026\/04\/strojarstvo-logo.png\" alt=\"\" width=\"217\" height=\"77\"><\/a><a href=\"https:\/\/www.logistika.tv\/aktuality-sk\/\" target=\"_blank\" rel=\"noopener\"><img loading=\"lazy\" decoding=\"async\" class=\"alignnone wp-image-3974\" src=\"https:\/\/bartech.sk\/wp-content\/uploads\/2024\/07\/LogistikaTV-logo80_2.jpg\" alt=\"\" width=\"278\" height=\"51\"><\/a><\/p>\n<\/div><\/section><\/div><\/div><!--close column table wrapper. Autoclose: 1 -->\n\n","protected":false},"excerpt":{"rendered":"","protected":false},"author":3,"featured_media":7504,"parent":0,"menu_order":6,"comment_status":"closed","ping_status":"closed","template":"","meta":{"footnotes":""},"class_list":["post-7312","page","type-page","status-publish","has-post-thumbnail","hentry"],"yoast_head":"<!-- This site is optimized with the Yoast SEO Premium plugin v23.1 (Yoast SEO v26.3) - https:\/\/yoast.com\/wordpress\/plugins\/seo\/ -->\n<title>Registration for workshop 2026 - BARTECH SLOVAKIA<\/title>\n<meta name=\"description\" content=\"Join us for the expert workshop MANUFACTURING &amp; LOGISTICS INNOVATION DAYSRFID on the rise.\" \/>\n<meta name=\"robots\" content=\"index, follow, max-snippet:-1, max-image-preview:large, max-video-preview:-1\" \/>\n<link rel=\"canonical\" href=\"https:\/\/bartech.sk\/en\/registration-for-the-workshop-7\/\" \/>\n<meta property=\"og:locale\" content=\"en_US\" \/>\n<meta property=\"og:type\" content=\"article\" \/>\n<meta property=\"og:title\" content=\"Registration for workshop 2026\" \/>\n<meta property=\"og:description\" content=\"Join us for the expert workshop MANUFACTURING &amp; LOGISTICS INNOVATION DAYSRFID on the rise.\" \/>\n<meta property=\"og:url\" content=\"https:\/\/bartech.sk\/en\/registration-for-the-workshop-7\/\" \/>\n<meta property=\"og:site_name\" content=\"BARTECH SLOVAKIA\" \/>\n<meta property=\"article:publisher\" content=\"https:\/\/www.facebook.com\/Bartech.Slovakia\" \/>\n<meta property=\"article:modified_time\" content=\"2026-04-22T06:40:24+00:00\" \/>\n<meta property=\"og:image\" content=\"https:\/\/bartech.sk\/wp-content\/uploads\/2026\/04\/workshop.png\" \/>\n\t<meta property=\"og:image:width\" content=\"862\" \/>\n\t<meta property=\"og:image:height\" content=\"417\" \/>\n\t<meta property=\"og:image:type\" content=\"image\/png\" \/>\n<meta name=\"twitter:card\" content=\"summary_large_image\" \/>\n<meta name=\"twitter:label1\" content=\"Est. reading time\" \/>\n\t<meta name=\"twitter:data1\" content=\"17 minutes\" \/>\n<script type=\"application\/ld+json\" class=\"yoast-schema-graph\">{\"@context\":\"https:\/\/schema.org\",\"@graph\":[{\"@type\":\"WebPage\",\"@id\":\"https:\/\/bartech.sk\/en\/registration-for-the-workshop-7\/\",\"url\":\"https:\/\/bartech.sk\/en\/registration-for-the-workshop-7\/\",\"name\":\"Registration for workshop 2026 - BARTECH SLOVAKIA\",\"isPartOf\":{\"@id\":\"https:\/\/bartech.sk\/en\/#website\"},\"primaryImageOfPage\":{\"@id\":\"https:\/\/bartech.sk\/en\/registration-for-the-workshop-7\/#primaryimage\"},\"image\":{\"@id\":\"https:\/\/bartech.sk\/en\/registration-for-the-workshop-7\/#primaryimage\"},\"thumbnailUrl\":\"https:\/\/bartech.sk\/wp-content\/uploads\/2026\/04\/workshop.png\",\"datePublished\":\"2026-03-23T09:54:09+00:00\",\"dateModified\":\"2026-04-22T06:40:24+00:00\",\"description\":\"Join us for the expert workshop MANUFACTURING & LOGISTICS INNOVATION DAYSRFID on the rise.\",\"breadcrumb\":{\"@id\":\"https:\/\/bartech.sk\/en\/registration-for-the-workshop-7\/#breadcrumb\"},\"inLanguage\":\"en-US\",\"potentialAction\":[{\"@type\":\"ReadAction\",\"target\":[\"https:\/\/bartech.sk\/en\/registration-for-the-workshop-7\/\"]}]},{\"@type\":\"ImageObject\",\"inLanguage\":\"en-US\",\"@id\":\"https:\/\/bartech.sk\/en\/registration-for-the-workshop-7\/#primaryimage\",\"url\":\"https:\/\/bartech.sk\/wp-content\/uploads\/2026\/04\/workshop.png\",\"contentUrl\":\"https:\/\/bartech.sk\/wp-content\/uploads\/2026\/04\/workshop.png\",\"width\":862,\"height\":417},{\"@type\":\"BreadcrumbList\",\"@id\":\"https:\/\/bartech.sk\/en\/registration-for-the-workshop-7\/#breadcrumb\",\"itemListElement\":[{\"@type\":\"ListItem\",\"position\":1,\"name\":\"Domovsk\u00e1 str\u00e1nka\",\"item\":\"https:\/\/bartech.sk\/en\/introduction\/\"},{\"@type\":\"ListItem\",\"position\":2,\"name\":\"Registration for workshop 2026\"}]},{\"@type\":\"WebSite\",\"@id\":\"https:\/\/bartech.sk\/en\/#website\",\"url\":\"https:\/\/bartech.sk\/en\/\",\"name\":\"Rie\u0161enia pre v\u00fdrobu a logistiku\",\"description\":\"Automatizovan\u00fd zber d\u00e1t vo v\u00fdrobe a logistike\",\"publisher\":{\"@id\":\"https:\/\/bartech.sk\/en\/#organization\"},\"potentialAction\":[{\"@type\":\"SearchAction\",\"target\":{\"@type\":\"EntryPoint\",\"urlTemplate\":\"https:\/\/bartech.sk\/en\/?s={search_term_string}\"},\"query-input\":{\"@type\":\"PropertyValueSpecification\",\"valueRequired\":true,\"valueName\":\"search_term_string\"}}],\"inLanguage\":\"en-US\"},{\"@type\":\"Organization\",\"@id\":\"https:\/\/bartech.sk\/en\/#organization\",\"name\":\"BARTECH SLOVAKIA\",\"url\":\"https:\/\/bartech.sk\/en\/\",\"logo\":{\"@type\":\"ImageObject\",\"inLanguage\":\"en-US\",\"@id\":\"https:\/\/bartech.sk\/en\/#\/schema\/logo\/image\/\",\"url\":\"https:\/\/bartech.sk\/wp-content\/uploads\/2024\/07\/Bartech_podpis.png\",\"contentUrl\":\"https:\/\/bartech.sk\/wp-content\/uploads\/2024\/07\/Bartech_podpis.png\",\"width\":185,\"height\":47,\"caption\":\"BARTECH SLOVAKIA\"},\"image\":{\"@id\":\"https:\/\/bartech.sk\/en\/#\/schema\/logo\/image\/\"},\"sameAs\":[\"https:\/\/www.facebook.com\/Bartech.Slovakia\",\"https:\/\/www.linkedin.com\/company\/bartech-slovakia\/\",\"https:\/\/www.youtube.com\/user\/BartechSk\"]}]}<\/script>\n<!-- \/ Yoast SEO Premium plugin. -->","yoast_head_json":{"title":"Registration for workshop 2026 - BARTECH SLOVAKIA","description":"Join us for the expert workshop MANUFACTURING & LOGISTICS INNOVATION DAYSRFID on the rise.","robots":{"index":"index","follow":"follow","max-snippet":"max-snippet:-1","max-image-preview":"max-image-preview:large","max-video-preview":"max-video-preview:-1"},"canonical":"https:\/\/bartech.sk\/en\/registration-for-the-workshop-7\/","og_locale":"en_US","og_type":"article","og_title":"Registration for workshop 2026","og_description":"Join us for the expert workshop MANUFACTURING & LOGISTICS INNOVATION DAYSRFID on the rise.","og_url":"https:\/\/bartech.sk\/en\/registration-for-the-workshop-7\/","og_site_name":"BARTECH SLOVAKIA","article_publisher":"https:\/\/www.facebook.com\/Bartech.Slovakia","article_modified_time":"2026-04-22T06:40:24+00:00","og_image":[{"width":862,"height":417,"url":"https:\/\/bartech.sk\/wp-content\/uploads\/2026\/04\/workshop.png","type":"image\/png"}],"twitter_card":"summary_large_image","twitter_misc":{"Est. reading time":"17 minutes"},"schema":{"@context":"https:\/\/schema.org","@graph":[{"@type":"WebPage","@id":"https:\/\/bartech.sk\/en\/registration-for-the-workshop-7\/","url":"https:\/\/bartech.sk\/en\/registration-for-the-workshop-7\/","name":"Registration for workshop 2026 - BARTECH SLOVAKIA","isPartOf":{"@id":"https:\/\/bartech.sk\/en\/#website"},"primaryImageOfPage":{"@id":"https:\/\/bartech.sk\/en\/registration-for-the-workshop-7\/#primaryimage"},"image":{"@id":"https:\/\/bartech.sk\/en\/registration-for-the-workshop-7\/#primaryimage"},"thumbnailUrl":"https:\/\/bartech.sk\/wp-content\/uploads\/2026\/04\/workshop.png","datePublished":"2026-03-23T09:54:09+00:00","dateModified":"2026-04-22T06:40:24+00:00","description":"Join us for the expert workshop MANUFACTURING & LOGISTICS INNOVATION DAYSRFID on the rise.","breadcrumb":{"@id":"https:\/\/bartech.sk\/en\/registration-for-the-workshop-7\/#breadcrumb"},"inLanguage":"en-US","potentialAction":[{"@type":"ReadAction","target":["https:\/\/bartech.sk\/en\/registration-for-the-workshop-7\/"]}]},{"@type":"ImageObject","inLanguage":"en-US","@id":"https:\/\/bartech.sk\/en\/registration-for-the-workshop-7\/#primaryimage","url":"https:\/\/bartech.sk\/wp-content\/uploads\/2026\/04\/workshop.png","contentUrl":"https:\/\/bartech.sk\/wp-content\/uploads\/2026\/04\/workshop.png","width":862,"height":417},{"@type":"BreadcrumbList","@id":"https:\/\/bartech.sk\/en\/registration-for-the-workshop-7\/#breadcrumb","itemListElement":[{"@type":"ListItem","position":1,"name":"Domovsk\u00e1 str\u00e1nka","item":"https:\/\/bartech.sk\/en\/introduction\/"},{"@type":"ListItem","position":2,"name":"Registration for workshop 2026"}]},{"@type":"WebSite","@id":"https:\/\/bartech.sk\/en\/#website","url":"https:\/\/bartech.sk\/en\/","name":"Rie\u0161enia pre v\u00fdrobu a logistiku","description":"Automatizovan\u00fd zber d\u00e1t vo v\u00fdrobe a logistike","publisher":{"@id":"https:\/\/bartech.sk\/en\/#organization"},"potentialAction":[{"@type":"SearchAction","target":{"@type":"EntryPoint","urlTemplate":"https:\/\/bartech.sk\/en\/?s={search_term_string}"},"query-input":{"@type":"PropertyValueSpecification","valueRequired":true,"valueName":"search_term_string"}}],"inLanguage":"en-US"},{"@type":"Organization","@id":"https:\/\/bartech.sk\/en\/#organization","name":"BARTECH SLOVAKIA","url":"https:\/\/bartech.sk\/en\/","logo":{"@type":"ImageObject","inLanguage":"en-US","@id":"https:\/\/bartech.sk\/en\/#\/schema\/logo\/image\/","url":"https:\/\/bartech.sk\/wp-content\/uploads\/2024\/07\/Bartech_podpis.png","contentUrl":"https:\/\/bartech.sk\/wp-content\/uploads\/2024\/07\/Bartech_podpis.png","width":185,"height":47,"caption":"BARTECH SLOVAKIA"},"image":{"@id":"https:\/\/bartech.sk\/en\/#\/schema\/logo\/image\/"},"sameAs":["https:\/\/www.facebook.com\/Bartech.Slovakia","https:\/\/www.linkedin.com\/company\/bartech-slovakia\/","https:\/\/www.youtube.com\/user\/BartechSk"]}]}},"_links":{"self":[{"href":"https:\/\/bartech.sk\/en\/wp-json\/wp\/v2\/pages\/7312","targetHints":{"allow":["GET"]}}],"collection":[{"href":"https:\/\/bartech.sk\/en\/wp-json\/wp\/v2\/pages"}],"about":[{"href":"https:\/\/bartech.sk\/en\/wp-json\/wp\/v2\/types\/page"}],"author":[{"embeddable":true,"href":"https:\/\/bartech.sk\/en\/wp-json\/wp\/v2\/users\/3"}],"replies":[{"embeddable":true,"href":"https:\/\/bartech.sk\/en\/wp-json\/wp\/v2\/comments?post=7312"}],"version-history":[{"count":102,"href":"https:\/\/bartech.sk\/en\/wp-json\/wp\/v2\/pages\/7312\/revisions"}],"predecessor-version":[{"id":7708,"href":"https:\/\/bartech.sk\/en\/wp-json\/wp\/v2\/pages\/7312\/revisions\/7708"}],"wp:featuredmedia":[{"embeddable":true,"href":"https:\/\/bartech.sk\/en\/wp-json\/wp\/v2\/media\/7504"}],"wp:attachment":[{"href":"https:\/\/bartech.sk\/en\/wp-json\/wp\/v2\/media?parent=7312"}],"curies":[{"name":"wp","href":"https:\/\/api.w.org\/{rel}","templated":true}]}}