{"id":7264,"date":"2026-02-24T12:39:27","date_gmt":"2026-02-24T11:39:27","guid":{"rendered":"https:\/\/bartech.sk\/?page_id=7264"},"modified":"2026-02-26T13:56:09","modified_gmt":"2026-02-26T12:56:09","slug":"zeleninarska-2","status":"publish","type":"page","link":"https:\/\/bartech.sk\/en\/zeleninarska-2\/","title":{"rendered":"Gestamp"},"content":{"rendered":"\n<style type=\"text\/css\" data-created_by=\"avia_inline_auto\" id=\"style-css-av-lv2h9jqc-133169ff65cf6cec85a30b537f05098b\">\n.avia-section.av-lv2h9jqc-133169ff65cf6cec85a30b537f05098b{\nbackground-repeat:no-repeat;\nbackground-image:url(https:\/\/bartech.sk\/wp-content\/uploads\/2024\/04\/bartech-spolupraca.jpg);\nbackground-position:50% 50%;\nbackground-attachment:scroll;\n}\n<\/style>\n<div id='av_section_1'  class='avia-section av-lv2h9jqc-133169ff65cf6cec85a30b537f05098b main_color avia-section-default avia-no-border-styling  avia-builder-el-0  el_before_av_section  avia-builder-el-first  main-banner avia-full-stretch avia-bg-style-scroll av-minimum-height av-minimum-height-50 av-height-50  container_wrap fullsize'  data-section-bg-repeat='stretch' data-av_minimum_height_pc='50' data-av_min_height_opt='50'><div class='container av-section-cont-open' ><main  role=\"main\" itemprop=\"mainContentOfPage\"  class='template-page content  av-content-full alpha units'><div class='post-entry post-entry-type-page post-entry-7264'><div class='entry-content-wrapper clearfix'>\n<div  class='flex_column av-8j2a2-f88bc7585b57745ac2ff053a76ed6dfa av_one_full  avia-builder-el-1  avia-builder-el-no-sibling  first flex_column_div  '     ><p>\n<style type=\"text\/css\" data-created_by=\"avia_inline_auto\" id=\"style-css-av-lv2h6gek-9018c3840798e32bae82c0c289da1713\">\n#top .av-special-heading.av-lv2h6gek-9018c3840798e32bae82c0c289da1713{\npadding-bottom:0;\n}\nbody .av-special-heading.av-lv2h6gek-9018c3840798e32bae82c0c289da1713 .av-special-heading-tag .heading-char{\nfont-size:25px;\n}\n.av-special-heading.av-lv2h6gek-9018c3840798e32bae82c0c289da1713 .av-subheading{\nfont-size:15px;\n}\n<\/style>\n<div  class='av-special-heading av-lv2h6gek-9018c3840798e32bae82c0c289da1713 av-special-heading-h1 blockquote modern-quote  avia-builder-el-2  el_before_av_hr  avia-builder-el-first  subpage-title-h1'><h1 class='av-special-heading-tag'  itemprop=\"headline\"  >Gestamp<\/h1><div class=\"special-heading-border\"><div class=\"special-heading-inner-border\"><\/div><\/div><\/div><br \/>\n\n<style type=\"text\/css\" data-created_by=\"avia_inline_auto\" id=\"style-css-av-28mhgq-f63af240cb9cb2688fd8886560945892\">\n#top .hr.av-28mhgq-f63af240cb9cb2688fd8886560945892{\nmargin-top:0px;\nmargin-bottom:30px;\n}\n.hr.av-28mhgq-f63af240cb9cb2688fd8886560945892 .hr-inner{\nwidth:100px;\nborder-color:#ed7207;\n}\n<\/style>\n<div  class='hr av-28mhgq-f63af240cb9cb2688fd8886560945892 hr-custom  avia-builder-el-3  el_after_av_heading  avia-builder-el-last  hr-subpage-banner hr-left hr-icon-no'><span class='hr-inner inner-border-av-border-fat'><span class=\"hr-inner-style\"><\/span><\/span><\/div><\/p><\/div><\/div><\/div><\/main><!-- close content main element --><\/div><\/div><div id='viac'  class='avia-section av-1z6z8q-c3609ca0929d0e3723cfcd29d2f4f8e0 main_color avia-section-large avia-no-border-styling  avia-builder-el-4  el_after_av_section  avia-builder-el-last  avia-bg-style-scroll container_wrap fullsize'  ><div class='container av-section-cont-open' ><div class='template-page content  av-content-full alpha units'><div class='post-entry post-entry-type-page post-entry-7264'><div class='entry-content-wrapper clearfix'>\n<div class='flex_column_table av-lv3wb27g-81bdc777b6ecfe1dcdb00ee6a1d4b403 sc-av_one_fifth av-equal-height-column-flextable'><div  class='flex_column av-lv3wb27g-81bdc777b6ecfe1dcdb00ee6a1d4b403 av_one_fifth  avia-builder-el-5  el_before_av_four_fifth  avia-builder-el-first  first flex_column_table_cell av-equal-height-column av-align-middle  '     ><style type=\"text\/css\" data-created_by=\"avia_inline_auto\" id=\"style-css-av-lv3wa25x-b7a8c3d67d21c48f6e385675737f71e3\">\n.avia-image-container.av-lv3wa25x-b7a8c3d67d21c48f6e385675737f71e3 img.avia_image{\nbox-shadow:none;\n}\n.avia-image-container.av-lv3wa25x-b7a8c3d67d21c48f6e385675737f71e3 .av-image-caption-overlay-center{\ncolor:#ffffff;\n}\n<\/style>\n<div  class='avia-image-container av-lv3wa25x-b7a8c3d67d21c48f6e385675737f71e3 av-styling- avia-align-center  avia-builder-el-6  avia-builder-el-no-sibling '   itemprop=\"image\" itemscope=\"itemscope\" itemtype=\"https:\/\/schema.org\/ImageObject\" ><div class=\"avia-image-container-inner\"><div class=\"avia-image-overlay-wrap\"><a href=\"https:\/\/www.zeleninarska.sk\/\" class='avia_image' target=\"_blank\" rel=\"noopener noreferrer\" aria-label='gestamp'><img decoding=\"async\" fetchpriority=\"high\" class='wp-image-7259 avia-img-lazy-loading-not-7259 avia_image ' src=\"https:\/\/bartech.sk\/wp-content\/uploads\/2026\/02\/gestamp.png\" alt='' title='gestamp'  height=\"300\" width=\"300\"  itemprop=\"thumbnailUrl\"  \/><\/a><\/div><\/div><\/div><\/div><div class='av-flex-placeholder'><\/div><div  class='flex_column av-1suqf6-31dd1204224892d2a57399ef5e8a1ef0 av_four_fifth  avia-builder-el-7  el_after_av_one_fifth  avia-builder-el-last  flex_column_table_cell av-equal-height-column av-align-middle  '     ><p>\n<style type=\"text\/css\" data-created_by=\"avia_inline_auto\" id=\"style-css-av-lv2hae9x-8c157e8d3193d3ebd876bb59f9d0842f\">\n#top .av-special-heading.av-lv2hae9x-8c157e8d3193d3ebd876bb59f9d0842f{\nmargin:30px 0 0 0;\npadding-bottom:10px;\n}\nbody .av-special-heading.av-lv2hae9x-8c157e8d3193d3ebd876bb59f9d0842f .av-special-heading-tag .heading-char{\nfont-size:25px;\n}\n.av-special-heading.av-lv2hae9x-8c157e8d3193d3ebd876bb59f9d0842f .av-subheading{\nfont-size:15px;\n}\n<\/style>\n<div  class='av-special-heading av-lv2hae9x-8c157e8d3193d3ebd876bb59f9d0842f av-special-heading-h2 blockquote modern-quote  avia-builder-el-8  el_before_av_textblock  avia-builder-el-first  av-linked-heading'><h2 class='av-special-heading-tag'  itemprop=\"headline\"  ><a class=\"av-heading-link\" href=\"https:\/\/www.zeleninarska.sk\/\" target=\"_blank\" rel=\"noopener noreferrer\">Gestamp<\/a><\/h2><div class=\"special-heading-border\"><div class=\"special-heading-inner-border\"><\/div><\/div><\/div><br \/>\n<section  class='av_textblock_section av-lv2hbjdr-28f0478485d6b283b6e4437ea544ab2f '   itemscope=\"itemscope\" itemtype=\"https:\/\/schema.org\/CreativeWork\" ><div class='avia_textblock'  itemprop=\"text\" ><p>With operations in more than 20 countries, <a href=\"https:\/\/www.gestamp.com\/en\/home\">Gestamp<\/a> is an international group specialising in the design, development and manufacture of metal automotive components. The company focuses on developing innovative products that make vehicles safer and lighter, thereby reducing energy consumption and environmental impact. <\/p>\n<p>In order to streamline the registration of returnable packaging &#8211; containers &#8211; in the warehouse and improve the tracking of their movement, we have implemented a solution using <a href=\"https:\/\/bartech.sk\/rfid-identifikacia-buducnosti\/\">RFID technology<\/a>. This solution includes several key components that work together to ensure accurate and efficient tracking of returnable packaging. <a href=\"https:\/\/bartech.sk\/pripadove\/gestamp-2\/\">Click HERE<\/a> for more information.<\/p>\n<\/div><\/section><\/p><\/div><\/div><!--close column table wrapper. Autoclose: 1 --><\/p>\n","protected":false},"excerpt":{"rendered":"","protected":false},"author":3,"featured_media":0,"parent":0,"menu_order":5,"comment_status":"closed","ping_status":"closed","template":"","meta":{"footnotes":""},"class_list":["post-7264","page","type-page","status-publish","hentry"],"yoast_head":"<!-- This site is optimized with the Yoast SEO Premium plugin v23.1 (Yoast SEO v26.3) - https:\/\/yoast.com\/wordpress\/plugins\/seo\/ -->\n<title>Gestamp - BARTECH SLOVAKIA<\/title>\n<meta name=\"description\" content=\"Streamline the storage of returnable packaging with an RFID solution. Accurate tracking of returnable ovals saves time, reduces costs and increases efficiency.\" \/>\n<meta name=\"robots\" content=\"index, follow, max-snippet:-1, max-image-preview:large, max-video-preview:-1\" \/>\n<link rel=\"canonical\" href=\"https:\/\/bartech.sk\/en\/zeleninarska-2\/\" \/>\n<meta property=\"og:locale\" content=\"en_US\" \/>\n<meta property=\"og:type\" content=\"article\" \/>\n<meta property=\"og:title\" content=\"Gestamp\" \/>\n<meta property=\"og:description\" content=\"Streamline the storage of returnable packaging with an RFID solution. Accurate tracking of returnable ovals saves time, reduces costs and increases efficiency.\" \/>\n<meta property=\"og:url\" content=\"https:\/\/bartech.sk\/en\/zeleninarska-2\/\" \/>\n<meta property=\"og:site_name\" content=\"BARTECH SLOVAKIA\" \/>\n<meta property=\"article:publisher\" content=\"https:\/\/www.facebook.com\/Bartech.Slovakia\" \/>\n<meta property=\"article:modified_time\" content=\"2026-02-26T12:56:09+00:00\" \/>\n<meta name=\"twitter:card\" content=\"summary_large_image\" \/>\n<meta name=\"twitter:label1\" content=\"Est. reading time\" \/>\n\t<meta name=\"twitter:data1\" content=\"15 minutes\" \/>\n<script type=\"application\/ld+json\" class=\"yoast-schema-graph\">{\"@context\":\"https:\/\/schema.org\",\"@graph\":[{\"@type\":\"WebPage\",\"@id\":\"https:\/\/bartech.sk\/en\/zeleninarska-2\/\",\"url\":\"https:\/\/bartech.sk\/en\/zeleninarska-2\/\",\"name\":\"Gestamp - BARTECH SLOVAKIA\",\"isPartOf\":{\"@id\":\"https:\/\/bartech.sk\/en\/#website\"},\"datePublished\":\"2026-02-24T11:39:27+00:00\",\"dateModified\":\"2026-02-26T12:56:09+00:00\",\"description\":\"Streamline the storage of returnable packaging with an RFID solution. Accurate tracking of returnable ovals saves time, reduces costs and increases efficiency.\",\"breadcrumb\":{\"@id\":\"https:\/\/bartech.sk\/en\/zeleninarska-2\/#breadcrumb\"},\"inLanguage\":\"en-US\",\"potentialAction\":[{\"@type\":\"ReadAction\",\"target\":[\"https:\/\/bartech.sk\/en\/zeleninarska-2\/\"]}]},{\"@type\":\"BreadcrumbList\",\"@id\":\"https:\/\/bartech.sk\/en\/zeleninarska-2\/#breadcrumb\",\"itemListElement\":[{\"@type\":\"ListItem\",\"position\":1,\"name\":\"Domovsk\u00e1 str\u00e1nka\",\"item\":\"https:\/\/bartech.sk\/en\/introduction\/\"},{\"@type\":\"ListItem\",\"position\":2,\"name\":\"Gestamp\"}]},{\"@type\":\"WebSite\",\"@id\":\"https:\/\/bartech.sk\/en\/#website\",\"url\":\"https:\/\/bartech.sk\/en\/\",\"name\":\"Rie\u0161enia pre v\u00fdrobu a logistiku\",\"description\":\"Automatizovan\u00fd zber d\u00e1t vo v\u00fdrobe a logistike\",\"publisher\":{\"@id\":\"https:\/\/bartech.sk\/en\/#organization\"},\"potentialAction\":[{\"@type\":\"SearchAction\",\"target\":{\"@type\":\"EntryPoint\",\"urlTemplate\":\"https:\/\/bartech.sk\/en\/?s={search_term_string}\"},\"query-input\":{\"@type\":\"PropertyValueSpecification\",\"valueRequired\":true,\"valueName\":\"search_term_string\"}}],\"inLanguage\":\"en-US\"},{\"@type\":\"Organization\",\"@id\":\"https:\/\/bartech.sk\/en\/#organization\",\"name\":\"BARTECH SLOVAKIA\",\"url\":\"https:\/\/bartech.sk\/en\/\",\"logo\":{\"@type\":\"ImageObject\",\"inLanguage\":\"en-US\",\"@id\":\"https:\/\/bartech.sk\/en\/#\/schema\/logo\/image\/\",\"url\":\"https:\/\/bartech.sk\/wp-content\/uploads\/2024\/07\/Bartech_podpis.png\",\"contentUrl\":\"https:\/\/bartech.sk\/wp-content\/uploads\/2024\/07\/Bartech_podpis.png\",\"width\":185,\"height\":47,\"caption\":\"BARTECH SLOVAKIA\"},\"image\":{\"@id\":\"https:\/\/bartech.sk\/en\/#\/schema\/logo\/image\/\"},\"sameAs\":[\"https:\/\/www.facebook.com\/Bartech.Slovakia\",\"https:\/\/www.linkedin.com\/company\/bartech-slovakia\/\",\"https:\/\/www.youtube.com\/user\/BartechSk\"]}]}<\/script>\n<!-- \/ Yoast SEO Premium plugin. -->","yoast_head_json":{"title":"Gestamp - BARTECH SLOVAKIA","description":"Streamline the storage of returnable packaging with an RFID solution. Accurate tracking of returnable ovals saves time, reduces costs and increases efficiency.","robots":{"index":"index","follow":"follow","max-snippet":"max-snippet:-1","max-image-preview":"max-image-preview:large","max-video-preview":"max-video-preview:-1"},"canonical":"https:\/\/bartech.sk\/en\/zeleninarska-2\/","og_locale":"en_US","og_type":"article","og_title":"Gestamp","og_description":"Streamline the storage of returnable packaging with an RFID solution. Accurate tracking of returnable ovals saves time, reduces costs and increases efficiency.","og_url":"https:\/\/bartech.sk\/en\/zeleninarska-2\/","og_site_name":"BARTECH SLOVAKIA","article_publisher":"https:\/\/www.facebook.com\/Bartech.Slovakia","article_modified_time":"2026-02-26T12:56:09+00:00","twitter_card":"summary_large_image","twitter_misc":{"Est. reading time":"15 minutes"},"schema":{"@context":"https:\/\/schema.org","@graph":[{"@type":"WebPage","@id":"https:\/\/bartech.sk\/en\/zeleninarska-2\/","url":"https:\/\/bartech.sk\/en\/zeleninarska-2\/","name":"Gestamp - BARTECH SLOVAKIA","isPartOf":{"@id":"https:\/\/bartech.sk\/en\/#website"},"datePublished":"2026-02-24T11:39:27+00:00","dateModified":"2026-02-26T12:56:09+00:00","description":"Streamline the storage of returnable packaging with an RFID solution. Accurate tracking of returnable ovals saves time, reduces costs and increases efficiency.","breadcrumb":{"@id":"https:\/\/bartech.sk\/en\/zeleninarska-2\/#breadcrumb"},"inLanguage":"en-US","potentialAction":[{"@type":"ReadAction","target":["https:\/\/bartech.sk\/en\/zeleninarska-2\/"]}]},{"@type":"BreadcrumbList","@id":"https:\/\/bartech.sk\/en\/zeleninarska-2\/#breadcrumb","itemListElement":[{"@type":"ListItem","position":1,"name":"Domovsk\u00e1 str\u00e1nka","item":"https:\/\/bartech.sk\/en\/introduction\/"},{"@type":"ListItem","position":2,"name":"Gestamp"}]},{"@type":"WebSite","@id":"https:\/\/bartech.sk\/en\/#website","url":"https:\/\/bartech.sk\/en\/","name":"Rie\u0161enia pre v\u00fdrobu a logistiku","description":"Automatizovan\u00fd zber d\u00e1t vo v\u00fdrobe a logistike","publisher":{"@id":"https:\/\/bartech.sk\/en\/#organization"},"potentialAction":[{"@type":"SearchAction","target":{"@type":"EntryPoint","urlTemplate":"https:\/\/bartech.sk\/en\/?s={search_term_string}"},"query-input":{"@type":"PropertyValueSpecification","valueRequired":true,"valueName":"search_term_string"}}],"inLanguage":"en-US"},{"@type":"Organization","@id":"https:\/\/bartech.sk\/en\/#organization","name":"BARTECH SLOVAKIA","url":"https:\/\/bartech.sk\/en\/","logo":{"@type":"ImageObject","inLanguage":"en-US","@id":"https:\/\/bartech.sk\/en\/#\/schema\/logo\/image\/","url":"https:\/\/bartech.sk\/wp-content\/uploads\/2024\/07\/Bartech_podpis.png","contentUrl":"https:\/\/bartech.sk\/wp-content\/uploads\/2024\/07\/Bartech_podpis.png","width":185,"height":47,"caption":"BARTECH SLOVAKIA"},"image":{"@id":"https:\/\/bartech.sk\/en\/#\/schema\/logo\/image\/"},"sameAs":["https:\/\/www.facebook.com\/Bartech.Slovakia","https:\/\/www.linkedin.com\/company\/bartech-slovakia\/","https:\/\/www.youtube.com\/user\/BartechSk"]}]}},"_links":{"self":[{"href":"https:\/\/bartech.sk\/en\/wp-json\/wp\/v2\/pages\/7264","targetHints":{"allow":["GET"]}}],"collection":[{"href":"https:\/\/bartech.sk\/en\/wp-json\/wp\/v2\/pages"}],"about":[{"href":"https:\/\/bartech.sk\/en\/wp-json\/wp\/v2\/types\/page"}],"author":[{"embeddable":true,"href":"https:\/\/bartech.sk\/en\/wp-json\/wp\/v2\/users\/3"}],"replies":[{"embeddable":true,"href":"https:\/\/bartech.sk\/en\/wp-json\/wp\/v2\/comments?post=7264"}],"version-history":[{"count":9,"href":"https:\/\/bartech.sk\/en\/wp-json\/wp\/v2\/pages\/7264\/revisions"}],"predecessor-version":[{"id":7289,"href":"https:\/\/bartech.sk\/en\/wp-json\/wp\/v2\/pages\/7264\/revisions\/7289"}],"wp:attachment":[{"href":"https:\/\/bartech.sk\/en\/wp-json\/wp\/v2\/media?parent=7264"}],"curies":[{"name":"wp","href":"https:\/\/api.w.org\/{rel}","templated":true}]}}