{"id":6997,"date":"2025-05-22T12:52:26","date_gmt":"2025-05-22T10:52:26","guid":{"rendered":"https:\/\/bartech.sk\/fx-collector\/"},"modified":"2025-12-08T11:37:52","modified_gmt":"2025-12-08T10:37:52","slug":"fx-collector","status":"publish","type":"page","link":"https:\/\/bartech.sk\/en\/fx-collector\/","title":{"rendered":"FX COLLECTOR"},"content":{"rendered":"\n<style type=\"text\/css\" data-created_by=\"avia_inline_auto\" id=\"style-css-av-lv2hh6tx-5c142baebaf92a2c04efa4e571a4ab5d\">\n.avia-section.av-lv2hh6tx-5c142baebaf92a2c04efa4e571a4ab5d{\nbackground-repeat:no-repeat;\nbackground-image:url(https:\/\/bartech.sk\/wp-content\/uploads\/2024\/04\/tech-banner-v2.jpg);\nbackground-position:50% 50%;\nbackground-attachment:scroll;\n}\n<\/style>\n<div id='av_section_1'  class='avia-section av-lv2hh6tx-5c142baebaf92a2c04efa4e571a4ab5d main_color avia-section-default avia-no-border-styling  avia-builder-el-0  el_before_av_section  avia-builder-el-first  main-banner avia-full-stretch avia-bg-style-scroll av-minimum-height av-minimum-height-50 av-height-50  container_wrap fullsize'  data-section-bg-repeat='stretch' data-av_minimum_height_pc='50' data-av_min_height_opt='50'><div class='container av-section-cont-open' ><main  role=\"main\" itemprop=\"mainContentOfPage\"  class='template-page content  av-content-full alpha units'><div class='post-entry post-entry-type-page post-entry-6997'><div class='entry-content-wrapper clearfix'>\n<div  class='flex_column av-50n4xn-912b247e8a5814624ceda6991ea0ca8a av_one_full  avia-builder-el-1  avia-builder-el-no-sibling  first flex_column_div  '     ><p>\n<style type=\"text\/css\" data-created_by=\"avia_inline_auto\" id=\"style-css-av-lv2hgv0i-66d9dc380fbdb2223331cca0dba1fd90\">\n#top .av-special-heading.av-lv2hgv0i-66d9dc380fbdb2223331cca0dba1fd90{\npadding-bottom:0;\n}\nbody .av-special-heading.av-lv2hgv0i-66d9dc380fbdb2223331cca0dba1fd90 .av-special-heading-tag .heading-char{\nfont-size:25px;\n}\n.av-special-heading.av-lv2hgv0i-66d9dc380fbdb2223331cca0dba1fd90 .av-subheading{\nfont-size:15px;\n}\n<\/style>\n<div  class='av-special-heading av-lv2hgv0i-66d9dc380fbdb2223331cca0dba1fd90 av-special-heading-h1 blockquote modern-quote  avia-builder-el-2  el_before_av_hr  avia-builder-el-first  subpage-title-h1'><h1 class='av-special-heading-tag'  itemprop=\"headline\"  >FX COLLECTOR<\/h1><div class=\"special-heading-border\"><div class=\"special-heading-inner-border\"><\/div><\/div><\/div><br \/>\n\n<style type=\"text\/css\" data-created_by=\"avia_inline_auto\" id=\"style-css-av-4vbggz-e1e09ebfae37b39159830bbfb0717b06\">\n#top .hr.av-4vbggz-e1e09ebfae37b39159830bbfb0717b06{\nmargin-top:0px;\nmargin-bottom:30px;\n}\n.hr.av-4vbggz-e1e09ebfae37b39159830bbfb0717b06 .hr-inner{\nwidth:100px;\nborder-color:#ed7207;\n}\n<\/style>\n<div  class='hr av-4vbggz-e1e09ebfae37b39159830bbfb0717b06 hr-custom  avia-builder-el-3  el_after_av_heading  avia-builder-el-last  hr-subpage-banner hr-left hr-icon-no'><span class='hr-inner inner-border-av-border-fat'><span class=\"hr-inner-style\"><\/span><\/span><\/div><\/p><\/div>\n\n<\/div><\/div><\/main><!-- close content main element --><\/div><\/div><div id='av_section_2'  class='avia-section av-lv2ie9gv-52f2c1b357645123ae96cc51261b65a0 main_color avia-section-default avia-no-border-styling  avia-builder-el-4  el_after_av_section  avia-builder-el-last  ciarove-kody-subpage-section avia-bg-style-scroll container_wrap fullsize'  ><div class='container av-section-cont-open' ><div class='template-page content  av-content-full alpha units'><div class='post-entry post-entry-type-page post-entry-6997'><div class='entry-content-wrapper clearfix'>\n<div  class='flex_column av-959t3h-5704830273735d12ef5e35e2dd9309cd av_one_full  avia-builder-el-5  el_before_av_one_full  avia-builder-el-first  first flex_column_div  '     ><section  class='av_textblock_section av-lv8f8apw-7d87af6a936903db9ffee78bc26ac5aa '   itemscope=\"itemscope\" itemtype=\"https:\/\/schema.org\/CreativeWork\" ><div class='avia_textblock'  itemprop=\"text\" ><p><strong>FX Collector is a web-based application designed for efficient real-time management and tracking of UHF RFID tags. It enables centralized management of multiple Zebra RFID readers. The user is provided with a clear and intuitive interface where they can monitor the status of individual devices, track communications and respond instantly to incoming RFID tags.  <\/strong><\/p>\n<\/div><\/section><\/div><div  class='flex_column av-4h4cq9-2019aff7f3376b4d3a75b7adf9baffe0 av_one_full  avia-builder-el-7  el_after_av_one_full  el_before_av_one_full  first flex_column_div  column-top-margin'     ><p>\n<style type=\"text\/css\" data-created_by=\"avia_inline_auto\" id=\"style-css-av-lvap035i-e49c5d782e24928a435bc04028cf2965\">\n#top .av-special-heading.av-lvap035i-e49c5d782e24928a435bc04028cf2965{\npadding-bottom:10px;\n}\nbody .av-special-heading.av-lvap035i-e49c5d782e24928a435bc04028cf2965 .av-special-heading-tag .heading-char{\nfont-size:25px;\n}\n.av-special-heading.av-lvap035i-e49c5d782e24928a435bc04028cf2965 .av-subheading{\nfont-size:15px;\n}\n<\/style>\n<div  class='av-special-heading av-lvap035i-e49c5d782e24928a435bc04028cf2965 av-special-heading-h2 blockquote modern-quote  avia-builder-el-8  el_before_av_hr  avia-builder-el-first '><h2 class='av-special-heading-tag'  itemprop=\"headline\"  >Site organisation and reliable data storage<\/h2><div class=\"special-heading-border\"><div class=\"special-heading-inner-border\"><\/div><\/div><\/div><br \/>\n\n<style type=\"text\/css\" data-created_by=\"avia_inline_auto\" id=\"style-css-av-2tu0b5-f47f6aa88522f861911aa06375a02cea\">\n#top .hr.av-2tu0b5-f47f6aa88522f861911aa06375a02cea{\nmargin-top:0px;\nmargin-bottom:10px;\n}\n.hr.av-2tu0b5-f47f6aa88522f861911aa06375a02cea .hr-inner{\nwidth:90px;\nborder-color:#ed7207;\n}\n<\/style>\n<div  class='hr av-2tu0b5-f47f6aa88522f861911aa06375a02cea hr-custom  avia-builder-el-9  el_after_av_heading  el_before_av_textblock  hr-content hr-left hr-icon-no'><span class='hr-inner inner-border-av-border-fat'><span class=\"hr-inner-style\"><\/span><\/span><\/div><br \/>\n<section  class='av_textblock_section av-lvap0eiu-8a27a52e35b3330d4b40e4d8cefc0f09 '   itemscope=\"itemscope\" itemtype=\"https:\/\/schema.org\/CreativeWork\" ><div class='avia_textblock'  itemprop=\"text\" ><p data-start=\"591\" data-end=\"1007\">The application allows you to define individual &#8220;places&#8221; &#8211; each place represents a specific <strong>physical location<\/strong> where it is located <a href=\"https:\/\/obchod.bartech.sk\/categories\/citacky\" target=\"_blank\" rel=\"noopener\"><strong>RFID reader<\/strong><\/a> or a <strong>group of readers<\/strong>. These locations can be subdivided by production halls, warehouse zones, loading bays or other areas, simplifying data navigation and enabling precise filtering by location. Working with a large number of counters thus remains <strong>clear<\/strong> and <strong>efficient<\/strong>.  <\/p>\n<p data-start=\"1009\" data-end=\"1428\">The captured data from RFID tags is <strong>automatically<\/strong> stored in a structured <strong>SQL database<\/strong>, which provides reliable and systematic data storage. This database is optimized for <strong>fast retrieval<\/strong> and <strong>easy management<\/strong>, while also supporting connection to <strong>external systems<\/strong> or <strong>analytical tools<\/strong>. Thanks to this open architecture, RFID data can be fully <strong>integrated into<\/strong> the existing enterprise infrastructure.  <\/p>\n<p data-start=\"1009\" data-end=\"1428\">In addition, this data is also displayed directly in the application via a clear web interface. This gives the user instant access to current and historical records without the need for direct access to the database &#8211; simply via the browser, with the ability to filter, sort and analyse in real time. <\/p>\n<p data-start=\"1009\" data-end=\"1428\"><a href=\"https:\/\/bartech.sk\/wp-content\/uploads\/2025\/07\/test1.png\"><img loading=\"lazy\" decoding=\"async\" class=\"alignnone wp-image-5969\" src=\"https:\/\/bartech.sk\/wp-content\/uploads\/2025\/07\/test1.png\" alt=\"\" width=\"868\" height=\"251\"><\/a><\/p>\n<\/div><\/section><\/p><\/div><div  class='flex_column av-6tdpbv-9dfe7f5090f658329a5d12e438b93780 av_one_full  avia-builder-el-11  el_after_av_one_full  el_before_av_one_full  first flex_column_div  column-top-margin'     ><p>\n<style type=\"text\/css\" data-created_by=\"avia_inline_auto\" id=\"style-css-av-mck8onoj-7eac7b631017f81e87f15a14316e848c\">\n#top .av-special-heading.av-mck8onoj-7eac7b631017f81e87f15a14316e848c{\npadding-bottom:10px;\n}\nbody .av-special-heading.av-mck8onoj-7eac7b631017f81e87f15a14316e848c .av-special-heading-tag .heading-char{\nfont-size:25px;\n}\n.av-special-heading.av-mck8onoj-7eac7b631017f81e87f15a14316e848c .av-subheading{\nfont-size:15px;\n}\n<\/style>\n<div  class='av-special-heading av-mck8onoj-7eac7b631017f81e87f15a14316e848c av-special-heading-h2 blockquote modern-quote  avia-builder-el-12  el_before_av_hr  avia-builder-el-first '><h2 class='av-special-heading-tag'  itemprop=\"headline\"  >Advanced filtering, exports and automated responses<\/h2><div class=\"special-heading-border\"><div class=\"special-heading-inner-border\"><\/div><\/div><\/div><br \/>\n\n<style type=\"text\/css\" data-created_by=\"avia_inline_auto\" id=\"style-css-av-5ciu8r-18cc4ccb8125a83d98fe26ee9573b415\">\n#top .hr.av-5ciu8r-18cc4ccb8125a83d98fe26ee9573b415{\nmargin-top:0px;\nmargin-bottom:10px;\n}\n.hr.av-5ciu8r-18cc4ccb8125a83d98fe26ee9573b415 .hr-inner{\nwidth:90px;\nborder-color:#ed7207;\n}\n<\/style>\n<div  class='hr av-5ciu8r-18cc4ccb8125a83d98fe26ee9573b415 hr-custom  avia-builder-el-13  el_after_av_heading  el_before_av_textblock  hr-content hr-left hr-icon-no'><span class='hr-inner inner-border-av-border-fat'><span class=\"hr-inner-style\"><\/span><\/span><\/div><br \/>\n<section  class='av_textblock_section av-mck8owz6-7cf06e4f39a2297c439c91cd89c275fa '   itemscope=\"itemscope\" itemtype=\"https:\/\/schema.org\/CreativeWork\" ><div class='avia_textblock'  itemprop=\"text\" ><p data-start=\"591\" data-end=\"1007\">FX Collector offers powerful <strong>filtering<\/strong> options &#8211; the user can display <a href=\"https:\/\/obchod.bartech.sk\/categories\/karty-tagy\" target=\"_blank\" rel=\"noopener\">tags<\/a> according to multiple criteria. Results can be instantly <strong>exported<\/strong> to <strong>Excel (XLSX)<\/strong> format, simplifying report creation or further analysis. The user has the ability to work <strong>selectively<\/strong> &#8211; he can display only those tags of interest based on default masks or code prefixes, or load all tags in range without restriction, which is especially useful when mapping material flows or testing coverage.  <\/p>\n<p data-start=\"591\" data-end=\"1007\">In addition, FX Collector allows <strong>automated responses to<\/strong> capture specific tags <strong>to be defined<\/strong> via the readers&#8217; <strong>GPIO<\/strong> interface. This means that the system can, for example, activate a light alarm, an audible alert, or open a gate when a particular tag appears in the space. More complex condition processing scenarios are also supported, including tag combinations or time constraints.  <\/p>\n<p data-start=\"591\" data-end=\"1007\"><a href=\"https:\/\/bartech.sk\/wp-content\/uploads\/2025\/07\/FXC-1.png\"><img loading=\"lazy\" decoding=\"async\" class=\"alignnone size-large wp-image-5979\" src=\"https:\/\/bartech.sk\/wp-content\/uploads\/2025\/07\/FXC-1.png\" alt=\"\" width=\"878\" height=\"255\"><\/a><\/p>\n<\/div><\/section><\/p><\/div><div  class='flex_column av-4326hn-82229688c6975decd35301b96f098733 av_one_full  avia-builder-el-15  el_after_av_one_full  avia-builder-el-last  first flex_column_div  column-top-margin'     ><p>\n<style type=\"text\/css\" data-created_by=\"avia_inline_auto\" id=\"style-css-av-mck8pd9n-387a53b75d9876e2ca286eb326dc6d89\">\n#top .av-special-heading.av-mck8pd9n-387a53b75d9876e2ca286eb326dc6d89{\npadding-bottom:10px;\n}\nbody .av-special-heading.av-mck8pd9n-387a53b75d9876e2ca286eb326dc6d89 .av-special-heading-tag .heading-char{\nfont-size:25px;\n}\n.av-special-heading.av-mck8pd9n-387a53b75d9876e2ca286eb326dc6d89 .av-subheading{\nfont-size:15px;\n}\n<\/style>\n<div  class='av-special-heading av-mck8pd9n-387a53b75d9876e2ca286eb326dc6d89 av-special-heading-h2 blockquote modern-quote  avia-builder-el-16  el_before_av_hr  avia-builder-el-first '><h2 class='av-special-heading-tag'  itemprop=\"headline\"  >Scalability and integration without borders<\/h2><div class=\"special-heading-border\"><div class=\"special-heading-inner-border\"><\/div><\/div><\/div><br \/>\n\n<style type=\"text\/css\" data-created_by=\"avia_inline_auto\" id=\"style-css-av-34hje3-68cca13ba4495beb3e75f6d08b92220b\">\n#top .hr.av-34hje3-68cca13ba4495beb3e75f6d08b92220b{\nmargin-top:0px;\nmargin-bottom:10px;\n}\n.hr.av-34hje3-68cca13ba4495beb3e75f6d08b92220b .hr-inner{\nwidth:90px;\nborder-color:#ed7207;\n}\n<\/style>\n<div  class='hr av-34hje3-68cca13ba4495beb3e75f6d08b92220b hr-custom  avia-builder-el-17  el_after_av_heading  el_before_av_textblock  hr-content hr-left hr-icon-no'><span class='hr-inner inner-border-av-border-fat'><span class=\"hr-inner-style\"><\/span><\/span><\/div><br \/>\n<section  class='av_textblock_section av-mck8pp9o-e53a680ae58a430868ff90e186101c57 '   itemscope=\"itemscope\" itemtype=\"https:\/\/schema.org\/CreativeWork\" ><div class='avia_textblock'  itemprop=\"text\" ><p data-start=\"591\" data-end=\"1007\">For integrators and developers, a rich <strong>API<\/strong> is available that enables real-time live data acquisition. This makes FX Collector the ideal basis for creating add-ons, custom visualizations or interfacing with third-party systems. FX Collector is the ideal solution for enterprises that need a reliable tool for tracking and managing RFID devices, collecting and processing real-time data, and integrating it into existing systems. From small pilot deployments to large enterprise projects with dozens of sites, the platform is designed to grow with your requirements and bring maximum insight and automation to your processes.   <\/p>\n<p style=\"text-align: center;\" data-start=\"591\" data-end=\"1007\"><strong>For more information, please contact our sales department <a href=\"mailto:obchod@bartech.sk\" target=\"_blank\" rel=\"noopener\">obchod@bartech.sk<\/a><\/strong><\/p>\n<\/div><\/section><\/p><\/div>\n","protected":false},"excerpt":{"rendered":"","protected":false},"author":3,"featured_media":0,"parent":0,"menu_order":6,"comment_status":"closed","ping_status":"closed","template":"","meta":{"footnotes":""},"class_list":["post-6997","page","type-page","status-publish","hentry"],"yoast_head":"<!-- This site is optimized with the Yoast SEO Premium plugin v23.1 (Yoast SEO v26.3) - https:\/\/yoast.com\/wordpress\/plugins\/seo\/ -->\n<title>FX COLLECTOR - BARTECH SLOVAKIA<\/title>\n<meta name=\"description\" content=\"Central system for RFID readers and intelligent data collection Reliable RFID data collection, management and analysis in one place\" \/>\n<meta name=\"robots\" content=\"index, follow, max-snippet:-1, max-image-preview:large, max-video-preview:-1\" \/>\n<link rel=\"canonical\" href=\"https:\/\/bartech.sk\/en\/fx-collector\/\" \/>\n<meta property=\"og:locale\" content=\"en_US\" \/>\n<meta property=\"og:type\" content=\"article\" \/>\n<meta property=\"og:title\" content=\"FX COLLECTOR\" \/>\n<meta property=\"og:description\" content=\"Central system for RFID readers and intelligent data collection Reliable RFID data collection, management and analysis in one place\" \/>\n<meta property=\"og:url\" content=\"https:\/\/bartech.sk\/en\/fx-collector\/\" \/>\n<meta property=\"og:site_name\" content=\"BARTECH SLOVAKIA\" \/>\n<meta property=\"article:publisher\" content=\"https:\/\/www.facebook.com\/Bartech.Slovakia\" \/>\n<meta property=\"article:modified_time\" content=\"2025-12-08T10:37:52+00:00\" \/>\n<meta property=\"og:image\" content=\"https:\/\/bartech.sk\/wp-content\/uploads\/2025\/07\/test1.png\" \/>\n<meta name=\"twitter:card\" content=\"summary_large_image\" \/>\n<meta name=\"twitter:label1\" content=\"Est. reading time\" \/>\n\t<meta name=\"twitter:data1\" content=\"24 minutes\" \/>\n<script type=\"application\/ld+json\" class=\"yoast-schema-graph\">{\"@context\":\"https:\/\/schema.org\",\"@graph\":[{\"@type\":\"WebPage\",\"@id\":\"https:\/\/bartech.sk\/en\/fx-collector\/\",\"url\":\"https:\/\/bartech.sk\/en\/fx-collector\/\",\"name\":\"FX COLLECTOR - BARTECH SLOVAKIA\",\"isPartOf\":{\"@id\":\"https:\/\/bartech.sk\/en\/#website\"},\"primaryImageOfPage\":{\"@id\":\"https:\/\/bartech.sk\/en\/fx-collector\/#primaryimage\"},\"image\":{\"@id\":\"https:\/\/bartech.sk\/en\/fx-collector\/#primaryimage\"},\"thumbnailUrl\":\"https:\/\/bartech.sk\/wp-content\/uploads\/2025\/07\/test1.png\",\"datePublished\":\"2025-05-22T10:52:26+00:00\",\"dateModified\":\"2025-12-08T10:37:52+00:00\",\"description\":\"Central system for RFID readers and intelligent data collection Reliable RFID data collection, management and analysis in one place\",\"breadcrumb\":{\"@id\":\"https:\/\/bartech.sk\/en\/fx-collector\/#breadcrumb\"},\"inLanguage\":\"en-US\",\"potentialAction\":[{\"@type\":\"ReadAction\",\"target\":[\"https:\/\/bartech.sk\/en\/fx-collector\/\"]}]},{\"@type\":\"ImageObject\",\"inLanguage\":\"en-US\",\"@id\":\"https:\/\/bartech.sk\/en\/fx-collector\/#primaryimage\",\"url\":\"https:\/\/bartech.sk\/wp-content\/uploads\/2025\/07\/test1.png\",\"contentUrl\":\"https:\/\/bartech.sk\/wp-content\/uploads\/2025\/07\/test1.png\"},{\"@type\":\"BreadcrumbList\",\"@id\":\"https:\/\/bartech.sk\/en\/fx-collector\/#breadcrumb\",\"itemListElement\":[{\"@type\":\"ListItem\",\"position\":1,\"name\":\"Domovsk\u00e1 str\u00e1nka\",\"item\":\"https:\/\/bartech.sk\/en\/introduction\/\"},{\"@type\":\"ListItem\",\"position\":2,\"name\":\"FX COLLECTOR\"}]},{\"@type\":\"WebSite\",\"@id\":\"https:\/\/bartech.sk\/en\/#website\",\"url\":\"https:\/\/bartech.sk\/en\/\",\"name\":\"Rie\u0161enia pre v\u00fdrobu a logistiku\",\"description\":\"Automatizovan\u00fd zber d\u00e1t vo v\u00fdrobe a logistike\",\"publisher\":{\"@id\":\"https:\/\/bartech.sk\/en\/#organization\"},\"potentialAction\":[{\"@type\":\"SearchAction\",\"target\":{\"@type\":\"EntryPoint\",\"urlTemplate\":\"https:\/\/bartech.sk\/en\/?s={search_term_string}\"},\"query-input\":{\"@type\":\"PropertyValueSpecification\",\"valueRequired\":true,\"valueName\":\"search_term_string\"}}],\"inLanguage\":\"en-US\"},{\"@type\":\"Organization\",\"@id\":\"https:\/\/bartech.sk\/en\/#organization\",\"name\":\"BARTECH SLOVAKIA\",\"url\":\"https:\/\/bartech.sk\/en\/\",\"logo\":{\"@type\":\"ImageObject\",\"inLanguage\":\"en-US\",\"@id\":\"https:\/\/bartech.sk\/en\/#\/schema\/logo\/image\/\",\"url\":\"https:\/\/bartech.sk\/wp-content\/uploads\/2024\/07\/Bartech_podpis.png\",\"contentUrl\":\"https:\/\/bartech.sk\/wp-content\/uploads\/2024\/07\/Bartech_podpis.png\",\"width\":185,\"height\":47,\"caption\":\"BARTECH SLOVAKIA\"},\"image\":{\"@id\":\"https:\/\/bartech.sk\/en\/#\/schema\/logo\/image\/\"},\"sameAs\":[\"https:\/\/www.facebook.com\/Bartech.Slovakia\",\"https:\/\/www.linkedin.com\/company\/bartech-slovakia\/\",\"https:\/\/www.youtube.com\/user\/BartechSk\"]}]}<\/script>\n<!-- \/ Yoast SEO Premium plugin. -->","yoast_head_json":{"title":"FX COLLECTOR - BARTECH SLOVAKIA","description":"Central system for RFID readers and intelligent data collection Reliable RFID data collection, management and analysis in one place","robots":{"index":"index","follow":"follow","max-snippet":"max-snippet:-1","max-image-preview":"max-image-preview:large","max-video-preview":"max-video-preview:-1"},"canonical":"https:\/\/bartech.sk\/en\/fx-collector\/","og_locale":"en_US","og_type":"article","og_title":"FX COLLECTOR","og_description":"Central system for RFID readers and intelligent data collection Reliable RFID data collection, management and analysis in one place","og_url":"https:\/\/bartech.sk\/en\/fx-collector\/","og_site_name":"BARTECH SLOVAKIA","article_publisher":"https:\/\/www.facebook.com\/Bartech.Slovakia","article_modified_time":"2025-12-08T10:37:52+00:00","og_image":[{"url":"https:\/\/bartech.sk\/wp-content\/uploads\/2025\/07\/test1.png","type":"","width":"","height":""}],"twitter_card":"summary_large_image","twitter_misc":{"Est. reading time":"24 minutes"},"schema":{"@context":"https:\/\/schema.org","@graph":[{"@type":"WebPage","@id":"https:\/\/bartech.sk\/en\/fx-collector\/","url":"https:\/\/bartech.sk\/en\/fx-collector\/","name":"FX COLLECTOR - BARTECH SLOVAKIA","isPartOf":{"@id":"https:\/\/bartech.sk\/en\/#website"},"primaryImageOfPage":{"@id":"https:\/\/bartech.sk\/en\/fx-collector\/#primaryimage"},"image":{"@id":"https:\/\/bartech.sk\/en\/fx-collector\/#primaryimage"},"thumbnailUrl":"https:\/\/bartech.sk\/wp-content\/uploads\/2025\/07\/test1.png","datePublished":"2025-05-22T10:52:26+00:00","dateModified":"2025-12-08T10:37:52+00:00","description":"Central system for RFID readers and intelligent data collection Reliable RFID data collection, management and analysis in one place","breadcrumb":{"@id":"https:\/\/bartech.sk\/en\/fx-collector\/#breadcrumb"},"inLanguage":"en-US","potentialAction":[{"@type":"ReadAction","target":["https:\/\/bartech.sk\/en\/fx-collector\/"]}]},{"@type":"ImageObject","inLanguage":"en-US","@id":"https:\/\/bartech.sk\/en\/fx-collector\/#primaryimage","url":"https:\/\/bartech.sk\/wp-content\/uploads\/2025\/07\/test1.png","contentUrl":"https:\/\/bartech.sk\/wp-content\/uploads\/2025\/07\/test1.png"},{"@type":"BreadcrumbList","@id":"https:\/\/bartech.sk\/en\/fx-collector\/#breadcrumb","itemListElement":[{"@type":"ListItem","position":1,"name":"Domovsk\u00e1 str\u00e1nka","item":"https:\/\/bartech.sk\/en\/introduction\/"},{"@type":"ListItem","position":2,"name":"FX COLLECTOR"}]},{"@type":"WebSite","@id":"https:\/\/bartech.sk\/en\/#website","url":"https:\/\/bartech.sk\/en\/","name":"Rie\u0161enia pre v\u00fdrobu a logistiku","description":"Automatizovan\u00fd zber d\u00e1t vo v\u00fdrobe a logistike","publisher":{"@id":"https:\/\/bartech.sk\/en\/#organization"},"potentialAction":[{"@type":"SearchAction","target":{"@type":"EntryPoint","urlTemplate":"https:\/\/bartech.sk\/en\/?s={search_term_string}"},"query-input":{"@type":"PropertyValueSpecification","valueRequired":true,"valueName":"search_term_string"}}],"inLanguage":"en-US"},{"@type":"Organization","@id":"https:\/\/bartech.sk\/en\/#organization","name":"BARTECH SLOVAKIA","url":"https:\/\/bartech.sk\/en\/","logo":{"@type":"ImageObject","inLanguage":"en-US","@id":"https:\/\/bartech.sk\/en\/#\/schema\/logo\/image\/","url":"https:\/\/bartech.sk\/wp-content\/uploads\/2024\/07\/Bartech_podpis.png","contentUrl":"https:\/\/bartech.sk\/wp-content\/uploads\/2024\/07\/Bartech_podpis.png","width":185,"height":47,"caption":"BARTECH SLOVAKIA"},"image":{"@id":"https:\/\/bartech.sk\/en\/#\/schema\/logo\/image\/"},"sameAs":["https:\/\/www.facebook.com\/Bartech.Slovakia","https:\/\/www.linkedin.com\/company\/bartech-slovakia\/","https:\/\/www.youtube.com\/user\/BartechSk"]}]}},"_links":{"self":[{"href":"https:\/\/bartech.sk\/en\/wp-json\/wp\/v2\/pages\/6997","targetHints":{"allow":["GET"]}}],"collection":[{"href":"https:\/\/bartech.sk\/en\/wp-json\/wp\/v2\/pages"}],"about":[{"href":"https:\/\/bartech.sk\/en\/wp-json\/wp\/v2\/types\/page"}],"author":[{"embeddable":true,"href":"https:\/\/bartech.sk\/en\/wp-json\/wp\/v2\/users\/3"}],"replies":[{"embeddable":true,"href":"https:\/\/bartech.sk\/en\/wp-json\/wp\/v2\/comments?post=6997"}],"version-history":[{"count":3,"href":"https:\/\/bartech.sk\/en\/wp-json\/wp\/v2\/pages\/6997\/revisions"}],"predecessor-version":[{"id":7000,"href":"https:\/\/bartech.sk\/en\/wp-json\/wp\/v2\/pages\/6997\/revisions\/7000"}],"wp:attachment":[{"href":"https:\/\/bartech.sk\/en\/wp-json\/wp\/v2\/media?parent=6997"}],"curies":[{"name":"wp","href":"https:\/\/api.w.org\/{rel}","templated":true}]}}