{"id":6879,"date":"2024-03-24T15:48:12","date_gmt":"2024-03-24T14:48:12","guid":{"rendered":"https:\/\/bartech.sk\/footer\/"},"modified":"2025-12-04T13:10:15","modified_gmt":"2025-12-04T12:10:15","slug":"footer","status":"publish","type":"page","link":"https:\/\/bartech.sk\/en\/footer\/","title":{"rendered":"Footer"},"content":{"rendered":"\n<style type=\"text\/css\" data-created_by=\"avia_inline_auto\" id=\"style-css-av-lujz0dzq-8733ce8374bcc04e005d2d0082c821e5\">\n.avia-section.av-lujz0dzq-8733ce8374bcc04e005d2d0082c821e5{\nbackground-color:#018ed2;\nbackground-image:unset;\n}\n<\/style>\n<div id='av_section_1'  class='avia-section av-lujz0dzq-8733ce8374bcc04e005d2d0082c821e5 main_color avia-section-default avia-no-border-styling  avia-builder-el-0  avia-builder-el-no-sibling  footer-section avia-bg-style-scroll container_wrap fullsize'  ><div class='container av-section-cont-open' ><main  role=\"main\" itemprop=\"mainContentOfPage\"  class='template-page content  av-content-full alpha units'><div class='post-entry post-entry-type-page post-entry-6879'><div class='entry-content-wrapper clearfix'>\n\n<style type=\"text\/css\" data-created_by=\"avia_inline_auto\" id=\"style-css-av-1ke14-2939c62ba94d74d1c77988e4e212b149\">\n.flex_column.av-1ke14-2939c62ba94d74d1c77988e4e212b149{\nwidth:18.4%;\n}\n<\/style>\n<div  class='flex_column av-1ke14-2939c62ba94d74d1c77988e4e212b149 av_one_fifth  avia-builder-el-1  el_before_av_one_fifth  avia-builder-el-first  first flex_column_div  '     ><p>\n<style type=\"text\/css\" data-created_by=\"avia_inline_auto\" id=\"style-css-av-lujyysti-73999e19cbfc80e8fa36f34ba2954095\">\n.avia-image-container.av-lujyysti-73999e19cbfc80e8fa36f34ba2954095 img.avia_image{\nbox-shadow:none;\n}\n.avia-image-container.av-lujyysti-73999e19cbfc80e8fa36f34ba2954095 .av-image-caption-overlay-center{\ncolor:#ffffff;\n}\n<\/style>\n<div  class='avia-image-container av-lujyysti-73999e19cbfc80e8fa36f34ba2954095 av-styling- avia-align-left  avia-builder-el-2  el_before_av_textblock  avia-builder-el-first  footer-logo'   itemprop=\"image\" itemscope=\"itemscope\" itemtype=\"https:\/\/schema.org\/ImageObject\" ><div class=\"avia-image-container-inner\"><div class=\"avia-image-overlay-wrap\"><img decoding=\"async\" fetchpriority=\"high\" class='wp-image-237 avia-img-lazy-loading-not-237 avia_image ' src=\"https:\/\/bartech.sk\/wp-content\/uploads\/2024\/04\/logo-white.png\" alt='' title='logo-white'  height=\"101\" width=\"393\"  itemprop=\"thumbnailUrl\"  \/><\/div><\/div><\/div><br \/>\n<section  class='av_textblock_section av-lujyzl1c-c2919b0bef8b3481480eff303f729822 '   itemscope=\"itemscope\" itemtype=\"https:\/\/schema.org\/CreativeWork\" ><div class='avia_textblock'  itemprop=\"text\" ><p><strong>BARTECH SLOVAKIA<\/strong><br \/>\n29. augusta 12<br \/>\n908 51 Hol\u00ed\u010d<br \/>\nSlovensk\u00e1 republika<\/p>\n<\/div><\/section><br \/>\n<section  class='av_textblock_section av-lujz0134-953a293069a4fc4daf056a8d0a09963f '   itemscope=\"itemscope\" itemtype=\"https:\/\/schema.org\/CreativeWork\" ><div class='avia_textblock footer-contact'  itemprop=\"text\" ><p><a href=\"tel:+421915751410\">+421 915 751 410<\/a><br \/>\n<a href=\"mailto:info@bartech.sk\">info@bartech.sk<\/a><\/p>\n<\/div><\/section><br \/>\n<section  class='av_textblock_section av-luk02az1-36293156506c91a7f7a01e87e333aa58 '   itemscope=\"itemscope\" itemtype=\"https:\/\/schema.org\/CreativeWork\" ><div class='avia_textblock footer-social'  itemprop=\"text\" ><p><a href=\"http:\/\/www.youtube.com\/user\/BartechSk\" target=\"_blank\" rel=\"noopener\"><img loading=\"lazy\" decoding=\"async\" class=\"alignnone wp-image-246 \" src=\"http:\/\/bartech.sk\/wp-content\/uploads\/2024\/04\/yt-ico.svg\" alt=\"\" width=\"52\" height=\"52\"><\/a> <a href=\"http:\/\/www.facebook.com\/Bartech.Slovakia\" target=\"_blank\" rel=\"noopener\"><img loading=\"lazy\" decoding=\"async\" class=\"alignnone wp-image-242\" src=\"http:\/\/bartech.sk\/wp-content\/uploads\/2024\/04\/fb-ico.svg\" alt=\"\" width=\"50\" height=\"50\"><\/a> <a href=\"http:\/\/www.linkedin.com\/company\/bartech-slovakia\" target=\"_blank\" rel=\"noopener\"><img loading=\"lazy\" decoding=\"async\" class=\"alignnone wp-image-244 \" src=\"http:\/\/bartech.sk\/wp-content\/uploads\/2024\/04\/lk-ico.svg\" alt=\"\" width=\"68\" height=\"68\"><\/a><\/p>\n<\/div><\/section><\/p><\/div>\n<style type=\"text\/css\" data-created_by=\"avia_inline_auto\" id=\"style-css-av-2i2as-d99acb70f3a2947928b688d2f106252e\">\n.flex_column.av-2i2as-d99acb70f3a2947928b688d2f106252e{\nwidth:18.4%;\nmargin-left:2%;\n}\n<\/style>\n<div  class='flex_column av-2i2as-d99acb70f3a2947928b688d2f106252e av_one_fifth  avia-builder-el-6  el_after_av_one_fifth  el_before_av_one_fifth  flex_column_div  '     ><section  class='av_textblock_section av-luk03mgd-3e133baaf71d0fdd9403041b5909800a '   itemscope=\"itemscope\" itemtype=\"https:\/\/schema.org\/CreativeWork\" ><div class='avia_textblock'  itemprop=\"text\" ><p><strong>Technol\u00f3gie<\/strong><\/p>\n<p><a href=\"http:\/\/bartech.sk\/ciarove-kody\/\">\u010ciarov\u00e9 k\u00f3dy<\/a><\/p>\n<p><a href=\"http:\/\/bartech.sk\/dpm-priame-znacenie\/\">DPM<\/a><\/p>\n<p><a href=\"http:\/\/bartech.sk\/rfid-identifikacia-buducnosti\/\">RFID<\/a><\/p>\n<\/div><\/section><\/div>\n<style type=\"text\/css\" data-created_by=\"avia_inline_auto\" id=\"style-css-av-23izw-f4d7af8393bd3beaae6b5727171e1c56\">\n.flex_column.av-23izw-f4d7af8393bd3beaae6b5727171e1c56{\nwidth:18.4%;\nmargin-left:2%;\n}\n<\/style>\n<div  class='flex_column av-23izw-f4d7af8393bd3beaae6b5727171e1c56 av_one_fifth  avia-builder-el-8  el_after_av_one_fifth  el_before_av_one_fifth  flex_column_div  '     ><section  class='av_textblock_section av-luk041w3-07c2fbcb6a9516dbdceac892f5b09d53 '   itemscope=\"itemscope\" itemtype=\"https:\/\/schema.org\/CreativeWork\" ><div class='avia_textblock'  itemprop=\"text\" ><p><strong>Services<\/strong><\/p>\n<p><a href=\"https:\/\/obchod.bartech.sk\/\">Hardware<\/a><\/p>\n<p><a href=\"http:\/\/bartech.sk\/zakazkovy-softver\/\">Sofware<\/a><\/p>\n<p><a href=\"http:\/\/bartech.sk\/sluzby\/potlac-etikiet-na-zakazku\/\">Printing labels<\/a><\/p>\n<p><a href=\"http:\/\/bartech.sk\/sluzby\/skolenia-odborne-seminare\/\">Training and consultation<\/a><\/p>\n<\/div><\/section><\/div>\n<style type=\"text\/css\" data-created_by=\"avia_inline_auto\" id=\"style-css-av-1ksm4-196e82b9fff8e51be707bf215775368c\">\n.flex_column.av-1ksm4-196e82b9fff8e51be707bf215775368c{\nwidth:18.4%;\nmargin-left:2%;\n}\n<\/style>\n<div  class='flex_column av-1ksm4-196e82b9fff8e51be707bf215775368c av_one_fifth  avia-builder-el-10  el_after_av_one_fifth  el_before_av_one_fifth  flex_column_div  '     ><section  class='av_textblock_section av-luk04aga-3a091ad60a27d61986e2de9284d45eb4 '   itemscope=\"itemscope\" itemtype=\"https:\/\/schema.org\/CreativeWork\" ><div class='avia_textblock'  itemprop=\"text\" ><p><strong>Solutions<\/strong><\/p>\n<p><a href=\"http:\/\/bartech.sk\/inventura\/\">Stock-taking<\/a><\/p>\n<p><a href=\"http:\/\/bartech.sk\/logistika\/\">Logistics<\/a><\/p>\n<p><a href=\"http:\/\/bartech.sk\/obchod\/\">Commerce<\/a><\/p>\n<p><a href=\"http:\/\/bartech.sk\/sklady\/\">Warehouses<\/a><\/p>\n<p><a href=\"http:\/\/bartech.sk\/vyroba\/\">Manufacturing<\/a><\/p>\n<p><a href=\"http:\/\/bartech.sk\/zakazkovy-softver\/\">Custom software<\/a><\/p>\n<\/div><\/section><\/div>\n<style type=\"text\/css\" data-created_by=\"avia_inline_auto\" id=\"style-css-av-u31g-12d4101f77fff19099ff0fefaaddb6c2\">\n.flex_column.av-u31g-12d4101f77fff19099ff0fefaaddb6c2{\nwidth:18.4%;\nmargin-left:2%;\n}\n<\/style>\n<div  class='flex_column av-u31g-12d4101f77fff19099ff0fefaaddb6c2 av_one_fifth  avia-builder-el-12  el_after_av_one_fifth  el_before_av_one_full  flex_column_div  '     ><section  class='av_textblock_section av-luk04jol-d9148bdc28c9fdcdae836ef58d4c131c '   itemscope=\"itemscope\" itemtype=\"https:\/\/schema.org\/CreativeWork\" ><div class='avia_textblock'  itemprop=\"text\" ><p><strong>About us<\/strong><\/p>\n<p><a href=\"http:\/\/bartech.sk\/kontakt\/\">Kontakt<\/a><\/p>\n<p><a href=\"http:\/\/bartech.sk\/pripadove-studie\/\">References<\/a><\/p>\n<p><a href=\"http:\/\/bartech.sk\/spolupraca\/\">Collaboration<\/a><\/p>\n<p><a href=\"https:\/\/servis.bartech.sk\/\">Support center<\/a><\/p>\n<p><a href=\"https:\/\/obchod.bartech.sk\/clanek\/obchodne-podmienky\">V\u0161eobecn\u00e9 obchodn\u00e9 podmienky<\/a><\/p>\n<\/div><\/section><\/div><div  class='flex_column av-2g20-22e088a8f9e3aeadfbaaf38994288a54 av_one_full  avia-builder-el-14  el_after_av_one_fifth  avia-builder-el-last  footer-socket first flex_column_div  column-top-margin'     ><section  class='av_textblock_section av-lujyxr9l-ffaafc14c27fc95b40d60056756a17b0 '   itemscope=\"itemscope\" itemtype=\"https:\/\/schema.org\/CreativeWork\" ><div class='avia_textblock'  itemprop=\"text\" ><p style=\"text-align: center;\">\u00a9 2024 Bartech Slovakia<\/p>\n<\/div><\/section><\/div>\n","protected":false},"excerpt":{"rendered":"","protected":false},"author":2,"featured_media":0,"parent":0,"menu_order":30,"comment_status":"closed","ping_status":"closed","template":"","meta":{"footnotes":""},"class_list":["post-6879","page","type-page","status-publish","hentry"],"yoast_head":"<!-- This site is optimized with the Yoast SEO Premium plugin v23.1 (Yoast SEO v26.3) - https:\/\/yoast.com\/wordpress\/plugins\/seo\/ -->\n<title>Footer - BARTECH SLOVAKIA<\/title>\n<meta name=\"robots\" content=\"index, follow, max-snippet:-1, max-image-preview:large, max-video-preview:-1\" \/>\n<link rel=\"canonical\" href=\"https:\/\/bartech.sk\/en\/footer\/\" \/>\n<meta property=\"og:locale\" content=\"en_US\" \/>\n<meta property=\"og:type\" content=\"article\" \/>\n<meta property=\"og:title\" content=\"Footer\" \/>\n<meta property=\"og:url\" content=\"https:\/\/bartech.sk\/en\/footer\/\" \/>\n<meta property=\"og:site_name\" content=\"BARTECH SLOVAKIA\" \/>\n<meta property=\"article:publisher\" content=\"https:\/\/www.facebook.com\/Bartech.Slovakia\" \/>\n<meta property=\"article:modified_time\" content=\"2025-12-04T12:10:15+00:00\" \/>\n<meta property=\"og:image\" content=\"http:\/\/bartech.sk\/wp-content\/uploads\/2024\/04\/yt-ico.svg\" \/>\n<meta name=\"twitter:card\" content=\"summary_large_image\" \/>\n<meta name=\"twitter:label1\" content=\"Est. reading time\" \/>\n\t<meta name=\"twitter:data1\" content=\"22 minutes\" \/>\n<script type=\"application\/ld+json\" class=\"yoast-schema-graph\">{\"@context\":\"https:\/\/schema.org\",\"@graph\":[{\"@type\":\"WebPage\",\"@id\":\"https:\/\/bartech.sk\/en\/footer\/\",\"url\":\"https:\/\/bartech.sk\/en\/footer\/\",\"name\":\"Footer - BARTECH SLOVAKIA\",\"isPartOf\":{\"@id\":\"https:\/\/bartech.sk\/en\/#website\"},\"primaryImageOfPage\":{\"@id\":\"https:\/\/bartech.sk\/en\/footer\/#primaryimage\"},\"image\":{\"@id\":\"https:\/\/bartech.sk\/en\/footer\/#primaryimage\"},\"thumbnailUrl\":\"http:\/\/bartech.sk\/wp-content\/uploads\/2024\/04\/yt-ico.svg\",\"datePublished\":\"2024-03-24T14:48:12+00:00\",\"dateModified\":\"2025-12-04T12:10:15+00:00\",\"breadcrumb\":{\"@id\":\"https:\/\/bartech.sk\/en\/footer\/#breadcrumb\"},\"inLanguage\":\"en-US\",\"potentialAction\":[{\"@type\":\"ReadAction\",\"target\":[\"https:\/\/bartech.sk\/en\/footer\/\"]}]},{\"@type\":\"ImageObject\",\"inLanguage\":\"en-US\",\"@id\":\"https:\/\/bartech.sk\/en\/footer\/#primaryimage\",\"url\":\"http:\/\/bartech.sk\/wp-content\/uploads\/2024\/04\/yt-ico.svg\",\"contentUrl\":\"http:\/\/bartech.sk\/wp-content\/uploads\/2024\/04\/yt-ico.svg\"},{\"@type\":\"BreadcrumbList\",\"@id\":\"https:\/\/bartech.sk\/en\/footer\/#breadcrumb\",\"itemListElement\":[{\"@type\":\"ListItem\",\"position\":1,\"name\":\"Domovsk\u00e1 str\u00e1nka\",\"item\":\"https:\/\/bartech.sk\/en\/introduction\/\"},{\"@type\":\"ListItem\",\"position\":2,\"name\":\"Footer\"}]},{\"@type\":\"WebSite\",\"@id\":\"https:\/\/bartech.sk\/en\/#website\",\"url\":\"https:\/\/bartech.sk\/en\/\",\"name\":\"Rie\u0161enia pre v\u00fdrobu a logistiku\",\"description\":\"Automatizovan\u00fd zber d\u00e1t vo v\u00fdrobe a logistike\",\"publisher\":{\"@id\":\"https:\/\/bartech.sk\/en\/#organization\"},\"potentialAction\":[{\"@type\":\"SearchAction\",\"target\":{\"@type\":\"EntryPoint\",\"urlTemplate\":\"https:\/\/bartech.sk\/en\/?s={search_term_string}\"},\"query-input\":{\"@type\":\"PropertyValueSpecification\",\"valueRequired\":true,\"valueName\":\"search_term_string\"}}],\"inLanguage\":\"en-US\"},{\"@type\":\"Organization\",\"@id\":\"https:\/\/bartech.sk\/en\/#organization\",\"name\":\"BARTECH SLOVAKIA\",\"url\":\"https:\/\/bartech.sk\/en\/\",\"logo\":{\"@type\":\"ImageObject\",\"inLanguage\":\"en-US\",\"@id\":\"https:\/\/bartech.sk\/en\/#\/schema\/logo\/image\/\",\"url\":\"https:\/\/bartech.sk\/wp-content\/uploads\/2024\/07\/Bartech_podpis.png\",\"contentUrl\":\"https:\/\/bartech.sk\/wp-content\/uploads\/2024\/07\/Bartech_podpis.png\",\"width\":185,\"height\":47,\"caption\":\"BARTECH SLOVAKIA\"},\"image\":{\"@id\":\"https:\/\/bartech.sk\/en\/#\/schema\/logo\/image\/\"},\"sameAs\":[\"https:\/\/www.facebook.com\/Bartech.Slovakia\",\"https:\/\/www.linkedin.com\/company\/bartech-slovakia\/\",\"https:\/\/www.youtube.com\/user\/BartechSk\"]}]}<\/script>\n<!-- \/ Yoast SEO Premium plugin. -->","yoast_head_json":{"title":"Footer - BARTECH SLOVAKIA","robots":{"index":"index","follow":"follow","max-snippet":"max-snippet:-1","max-image-preview":"max-image-preview:large","max-video-preview":"max-video-preview:-1"},"canonical":"https:\/\/bartech.sk\/en\/footer\/","og_locale":"en_US","og_type":"article","og_title":"Footer","og_url":"https:\/\/bartech.sk\/en\/footer\/","og_site_name":"BARTECH SLOVAKIA","article_publisher":"https:\/\/www.facebook.com\/Bartech.Slovakia","article_modified_time":"2025-12-04T12:10:15+00:00","og_image":[{"url":"http:\/\/bartech.sk\/wp-content\/uploads\/2024\/04\/yt-ico.svg","type":"","width":"","height":""}],"twitter_card":"summary_large_image","twitter_misc":{"Est. reading time":"22 minutes"},"schema":{"@context":"https:\/\/schema.org","@graph":[{"@type":"WebPage","@id":"https:\/\/bartech.sk\/en\/footer\/","url":"https:\/\/bartech.sk\/en\/footer\/","name":"Footer - BARTECH SLOVAKIA","isPartOf":{"@id":"https:\/\/bartech.sk\/en\/#website"},"primaryImageOfPage":{"@id":"https:\/\/bartech.sk\/en\/footer\/#primaryimage"},"image":{"@id":"https:\/\/bartech.sk\/en\/footer\/#primaryimage"},"thumbnailUrl":"http:\/\/bartech.sk\/wp-content\/uploads\/2024\/04\/yt-ico.svg","datePublished":"2024-03-24T14:48:12+00:00","dateModified":"2025-12-04T12:10:15+00:00","breadcrumb":{"@id":"https:\/\/bartech.sk\/en\/footer\/#breadcrumb"},"inLanguage":"en-US","potentialAction":[{"@type":"ReadAction","target":["https:\/\/bartech.sk\/en\/footer\/"]}]},{"@type":"ImageObject","inLanguage":"en-US","@id":"https:\/\/bartech.sk\/en\/footer\/#primaryimage","url":"http:\/\/bartech.sk\/wp-content\/uploads\/2024\/04\/yt-ico.svg","contentUrl":"http:\/\/bartech.sk\/wp-content\/uploads\/2024\/04\/yt-ico.svg"},{"@type":"BreadcrumbList","@id":"https:\/\/bartech.sk\/en\/footer\/#breadcrumb","itemListElement":[{"@type":"ListItem","position":1,"name":"Domovsk\u00e1 str\u00e1nka","item":"https:\/\/bartech.sk\/en\/introduction\/"},{"@type":"ListItem","position":2,"name":"Footer"}]},{"@type":"WebSite","@id":"https:\/\/bartech.sk\/en\/#website","url":"https:\/\/bartech.sk\/en\/","name":"Rie\u0161enia pre v\u00fdrobu a logistiku","description":"Automatizovan\u00fd zber d\u00e1t vo v\u00fdrobe a logistike","publisher":{"@id":"https:\/\/bartech.sk\/en\/#organization"},"potentialAction":[{"@type":"SearchAction","target":{"@type":"EntryPoint","urlTemplate":"https:\/\/bartech.sk\/en\/?s={search_term_string}"},"query-input":{"@type":"PropertyValueSpecification","valueRequired":true,"valueName":"search_term_string"}}],"inLanguage":"en-US"},{"@type":"Organization","@id":"https:\/\/bartech.sk\/en\/#organization","name":"BARTECH SLOVAKIA","url":"https:\/\/bartech.sk\/en\/","logo":{"@type":"ImageObject","inLanguage":"en-US","@id":"https:\/\/bartech.sk\/en\/#\/schema\/logo\/image\/","url":"https:\/\/bartech.sk\/wp-content\/uploads\/2024\/07\/Bartech_podpis.png","contentUrl":"https:\/\/bartech.sk\/wp-content\/uploads\/2024\/07\/Bartech_podpis.png","width":185,"height":47,"caption":"BARTECH SLOVAKIA"},"image":{"@id":"https:\/\/bartech.sk\/en\/#\/schema\/logo\/image\/"},"sameAs":["https:\/\/www.facebook.com\/Bartech.Slovakia","https:\/\/www.linkedin.com\/company\/bartech-slovakia\/","https:\/\/www.youtube.com\/user\/BartechSk"]}]}},"_links":{"self":[{"href":"https:\/\/bartech.sk\/en\/wp-json\/wp\/v2\/pages\/6879","targetHints":{"allow":["GET"]}}],"collection":[{"href":"https:\/\/bartech.sk\/en\/wp-json\/wp\/v2\/pages"}],"about":[{"href":"https:\/\/bartech.sk\/en\/wp-json\/wp\/v2\/types\/page"}],"author":[{"embeddable":true,"href":"https:\/\/bartech.sk\/en\/wp-json\/wp\/v2\/users\/2"}],"replies":[{"embeddable":true,"href":"https:\/\/bartech.sk\/en\/wp-json\/wp\/v2\/comments?post=6879"}],"version-history":[{"count":3,"href":"https:\/\/bartech.sk\/en\/wp-json\/wp\/v2\/pages\/6879\/revisions"}],"predecessor-version":[{"id":6882,"href":"https:\/\/bartech.sk\/en\/wp-json\/wp\/v2\/pages\/6879\/revisions\/6882"}],"wp:attachment":[{"href":"https:\/\/bartech.sk\/en\/wp-json\/wp\/v2\/media?parent=6879"}],"curies":[{"name":"wp","href":"https:\/\/api.w.org\/{rel}","templated":true}]}}