{"id":4664,"date":"2024-04-17T16:32:42","date_gmt":"2024-04-17T14:32:42","guid":{"rendered":"https:\/\/bartech.sk\/blog\/"},"modified":"2024-09-30T18:58:51","modified_gmt":"2024-09-30T16:58:51","slug":"blog","status":"publish","type":"page","link":"https:\/\/bartech.sk\/en\/blog\/","title":{"rendered":"Blog"},"content":{"rendered":"\n<style type=\"text\/css\" data-created_by=\"avia_inline_auto\" id=\"style-css-av-lv2mrzz1-4216f135c4e9c58f5d0f96fe354982e4\">\n.avia-section.av-lv2mrzz1-4216f135c4e9c58f5d0f96fe354982e4{\nbackground-repeat:no-repeat;\nbackground-image:url(https:\/\/bartech.sk\/wp-content\/uploads\/2024\/06\/blog-banner-v3.jpg);\nbackground-position:50% 50%;\nbackground-attachment:scroll;\n}\n<\/style>\n<div id='av_section_1'  class='avia-section av-lv2mrzz1-4216f135c4e9c58f5d0f96fe354982e4 main_color avia-section-default avia-no-border-styling  avia-builder-el-0  el_before_av_layout_row  avia-builder-el-first  main-banner avia-full-stretch avia-bg-style-scroll av-minimum-height av-minimum-height-50 av-height-50  container_wrap fullsize'  data-section-bg-repeat='stretch' data-av_minimum_height_pc='50' data-av_min_height_opt='50'><div class='container av-section-cont-open' ><main  role=\"main\" itemprop=\"mainContentOfPage\"  class='template-page content  av-content-full alpha units'><div class='post-entry post-entry-type-page post-entry-4664'><div class='entry-content-wrapper clearfix'>\n<div  class='flex_column av-m7tm4-23c394d60bdd459125de061018adf8e0 av_one_full  avia-builder-el-1  avia-builder-el-no-sibling  first flex_column_div  '     ><p>\n<style type=\"text\/css\" data-created_by=\"avia_inline_auto\" id=\"style-css-av-lv2mruqm-5d314371716de4747161ffe20770fad9\">\n#top .av-special-heading.av-lv2mruqm-5d314371716de4747161ffe20770fad9{\npadding-bottom:0;\n}\nbody .av-special-heading.av-lv2mruqm-5d314371716de4747161ffe20770fad9 .av-special-heading-tag .heading-char{\nfont-size:25px;\n}\n.av-special-heading.av-lv2mruqm-5d314371716de4747161ffe20770fad9 .av-subheading{\nfont-size:15px;\n}\n<\/style>\n<div  class='av-special-heading av-lv2mruqm-5d314371716de4747161ffe20770fad9 av-special-heading-h1 blockquote modern-quote  avia-builder-el-2  el_before_av_hr  avia-builder-el-first  subpage-title-h1'><h1 class='av-special-heading-tag'  itemprop=\"headline\"  >News<\/h1><div class=\"special-heading-border\"><div class=\"special-heading-inner-border\"><\/div><\/div><\/div><br \/>\n\n<style type=\"text\/css\" data-created_by=\"avia_inline_auto\" id=\"style-css-av-gh8vw-f8891c7fb5e3a171fee644dca14c85b7\">\n#top .hr.av-gh8vw-f8891c7fb5e3a171fee644dca14c85b7{\nmargin-top:0px;\nmargin-bottom:30px;\n}\n.hr.av-gh8vw-f8891c7fb5e3a171fee644dca14c85b7 .hr-inner{\nwidth:100px;\nborder-color:#ed7207;\n}\n<\/style>\n<div  class='hr av-gh8vw-f8891c7fb5e3a171fee644dca14c85b7 hr-custom  avia-builder-el-3  el_after_av_heading  avia-builder-el-last  hr-subpage-banner hr-left hr-icon-no'><span class='hr-inner inner-border-av-border-fat'><span class=\"hr-inner-style\"><\/span><\/span><\/div><\/p><\/div><\/div><\/div><\/main><!-- close content main element --><\/div><\/div><div id='av-layout-grid-1'  class='av-layout-grid-container av-lv3x69tm-92a7345ac20daeb571a6ccd05ec4ad7c entry-content-wrapper main_color av-flex-cells  avia-builder-el-4  el_after_av_section  avia-builder-el-last  blog-section grid-row-not-first  container_wrap fullsize'  >\n\n<style type=\"text\/css\" data-created_by=\"avia_inline_auto\" id=\"style-css-av-lv3x7bg3-be01379a1fae3957d83ef8ff78f24a26\">\n.flex_cell.av-lv3x7bg3-be01379a1fae3957d83ef8ff78f24a26{\nvertical-align:top;\n}\n.responsive #top #wrap_all .flex_cell.av-lv3x7bg3-be01379a1fae3957d83ef8ff78f24a26{\npadding:0px 0px 0px 0px !important;\n}\n<\/style>\n<div class='flex_cell av-lv3x7bg3-be01379a1fae3957d83ef8ff78f24a26 av-gridrow-cell av_one_full no_margin  avia-builder-el-5  avia-builder-el-no-sibling  av-zero-padding'  ><div class='flex_cell_inner'>\n<\/div><\/div>\n<\/div><\/p>\n","protected":false},"excerpt":{"rendered":"","protected":false},"author":2,"featured_media":0,"parent":0,"menu_order":10,"comment_status":"closed","ping_status":"closed","template":"","meta":{"footnotes":""},"class_list":["post-4664","page","type-page","status-publish","hentry"],"yoast_head":"<!-- This site is optimized with the Yoast SEO Premium plugin v23.1 (Yoast SEO v26.3) - https:\/\/yoast.com\/wordpress\/plugins\/seo\/ -->\n<title>Blog - BARTECH SLOVAKIA<\/title>\n<meta name=\"robots\" content=\"index, follow, max-snippet:-1, max-image-preview:large, max-video-preview:-1\" \/>\n<link rel=\"canonical\" href=\"https:\/\/bartech.sk\/en\/blog\/\" \/>\n<meta property=\"og:locale\" content=\"en_US\" \/>\n<meta property=\"og:type\" content=\"article\" \/>\n<meta property=\"og:title\" content=\"Blog\" \/>\n<meta property=\"og:url\" content=\"https:\/\/bartech.sk\/en\/blog\/\" \/>\n<meta property=\"og:site_name\" content=\"BARTECH SLOVAKIA\" \/>\n<meta property=\"article:publisher\" content=\"https:\/\/www.facebook.com\/Bartech.Slovakia\" \/>\n<meta property=\"article:modified_time\" content=\"2024-09-30T16:58:51+00:00\" \/>\n<meta name=\"twitter:card\" content=\"summary_large_image\" \/>\n<meta name=\"twitter:label1\" content=\"Est. reading time\" \/>\n\t<meta name=\"twitter:data1\" content=\"6 minutes\" \/>\n<script type=\"application\/ld+json\" class=\"yoast-schema-graph\">{\"@context\":\"https:\/\/schema.org\",\"@graph\":[{\"@type\":\"WebPage\",\"@id\":\"https:\/\/bartech.sk\/en\/blog\/\",\"url\":\"https:\/\/bartech.sk\/en\/blog\/\",\"name\":\"Blog - BARTECH SLOVAKIA\",\"isPartOf\":{\"@id\":\"https:\/\/bartech.sk\/en\/#website\"},\"datePublished\":\"2024-04-17T14:32:42+00:00\",\"dateModified\":\"2024-09-30T16:58:51+00:00\",\"breadcrumb\":{\"@id\":\"https:\/\/bartech.sk\/en\/blog\/#breadcrumb\"},\"inLanguage\":\"en-US\",\"potentialAction\":[{\"@type\":\"ReadAction\",\"target\":[\"https:\/\/bartech.sk\/en\/blog\/\"]}]},{\"@type\":\"BreadcrumbList\",\"@id\":\"https:\/\/bartech.sk\/en\/blog\/#breadcrumb\",\"itemListElement\":[{\"@type\":\"ListItem\",\"position\":1,\"name\":\"Domovsk\u00e1 str\u00e1nka\",\"item\":\"https:\/\/bartech.sk\/en\/introduction\/\"},{\"@type\":\"ListItem\",\"position\":2,\"name\":\"Blog\"}]},{\"@type\":\"WebSite\",\"@id\":\"https:\/\/bartech.sk\/en\/#website\",\"url\":\"https:\/\/bartech.sk\/en\/\",\"name\":\"Rie\u0161enia pre v\u00fdrobu a logistiku\",\"description\":\"Automatizovan\u00fd zber d\u00e1t vo v\u00fdrobe a logistike\",\"publisher\":{\"@id\":\"https:\/\/bartech.sk\/en\/#organization\"},\"potentialAction\":[{\"@type\":\"SearchAction\",\"target\":{\"@type\":\"EntryPoint\",\"urlTemplate\":\"https:\/\/bartech.sk\/en\/?s={search_term_string}\"},\"query-input\":{\"@type\":\"PropertyValueSpecification\",\"valueRequired\":true,\"valueName\":\"search_term_string\"}}],\"inLanguage\":\"en-US\"},{\"@type\":\"Organization\",\"@id\":\"https:\/\/bartech.sk\/en\/#organization\",\"name\":\"BARTECH SLOVAKIA\",\"url\":\"https:\/\/bartech.sk\/en\/\",\"logo\":{\"@type\":\"ImageObject\",\"inLanguage\":\"en-US\",\"@id\":\"https:\/\/bartech.sk\/en\/#\/schema\/logo\/image\/\",\"url\":\"https:\/\/bartech.sk\/wp-content\/uploads\/2024\/07\/Bartech_podpis.png\",\"contentUrl\":\"https:\/\/bartech.sk\/wp-content\/uploads\/2024\/07\/Bartech_podpis.png\",\"width\":185,\"height\":47,\"caption\":\"BARTECH SLOVAKIA\"},\"image\":{\"@id\":\"https:\/\/bartech.sk\/en\/#\/schema\/logo\/image\/\"},\"sameAs\":[\"https:\/\/www.facebook.com\/Bartech.Slovakia\",\"https:\/\/www.linkedin.com\/company\/bartech-slovakia\/\",\"https:\/\/www.youtube.com\/user\/BartechSk\"]}]}<\/script>\n<!-- \/ Yoast SEO Premium plugin. -->","yoast_head_json":{"title":"Blog - BARTECH SLOVAKIA","robots":{"index":"index","follow":"follow","max-snippet":"max-snippet:-1","max-image-preview":"max-image-preview:large","max-video-preview":"max-video-preview:-1"},"canonical":"https:\/\/bartech.sk\/en\/blog\/","og_locale":"en_US","og_type":"article","og_title":"Blog","og_url":"https:\/\/bartech.sk\/en\/blog\/","og_site_name":"BARTECH SLOVAKIA","article_publisher":"https:\/\/www.facebook.com\/Bartech.Slovakia","article_modified_time":"2024-09-30T16:58:51+00:00","twitter_card":"summary_large_image","twitter_misc":{"Est. reading time":"6 minutes"},"schema":{"@context":"https:\/\/schema.org","@graph":[{"@type":"WebPage","@id":"https:\/\/bartech.sk\/en\/blog\/","url":"https:\/\/bartech.sk\/en\/blog\/","name":"Blog - BARTECH SLOVAKIA","isPartOf":{"@id":"https:\/\/bartech.sk\/en\/#website"},"datePublished":"2024-04-17T14:32:42+00:00","dateModified":"2024-09-30T16:58:51+00:00","breadcrumb":{"@id":"https:\/\/bartech.sk\/en\/blog\/#breadcrumb"},"inLanguage":"en-US","potentialAction":[{"@type":"ReadAction","target":["https:\/\/bartech.sk\/en\/blog\/"]}]},{"@type":"BreadcrumbList","@id":"https:\/\/bartech.sk\/en\/blog\/#breadcrumb","itemListElement":[{"@type":"ListItem","position":1,"name":"Domovsk\u00e1 str\u00e1nka","item":"https:\/\/bartech.sk\/en\/introduction\/"},{"@type":"ListItem","position":2,"name":"Blog"}]},{"@type":"WebSite","@id":"https:\/\/bartech.sk\/en\/#website","url":"https:\/\/bartech.sk\/en\/","name":"Rie\u0161enia pre v\u00fdrobu a logistiku","description":"Automatizovan\u00fd zber d\u00e1t vo v\u00fdrobe a logistike","publisher":{"@id":"https:\/\/bartech.sk\/en\/#organization"},"potentialAction":[{"@type":"SearchAction","target":{"@type":"EntryPoint","urlTemplate":"https:\/\/bartech.sk\/en\/?s={search_term_string}"},"query-input":{"@type":"PropertyValueSpecification","valueRequired":true,"valueName":"search_term_string"}}],"inLanguage":"en-US"},{"@type":"Organization","@id":"https:\/\/bartech.sk\/en\/#organization","name":"BARTECH SLOVAKIA","url":"https:\/\/bartech.sk\/en\/","logo":{"@type":"ImageObject","inLanguage":"en-US","@id":"https:\/\/bartech.sk\/en\/#\/schema\/logo\/image\/","url":"https:\/\/bartech.sk\/wp-content\/uploads\/2024\/07\/Bartech_podpis.png","contentUrl":"https:\/\/bartech.sk\/wp-content\/uploads\/2024\/07\/Bartech_podpis.png","width":185,"height":47,"caption":"BARTECH SLOVAKIA"},"image":{"@id":"https:\/\/bartech.sk\/en\/#\/schema\/logo\/image\/"},"sameAs":["https:\/\/www.facebook.com\/Bartech.Slovakia","https:\/\/www.linkedin.com\/company\/bartech-slovakia\/","https:\/\/www.youtube.com\/user\/BartechSk"]}]}},"_links":{"self":[{"href":"https:\/\/bartech.sk\/en\/wp-json\/wp\/v2\/pages\/4664","targetHints":{"allow":["GET"]}}],"collection":[{"href":"https:\/\/bartech.sk\/en\/wp-json\/wp\/v2\/pages"}],"about":[{"href":"https:\/\/bartech.sk\/en\/wp-json\/wp\/v2\/types\/page"}],"author":[{"embeddable":true,"href":"https:\/\/bartech.sk\/en\/wp-json\/wp\/v2\/users\/2"}],"replies":[{"embeddable":true,"href":"https:\/\/bartech.sk\/en\/wp-json\/wp\/v2\/comments?post=4664"}],"version-history":[{"count":1,"href":"https:\/\/bartech.sk\/en\/wp-json\/wp\/v2\/pages\/4664\/revisions"}],"predecessor-version":[{"id":4665,"href":"https:\/\/bartech.sk\/en\/wp-json\/wp\/v2\/pages\/4664\/revisions\/4665"}],"wp:attachment":[{"href":"https:\/\/bartech.sk\/en\/wp-json\/wp\/v2\/media?parent=4664"}],"curies":[{"name":"wp","href":"https:\/\/api.w.org\/{rel}","templated":true}]}}