{"id":4649,"date":"2024-04-22T11:10:10","date_gmt":"2024-04-22T09:10:10","guid":{"rendered":"https:\/\/bartech.sk\/zapsi-production-monitoring\/"},"modified":"2024-09-30T18:50:15","modified_gmt":"2024-09-30T16:50:15","slug":"zapsi-production-monitoring","status":"publish","type":"page","link":"https:\/\/bartech.sk\/en\/zapsi-production-monitoring\/","title":{"rendered":"ZAPSI &#8211; production monitoring"},"content":{"rendered":"\n<style type=\"text\/css\" data-created_by=\"avia_inline_auto\" id=\"style-css-av-lv2hh6tx-5c142baebaf92a2c04efa4e571a4ab5d\">\n.avia-section.av-lv2hh6tx-5c142baebaf92a2c04efa4e571a4ab5d{\nbackground-repeat:no-repeat;\nbackground-image:url(https:\/\/bartech.sk\/wp-content\/uploads\/2024\/04\/tech-banner-v2.jpg);\nbackground-position:50% 50%;\nbackground-attachment:scroll;\n}\n<\/style>\n<div id='av_section_1'  class='avia-section av-lv2hh6tx-5c142baebaf92a2c04efa4e571a4ab5d main_color avia-section-default avia-no-border-styling  avia-builder-el-0  el_before_av_section  avia-builder-el-first  main-banner avia-full-stretch avia-bg-style-scroll av-minimum-height av-minimum-height-50 av-height-50  container_wrap fullsize'  data-section-bg-repeat='stretch' data-av_minimum_height_pc='50' data-av_min_height_opt='50'><div class='container av-section-cont-open' ><main  role=\"main\" itemprop=\"mainContentOfPage\"  class='template-page content  av-content-full alpha units'><div class='post-entry post-entry-type-page post-entry-4649'><div class='entry-content-wrapper clearfix'>\n<div  class='flex_column av-50n4xn-912b247e8a5814624ceda6991ea0ca8a av_one_full  avia-builder-el-1  avia-builder-el-no-sibling  first flex_column_div  '     ><p>\n<style type=\"text\/css\" data-created_by=\"avia_inline_auto\" id=\"style-css-av-lv2hgv0i-96b4543fdc3c2197b5d449014acd01c6\">\n#top .av-special-heading.av-lv2hgv0i-96b4543fdc3c2197b5d449014acd01c6{\npadding-bottom:0;\n}\nbody .av-special-heading.av-lv2hgv0i-96b4543fdc3c2197b5d449014acd01c6 .av-special-heading-tag .heading-char{\nfont-size:25px;\n}\n.av-special-heading.av-lv2hgv0i-96b4543fdc3c2197b5d449014acd01c6 .av-subheading{\nfont-size:15px;\n}\n<\/style>\n<div  class='av-special-heading av-lv2hgv0i-96b4543fdc3c2197b5d449014acd01c6 av-special-heading-h1 blockquote modern-quote  avia-builder-el-2  el_before_av_hr  avia-builder-el-first  subpage-title-h1'><h1 class='av-special-heading-tag'  itemprop=\"headline\"  >ZAPSI &#8211; production monitoring<\/h1><div class=\"special-heading-border\"><div class=\"special-heading-inner-border\"><\/div><\/div><\/div><br \/>\n\n<style type=\"text\/css\" data-created_by=\"avia_inline_auto\" id=\"style-css-av-4vbggz-e1e09ebfae37b39159830bbfb0717b06\">\n#top .hr.av-4vbggz-e1e09ebfae37b39159830bbfb0717b06{\nmargin-top:0px;\nmargin-bottom:30px;\n}\n.hr.av-4vbggz-e1e09ebfae37b39159830bbfb0717b06 .hr-inner{\nwidth:100px;\nborder-color:#ed7207;\n}\n<\/style>\n<div  class='hr av-4vbggz-e1e09ebfae37b39159830bbfb0717b06 hr-custom  avia-builder-el-3  el_after_av_heading  avia-builder-el-last  hr-subpage-banner hr-left hr-icon-no'><span class='hr-inner inner-border-av-border-fat'><span class=\"hr-inner-style\"><\/span><\/span><\/div><\/p><\/div>\n\n<\/div><\/div><\/main><!-- close content main element --><\/div><\/div><div id='av_section_2'  class='avia-section av-lv2ie9gv-52f2c1b357645123ae96cc51261b65a0 main_color avia-section-default avia-no-border-styling  avia-builder-el-4  el_after_av_section  avia-builder-el-last  ciarove-kody-subpage-section avia-bg-style-scroll container_wrap fullsize'  ><div class='container av-section-cont-open' ><div class='template-page content  av-content-full alpha units'><div class='post-entry post-entry-type-page post-entry-4649'><div class='entry-content-wrapper clearfix'>\n<div  class='flex_column av-959t3h-5704830273735d12ef5e35e2dd9309cd av_one_full  avia-builder-el-5  el_before_av_one_full  avia-builder-el-first  first flex_column_div  '     ><section  class='av_textblock_section av-lv8f8apw-7d87af6a936903db9ffee78bc26ac5aa '   itemscope=\"itemscope\" itemtype=\"https:\/\/schema.org\/CreativeWork\" ><div class='avia_textblock'  itemprop=\"text\" ><p><strong>Can you confidently say which machines are currently producing and which are idle? Do you know which ones are turned off? And do you know how long they&#8217;ve been off? Are you aware of the overall productivity of the entire facility? What about for a single shift? Can you compare them? Which shift is declining, and since when? How much electricity do the machines consume? Would it be worth shutting some down? Which machine is the most efficient in terms of electricity consumption versus productivity, and which one would be worth replacing? Have you ever made a wrong decision due to having little or no information?          <\/strong> The<a href=\"https:\/\/www.zapsi.eu\/\"><strong> ZAPSI<\/strong><\/a> system is designed for monitoring production machines, with the capability of collecting machine data as well as user data entered by operators.<\/p>\n<\/div><\/section><\/div><div  class='flex_column av-4h4cq9-2019aff7f3376b4d3a75b7adf9baffe0 av_one_full  avia-builder-el-7  el_after_av_one_full  el_before_av_one_full  first flex_column_div  column-top-margin'     ><p>\n<style type=\"text\/css\" data-created_by=\"avia_inline_auto\" id=\"style-css-av-lvap035i-8647ef70b5e8924b147e55c246af02e8\">\n#top .av-special-heading.av-lvap035i-8647ef70b5e8924b147e55c246af02e8{\npadding-bottom:10px;\n}\nbody .av-special-heading.av-lvap035i-8647ef70b5e8924b147e55c246af02e8 .av-special-heading-tag .heading-char{\nfont-size:25px;\n}\n.av-special-heading.av-lvap035i-8647ef70b5e8924b147e55c246af02e8 .av-subheading{\nfont-size:15px;\n}\n<\/style>\n<div  class='av-special-heading av-lvap035i-8647ef70b5e8924b147e55c246af02e8 av-special-heading-h2 blockquote modern-quote  avia-builder-el-8  el_before_av_hr  avia-builder-el-first '><h2 class='av-special-heading-tag'  itemprop=\"headline\"  >ONLINE Overview of All Connected Workstations<\/h2><div class=\"special-heading-border\"><div class=\"special-heading-inner-border\"><\/div><\/div><\/div><br \/>\n\n<style type=\"text\/css\" data-created_by=\"avia_inline_auto\" id=\"style-css-av-2tu0b5-f47f6aa88522f861911aa06375a02cea\">\n#top .hr.av-2tu0b5-f47f6aa88522f861911aa06375a02cea{\nmargin-top:0px;\nmargin-bottom:10px;\n}\n.hr.av-2tu0b5-f47f6aa88522f861911aa06375a02cea .hr-inner{\nwidth:90px;\nborder-color:#ed7207;\n}\n<\/style>\n<div  class='hr av-2tu0b5-f47f6aa88522f861911aa06375a02cea hr-custom  avia-builder-el-9  el_after_av_heading  el_before_av_textblock  hr-content hr-left hr-icon-no'><span class='hr-inner inner-border-av-border-fat'><span class=\"hr-inner-style\"><\/span><\/span><\/div><br \/>\n<section  class='av_textblock_section av-lvap0eiu-8a27a52e35b3330d4b40e4d8cefc0f09 '   itemscope=\"itemscope\" itemtype=\"https:\/\/schema.org\/CreativeWork\" ><div class='avia_textblock'  itemprop=\"text\" ><ul>\n<li>Machine Data (production, downtimes, input statistics, alarms)<\/li>\n<li>terminal (User) Data (order, reasons for downtime entered by the operator, defective pieces, records of repairs\/maintenance)<\/li>\n<\/ul>\n<\/div><\/section><br \/>\n\n<style type=\"text\/css\" data-created_by=\"avia_inline_auto\" id=\"style-css-av-lvaqi8jh-feb68fb01d48c1709529f4b1c2dfcb79\">\n.avia-image-container.av-lvaqi8jh-feb68fb01d48c1709529f4b1c2dfcb79 img.avia_image{\nbox-shadow:none;\n}\n.avia-image-container.av-lvaqi8jh-feb68fb01d48c1709529f4b1c2dfcb79 .av-image-caption-overlay-center{\ncolor:#ffffff;\n}\n<\/style>\n<div  class='avia-image-container av-lvaqi8jh-feb68fb01d48c1709529f4b1c2dfcb79 av-styling- avia-align-center  avia-builder-el-11  el_after_av_textblock  el_before_av_textblock '   itemprop=\"image\" itemscope=\"itemscope\" itemtype=\"https:\/\/schema.org\/ImageObject\" ><div class=\"avia-image-container-inner\"><div class=\"avia-image-overlay-wrap\"><img decoding=\"async\" fetchpriority=\"high\" class='wp-image-1363 avia-img-lazy-loading-not-1363 avia_image ' src=\"https:\/\/bartech.sk\/wp-content\/uploads\/2024\/04\/zapsi1-768x411-1.png\" alt='' title='zapsi1-768x411'  height=\"411\" width=\"768\"  itemprop=\"thumbnailUrl\"  \/><\/div><\/div><\/div><br \/>\n<section  class='av_textblock_section av-lvaqid5d-c4984961802bc4687d05a182484a1ecc '   itemscope=\"itemscope\" itemtype=\"https:\/\/schema.org\/CreativeWork\" ><div class='avia_textblock'  itemprop=\"text\" ><p id=\"caption-attachment-981\" class=\"wp-caption-text\">Overview after Logging In<\/p>\n<\/div><\/section><\/p><\/div><div  class='flex_column av-6k2tso-194e9f3e1b994cbea6d8fe4a862fb8cd av_one_full  avia-builder-el-13  el_after_av_one_full  el_before_av_one_full  first flex_column_div  column-top-margin'     ><p>\n<style type=\"text\/css\" data-created_by=\"avia_inline_auto\" id=\"style-css-av-lvapdd94-3841146db1bf0f3d72fabf3f67290ca2\">\n#top .av-special-heading.av-lvapdd94-3841146db1bf0f3d72fabf3f67290ca2{\npadding-bottom:10px;\n}\nbody .av-special-heading.av-lvapdd94-3841146db1bf0f3d72fabf3f67290ca2 .av-special-heading-tag .heading-char{\nfont-size:25px;\n}\n.av-special-heading.av-lvapdd94-3841146db1bf0f3d72fabf3f67290ca2 .av-subheading{\nfont-size:15px;\n}\n<\/style>\n<div  class='av-special-heading av-lvapdd94-3841146db1bf0f3d72fabf3f67290ca2 av-special-heading-h2 blockquote modern-quote  avia-builder-el-14  el_before_av_hr  avia-builder-el-first '><h2 class='av-special-heading-tag'  itemprop=\"headline\"  >Graphic Outputs<\/h2><div class=\"special-heading-border\"><div class=\"special-heading-inner-border\"><\/div><\/div><\/div><br \/>\n\n<style type=\"text\/css\" data-created_by=\"avia_inline_auto\" id=\"style-css-av-4jzvl4-af03e9410ca142bfdf23e3fb440c4a08\">\n#top .hr.av-4jzvl4-af03e9410ca142bfdf23e3fb440c4a08{\nmargin-top:0px;\nmargin-bottom:10px;\n}\n.hr.av-4jzvl4-af03e9410ca142bfdf23e3fb440c4a08 .hr-inner{\nwidth:90px;\nborder-color:#ed7207;\n}\n<\/style>\n<div  class='hr av-4jzvl4-af03e9410ca142bfdf23e3fb440c4a08 hr-custom  avia-builder-el-15  el_after_av_heading  el_before_av_textblock  hr-content hr-left hr-icon-no'><span class='hr-inner inner-border-av-border-fat'><span class=\"hr-inner-style\"><\/span><\/span><\/div><br \/>\n<section  class='av_textblock_section av-lvapdgto-76e6a1ddbb205322db526d9edd7b43cb '   itemscope=\"itemscope\" itemtype=\"https:\/\/schema.org\/CreativeWork\" ><div class='avia_textblock'  itemprop=\"text\" ><p>Data is collected directly from the machine, allowing the information to be presented in real time. The collected data needs to be presented and processed appropriately, which is where the system&#8217;s graphic outputs come into play. With graphic outputs, it is possible to obtain an <strong>overall overview of production<\/strong>, <strong>a summary of downtimes <\/strong>(when, why, and what type of downtime occurred), information <strong>about production cycles<\/strong>, <strong>and an overview of the operation of individual machine parts<\/strong>. The system also addresses electricity consumption, providing an overview of <strong>consumption<\/strong> from a specific machine, production line, or the entire building. ZAPSI also offers an o<strong>verview of other connected inputs<\/strong>, such as speed, temperature, pressure, etc. The system provides statistical data such as <strong>Pareto charts<\/strong> of downtimes by duration, <strong>statistical graphs of machine status<\/strong>, <strong>statistical graphs of downtimes<\/strong>, and <strong>OEE<\/strong> (Overall Equipment Effectiveness).<\/p>\n<\/div><\/section><br \/>\n\n<style type=\"text\/css\" data-created_by=\"avia_inline_auto\" id=\"style-css-av-lvaqixy2-4104e905e788aafc22c2773a9e3f9734\">\n.avia-image-container.av-lvaqixy2-4104e905e788aafc22c2773a9e3f9734 img.avia_image{\nbox-shadow:none;\n}\n.avia-image-container.av-lvaqixy2-4104e905e788aafc22c2773a9e3f9734 .av-image-caption-overlay-center{\ncolor:#ffffff;\n}\n<\/style>\n<div  class='avia-image-container av-lvaqixy2-4104e905e788aafc22c2773a9e3f9734 av-styling- avia-align-center  avia-builder-el-17  el_after_av_textblock  el_before_av_textblock '   itemprop=\"image\" itemscope=\"itemscope\" itemtype=\"https:\/\/schema.org\/ImageObject\" ><div class=\"avia-image-container-inner\"><div class=\"avia-image-overlay-wrap\"><img decoding=\"async\" fetchpriority=\"high\" class='wp-image-1361 avia-img-lazy-loading-not-1361 avia_image ' src=\"https:\/\/bartech.sk\/wp-content\/uploads\/2024\/04\/zapsi3-768x370-1.png\" alt='' title='zapsi3-768x370'  height=\"370\" width=\"768\"  itemprop=\"thumbnailUrl\"  \/><\/div><\/div><\/div><br \/>\n<section  class='av_textblock_section av-lvaqj1xm-3cd416353bab2fcc1e3f8ec327c6d6f4 '   itemscope=\"itemscope\" itemtype=\"https:\/\/schema.org\/CreativeWork\" ><div class='avia_textblock'  itemprop=\"text\" ><p id=\"caption-attachment-983\" class=\"wp-caption-text\">Calculation of OEE<\/p>\n<\/div><\/section><\/p><\/div><div  class='flex_column av-4r6sl5-1673929a6155097fbab4dd0b85b803e0 av_one_full  avia-builder-el-19  el_after_av_one_full  el_before_av_one_half  first flex_column_div  column-top-margin'     ><p>\n<style type=\"text\/css\" data-created_by=\"avia_inline_auto\" id=\"style-css-av-lvaprflv-689565bacec5f365adb195e010b0380d\">\n#top .av-special-heading.av-lvaprflv-689565bacec5f365adb195e010b0380d{\npadding-bottom:10px;\n}\nbody .av-special-heading.av-lvaprflv-689565bacec5f365adb195e010b0380d .av-special-heading-tag .heading-char{\nfont-size:25px;\n}\n.av-special-heading.av-lvaprflv-689565bacec5f365adb195e010b0380d .av-subheading{\nfont-size:15px;\n}\n<\/style>\n<div  class='av-special-heading av-lvaprflv-689565bacec5f365adb195e010b0380d av-special-heading-h2 blockquote modern-quote  avia-builder-el-20  el_before_av_hr  avia-builder-el-first '><h2 class='av-special-heading-tag'  itemprop=\"headline\"  >Collection of User Data<\/h2><div class=\"special-heading-border\"><div class=\"special-heading-inner-border\"><\/div><\/div><\/div><br \/>\n\n<style type=\"text\/css\" data-created_by=\"avia_inline_auto\" id=\"style-css-av-1zmot5-18ab4c7c5c48cca126d37e48a18bd34a\">\n#top .hr.av-1zmot5-18ab4c7c5c48cca126d37e48a18bd34a{\nmargin-top:0px;\nmargin-bottom:10px;\n}\n.hr.av-1zmot5-18ab4c7c5c48cca126d37e48a18bd34a .hr-inner{\nwidth:90px;\nborder-color:#ed7207;\n}\n<\/style>\n<div  class='hr av-1zmot5-18ab4c7c5c48cca126d37e48a18bd34a hr-custom  avia-builder-el-21  el_after_av_heading  el_before_av_textblock  hr-content hr-left hr-icon-no'><span class='hr-inner inner-border-av-border-fat'><span class=\"hr-inner-style\"><\/span><\/span><\/div><br \/>\n<section  class='av_textblock_section av-lvapri2s-6e3dd30b27c6dbf0276ae55a96a0003c '   itemscope=\"itemscope\" itemtype=\"https:\/\/schema.org\/CreativeWork\" ><div class='avia_textblock'  itemprop=\"text\" ><p>In addition to information related to machines, ZAPSI also collects data about users. This data is gathered using a touchscreen terminal on which the user application is running.<\/p>\n<\/div><\/section><\/p><\/div><div  class='flex_column av-3v9bfx-fb6ba795d1f945c5508935bb7cc6f728 av_one_half  avia-builder-el-23  el_after_av_one_full  el_before_av_one_half  first flex_column_div  column-top-margin'     ><section  class='av_textblock_section av-lvaqkg0a-4d23a3324fed2953d3f89ae83c9bec98 '   itemscope=\"itemscope\" itemtype=\"https:\/\/schema.org\/CreativeWork\" ><div class='avia_textblock'  itemprop=\"text\" ><ul>\n<li>Workplace Activity Records<\/li>\n<li>Employee Login<\/li>\n<li>Record of Start\/End of Work on Order\/Operation<\/li>\n<li>Record of Downtime Types<\/li>\n<li>Record of Error Types<\/li>\n<li>Record of Downtimes\/Repairs<\/li>\n<li>Display of Production Information<\/li>\n<li>Display of Production Documentation<\/li>\n<li>Label Printing<\/li>\n<\/ul>\n<\/div><\/section><\/div><div  class='flex_column av-33zvnh-d7e4e743e019a0cd317874f09af5ba6e av_one_half  avia-builder-el-25  el_after_av_one_half  el_before_av_one_full  flex_column_div  column-top-margin'     ><p>\n<style type=\"text\/css\" data-created_by=\"avia_inline_auto\" id=\"style-css-av-lvaqkoke-f1cd568fc0f3e76e623bf2d1e6e969bf\">\n.avia-image-container.av-lvaqkoke-f1cd568fc0f3e76e623bf2d1e6e969bf img.avia_image{\nbox-shadow:none;\n}\n.avia-image-container.av-lvaqkoke-f1cd568fc0f3e76e623bf2d1e6e969bf .av-image-caption-overlay-center{\ncolor:#ffffff;\n}\n<\/style>\n<div  class='avia-image-container av-lvaqkoke-f1cd568fc0f3e76e623bf2d1e6e969bf av-styling- avia-align-center  avia-builder-el-26  el_before_av_textblock  avia-builder-el-first '   itemprop=\"image\" itemscope=\"itemscope\" itemtype=\"https:\/\/schema.org\/ImageObject\" ><div class=\"avia-image-container-inner\"><div class=\"avia-image-overlay-wrap\"><img decoding=\"async\" fetchpriority=\"high\" class='wp-image-1359 avia-img-lazy-loading-not-1359 avia_image ' src=\"https:\/\/bartech.sk\/wp-content\/uploads\/2024\/04\/zapsi2-352x172-1.png\" alt='' title='zapsi2-352x172'  height=\"172\" width=\"352\"  itemprop=\"thumbnailUrl\"  \/><\/div><\/div><\/div><br \/>\n<section  class='av_textblock_section av-lvaqks77-9eb7914d8346904b9ee0a057f29d00a6 '   itemscope=\"itemscope\" itemtype=\"https:\/\/schema.org\/CreativeWork\" ><div class='avia_textblock'  itemprop=\"text\" ><p id=\"caption-attachment-982\" class=\"wp-caption-text\">Statistical Downtime Graphs<\/p>\n<\/div><\/section><\/p><\/div><div  class='flex_column av-231pt4-419f91a32442a3d5dd6bb38ff1a0d58f av_one_full  avia-builder-el-28  el_after_av_one_half  avia-builder-el-last  first flex_column_div  column-top-margin'     ><section  class='av_textblock_section av-lvaqkyok-2915e5f4c34abe7fa2b0a4e56b6634fd '   itemscope=\"itemscope\" itemtype=\"https:\/\/schema.org\/CreativeWork\" ><div class='avia_textblock'  itemprop=\"text\" ><p><strong>BARTECH SLOVAKIA is the official distributor of the ZAPSI system for the Slovak Republic. For more information, please contact our sales department at <a href=\"mailto:obchod@bartech.sk\" target=\"_blank\" rel=\"noopener\">obchod@bartech.sk.<\/a> <\/strong><\/p>\n<\/div><\/section><\/div>\n\n","protected":false},"excerpt":{"rendered":"","protected":false},"author":2,"featured_media":0,"parent":0,"menu_order":6,"comment_status":"closed","ping_status":"closed","template":"","meta":{"footnotes":""},"class_list":["post-4649","page","type-page","status-publish","hentry"],"yoast_head":"<!-- This site is optimized with the Yoast SEO Premium plugin v23.1 (Yoast SEO v26.3) - https:\/\/yoast.com\/wordpress\/plugins\/seo\/ -->\n<title>ZAPSI - production monitoring - BARTECH SLOVAKIA<\/title>\n<meta name=\"robots\" content=\"index, follow, max-snippet:-1, max-image-preview:large, max-video-preview:-1\" \/>\n<link rel=\"canonical\" href=\"https:\/\/bartech.sk\/en\/zapsi-production-monitoring\/\" \/>\n<meta property=\"og:locale\" content=\"en_US\" \/>\n<meta property=\"og:type\" content=\"article\" \/>\n<meta property=\"og:title\" content=\"ZAPSI - production monitoring\" \/>\n<meta property=\"og:url\" content=\"https:\/\/bartech.sk\/en\/zapsi-production-monitoring\/\" \/>\n<meta property=\"og:site_name\" content=\"BARTECH SLOVAKIA\" \/>\n<meta property=\"article:publisher\" content=\"https:\/\/www.facebook.com\/Bartech.Slovakia\" \/>\n<meta property=\"article:modified_time\" content=\"2024-09-30T16:50:15+00:00\" \/>\n<meta name=\"twitter:card\" content=\"summary_large_image\" \/>\n<meta name=\"twitter:label1\" content=\"Est. reading time\" \/>\n\t<meta name=\"twitter:data1\" content=\"39 minutes\" \/>\n<script type=\"application\/ld+json\" class=\"yoast-schema-graph\">{\"@context\":\"https:\/\/schema.org\",\"@graph\":[{\"@type\":\"WebPage\",\"@id\":\"https:\/\/bartech.sk\/en\/zapsi-production-monitoring\/\",\"url\":\"https:\/\/bartech.sk\/en\/zapsi-production-monitoring\/\",\"name\":\"ZAPSI - production monitoring - BARTECH SLOVAKIA\",\"isPartOf\":{\"@id\":\"https:\/\/bartech.sk\/en\/#website\"},\"datePublished\":\"2024-04-22T09:10:10+00:00\",\"dateModified\":\"2024-09-30T16:50:15+00:00\",\"breadcrumb\":{\"@id\":\"https:\/\/bartech.sk\/en\/zapsi-production-monitoring\/#breadcrumb\"},\"inLanguage\":\"en-US\",\"potentialAction\":[{\"@type\":\"ReadAction\",\"target\":[\"https:\/\/bartech.sk\/en\/zapsi-production-monitoring\/\"]}]},{\"@type\":\"BreadcrumbList\",\"@id\":\"https:\/\/bartech.sk\/en\/zapsi-production-monitoring\/#breadcrumb\",\"itemListElement\":[{\"@type\":\"ListItem\",\"position\":1,\"name\":\"Domovsk\u00e1 str\u00e1nka\",\"item\":\"https:\/\/bartech.sk\/en\/introduction\/\"},{\"@type\":\"ListItem\",\"position\":2,\"name\":\"ZAPSI &#8211; production monitoring\"}]},{\"@type\":\"WebSite\",\"@id\":\"https:\/\/bartech.sk\/en\/#website\",\"url\":\"https:\/\/bartech.sk\/en\/\",\"name\":\"Rie\u0161enia pre v\u00fdrobu a logistiku\",\"description\":\"Automatizovan\u00fd zber d\u00e1t vo v\u00fdrobe a logistike\",\"publisher\":{\"@id\":\"https:\/\/bartech.sk\/en\/#organization\"},\"potentialAction\":[{\"@type\":\"SearchAction\",\"target\":{\"@type\":\"EntryPoint\",\"urlTemplate\":\"https:\/\/bartech.sk\/en\/?s={search_term_string}\"},\"query-input\":{\"@type\":\"PropertyValueSpecification\",\"valueRequired\":true,\"valueName\":\"search_term_string\"}}],\"inLanguage\":\"en-US\"},{\"@type\":\"Organization\",\"@id\":\"https:\/\/bartech.sk\/en\/#organization\",\"name\":\"BARTECH SLOVAKIA\",\"url\":\"https:\/\/bartech.sk\/en\/\",\"logo\":{\"@type\":\"ImageObject\",\"inLanguage\":\"en-US\",\"@id\":\"https:\/\/bartech.sk\/en\/#\/schema\/logo\/image\/\",\"url\":\"https:\/\/bartech.sk\/wp-content\/uploads\/2024\/07\/Bartech_podpis.png\",\"contentUrl\":\"https:\/\/bartech.sk\/wp-content\/uploads\/2024\/07\/Bartech_podpis.png\",\"width\":185,\"height\":47,\"caption\":\"BARTECH SLOVAKIA\"},\"image\":{\"@id\":\"https:\/\/bartech.sk\/en\/#\/schema\/logo\/image\/\"},\"sameAs\":[\"https:\/\/www.facebook.com\/Bartech.Slovakia\",\"https:\/\/www.linkedin.com\/company\/bartech-slovakia\/\",\"https:\/\/www.youtube.com\/user\/BartechSk\"]}]}<\/script>\n<!-- \/ Yoast SEO Premium plugin. -->","yoast_head_json":{"title":"ZAPSI - production monitoring - BARTECH SLOVAKIA","robots":{"index":"index","follow":"follow","max-snippet":"max-snippet:-1","max-image-preview":"max-image-preview:large","max-video-preview":"max-video-preview:-1"},"canonical":"https:\/\/bartech.sk\/en\/zapsi-production-monitoring\/","og_locale":"en_US","og_type":"article","og_title":"ZAPSI - production monitoring","og_url":"https:\/\/bartech.sk\/en\/zapsi-production-monitoring\/","og_site_name":"BARTECH SLOVAKIA","article_publisher":"https:\/\/www.facebook.com\/Bartech.Slovakia","article_modified_time":"2024-09-30T16:50:15+00:00","twitter_card":"summary_large_image","twitter_misc":{"Est. reading time":"39 minutes"},"schema":{"@context":"https:\/\/schema.org","@graph":[{"@type":"WebPage","@id":"https:\/\/bartech.sk\/en\/zapsi-production-monitoring\/","url":"https:\/\/bartech.sk\/en\/zapsi-production-monitoring\/","name":"ZAPSI - production monitoring - BARTECH SLOVAKIA","isPartOf":{"@id":"https:\/\/bartech.sk\/en\/#website"},"datePublished":"2024-04-22T09:10:10+00:00","dateModified":"2024-09-30T16:50:15+00:00","breadcrumb":{"@id":"https:\/\/bartech.sk\/en\/zapsi-production-monitoring\/#breadcrumb"},"inLanguage":"en-US","potentialAction":[{"@type":"ReadAction","target":["https:\/\/bartech.sk\/en\/zapsi-production-monitoring\/"]}]},{"@type":"BreadcrumbList","@id":"https:\/\/bartech.sk\/en\/zapsi-production-monitoring\/#breadcrumb","itemListElement":[{"@type":"ListItem","position":1,"name":"Domovsk\u00e1 str\u00e1nka","item":"https:\/\/bartech.sk\/en\/introduction\/"},{"@type":"ListItem","position":2,"name":"ZAPSI &#8211; production monitoring"}]},{"@type":"WebSite","@id":"https:\/\/bartech.sk\/en\/#website","url":"https:\/\/bartech.sk\/en\/","name":"Rie\u0161enia pre v\u00fdrobu a logistiku","description":"Automatizovan\u00fd zber d\u00e1t vo v\u00fdrobe a logistike","publisher":{"@id":"https:\/\/bartech.sk\/en\/#organization"},"potentialAction":[{"@type":"SearchAction","target":{"@type":"EntryPoint","urlTemplate":"https:\/\/bartech.sk\/en\/?s={search_term_string}"},"query-input":{"@type":"PropertyValueSpecification","valueRequired":true,"valueName":"search_term_string"}}],"inLanguage":"en-US"},{"@type":"Organization","@id":"https:\/\/bartech.sk\/en\/#organization","name":"BARTECH SLOVAKIA","url":"https:\/\/bartech.sk\/en\/","logo":{"@type":"ImageObject","inLanguage":"en-US","@id":"https:\/\/bartech.sk\/en\/#\/schema\/logo\/image\/","url":"https:\/\/bartech.sk\/wp-content\/uploads\/2024\/07\/Bartech_podpis.png","contentUrl":"https:\/\/bartech.sk\/wp-content\/uploads\/2024\/07\/Bartech_podpis.png","width":185,"height":47,"caption":"BARTECH SLOVAKIA"},"image":{"@id":"https:\/\/bartech.sk\/en\/#\/schema\/logo\/image\/"},"sameAs":["https:\/\/www.facebook.com\/Bartech.Slovakia","https:\/\/www.linkedin.com\/company\/bartech-slovakia\/","https:\/\/www.youtube.com\/user\/BartechSk"]}]}},"_links":{"self":[{"href":"https:\/\/bartech.sk\/en\/wp-json\/wp\/v2\/pages\/4649","targetHints":{"allow":["GET"]}}],"collection":[{"href":"https:\/\/bartech.sk\/en\/wp-json\/wp\/v2\/pages"}],"about":[{"href":"https:\/\/bartech.sk\/en\/wp-json\/wp\/v2\/types\/page"}],"author":[{"embeddable":true,"href":"https:\/\/bartech.sk\/en\/wp-json\/wp\/v2\/users\/2"}],"replies":[{"embeddable":true,"href":"https:\/\/bartech.sk\/en\/wp-json\/wp\/v2\/comments?post=4649"}],"version-history":[{"count":2,"href":"https:\/\/bartech.sk\/en\/wp-json\/wp\/v2\/pages\/4649\/revisions"}],"predecessor-version":[{"id":4651,"href":"https:\/\/bartech.sk\/en\/wp-json\/wp\/v2\/pages\/4649\/revisions\/4651"}],"wp:attachment":[{"href":"https:\/\/bartech.sk\/en\/wp-json\/wp\/v2\/media?parent=4649"}],"curies":[{"name":"wp","href":"https:\/\/api.w.org\/{rel}","templated":true}]}}