{"id":4643,"date":"2024-04-22T11:15:01","date_gmt":"2024-04-22T09:15:01","guid":{"rendered":"https:\/\/bartech.sk\/online-production-tracking\/"},"modified":"2024-09-30T18:23:08","modified_gmt":"2024-09-30T16:23:08","slug":"online-production-tracking","status":"publish","type":"page","link":"https:\/\/bartech.sk\/en\/online-production-tracking\/","title":{"rendered":"Online production tracking"},"content":{"rendered":"\n<style type=\"text\/css\" data-created_by=\"avia_inline_auto\" id=\"style-css-av-lv2hh6tx-5c142baebaf92a2c04efa4e571a4ab5d\">\n.avia-section.av-lv2hh6tx-5c142baebaf92a2c04efa4e571a4ab5d{\nbackground-repeat:no-repeat;\nbackground-image:url(https:\/\/bartech.sk\/wp-content\/uploads\/2024\/04\/tech-banner-v2.jpg);\nbackground-position:50% 50%;\nbackground-attachment:scroll;\n}\n<\/style>\n<div id='av_section_1'  class='avia-section av-lv2hh6tx-5c142baebaf92a2c04efa4e571a4ab5d main_color avia-section-default avia-no-border-styling  avia-builder-el-0  el_before_av_section  avia-builder-el-first  main-banner avia-full-stretch avia-bg-style-scroll av-minimum-height av-minimum-height-50 av-height-50  container_wrap fullsize'  data-section-bg-repeat='stretch' data-av_minimum_height_pc='50' data-av_min_height_opt='50'><div class='container av-section-cont-open' ><main  role=\"main\" itemprop=\"mainContentOfPage\"  class='template-page content  av-content-full alpha units'><div class='post-entry post-entry-type-page post-entry-4643'><div class='entry-content-wrapper clearfix'>\n<div  class='flex_column av-50n4xn-912b247e8a5814624ceda6991ea0ca8a av_one_full  avia-builder-el-1  avia-builder-el-no-sibling  first flex_column_div  '     ><p>\n<style type=\"text\/css\" data-created_by=\"avia_inline_auto\" id=\"style-css-av-lv2hgv0i-05a9544da9461996960fb7ac308e508c\">\n#top .av-special-heading.av-lv2hgv0i-05a9544da9461996960fb7ac308e508c{\npadding-bottom:0;\n}\nbody .av-special-heading.av-lv2hgv0i-05a9544da9461996960fb7ac308e508c .av-special-heading-tag .heading-char{\nfont-size:25px;\n}\n.av-special-heading.av-lv2hgv0i-05a9544da9461996960fb7ac308e508c .av-subheading{\nfont-size:15px;\n}\n<\/style>\n<div  class='av-special-heading av-lv2hgv0i-05a9544da9461996960fb7ac308e508c av-special-heading-h1 blockquote modern-quote  avia-builder-el-2  el_before_av_hr  avia-builder-el-first  subpage-title-h1'><h1 class='av-special-heading-tag'  itemprop=\"headline\"  >Online production tracking<\/h1><div class=\"special-heading-border\"><div class=\"special-heading-inner-border\"><\/div><\/div><\/div><br \/>\n\n<style type=\"text\/css\" data-created_by=\"avia_inline_auto\" id=\"style-css-av-4vbggz-e1e09ebfae37b39159830bbfb0717b06\">\n#top .hr.av-4vbggz-e1e09ebfae37b39159830bbfb0717b06{\nmargin-top:0px;\nmargin-bottom:30px;\n}\n.hr.av-4vbggz-e1e09ebfae37b39159830bbfb0717b06 .hr-inner{\nwidth:100px;\nborder-color:#ed7207;\n}\n<\/style>\n<div  class='hr av-4vbggz-e1e09ebfae37b39159830bbfb0717b06 hr-custom  avia-builder-el-3  el_after_av_heading  avia-builder-el-last  hr-subpage-banner hr-left hr-icon-no'><span class='hr-inner inner-border-av-border-fat'><span class=\"hr-inner-style\"><\/span><\/span><\/div><\/p><\/div>\n\n<\/div><\/div><\/main><!-- close content main element --><\/div><\/div><div id='av_section_2'  class='avia-section av-lv2ie9gv-52f2c1b357645123ae96cc51261b65a0 main_color avia-section-default avia-no-border-styling  avia-builder-el-4  el_after_av_section  avia-builder-el-last  ciarove-kody-subpage-section avia-bg-style-scroll container_wrap fullsize'  ><div class='container av-section-cont-open' ><div class='template-page content  av-content-full alpha units'><div class='post-entry post-entry-type-page post-entry-4643'><div class='entry-content-wrapper clearfix'>\n<div  class='flex_column av-959t3h-5704830273735d12ef5e35e2dd9309cd av_one_full  avia-builder-el-5  el_before_av_one_full  avia-builder-el-first  first flex_column_div  '     ><section  class='av_textblock_section av-lv8f8apw-7d87af6a936903db9ffee78bc26ac5aa '   itemscope=\"itemscope\" itemtype=\"https:\/\/schema.org\/CreativeWork\" ><div class='avia_textblock'  itemprop=\"text\" ><p><strong>Do you need to gain an overview of the status of individual orders in real time so that you can respond more flexibly to new production and customer demands?<\/strong><\/p>\n<p><strong>Is your next requirement to record the exact time spent on each production operation, from which the company expects more accurate evaluation of order efficiency and improved production planning?<\/strong><\/p>\n<p><strong>Then we have the best solution for you!<\/strong><\/p>\n<\/div><\/section><\/div><div  class='flex_column av-4h4cq9-2019aff7f3376b4d3a75b7adf9baffe0 av_one_full  avia-builder-el-7  el_after_av_one_full  el_before_av_one_full  first flex_column_div  column-top-margin'     ><p>\n<style type=\"text\/css\" data-created_by=\"avia_inline_auto\" id=\"style-css-av-lvap035i-33b0a9bd9a5450fe77f8e340353f3036\">\n#top .av-special-heading.av-lvap035i-33b0a9bd9a5450fe77f8e340353f3036{\npadding-bottom:10px;\n}\nbody .av-special-heading.av-lvap035i-33b0a9bd9a5450fe77f8e340353f3036 .av-special-heading-tag .heading-char{\nfont-size:25px;\n}\n.av-special-heading.av-lvap035i-33b0a9bd9a5450fe77f8e340353f3036 .av-subheading{\nfont-size:15px;\n}\n<\/style>\n<div  class='av-special-heading av-lvap035i-33b0a9bd9a5450fe77f8e340353f3036 av-special-heading-h2 blockquote modern-quote  avia-builder-el-8  el_before_av_hr  avia-builder-el-first '><h2 class='av-special-heading-tag'  itemprop=\"headline\"  >SOLUTION PROPOSAL<\/h2><div class=\"special-heading-border\"><div class=\"special-heading-inner-border\"><\/div><\/div><\/div><br \/>\n\n<style type=\"text\/css\" data-created_by=\"avia_inline_auto\" id=\"style-css-av-2tu0b5-f47f6aa88522f861911aa06375a02cea\">\n#top .hr.av-2tu0b5-f47f6aa88522f861911aa06375a02cea{\nmargin-top:0px;\nmargin-bottom:10px;\n}\n.hr.av-2tu0b5-f47f6aa88522f861911aa06375a02cea .hr-inner{\nwidth:90px;\nborder-color:#ed7207;\n}\n<\/style>\n<div  class='hr av-2tu0b5-f47f6aa88522f861911aa06375a02cea hr-custom  avia-builder-el-9  el_after_av_heading  el_before_av_textblock  hr-content hr-left hr-icon-no'><span class='hr-inner inner-border-av-border-fat'><span class=\"hr-inner-style\"><\/span><\/span><\/div><br \/>\n<section  class='av_textblock_section av-lvap0eiu-8a27a52e35b3330d4b40e4d8cefc0f09 '   itemscope=\"itemscope\" itemtype=\"https:\/\/schema.org\/CreativeWork\" ><div class='avia_textblock'  itemprop=\"text\" ><p>Data collection from production will be addressed using networked, stationary SEMBOX terminals with connected barcode scanners. All order information\u2014such as order number, worker ID, operation number for the respective order, etc.\u2014will be printed on the production sheet in the form of barcodes. Data entry into the system will occur by scanning the respective barcode, which speeds up the data entry process and minimizes human error. If an operator logs into a workstation without completing the previous operation, they must be alerted to this fact (with the option to offer completion of the previous operation). If the previous operation is not completed, logging into the next production operation must be blocked.<br \/>Overview reports based on the collected data will be generated in an intranet application, ensuring accessibility for multiple employees without the need to install special software. Thanks to this technology, production reports will also be viewable on mobile devices using any internet browser. Access will be divided into multiple levels according to access rights.<\/p>\n<\/div><\/section><\/p><\/div><div  class='flex_column av-6k2tso-194e9f3e1b994cbea6d8fe4a862fb8cd av_one_full  avia-builder-el-11  el_after_av_one_full  el_before_av_one_full  first flex_column_div  column-top-margin'     ><p>\n<style type=\"text\/css\" data-created_by=\"avia_inline_auto\" id=\"style-css-av-lvapdd94-affd5d3c96923910490d3d728a18fdcd\">\n#top .av-special-heading.av-lvapdd94-affd5d3c96923910490d3d728a18fdcd{\npadding-bottom:10px;\n}\nbody .av-special-heading.av-lvapdd94-affd5d3c96923910490d3d728a18fdcd .av-special-heading-tag .heading-char{\nfont-size:25px;\n}\n.av-special-heading.av-lvapdd94-affd5d3c96923910490d3d728a18fdcd .av-subheading{\nfont-size:15px;\n}\n<\/style>\n<div  class='av-special-heading av-lvapdd94-affd5d3c96923910490d3d728a18fdcd av-special-heading-h2 blockquote modern-quote  avia-builder-el-12  el_before_av_hr  avia-builder-el-first '><h2 class='av-special-heading-tag'  itemprop=\"headline\"  >IMPLEMENTATION OF THE SOLUTION<\/h2><div class=\"special-heading-border\"><div class=\"special-heading-inner-border\"><\/div><\/div><\/div><br \/>\n\n<style type=\"text\/css\" data-created_by=\"avia_inline_auto\" id=\"style-css-av-4jzvl4-af03e9410ca142bfdf23e3fb440c4a08\">\n#top .hr.av-4jzvl4-af03e9410ca142bfdf23e3fb440c4a08{\nmargin-top:0px;\nmargin-bottom:10px;\n}\n.hr.av-4jzvl4-af03e9410ca142bfdf23e3fb440c4a08 .hr-inner{\nwidth:90px;\nborder-color:#ed7207;\n}\n<\/style>\n<div  class='hr av-4jzvl4-af03e9410ca142bfdf23e3fb440c4a08 hr-custom  avia-builder-el-13  el_after_av_heading  el_before_av_textblock  hr-content hr-left hr-icon-no'><span class='hr-inner inner-border-av-border-fat'><span class=\"hr-inner-style\"><\/span><\/span><\/div><br \/>\n<section  class='av_textblock_section av-lvapdgto-76e6a1ddbb205322db526d9edd7b43cb '   itemscope=\"itemscope\" itemtype=\"https:\/\/schema.org\/CreativeWork\" ><div class='avia_textblock'  itemprop=\"text\" ><p>This workstation is located directly in the production halls, where operations related to the respective order\u2014such as cutting, grinding, welding, sandblasting, etc.\u2014are carried out. This workstation is equipped with a SEMBOX terminal connected to a barcode scanner. Through the data displayed on the SEMBOX device, the operator is informed about the expected input data\u2014operator login, entry of the order number, operation code, and operation status. In the case of incorrectly entered data, the operator is notified with an error message displayed on the SEMBOX device.<\/p>\n<\/div><\/section><\/p><\/div><div  class='flex_column av-4r6sl5-1673929a6155097fbab4dd0b85b803e0 av_one_full  avia-builder-el-15  el_after_av_one_full  el_before_av_one_full  first flex_column_div  column-top-margin'     ><p>\n<style type=\"text\/css\" data-created_by=\"avia_inline_auto\" id=\"style-css-av-lvaprflv-d226eb390a3c58918acdc0ee0e0f9f10\">\n#top .av-special-heading.av-lvaprflv-d226eb390a3c58918acdc0ee0e0f9f10{\npadding-bottom:10px;\n}\nbody .av-special-heading.av-lvaprflv-d226eb390a3c58918acdc0ee0e0f9f10 .av-special-heading-tag .heading-char{\nfont-size:25px;\n}\n.av-special-heading.av-lvaprflv-d226eb390a3c58918acdc0ee0e0f9f10 .av-subheading{\nfont-size:15px;\n}\n<\/style>\n<div  class='av-special-heading av-lvaprflv-d226eb390a3c58918acdc0ee0e0f9f10 av-special-heading-h2 blockquote modern-quote  avia-builder-el-16  el_before_av_hr  avia-builder-el-first '><h2 class='av-special-heading-tag'  itemprop=\"headline\"  >WORKSTATION MASTER OF PRODUCTION<\/h2><div class=\"special-heading-border\"><div class=\"special-heading-inner-border\"><\/div><\/div><\/div><br \/>\n\n<style type=\"text\/css\" data-created_by=\"avia_inline_auto\" id=\"style-css-av-1zmot5-18ab4c7c5c48cca126d37e48a18bd34a\">\n#top .hr.av-1zmot5-18ab4c7c5c48cca126d37e48a18bd34a{\nmargin-top:0px;\nmargin-bottom:10px;\n}\n.hr.av-1zmot5-18ab4c7c5c48cca126d37e48a18bd34a .hr-inner{\nwidth:90px;\nborder-color:#ed7207;\n}\n<\/style>\n<div  class='hr av-1zmot5-18ab4c7c5c48cca126d37e48a18bd34a hr-custom  avia-builder-el-17  el_after_av_heading  el_before_av_textblock  hr-content hr-left hr-icon-no'><span class='hr-inner inner-border-av-border-fat'><span class=\"hr-inner-style\"><\/span><\/span><\/div><br \/>\n<section  class='av_textblock_section av-lvapri2s-6e3dd30b27c6dbf0276ae55a96a0003c '   itemscope=\"itemscope\" itemtype=\"https:\/\/schema.org\/CreativeWork\" ><div class='avia_textblock'  itemprop=\"text\" ><p>All data entered at the PRODUCTION workstation is recorded in an SQL database. The production master can access an application through a web interface that allows for various views of this data. Depending on the selected filter, it is possible to display, for example, the total time worked on this order, the total time for a specific operation on the order, the working time of a particular worker on the order, etc. The production master has the option to edit the records of operators, customers, and operations. Naturally, there is also the ability to manually correct a record via an access password.<\/p>\n<\/div><\/section><\/p><\/div><div  class='flex_column av-3tuir1-8aeff6701a54a8b1b8b2fcc47ce104bb av_one_full  avia-builder-el-19  el_after_av_one_full  el_before_av_one_full  first flex_column_div  column-top-margin'     ><p>\n<style type=\"text\/css\" data-created_by=\"avia_inline_auto\" id=\"style-css-av-lvaqq6fm-153ca9c14b49c1c69c023e4575a17d88\">\n#top .av-special-heading.av-lvaqq6fm-153ca9c14b49c1c69c023e4575a17d88{\npadding-bottom:10px;\n}\nbody .av-special-heading.av-lvaqq6fm-153ca9c14b49c1c69c023e4575a17d88 .av-special-heading-tag .heading-char{\nfont-size:25px;\n}\n.av-special-heading.av-lvaqq6fm-153ca9c14b49c1c69c023e4575a17d88 .av-subheading{\nfont-size:15px;\n}\n<\/style>\n<div  class='av-special-heading av-lvaqq6fm-153ca9c14b49c1c69c023e4575a17d88 av-special-heading-h2 blockquote modern-quote  avia-builder-el-20  el_before_av_hr  avia-builder-el-first '><h2 class='av-special-heading-tag'  itemprop=\"headline\"  >FINAL SUMMARY<\/h2><div class=\"special-heading-border\"><div class=\"special-heading-inner-border\"><\/div><\/div><\/div><br \/>\n\n<style type=\"text\/css\" data-created_by=\"avia_inline_auto\" id=\"style-css-av-2zarp9-2fc0410ec7c27db312535a2d89f12901\">\n#top .hr.av-2zarp9-2fc0410ec7c27db312535a2d89f12901{\nmargin-top:0px;\nmargin-bottom:10px;\n}\n.hr.av-2zarp9-2fc0410ec7c27db312535a2d89f12901 .hr-inner{\nwidth:90px;\nborder-color:#ed7207;\n}\n<\/style>\n<div  class='hr av-2zarp9-2fc0410ec7c27db312535a2d89f12901 hr-custom  avia-builder-el-21  el_after_av_heading  el_before_av_textblock  hr-content hr-left hr-icon-no'><span class='hr-inner inner-border-av-border-fat'><span class=\"hr-inner-style\"><\/span><\/span><\/div><br \/>\n<section  class='av_textblock_section av-lvaqqbck-59b1ba4d75f11902ee296a126651be99 '   itemscope=\"itemscope\" itemtype=\"https:\/\/schema.org\/CreativeWork\" ><div class='avia_textblock'  itemprop=\"text\" ><p>This solution is immediately available to you. In the case of specific requirements, we will conduct an analysis based on which we will offer you a new solution. The installation also includes training for the operators. By utilizing the QUALTIN software solution (https:\/\/mobilneriesenia.sk\/qualtin-nastroj-nie-len-pre-zber-dat-z-vyroby\/), the programming time for the application will be significantly reduced, allowing for faster deployment into live operations and lowering the costs associated with implementing the solution. Additionally, the simplicity of configuring the SEMBOX devices (no operating system) and their connection to the already established corporate Ethernet network will contribute to a shorter installation time.<\/p>\n<\/div><\/section><\/p><\/div><div  class='flex_column av-231pt4-419f91a32442a3d5dd6bb38ff1a0d58f av_one_full  avia-builder-el-23  el_after_av_one_full  avia-builder-el-last  first flex_column_div  column-top-margin'     ><div id='av-masonry-1' class='av-masonry av-lvb1mx4x-c838e4aef36ef933b70fc83ac98300b6 noHover av-flex-size av-large-gap av-hover-overlay-active av-masonry-animation-active av-masonry-col-flexible av-caption-always av-caption-style- av-masonry-gallery ' data-post_id=\"4643\"><div class=\"av-masonry-container isotope av-js-disabled\"><div class='av-masonry-entry isotope-item av-masonry-item-no-image '><\/div><a href=\"https:\/\/bartech.sk\/wp-content\/uploads\/2024\/04\/evop_ONLINE.png\"  aria-label=\"image evop_ONLINE\"  id='av-masonry-1-item-1375' data-av-masonry-item='1375' class='av-masonry-entry isotope-item post-1375 attachment type-attachment status-inherit hentry  av-masonry-item-with-image' title=\"evop_ONLINE\" alt=\"\"    itemprop=\"thumbnailUrl\" ><div class='av-inner-masonry-sizer'><\/div><figure class='av-inner-masonry main_color'><div class=\"av-masonry-outerimage-container\"><div class='av-masonry-image-container'   ><img decoding=\"async\" width=\"747\" height=\"520\" fetchpriority=\"high\" class=\"wp-image-1375 avia-img-lazy-loading-not-1375\"  src=\"https:\/\/bartech.sk\/wp-content\/uploads\/2024\/04\/evop_ONLINE.png\" title=\"evop_ONLINE\" alt=\"\" \/><\/div><\/div><\/figure><\/a><!--end av-masonry entry--><a href=\"https:\/\/bartech.sk\/wp-content\/uploads\/2024\/04\/RKS.jpg\"  aria-label=\"image RKS\"  id='av-masonry-1-item-1381' data-av-masonry-item='1381' class='av-masonry-entry isotope-item post-1381 attachment type-attachment status-inherit hentry  av-masonry-item-with-image' title=\"RKS\" alt=\"\"    itemprop=\"thumbnailUrl\" ><div class='av-inner-masonry-sizer'><\/div><figure class='av-inner-masonry main_color'><div class=\"av-masonry-outerimage-container\"><div class='av-masonry-image-container'   ><img decoding=\"async\" width=\"206\" height=\"154\" fetchpriority=\"high\" class=\"wp-image-1381 avia-img-lazy-loading-not-1381\"  src=\"https:\/\/bartech.sk\/wp-content\/uploads\/2024\/04\/RKS.jpg\" title=\"RKS\" alt=\"\" \/><\/div><\/div><\/figure><\/a><!--end av-masonry entry--><a href=\"https:\/\/bartech.sk\/wp-content\/uploads\/2024\/04\/evop_Schema.png\"  aria-label=\"image evop_Schema\"  id='av-masonry-1-item-1379' data-av-masonry-item='1379' class='av-masonry-entry isotope-item post-1379 attachment type-attachment status-inherit hentry  av-masonry-item-with-image' title=\"evop_Schema\" alt=\"\"    itemprop=\"thumbnailUrl\" ><div class='av-inner-masonry-sizer'><\/div><figure class='av-inner-masonry main_color'><div class=\"av-masonry-outerimage-container\"><div class='av-masonry-image-container'   ><img decoding=\"async\" width=\"872\" height=\"360\" fetchpriority=\"high\" class=\"wp-image-1379 avia-img-lazy-loading-not-1379\"  src=\"https:\/\/bartech.sk\/wp-content\/uploads\/2024\/04\/evop_Schema.png\" title=\"evop_Schema\" alt=\"\" \/><\/div><\/div><\/figure><\/a><!--end av-masonry entry--><a href=\"https:\/\/bartech.sk\/wp-content\/uploads\/2024\/04\/RKS2.jpg\"  aria-label=\"image RKS2\"  id='av-masonry-1-item-1377' data-av-masonry-item='1377' class='av-masonry-entry isotope-item post-1377 attachment type-attachment status-inherit hentry  av-masonry-item-with-image' title=\"RKS2\" alt=\"\"    itemprop=\"thumbnailUrl\" ><div class='av-inner-masonry-sizer'><\/div><figure class='av-inner-masonry main_color'><div class=\"av-masonry-outerimage-container\"><div class='av-masonry-image-container'   ><img decoding=\"async\" width=\"213\" height=\"160\" fetchpriority=\"high\" class=\"wp-image-1377 avia-img-lazy-loading-not-1377\"  src=\"https:\/\/bartech.sk\/wp-content\/uploads\/2024\/04\/RKS2.jpg\" title=\"RKS2\" alt=\"\" \/><\/div><\/div><\/figure><\/a><!--end av-masonry entry--><\/div><\/div><\/div>\n\n","protected":false},"excerpt":{"rendered":"","protected":false},"author":2,"featured_media":0,"parent":0,"menu_order":6,"comment_status":"closed","ping_status":"closed","template":"","meta":{"footnotes":""},"class_list":["post-4643","page","type-page","status-publish","hentry"],"yoast_head":"<!-- This site is optimized with the Yoast SEO Premium plugin v23.1 (Yoast SEO v26.3) - https:\/\/yoast.com\/wordpress\/plugins\/seo\/ -->\n<title>Online production tracking - BARTECH SLOVAKIA<\/title>\n<meta name=\"robots\" content=\"index, follow, max-snippet:-1, max-image-preview:large, max-video-preview:-1\" \/>\n<link rel=\"canonical\" href=\"https:\/\/bartech.sk\/en\/online-production-tracking\/\" \/>\n<meta property=\"og:locale\" content=\"en_US\" \/>\n<meta property=\"og:type\" content=\"article\" \/>\n<meta property=\"og:title\" content=\"Online production tracking\" \/>\n<meta property=\"og:url\" content=\"https:\/\/bartech.sk\/en\/online-production-tracking\/\" \/>\n<meta property=\"og:site_name\" content=\"BARTECH SLOVAKIA\" \/>\n<meta property=\"article:publisher\" content=\"https:\/\/www.facebook.com\/Bartech.Slovakia\" \/>\n<meta property=\"article:modified_time\" content=\"2024-09-30T16:23:08+00:00\" \/>\n<meta name=\"twitter:card\" content=\"summary_large_image\" \/>\n<meta name=\"twitter:label1\" content=\"Est. reading time\" \/>\n\t<meta name=\"twitter:data1\" content=\"31 minutes\" \/>\n<script type=\"application\/ld+json\" class=\"yoast-schema-graph\">{\"@context\":\"https:\/\/schema.org\",\"@graph\":[{\"@type\":\"WebPage\",\"@id\":\"https:\/\/bartech.sk\/en\/online-production-tracking\/\",\"url\":\"https:\/\/bartech.sk\/en\/online-production-tracking\/\",\"name\":\"Online production tracking - BARTECH SLOVAKIA\",\"isPartOf\":{\"@id\":\"https:\/\/bartech.sk\/en\/#website\"},\"datePublished\":\"2024-04-22T09:15:01+00:00\",\"dateModified\":\"2024-09-30T16:23:08+00:00\",\"breadcrumb\":{\"@id\":\"https:\/\/bartech.sk\/en\/online-production-tracking\/#breadcrumb\"},\"inLanguage\":\"en-US\",\"potentialAction\":[{\"@type\":\"ReadAction\",\"target\":[\"https:\/\/bartech.sk\/en\/online-production-tracking\/\"]}]},{\"@type\":\"BreadcrumbList\",\"@id\":\"https:\/\/bartech.sk\/en\/online-production-tracking\/#breadcrumb\",\"itemListElement\":[{\"@type\":\"ListItem\",\"position\":1,\"name\":\"Domovsk\u00e1 str\u00e1nka\",\"item\":\"https:\/\/bartech.sk\/en\/introduction\/\"},{\"@type\":\"ListItem\",\"position\":2,\"name\":\"Online production tracking\"}]},{\"@type\":\"WebSite\",\"@id\":\"https:\/\/bartech.sk\/en\/#website\",\"url\":\"https:\/\/bartech.sk\/en\/\",\"name\":\"Rie\u0161enia pre v\u00fdrobu a logistiku\",\"description\":\"Automatizovan\u00fd zber d\u00e1t vo v\u00fdrobe a logistike\",\"publisher\":{\"@id\":\"https:\/\/bartech.sk\/en\/#organization\"},\"potentialAction\":[{\"@type\":\"SearchAction\",\"target\":{\"@type\":\"EntryPoint\",\"urlTemplate\":\"https:\/\/bartech.sk\/en\/?s={search_term_string}\"},\"query-input\":{\"@type\":\"PropertyValueSpecification\",\"valueRequired\":true,\"valueName\":\"search_term_string\"}}],\"inLanguage\":\"en-US\"},{\"@type\":\"Organization\",\"@id\":\"https:\/\/bartech.sk\/en\/#organization\",\"name\":\"BARTECH SLOVAKIA\",\"url\":\"https:\/\/bartech.sk\/en\/\",\"logo\":{\"@type\":\"ImageObject\",\"inLanguage\":\"en-US\",\"@id\":\"https:\/\/bartech.sk\/en\/#\/schema\/logo\/image\/\",\"url\":\"https:\/\/bartech.sk\/wp-content\/uploads\/2024\/07\/Bartech_podpis.png\",\"contentUrl\":\"https:\/\/bartech.sk\/wp-content\/uploads\/2024\/07\/Bartech_podpis.png\",\"width\":185,\"height\":47,\"caption\":\"BARTECH SLOVAKIA\"},\"image\":{\"@id\":\"https:\/\/bartech.sk\/en\/#\/schema\/logo\/image\/\"},\"sameAs\":[\"https:\/\/www.facebook.com\/Bartech.Slovakia\",\"https:\/\/www.linkedin.com\/company\/bartech-slovakia\/\",\"https:\/\/www.youtube.com\/user\/BartechSk\"]}]}<\/script>\n<!-- \/ Yoast SEO Premium plugin. -->","yoast_head_json":{"title":"Online production tracking - BARTECH SLOVAKIA","robots":{"index":"index","follow":"follow","max-snippet":"max-snippet:-1","max-image-preview":"max-image-preview:large","max-video-preview":"max-video-preview:-1"},"canonical":"https:\/\/bartech.sk\/en\/online-production-tracking\/","og_locale":"en_US","og_type":"article","og_title":"Online production tracking","og_url":"https:\/\/bartech.sk\/en\/online-production-tracking\/","og_site_name":"BARTECH SLOVAKIA","article_publisher":"https:\/\/www.facebook.com\/Bartech.Slovakia","article_modified_time":"2024-09-30T16:23:08+00:00","twitter_card":"summary_large_image","twitter_misc":{"Est. reading time":"31 minutes"},"schema":{"@context":"https:\/\/schema.org","@graph":[{"@type":"WebPage","@id":"https:\/\/bartech.sk\/en\/online-production-tracking\/","url":"https:\/\/bartech.sk\/en\/online-production-tracking\/","name":"Online production tracking - BARTECH SLOVAKIA","isPartOf":{"@id":"https:\/\/bartech.sk\/en\/#website"},"datePublished":"2024-04-22T09:15:01+00:00","dateModified":"2024-09-30T16:23:08+00:00","breadcrumb":{"@id":"https:\/\/bartech.sk\/en\/online-production-tracking\/#breadcrumb"},"inLanguage":"en-US","potentialAction":[{"@type":"ReadAction","target":["https:\/\/bartech.sk\/en\/online-production-tracking\/"]}]},{"@type":"BreadcrumbList","@id":"https:\/\/bartech.sk\/en\/online-production-tracking\/#breadcrumb","itemListElement":[{"@type":"ListItem","position":1,"name":"Domovsk\u00e1 str\u00e1nka","item":"https:\/\/bartech.sk\/en\/introduction\/"},{"@type":"ListItem","position":2,"name":"Online production tracking"}]},{"@type":"WebSite","@id":"https:\/\/bartech.sk\/en\/#website","url":"https:\/\/bartech.sk\/en\/","name":"Rie\u0161enia pre v\u00fdrobu a logistiku","description":"Automatizovan\u00fd zber d\u00e1t vo v\u00fdrobe a logistike","publisher":{"@id":"https:\/\/bartech.sk\/en\/#organization"},"potentialAction":[{"@type":"SearchAction","target":{"@type":"EntryPoint","urlTemplate":"https:\/\/bartech.sk\/en\/?s={search_term_string}"},"query-input":{"@type":"PropertyValueSpecification","valueRequired":true,"valueName":"search_term_string"}}],"inLanguage":"en-US"},{"@type":"Organization","@id":"https:\/\/bartech.sk\/en\/#organization","name":"BARTECH SLOVAKIA","url":"https:\/\/bartech.sk\/en\/","logo":{"@type":"ImageObject","inLanguage":"en-US","@id":"https:\/\/bartech.sk\/en\/#\/schema\/logo\/image\/","url":"https:\/\/bartech.sk\/wp-content\/uploads\/2024\/07\/Bartech_podpis.png","contentUrl":"https:\/\/bartech.sk\/wp-content\/uploads\/2024\/07\/Bartech_podpis.png","width":185,"height":47,"caption":"BARTECH SLOVAKIA"},"image":{"@id":"https:\/\/bartech.sk\/en\/#\/schema\/logo\/image\/"},"sameAs":["https:\/\/www.facebook.com\/Bartech.Slovakia","https:\/\/www.linkedin.com\/company\/bartech-slovakia\/","https:\/\/www.youtube.com\/user\/BartechSk"]}]}},"_links":{"self":[{"href":"https:\/\/bartech.sk\/en\/wp-json\/wp\/v2\/pages\/4643","targetHints":{"allow":["GET"]}}],"collection":[{"href":"https:\/\/bartech.sk\/en\/wp-json\/wp\/v2\/pages"}],"about":[{"href":"https:\/\/bartech.sk\/en\/wp-json\/wp\/v2\/types\/page"}],"author":[{"embeddable":true,"href":"https:\/\/bartech.sk\/en\/wp-json\/wp\/v2\/users\/2"}],"replies":[{"embeddable":true,"href":"https:\/\/bartech.sk\/en\/wp-json\/wp\/v2\/comments?post=4643"}],"version-history":[{"count":2,"href":"https:\/\/bartech.sk\/en\/wp-json\/wp\/v2\/pages\/4643\/revisions"}],"predecessor-version":[{"id":4645,"href":"https:\/\/bartech.sk\/en\/wp-json\/wp\/v2\/pages\/4643\/revisions\/4645"}],"wp:attachment":[{"href":"https:\/\/bartech.sk\/en\/wp-json\/wp\/v2\/media?parent=4643"}],"curies":[{"name":"wp","href":"https:\/\/api.w.org\/{rel}","templated":true}]}}