{"id":4631,"date":"2024-04-18T16:35:46","date_gmt":"2024-04-18T14:35:46","guid":{"rendered":"https:\/\/bartech.sk\/partner-proces-s-r-o\/"},"modified":"2024-09-30T17:29:49","modified_gmt":"2024-09-30T15:29:49","slug":"partner-proces-s-r-o","status":"publish","type":"page","link":"https:\/\/bartech.sk\/en\/partner-proces-s-r-o\/","title":{"rendered":"Partner ProCeS s.r.o."},"content":{"rendered":"\n<style type=\"text\/css\" data-created_by=\"avia_inline_auto\" id=\"style-css-av-lv2h9jqc-ec501d9d49cc86602f3a4e1502ce9626\">\n.avia-section.av-lv2h9jqc-ec501d9d49cc86602f3a4e1502ce9626{\nbackground-repeat:no-repeat;\nbackground-image:url(https:\/\/bartech.sk\/wp-content\/uploads\/2024\/04\/spolupraca-banner-v2.jpg);\nbackground-position:50% 50%;\nbackground-attachment:scroll;\n}\n<\/style>\n<div id='av_section_1'  class='avia-section av-lv2h9jqc-ec501d9d49cc86602f3a4e1502ce9626 main_color avia-section-default avia-no-border-styling  avia-builder-el-0  el_before_av_section  avia-builder-el-first  main-banner avia-full-stretch avia-bg-style-scroll av-minimum-height av-minimum-height-50 av-height-50  container_wrap fullsize'  data-section-bg-repeat='stretch' data-av_minimum_height_pc='50' data-av_min_height_opt='50'><div class='container av-section-cont-open' ><main  role=\"main\" itemprop=\"mainContentOfPage\"  class='template-page content  av-content-full alpha units'><div class='post-entry post-entry-type-page post-entry-4631'><div class='entry-content-wrapper clearfix'>\n<div  class='flex_column av-8j2a2-f88bc7585b57745ac2ff053a76ed6dfa av_one_full  avia-builder-el-1  avia-builder-el-no-sibling  first flex_column_div  '     ><p>\n<style type=\"text\/css\" data-created_by=\"avia_inline_auto\" id=\"style-css-av-lv2h6gek-4b5a5146b440b05b3ed9b4c5e04fa2b7\">\n#top .av-special-heading.av-lv2h6gek-4b5a5146b440b05b3ed9b4c5e04fa2b7{\npadding-bottom:0;\n}\nbody .av-special-heading.av-lv2h6gek-4b5a5146b440b05b3ed9b4c5e04fa2b7 .av-special-heading-tag .heading-char{\nfont-size:25px;\n}\n.av-special-heading.av-lv2h6gek-4b5a5146b440b05b3ed9b4c5e04fa2b7 .av-subheading{\nfont-size:15px;\n}\n<\/style>\n<div  class='av-special-heading av-lv2h6gek-4b5a5146b440b05b3ed9b4c5e04fa2b7 av-special-heading-h1 blockquote modern-quote  avia-builder-el-2  el_before_av_hr  avia-builder-el-first  subpage-title-h1'><h1 class='av-special-heading-tag'  itemprop=\"headline\"  >Partner ProCeS s.r.o.<\/h1><div class=\"special-heading-border\"><div class=\"special-heading-inner-border\"><\/div><\/div><\/div><br \/>\n\n<style type=\"text\/css\" data-created_by=\"avia_inline_auto\" id=\"style-css-av-28mhgq-f63af240cb9cb2688fd8886560945892\">\n#top .hr.av-28mhgq-f63af240cb9cb2688fd8886560945892{\nmargin-top:0px;\nmargin-bottom:30px;\n}\n.hr.av-28mhgq-f63af240cb9cb2688fd8886560945892 .hr-inner{\nwidth:100px;\nborder-color:#ed7207;\n}\n<\/style>\n<div  class='hr av-28mhgq-f63af240cb9cb2688fd8886560945892 hr-custom  avia-builder-el-3  el_after_av_heading  avia-builder-el-last  hr-subpage-banner hr-left hr-icon-no'><span class='hr-inner inner-border-av-border-fat'><span class=\"hr-inner-style\"><\/span><\/span><\/div><\/p><\/div>\n\n<\/div><\/div><\/main><!-- close content main element --><\/div><\/div><div id='viac'  class='avia-section av-1z6z8q-c3609ca0929d0e3723cfcd29d2f4f8e0 main_color avia-section-large avia-no-border-styling  avia-builder-el-4  el_after_av_section  el_before_av_section  avia-bg-style-scroll container_wrap fullsize'  ><div class='container av-section-cont-open' ><div class='template-page content  av-content-full alpha units'><div class='post-entry post-entry-type-page post-entry-4631'><div class='entry-content-wrapper clearfix'>\n<div class='flex_column_table av-lv3wb27g-81bdc777b6ecfe1dcdb00ee6a1d4b403 sc-av_one_fifth av-equal-height-column-flextable'><div  class='flex_column av-lv3wb27g-81bdc777b6ecfe1dcdb00ee6a1d4b403 av_one_fifth  avia-builder-el-5  el_before_av_four_fifth  avia-builder-el-first  first flex_column_table_cell av-equal-height-column av-align-middle  '     ><style type=\"text\/css\" data-created_by=\"avia_inline_auto\" id=\"style-css-av-lv3wa25x-7f386db15db3e8b2fc489179e0fe4b6c\">\n.avia-image-container.av-lv3wa25x-7f386db15db3e8b2fc489179e0fe4b6c img.avia_image{\nbox-shadow:none;\n}\n.avia-image-container.av-lv3wa25x-7f386db15db3e8b2fc489179e0fe4b6c .av-image-caption-overlay-center{\ncolor:#ffffff;\n}\n<\/style>\n<div  class='avia-image-container av-lv3wa25x-7f386db15db3e8b2fc489179e0fe4b6c av-styling- avia-align-center  avia-builder-el-6  avia-builder-el-no-sibling '   itemprop=\"image\" itemscope=\"itemscope\" itemtype=\"https:\/\/schema.org\/ImageObject\" ><div class=\"avia-image-container-inner\"><div class=\"avia-image-overlay-wrap\"><img decoding=\"async\" fetchpriority=\"high\" class='wp-image-574 avia-img-lazy-loading-not-574 avia_image ' src=\"https:\/\/bartech.sk\/wp-content\/uploads\/2024\/04\/spolupraca-proces-1-300x109.jpg\" alt='' title='spolupraca-proces-1'  height=\"109\" width=\"300\"  itemprop=\"thumbnailUrl\"  \/><\/div><\/div><\/div><\/div><div class='av-flex-placeholder'><\/div><div  class='flex_column av-1suqf6-31dd1204224892d2a57399ef5e8a1ef0 av_four_fifth  avia-builder-el-7  el_after_av_one_fifth  el_before_av_one_full  flex_column_table_cell av-equal-height-column av-align-middle  '     ><p>\n<style type=\"text\/css\" data-created_by=\"avia_inline_auto\" id=\"style-css-av-lv2hae9x-a482c9e00cb36d26da5236b38af4147d\">\n#top .av-special-heading.av-lv2hae9x-a482c9e00cb36d26da5236b38af4147d{\nmargin:30px 0 0 0;\npadding-bottom:10px;\n}\nbody .av-special-heading.av-lv2hae9x-a482c9e00cb36d26da5236b38af4147d .av-special-heading-tag .heading-char{\nfont-size:25px;\n}\n.av-special-heading.av-lv2hae9x-a482c9e00cb36d26da5236b38af4147d .av-subheading{\nfont-size:15px;\n}\n<\/style>\n<div  class='av-special-heading av-lv2hae9x-a482c9e00cb36d26da5236b38af4147d av-special-heading-h2 blockquote modern-quote  avia-builder-el-8  el_before_av_textblock  avia-builder-el-first '><h2 class='av-special-heading-tag'  itemprop=\"headline\"  >ProCeS s.r.o.<\/h2><div class=\"special-heading-border\"><div class=\"special-heading-inner-border\"><\/div><\/div><\/div><br \/>\n<section  class='av_textblock_section av-lv2hbjdr-28f0478485d6b283b6e4437ea544ab2f '   itemscope=\"itemscope\" itemtype=\"https:\/\/schema.org\/CreativeWork\" ><div class='avia_textblock'  itemprop=\"text\" ><p>Since 1992, ProCeS s.r.o. has been developing and implementing the WISP information system. It is designed for all users who need a stable economic, commercial, and logistics system, with a focus on system customization according to user requirements and customer support.<\/p>\n<\/div><\/section><\/p><\/div><\/div><!--close column table wrapper. Autoclose: 1 --><div  class='flex_column av-83q3i-839f361fa3abfea817d4ea67108deb89 av_one_full  avia-builder-el-10  el_after_av_four_fifth  avia-builder-el-last  first flex_column_div  '     ><section  class='av_textblock_section av-lv5azp20-2929556879389d6e02aeb034a5c287a7 '   itemscope=\"itemscope\" itemtype=\"https:\/\/schema.org\/CreativeWork\" ><div class='avia_textblock'  itemprop=\"text\" ><p>In addition to legislative requirements in accounting, the system also responds flexibly to demands in other areas, such as retail, wholesale, and collaboration with internet applications. The price-to-performance ratio for implementing special requirements is also noteworthy.<\/p>\n<\/div><\/section><\/div>\n\n<\/div><\/div><\/div><!-- close content main div --><\/div><\/div><div id='av_section_3'  class='avia-section av-lv3tp1t9-68e9376824f2236929b5aaecbb55ab93 main_color avia-section-large avia-no-border-styling  avia-builder-el-12  el_after_av_section  el_before_av_layout_row  contact-form-section avia-bg-style-scroll container_wrap fullsize'  ><div class='container av-section-cont-open' ><div class='template-page content  av-content-full alpha units'><div class='post-entry post-entry-type-page post-entry-4631'><div class='entry-content-wrapper clearfix'>\n<div  class='flex_column av-ih6gs-56fcf325d7b91d4b09d07be88d6c6c0d av_one_full  avia-builder-el-13  el_before_av_two_third  avia-builder-el-first  first flex_column_div  '     ><p>\n<style type=\"text\/css\" data-created_by=\"avia_inline_auto\" id=\"style-css-av-lv3tpaxm-5eda7af6c462c941fd6ff32776299c08\">\n#top .av-special-heading.av-lv3tpaxm-5eda7af6c462c941fd6ff32776299c08{\nmargin:30px 0 0 0;\npadding-bottom:10px;\n}\nbody .av-special-heading.av-lv3tpaxm-5eda7af6c462c941fd6ff32776299c08 .av-special-heading-tag .heading-char{\nfont-size:25px;\n}\n.av-special-heading.av-lv3tpaxm-5eda7af6c462c941fd6ff32776299c08 .av-subheading{\nfont-size:15px;\n}\n<\/style>\n<div  class='av-special-heading av-lv3tpaxm-5eda7af6c462c941fd6ff32776299c08 av-special-heading-h2 blockquote modern-quote  avia-builder-el-14  el_before_av_textblock  avia-builder-el-first '><h2 class='av-special-heading-tag'  itemprop=\"headline\"  >Are you interested in solutions from ProCeS s.r.o.?<\/h2><div class=\"special-heading-border\"><div class=\"special-heading-inner-border\"><\/div><\/div><\/div><br \/>\n<section  class='av_textblock_section av-lv3tpg6f-6ffea4e5e72b7219a7edd76d076d0f58 '   itemscope=\"itemscope\" itemtype=\"https:\/\/schema.org\/CreativeWork\" ><div class='avia_textblock'  itemprop=\"text\" ><p>Contact ProCeS s.r.o. through the form.<\/p>\n<\/div><\/section><\/p><\/div><div class='flex_column_table av-lv3tq2lr-b8bc4a10bd29bafccecad02865dd2f55 sc-av_two_third av-equal-height-column-flextable'>\n<style type=\"text\/css\" data-created_by=\"avia_inline_auto\" id=\"style-css-av-lv3tq2lr-b8bc4a10bd29bafccecad02865dd2f55\">\n.flex_column.av-lv3tq2lr-b8bc4a10bd29bafccecad02865dd2f55{\nwidth:66.3333333333%;\nmargin-left:0;\nbackground-color:#f7f7f7;\n}\n#top .flex_column_table.av-equal-height-column-flextable.av-lv3tq2lr-b8bc4a10bd29bafccecad02865dd2f55 .av-flex-placeholder{\nwidth:1%;\n}\n<\/style>\n<div  class='flex_column av-lv3tq2lr-b8bc4a10bd29bafccecad02865dd2f55 av_two_third  avia-builder-el-16  el_after_av_one_full  el_before_av_one_third  cf-box first flex_column_table_cell av-equal-height-column av-align-top  column-top-margin'     ><p>\n<style type=\"text\/css\" data-created_by=\"avia_inline_auto\" id=\"style-css-av-lv3u4v19-2b56383867c12248cf6553fadf95af7b\">\n#top .av-special-heading.av-lv3u4v19-2b56383867c12248cf6553fadf95af7b{\nmargin:30px 0 0 0;\npadding-bottom:10px;\n}\nbody .av-special-heading.av-lv3u4v19-2b56383867c12248cf6553fadf95af7b .av-special-heading-tag .heading-char{\nfont-size:25px;\n}\n.av-special-heading.av-lv3u4v19-2b56383867c12248cf6553fadf95af7b .av-subheading{\nfont-size:15px;\n}\n<\/style>\n<div  class='av-special-heading av-lv3u4v19-2b56383867c12248cf6553fadf95af7b av-special-heading-h4 blockquote modern-quote  avia-builder-el-17  el_before_av_textblock  avia-builder-el-first '><h4 class='av-special-heading-tag'  itemprop=\"headline\"  >Contact <\/h4><div class=\"special-heading-border\"><div class=\"special-heading-inner-border\"><\/div><\/div><\/div><br \/>\n<section  class='av_textblock_section av-lv3u527p-6faccf00735f8311784d6d383bc69f49 '   itemscope=\"itemscope\" itemtype=\"https:\/\/schema.org\/CreativeWork\" ><div class='avia_textblock'  itemprop=\"text\" ><p>Fill out this form.<\/p>\n<\/div><\/section><br \/>\n<\/p><\/div><div class='av-flex-placeholder'><\/div>\n<style type=\"text\/css\" data-created_by=\"avia_inline_auto\" id=\"style-css-av-966cu-a250623cc537dcd1484e27d6f5f026f6\">\n.flex_column.av-966cu-a250623cc537dcd1484e27d6f5f026f6{\nwidth:32.6666666667%;\nmargin-left:0;\n}\n#top .flex_column_table.av-equal-height-column-flextable.av-966cu-a250623cc537dcd1484e27d6f5f026f6 .av-flex-placeholder{\nwidth:1%;\n}\n<\/style>\n<div  class='flex_column av-966cu-a250623cc537dcd1484e27d6f5f026f6 av_one_third  avia-builder-el-20  el_after_av_two_third  avia-builder-el-last  flex_column_table_cell av-equal-height-column av-align-top  column-top-margin'     ><\/div><\/div><!--close column table wrapper. Autoclose: 1 --><\/div><\/div><\/div><!-- close content main div --><\/div><\/div><div id='av-layout-grid-1'  class='av-layout-grid-container av-g89no-beabcf65bf8e0418a20fd8bf33f18b1f entry-content-wrapper main_color av-flex-cells  avia-builder-el-21  el_after_av_section  avia-builder-el-last  grid-row-not-first  container_wrap fullsize'  >\n\n<style type=\"text\/css\" data-created_by=\"avia_inline_auto\" id=\"style-css-av-70jj0-b1a362d944730e9966cb31f36b013663\">\n.flex_cell.av-70jj0-b1a362d944730e9966cb31f36b013663{\nvertical-align:top;\n}\n.responsive #top #wrap_all .flex_cell.av-70jj0-b1a362d944730e9966cb31f36b013663{\npadding:100px 0 0 0 !important;\n}\n\n@media only screen and (min-width: 480px) and (max-width: 767px){ \n.responsive #top #wrap_all .flex_cell.av-70jj0-b1a362d944730e9966cb31f36b013663{\npadding:0 0 0 0 !important;\n}\n}\n\n@media only screen and (max-width: 479px){ \n.responsive #top #wrap_all .flex_cell.av-70jj0-b1a362d944730e9966cb31f36b013663{\npadding:0 0 0 0 !important;\n}\n}\n<\/style>\n<div class='flex_cell av-70jj0-b1a362d944730e9966cb31f36b013663 av-gridrow-cell av_one_full no_margin  avia-builder-el-22  avia-builder-el-no-sibling '  ><div class='flex_cell_inner'>\n<\/div><\/div>\n<\/div><\/p>\n","protected":false},"excerpt":{"rendered":"","protected":false},"author":2,"featured_media":0,"parent":0,"menu_order":5,"comment_status":"closed","ping_status":"closed","template":"","meta":{"footnotes":""},"class_list":["post-4631","page","type-page","status-publish","hentry"],"yoast_head":"<!-- This site is optimized with the Yoast SEO Premium plugin v23.1 (Yoast SEO v26.3) - https:\/\/yoast.com\/wordpress\/plugins\/seo\/ -->\n<title>Partner ProCeS s.r.o. - BARTECH SLOVAKIA<\/title>\n<meta name=\"robots\" content=\"index, follow, max-snippet:-1, max-image-preview:large, max-video-preview:-1\" \/>\n<link rel=\"canonical\" href=\"https:\/\/bartech.sk\/en\/partner-proces-s-r-o\/\" \/>\n<meta property=\"og:locale\" content=\"en_US\" \/>\n<meta property=\"og:type\" content=\"article\" \/>\n<meta property=\"og:title\" content=\"Partner ProCeS s.r.o.\" \/>\n<meta property=\"og:url\" content=\"https:\/\/bartech.sk\/en\/partner-proces-s-r-o\/\" \/>\n<meta property=\"og:site_name\" content=\"BARTECH SLOVAKIA\" \/>\n<meta property=\"article:publisher\" content=\"https:\/\/www.facebook.com\/Bartech.Slovakia\" \/>\n<meta property=\"article:modified_time\" content=\"2024-09-30T15:29:49+00:00\" \/>\n<meta name=\"twitter:card\" content=\"summary_large_image\" \/>\n<meta name=\"twitter:label1\" content=\"Est. reading time\" \/>\n\t<meta name=\"twitter:data1\" content=\"31 minutes\" \/>\n<script type=\"application\/ld+json\" class=\"yoast-schema-graph\">{\"@context\":\"https:\/\/schema.org\",\"@graph\":[{\"@type\":\"WebPage\",\"@id\":\"https:\/\/bartech.sk\/en\/partner-proces-s-r-o\/\",\"url\":\"https:\/\/bartech.sk\/en\/partner-proces-s-r-o\/\",\"name\":\"Partner ProCeS s.r.o. - BARTECH SLOVAKIA\",\"isPartOf\":{\"@id\":\"https:\/\/bartech.sk\/en\/#website\"},\"datePublished\":\"2024-04-18T14:35:46+00:00\",\"dateModified\":\"2024-09-30T15:29:49+00:00\",\"breadcrumb\":{\"@id\":\"https:\/\/bartech.sk\/en\/partner-proces-s-r-o\/#breadcrumb\"},\"inLanguage\":\"en-US\",\"potentialAction\":[{\"@type\":\"ReadAction\",\"target\":[\"https:\/\/bartech.sk\/en\/partner-proces-s-r-o\/\"]}]},{\"@type\":\"BreadcrumbList\",\"@id\":\"https:\/\/bartech.sk\/en\/partner-proces-s-r-o\/#breadcrumb\",\"itemListElement\":[{\"@type\":\"ListItem\",\"position\":1,\"name\":\"Domovsk\u00e1 str\u00e1nka\",\"item\":\"https:\/\/bartech.sk\/en\/introduction\/\"},{\"@type\":\"ListItem\",\"position\":2,\"name\":\"Partner ProCeS s.r.o.\"}]},{\"@type\":\"WebSite\",\"@id\":\"https:\/\/bartech.sk\/en\/#website\",\"url\":\"https:\/\/bartech.sk\/en\/\",\"name\":\"Rie\u0161enia pre v\u00fdrobu a logistiku\",\"description\":\"Automatizovan\u00fd zber d\u00e1t vo v\u00fdrobe a logistike\",\"publisher\":{\"@id\":\"https:\/\/bartech.sk\/en\/#organization\"},\"potentialAction\":[{\"@type\":\"SearchAction\",\"target\":{\"@type\":\"EntryPoint\",\"urlTemplate\":\"https:\/\/bartech.sk\/en\/?s={search_term_string}\"},\"query-input\":{\"@type\":\"PropertyValueSpecification\",\"valueRequired\":true,\"valueName\":\"search_term_string\"}}],\"inLanguage\":\"en-US\"},{\"@type\":\"Organization\",\"@id\":\"https:\/\/bartech.sk\/en\/#organization\",\"name\":\"BARTECH SLOVAKIA\",\"url\":\"https:\/\/bartech.sk\/en\/\",\"logo\":{\"@type\":\"ImageObject\",\"inLanguage\":\"en-US\",\"@id\":\"https:\/\/bartech.sk\/en\/#\/schema\/logo\/image\/\",\"url\":\"https:\/\/bartech.sk\/wp-content\/uploads\/2024\/07\/Bartech_podpis.png\",\"contentUrl\":\"https:\/\/bartech.sk\/wp-content\/uploads\/2024\/07\/Bartech_podpis.png\",\"width\":185,\"height\":47,\"caption\":\"BARTECH SLOVAKIA\"},\"image\":{\"@id\":\"https:\/\/bartech.sk\/en\/#\/schema\/logo\/image\/\"},\"sameAs\":[\"https:\/\/www.facebook.com\/Bartech.Slovakia\",\"https:\/\/www.linkedin.com\/company\/bartech-slovakia\/\",\"https:\/\/www.youtube.com\/user\/BartechSk\"]}]}<\/script>\n<!-- \/ Yoast SEO Premium plugin. -->","yoast_head_json":{"title":"Partner ProCeS s.r.o. - BARTECH SLOVAKIA","robots":{"index":"index","follow":"follow","max-snippet":"max-snippet:-1","max-image-preview":"max-image-preview:large","max-video-preview":"max-video-preview:-1"},"canonical":"https:\/\/bartech.sk\/en\/partner-proces-s-r-o\/","og_locale":"en_US","og_type":"article","og_title":"Partner ProCeS s.r.o.","og_url":"https:\/\/bartech.sk\/en\/partner-proces-s-r-o\/","og_site_name":"BARTECH SLOVAKIA","article_publisher":"https:\/\/www.facebook.com\/Bartech.Slovakia","article_modified_time":"2024-09-30T15:29:49+00:00","twitter_card":"summary_large_image","twitter_misc":{"Est. reading time":"31 minutes"},"schema":{"@context":"https:\/\/schema.org","@graph":[{"@type":"WebPage","@id":"https:\/\/bartech.sk\/en\/partner-proces-s-r-o\/","url":"https:\/\/bartech.sk\/en\/partner-proces-s-r-o\/","name":"Partner ProCeS s.r.o. - BARTECH SLOVAKIA","isPartOf":{"@id":"https:\/\/bartech.sk\/en\/#website"},"datePublished":"2024-04-18T14:35:46+00:00","dateModified":"2024-09-30T15:29:49+00:00","breadcrumb":{"@id":"https:\/\/bartech.sk\/en\/partner-proces-s-r-o\/#breadcrumb"},"inLanguage":"en-US","potentialAction":[{"@type":"ReadAction","target":["https:\/\/bartech.sk\/en\/partner-proces-s-r-o\/"]}]},{"@type":"BreadcrumbList","@id":"https:\/\/bartech.sk\/en\/partner-proces-s-r-o\/#breadcrumb","itemListElement":[{"@type":"ListItem","position":1,"name":"Domovsk\u00e1 str\u00e1nka","item":"https:\/\/bartech.sk\/en\/introduction\/"},{"@type":"ListItem","position":2,"name":"Partner ProCeS s.r.o."}]},{"@type":"WebSite","@id":"https:\/\/bartech.sk\/en\/#website","url":"https:\/\/bartech.sk\/en\/","name":"Rie\u0161enia pre v\u00fdrobu a logistiku","description":"Automatizovan\u00fd zber d\u00e1t vo v\u00fdrobe a logistike","publisher":{"@id":"https:\/\/bartech.sk\/en\/#organization"},"potentialAction":[{"@type":"SearchAction","target":{"@type":"EntryPoint","urlTemplate":"https:\/\/bartech.sk\/en\/?s={search_term_string}"},"query-input":{"@type":"PropertyValueSpecification","valueRequired":true,"valueName":"search_term_string"}}],"inLanguage":"en-US"},{"@type":"Organization","@id":"https:\/\/bartech.sk\/en\/#organization","name":"BARTECH SLOVAKIA","url":"https:\/\/bartech.sk\/en\/","logo":{"@type":"ImageObject","inLanguage":"en-US","@id":"https:\/\/bartech.sk\/en\/#\/schema\/logo\/image\/","url":"https:\/\/bartech.sk\/wp-content\/uploads\/2024\/07\/Bartech_podpis.png","contentUrl":"https:\/\/bartech.sk\/wp-content\/uploads\/2024\/07\/Bartech_podpis.png","width":185,"height":47,"caption":"BARTECH SLOVAKIA"},"image":{"@id":"https:\/\/bartech.sk\/en\/#\/schema\/logo\/image\/"},"sameAs":["https:\/\/www.facebook.com\/Bartech.Slovakia","https:\/\/www.linkedin.com\/company\/bartech-slovakia\/","https:\/\/www.youtube.com\/user\/BartechSk"]}]}},"_links":{"self":[{"href":"https:\/\/bartech.sk\/en\/wp-json\/wp\/v2\/pages\/4631","targetHints":{"allow":["GET"]}}],"collection":[{"href":"https:\/\/bartech.sk\/en\/wp-json\/wp\/v2\/pages"}],"about":[{"href":"https:\/\/bartech.sk\/en\/wp-json\/wp\/v2\/types\/page"}],"author":[{"embeddable":true,"href":"https:\/\/bartech.sk\/en\/wp-json\/wp\/v2\/users\/2"}],"replies":[{"embeddable":true,"href":"https:\/\/bartech.sk\/en\/wp-json\/wp\/v2\/comments?post=4631"}],"version-history":[{"count":1,"href":"https:\/\/bartech.sk\/en\/wp-json\/wp\/v2\/pages\/4631\/revisions"}],"predecessor-version":[{"id":4632,"href":"https:\/\/bartech.sk\/en\/wp-json\/wp\/v2\/pages\/4631\/revisions\/4632"}],"wp:attachment":[{"href":"https:\/\/bartech.sk\/en\/wp-json\/wp\/v2\/media?parent=4631"}],"curies":[{"name":"wp","href":"https:\/\/api.w.org\/{rel}","templated":true}]}}