{"id":4618,"date":"2024-07-12T13:23:59","date_gmt":"2024-07-12T11:23:59","guid":{"rendered":"https:\/\/bartech.sk\/partner-io-partners\/"},"modified":"2024-09-30T17:19:28","modified_gmt":"2024-09-30T15:19:28","slug":"partner-io-partners","status":"publish","type":"page","link":"https:\/\/bartech.sk\/en\/partner-io-partners\/","title":{"rendered":"Partner iO Partners"},"content":{"rendered":"\n<style type=\"text\/css\" data-created_by=\"avia_inline_auto\" id=\"style-css-av-lv2h9jqc-133169ff65cf6cec85a30b537f05098b\">\n.avia-section.av-lv2h9jqc-133169ff65cf6cec85a30b537f05098b{\nbackground-repeat:no-repeat;\nbackground-image:url(https:\/\/bartech.sk\/wp-content\/uploads\/2024\/04\/bartech-spolupraca.jpg);\nbackground-position:50% 50%;\nbackground-attachment:scroll;\n}\n<\/style>\n<div id='av_section_1'  class='avia-section av-lv2h9jqc-133169ff65cf6cec85a30b537f05098b main_color avia-section-default avia-no-border-styling  avia-builder-el-0  el_before_av_section  avia-builder-el-first  main-banner avia-full-stretch avia-bg-style-scroll av-minimum-height av-minimum-height-50 av-height-50  container_wrap fullsize'  data-section-bg-repeat='stretch' data-av_minimum_height_pc='50' data-av_min_height_opt='50'><div class='container av-section-cont-open' ><main  role=\"main\" itemprop=\"mainContentOfPage\"  class='template-page content  av-content-full alpha units'><div class='post-entry post-entry-type-page post-entry-4618'><div class='entry-content-wrapper clearfix'>\n<div  class='flex_column av-8j2a2-f88bc7585b57745ac2ff053a76ed6dfa av_one_full  avia-builder-el-1  avia-builder-el-no-sibling  first flex_column_div  '     ><p>\n<style type=\"text\/css\" data-created_by=\"avia_inline_auto\" id=\"style-css-av-lv2h6gek-4f62bfd63259bce76e4d457d44a358d8\">\n#top .av-special-heading.av-lv2h6gek-4f62bfd63259bce76e4d457d44a358d8{\npadding-bottom:0;\n}\nbody .av-special-heading.av-lv2h6gek-4f62bfd63259bce76e4d457d44a358d8 .av-special-heading-tag .heading-char{\nfont-size:25px;\n}\n.av-special-heading.av-lv2h6gek-4f62bfd63259bce76e4d457d44a358d8 .av-subheading{\nfont-size:15px;\n}\n<\/style>\n<div  class='av-special-heading av-lv2h6gek-4f62bfd63259bce76e4d457d44a358d8 av-special-heading-h1 blockquote modern-quote  avia-builder-el-2  el_before_av_hr  avia-builder-el-first  subpage-title-h1'><h1 class='av-special-heading-tag'  itemprop=\"headline\"  >Partner iO Partners<\/h1><div class=\"special-heading-border\"><div class=\"special-heading-inner-border\"><\/div><\/div><\/div><br \/>\n\n<style type=\"text\/css\" data-created_by=\"avia_inline_auto\" id=\"style-css-av-28mhgq-f63af240cb9cb2688fd8886560945892\">\n#top .hr.av-28mhgq-f63af240cb9cb2688fd8886560945892{\nmargin-top:0px;\nmargin-bottom:30px;\n}\n.hr.av-28mhgq-f63af240cb9cb2688fd8886560945892 .hr-inner{\nwidth:100px;\nborder-color:#ed7207;\n}\n<\/style>\n<div  class='hr av-28mhgq-f63af240cb9cb2688fd8886560945892 hr-custom  avia-builder-el-3  el_after_av_heading  avia-builder-el-last  hr-subpage-banner hr-left hr-icon-no'><span class='hr-inner inner-border-av-border-fat'><span class=\"hr-inner-style\"><\/span><\/span><\/div><\/p><\/div>\n\n<\/div><\/div><\/main><!-- close content main element --><\/div><\/div><div id='viac'  class='avia-section av-1z6z8q-c3609ca0929d0e3723cfcd29d2f4f8e0 main_color avia-section-large avia-no-border-styling  avia-builder-el-4  el_after_av_section  el_before_av_section  avia-bg-style-scroll container_wrap fullsize'  ><div class='container av-section-cont-open' ><div class='template-page content  av-content-full alpha units'><div class='post-entry post-entry-type-page post-entry-4618'><div class='entry-content-wrapper clearfix'>\n<div class='flex_column_table av-lv3wb27g-81bdc777b6ecfe1dcdb00ee6a1d4b403 sc-av_one_fifth av-equal-height-column-flextable'><div  class='flex_column av-lv3wb27g-81bdc777b6ecfe1dcdb00ee6a1d4b403 av_one_fifth  avia-builder-el-5  el_before_av_four_fifth  avia-builder-el-first  first flex_column_table_cell av-equal-height-column av-align-middle  '     ><style type=\"text\/css\" data-created_by=\"avia_inline_auto\" id=\"style-css-av-lyigkr6p-ca8c48aa19a9c2fccc46463c3eba99ad\">\n.avia-image-container.av-lyigkr6p-ca8c48aa19a9c2fccc46463c3eba99ad img.avia_image{\nbox-shadow:none;\n}\n.avia-image-container.av-lyigkr6p-ca8c48aa19a9c2fccc46463c3eba99ad .av-image-caption-overlay-center{\ncolor:#ffffff;\n}\n<\/style>\n<div  class='avia-image-container av-lyigkr6p-ca8c48aa19a9c2fccc46463c3eba99ad av-styling- avia-align-center  avia-builder-el-6  avia-builder-el-no-sibling '   itemprop=\"image\" itemscope=\"itemscope\" itemtype=\"https:\/\/schema.org\/ImageObject\" ><div class=\"avia-image-container-inner\"><div class=\"avia-image-overlay-wrap\"><img decoding=\"async\" fetchpriority=\"high\" class='wp-image-4619 avia-img-lazy-loading-not-4619 avia_image ' src=\"https:\/\/bartech.sk\/wp-content\/uploads\/2024\/07\/iO-Partners-300x167.png\" alt='' title='iO Partners'  height=\"167\" width=\"300\"  itemprop=\"thumbnailUrl\"  \/><\/div><\/div><\/div><\/div><div class='av-flex-placeholder'><\/div><div  class='flex_column av-1suqf6-31dd1204224892d2a57399ef5e8a1ef0 av_four_fifth  avia-builder-el-7  el_after_av_one_fifth  avia-builder-el-last  flex_column_table_cell av-equal-height-column av-align-middle  '     ><p>\n<style type=\"text\/css\" data-created_by=\"avia_inline_auto\" id=\"style-css-av-lv2hae9x-50b3108f54fd504781aee8380d01131c\">\n#top .av-special-heading.av-lv2hae9x-50b3108f54fd504781aee8380d01131c{\nmargin:30px 0 0 0;\npadding-bottom:10px;\n}\nbody .av-special-heading.av-lv2hae9x-50b3108f54fd504781aee8380d01131c .av-special-heading-tag .heading-char{\nfont-size:25px;\n}\n.av-special-heading.av-lv2hae9x-50b3108f54fd504781aee8380d01131c .av-subheading{\nfont-size:15px;\n}\n<\/style>\n<div  class='av-special-heading av-lv2hae9x-50b3108f54fd504781aee8380d01131c av-special-heading-h2 blockquote modern-quote  avia-builder-el-8  el_before_av_textblock  avia-builder-el-first '><h2 class='av-special-heading-tag'  itemprop=\"headline\"  >iO Partners<\/h2><div class=\"special-heading-border\"><div class=\"special-heading-inner-border\"><\/div><\/div><\/div><br \/>\n<section  class='av_textblock_section av-lv2hbjdr-28f0478485d6b283b6e4437ea544ab2f '   itemscope=\"itemscope\" itemtype=\"https:\/\/schema.org\/CreativeWork\" ><div class='avia_textblock'  itemprop=\"text\" ><p>Are your old premises no longer suitable? Do you need to expand your production or warehouse space? iO Partners can certainly offer you suitable spaces across the whole of Slovakia.<\/p>\n<\/div><\/section><\/p><\/div><\/div><!--close column table wrapper. Autoclose: 1 -->\n\n<\/div><\/div><\/div><!-- close content main div --><\/div><\/div><div id='av_section_3'  class='avia-section av-lv3tp1t9-68e9376824f2236929b5aaecbb55ab93 main_color avia-section-large avia-no-border-styling  avia-builder-el-10  el_after_av_section  el_before_av_layout_row  contact-form-section avia-bg-style-scroll container_wrap fullsize'  ><div class='container av-section-cont-open' ><div class='template-page content  av-content-full alpha units'><div class='post-entry post-entry-type-page post-entry-4618'><div class='entry-content-wrapper clearfix'>\n<div  class='flex_column av-ih6gs-56fcf325d7b91d4b09d07be88d6c6c0d av_one_full  avia-builder-el-11  el_before_av_two_third  avia-builder-el-first  first flex_column_div  '     ><p>\n<style type=\"text\/css\" data-created_by=\"avia_inline_auto\" id=\"style-css-av-lv3tpaxm-4e3e0f802c57c3fc2f395d1b0f1d6afa\">\n#top .av-special-heading.av-lv3tpaxm-4e3e0f802c57c3fc2f395d1b0f1d6afa{\nmargin:30px 0 0 0;\npadding-bottom:10px;\n}\nbody .av-special-heading.av-lv3tpaxm-4e3e0f802c57c3fc2f395d1b0f1d6afa .av-special-heading-tag .heading-char{\nfont-size:25px;\n}\n.av-special-heading.av-lv3tpaxm-4e3e0f802c57c3fc2f395d1b0f1d6afa .av-subheading{\nfont-size:15px;\n}\n<\/style>\n<div  class='av-special-heading av-lv3tpaxm-4e3e0f802c57c3fc2f395d1b0f1d6afa av-special-heading-h2 blockquote modern-quote  avia-builder-el-12  el_before_av_textblock  avia-builder-el-first '><h2 class='av-special-heading-tag'  itemprop=\"headline\"  >Are you interested in the current offer from iO Partners? <\/h2><div class=\"special-heading-border\"><div class=\"special-heading-inner-border\"><\/div><\/div><\/div><br \/>\n<section  class='av_textblock_section av-lv3tpg6f-6ffea4e5e72b7219a7edd76d076d0f58 '   itemscope=\"itemscope\" itemtype=\"https:\/\/schema.org\/CreativeWork\" ><div class='avia_textblock'  itemprop=\"text\" ><p>Contact iO Partners through the form.<\/p>\n<\/div><\/section><\/p><\/div><div class='flex_column_table av-lv3tq2lr-b8bc4a10bd29bafccecad02865dd2f55 sc-av_two_third av-equal-height-column-flextable'>\n<style type=\"text\/css\" data-created_by=\"avia_inline_auto\" id=\"style-css-av-lv3tq2lr-b8bc4a10bd29bafccecad02865dd2f55\">\n.flex_column.av-lv3tq2lr-b8bc4a10bd29bafccecad02865dd2f55{\nwidth:66.3333333333%;\nmargin-left:0;\nbackground-color:#f7f7f7;\n}\n#top .flex_column_table.av-equal-height-column-flextable.av-lv3tq2lr-b8bc4a10bd29bafccecad02865dd2f55 .av-flex-placeholder{\nwidth:1%;\n}\n<\/style>\n<div  class='flex_column av-lv3tq2lr-b8bc4a10bd29bafccecad02865dd2f55 av_two_third  avia-builder-el-14  el_after_av_one_full  el_before_av_one_third  cf-box first flex_column_table_cell av-equal-height-column av-align-top  column-top-margin'     ><p>\n<style type=\"text\/css\" data-created_by=\"avia_inline_auto\" id=\"style-css-av-lv3u4v19-2b56383867c12248cf6553fadf95af7b\">\n#top .av-special-heading.av-lv3u4v19-2b56383867c12248cf6553fadf95af7b{\nmargin:30px 0 0 0;\npadding-bottom:10px;\n}\nbody .av-special-heading.av-lv3u4v19-2b56383867c12248cf6553fadf95af7b .av-special-heading-tag .heading-char{\nfont-size:25px;\n}\n.av-special-heading.av-lv3u4v19-2b56383867c12248cf6553fadf95af7b .av-subheading{\nfont-size:15px;\n}\n<\/style>\n<div  class='av-special-heading av-lv3u4v19-2b56383867c12248cf6553fadf95af7b av-special-heading-h4 blockquote modern-quote  avia-builder-el-15  el_before_av_textblock  avia-builder-el-first '><h4 class='av-special-heading-tag'  itemprop=\"headline\"  >Contact <\/h4><div class=\"special-heading-border\"><div class=\"special-heading-inner-border\"><\/div><\/div><\/div><br \/>\n<section  class='av_textblock_section av-lv3u527p-6faccf00735f8311784d6d383bc69f49 '   itemscope=\"itemscope\" itemtype=\"https:\/\/schema.org\/CreativeWork\" ><div class='avia_textblock'  itemprop=\"text\" ><p>Fill out this form.<\/p>\n<\/div><\/section><br \/>\n<\/p><\/div><div class='av-flex-placeholder'><\/div>\n<style type=\"text\/css\" data-created_by=\"avia_inline_auto\" id=\"style-css-av-966cu-a250623cc537dcd1484e27d6f5f026f6\">\n.flex_column.av-966cu-a250623cc537dcd1484e27d6f5f026f6{\nwidth:32.6666666667%;\nmargin-left:0;\n}\n#top .flex_column_table.av-equal-height-column-flextable.av-966cu-a250623cc537dcd1484e27d6f5f026f6 .av-flex-placeholder{\nwidth:1%;\n}\n<\/style>\n<div  class='flex_column av-966cu-a250623cc537dcd1484e27d6f5f026f6 av_one_third  avia-builder-el-18  el_after_av_two_third  avia-builder-el-last  flex_column_table_cell av-equal-height-column av-align-top  column-top-margin'     ><\/div><\/div><!--close column table wrapper. Autoclose: 1 --><\/div><\/div><\/div><!-- close content main div --><\/div><\/div><div id='av-layout-grid-1'  class='av-layout-grid-container av-g89no-beabcf65bf8e0418a20fd8bf33f18b1f entry-content-wrapper main_color av-flex-cells  avia-builder-el-19  el_after_av_section  avia-builder-el-last  grid-row-not-first  container_wrap fullsize'  >\n\n<style type=\"text\/css\" data-created_by=\"avia_inline_auto\" id=\"style-css-av-70jj0-b1a362d944730e9966cb31f36b013663\">\n.flex_cell.av-70jj0-b1a362d944730e9966cb31f36b013663{\nvertical-align:top;\n}\n.responsive #top #wrap_all .flex_cell.av-70jj0-b1a362d944730e9966cb31f36b013663{\npadding:100px 0 0 0 !important;\n}\n\n@media only screen and (min-width: 480px) and (max-width: 767px){ \n.responsive #top #wrap_all .flex_cell.av-70jj0-b1a362d944730e9966cb31f36b013663{\npadding:0 0 0 0 !important;\n}\n}\n\n@media only screen and (max-width: 479px){ \n.responsive #top #wrap_all .flex_cell.av-70jj0-b1a362d944730e9966cb31f36b013663{\npadding:0 0 0 0 !important;\n}\n}\n<\/style>\n<div class='flex_cell av-70jj0-b1a362d944730e9966cb31f36b013663 av-gridrow-cell av_one_full no_margin  avia-builder-el-20  avia-builder-el-no-sibling '  ><div class='flex_cell_inner'>\n<\/div><\/div>\n<\/div><\/p>\n","protected":false},"excerpt":{"rendered":"","protected":false},"author":13,"featured_media":0,"parent":0,"menu_order":5,"comment_status":"closed","ping_status":"closed","template":"","meta":{"footnotes":""},"class_list":["post-4618","page","type-page","status-publish","hentry"],"yoast_head":"<!-- This site is optimized with the Yoast SEO Premium plugin v23.1 (Yoast SEO v26.3) - https:\/\/yoast.com\/wordpress\/plugins\/seo\/ -->\n<title>Partner iO Partners - BARTECH SLOVAKIA<\/title>\n<meta name=\"robots\" content=\"index, follow, max-snippet:-1, max-image-preview:large, max-video-preview:-1\" \/>\n<link rel=\"canonical\" href=\"https:\/\/bartech.sk\/en\/partner-io-partners\/\" \/>\n<meta property=\"og:locale\" content=\"en_US\" \/>\n<meta property=\"og:type\" content=\"article\" \/>\n<meta property=\"og:title\" content=\"Partner iO Partners\" \/>\n<meta property=\"og:url\" content=\"https:\/\/bartech.sk\/en\/partner-io-partners\/\" \/>\n<meta property=\"og:site_name\" content=\"BARTECH SLOVAKIA\" \/>\n<meta property=\"article:publisher\" content=\"https:\/\/www.facebook.com\/Bartech.Slovakia\" \/>\n<meta property=\"article:modified_time\" content=\"2024-09-30T15:19:28+00:00\" \/>\n<meta name=\"twitter:card\" content=\"summary_large_image\" \/>\n<meta name=\"twitter:label1\" content=\"Est. reading time\" \/>\n\t<meta name=\"twitter:data1\" content=\"28 minutes\" \/>\n<script type=\"application\/ld+json\" class=\"yoast-schema-graph\">{\"@context\":\"https:\/\/schema.org\",\"@graph\":[{\"@type\":\"WebPage\",\"@id\":\"https:\/\/bartech.sk\/en\/partner-io-partners\/\",\"url\":\"https:\/\/bartech.sk\/en\/partner-io-partners\/\",\"name\":\"Partner iO Partners - BARTECH SLOVAKIA\",\"isPartOf\":{\"@id\":\"https:\/\/bartech.sk\/en\/#website\"},\"datePublished\":\"2024-07-12T11:23:59+00:00\",\"dateModified\":\"2024-09-30T15:19:28+00:00\",\"breadcrumb\":{\"@id\":\"https:\/\/bartech.sk\/en\/partner-io-partners\/#breadcrumb\"},\"inLanguage\":\"en-US\",\"potentialAction\":[{\"@type\":\"ReadAction\",\"target\":[\"https:\/\/bartech.sk\/en\/partner-io-partners\/\"]}]},{\"@type\":\"BreadcrumbList\",\"@id\":\"https:\/\/bartech.sk\/en\/partner-io-partners\/#breadcrumb\",\"itemListElement\":[{\"@type\":\"ListItem\",\"position\":1,\"name\":\"Domovsk\u00e1 str\u00e1nka\",\"item\":\"https:\/\/bartech.sk\/en\/introduction\/\"},{\"@type\":\"ListItem\",\"position\":2,\"name\":\"Partner iO Partners\"}]},{\"@type\":\"WebSite\",\"@id\":\"https:\/\/bartech.sk\/en\/#website\",\"url\":\"https:\/\/bartech.sk\/en\/\",\"name\":\"Rie\u0161enia pre v\u00fdrobu a logistiku\",\"description\":\"Automatizovan\u00fd zber d\u00e1t vo v\u00fdrobe a logistike\",\"publisher\":{\"@id\":\"https:\/\/bartech.sk\/en\/#organization\"},\"potentialAction\":[{\"@type\":\"SearchAction\",\"target\":{\"@type\":\"EntryPoint\",\"urlTemplate\":\"https:\/\/bartech.sk\/en\/?s={search_term_string}\"},\"query-input\":{\"@type\":\"PropertyValueSpecification\",\"valueRequired\":true,\"valueName\":\"search_term_string\"}}],\"inLanguage\":\"en-US\"},{\"@type\":\"Organization\",\"@id\":\"https:\/\/bartech.sk\/en\/#organization\",\"name\":\"BARTECH SLOVAKIA\",\"url\":\"https:\/\/bartech.sk\/en\/\",\"logo\":{\"@type\":\"ImageObject\",\"inLanguage\":\"en-US\",\"@id\":\"https:\/\/bartech.sk\/en\/#\/schema\/logo\/image\/\",\"url\":\"https:\/\/bartech.sk\/wp-content\/uploads\/2024\/07\/Bartech_podpis.png\",\"contentUrl\":\"https:\/\/bartech.sk\/wp-content\/uploads\/2024\/07\/Bartech_podpis.png\",\"width\":185,\"height\":47,\"caption\":\"BARTECH SLOVAKIA\"},\"image\":{\"@id\":\"https:\/\/bartech.sk\/en\/#\/schema\/logo\/image\/\"},\"sameAs\":[\"https:\/\/www.facebook.com\/Bartech.Slovakia\",\"https:\/\/www.linkedin.com\/company\/bartech-slovakia\/\",\"https:\/\/www.youtube.com\/user\/BartechSk\"]}]}<\/script>\n<!-- \/ Yoast SEO Premium plugin. -->","yoast_head_json":{"title":"Partner iO Partners - BARTECH SLOVAKIA","robots":{"index":"index","follow":"follow","max-snippet":"max-snippet:-1","max-image-preview":"max-image-preview:large","max-video-preview":"max-video-preview:-1"},"canonical":"https:\/\/bartech.sk\/en\/partner-io-partners\/","og_locale":"en_US","og_type":"article","og_title":"Partner iO Partners","og_url":"https:\/\/bartech.sk\/en\/partner-io-partners\/","og_site_name":"BARTECH SLOVAKIA","article_publisher":"https:\/\/www.facebook.com\/Bartech.Slovakia","article_modified_time":"2024-09-30T15:19:28+00:00","twitter_card":"summary_large_image","twitter_misc":{"Est. reading time":"28 minutes"},"schema":{"@context":"https:\/\/schema.org","@graph":[{"@type":"WebPage","@id":"https:\/\/bartech.sk\/en\/partner-io-partners\/","url":"https:\/\/bartech.sk\/en\/partner-io-partners\/","name":"Partner iO Partners - BARTECH SLOVAKIA","isPartOf":{"@id":"https:\/\/bartech.sk\/en\/#website"},"datePublished":"2024-07-12T11:23:59+00:00","dateModified":"2024-09-30T15:19:28+00:00","breadcrumb":{"@id":"https:\/\/bartech.sk\/en\/partner-io-partners\/#breadcrumb"},"inLanguage":"en-US","potentialAction":[{"@type":"ReadAction","target":["https:\/\/bartech.sk\/en\/partner-io-partners\/"]}]},{"@type":"BreadcrumbList","@id":"https:\/\/bartech.sk\/en\/partner-io-partners\/#breadcrumb","itemListElement":[{"@type":"ListItem","position":1,"name":"Domovsk\u00e1 str\u00e1nka","item":"https:\/\/bartech.sk\/en\/introduction\/"},{"@type":"ListItem","position":2,"name":"Partner iO Partners"}]},{"@type":"WebSite","@id":"https:\/\/bartech.sk\/en\/#website","url":"https:\/\/bartech.sk\/en\/","name":"Rie\u0161enia pre v\u00fdrobu a logistiku","description":"Automatizovan\u00fd zber d\u00e1t vo v\u00fdrobe a logistike","publisher":{"@id":"https:\/\/bartech.sk\/en\/#organization"},"potentialAction":[{"@type":"SearchAction","target":{"@type":"EntryPoint","urlTemplate":"https:\/\/bartech.sk\/en\/?s={search_term_string}"},"query-input":{"@type":"PropertyValueSpecification","valueRequired":true,"valueName":"search_term_string"}}],"inLanguage":"en-US"},{"@type":"Organization","@id":"https:\/\/bartech.sk\/en\/#organization","name":"BARTECH SLOVAKIA","url":"https:\/\/bartech.sk\/en\/","logo":{"@type":"ImageObject","inLanguage":"en-US","@id":"https:\/\/bartech.sk\/en\/#\/schema\/logo\/image\/","url":"https:\/\/bartech.sk\/wp-content\/uploads\/2024\/07\/Bartech_podpis.png","contentUrl":"https:\/\/bartech.sk\/wp-content\/uploads\/2024\/07\/Bartech_podpis.png","width":185,"height":47,"caption":"BARTECH SLOVAKIA"},"image":{"@id":"https:\/\/bartech.sk\/en\/#\/schema\/logo\/image\/"},"sameAs":["https:\/\/www.facebook.com\/Bartech.Slovakia","https:\/\/www.linkedin.com\/company\/bartech-slovakia\/","https:\/\/www.youtube.com\/user\/BartechSk"]}]}},"_links":{"self":[{"href":"https:\/\/bartech.sk\/en\/wp-json\/wp\/v2\/pages\/4618","targetHints":{"allow":["GET"]}}],"collection":[{"href":"https:\/\/bartech.sk\/en\/wp-json\/wp\/v2\/pages"}],"about":[{"href":"https:\/\/bartech.sk\/en\/wp-json\/wp\/v2\/types\/page"}],"author":[{"embeddable":true,"href":"https:\/\/bartech.sk\/en\/wp-json\/wp\/v2\/users\/13"}],"replies":[{"embeddable":true,"href":"https:\/\/bartech.sk\/en\/wp-json\/wp\/v2\/comments?post=4618"}],"version-history":[{"count":2,"href":"https:\/\/bartech.sk\/en\/wp-json\/wp\/v2\/pages\/4618\/revisions"}],"predecessor-version":[{"id":4621,"href":"https:\/\/bartech.sk\/en\/wp-json\/wp\/v2\/pages\/4618\/revisions\/4621"}],"wp:attachment":[{"href":"https:\/\/bartech.sk\/en\/wp-json\/wp\/v2\/media?parent=4618"}],"curies":[{"name":"wp","href":"https:\/\/api.w.org\/{rel}","templated":true}]}}