{"id":4558,"date":"2024-04-22T10:24:33","date_gmt":"2024-04-22T08:24:33","guid":{"rendered":"https:\/\/bartech.sk\/returncheck\/"},"modified":"2025-12-04T12:31:05","modified_gmt":"2025-12-04T11:31:05","slug":"returncheck","status":"publish","type":"page","link":"https:\/\/bartech.sk\/en\/returncheck\/","title":{"rendered":"ReturnCheck"},"content":{"rendered":"\n<style type=\"text\/css\" data-created_by=\"avia_inline_auto\" id=\"style-css-av-lv2hh6tx-5c142baebaf92a2c04efa4e571a4ab5d\">\n.avia-section.av-lv2hh6tx-5c142baebaf92a2c04efa4e571a4ab5d{\nbackground-repeat:no-repeat;\nbackground-image:url(https:\/\/bartech.sk\/wp-content\/uploads\/2024\/04\/tech-banner-v2.jpg);\nbackground-position:50% 50%;\nbackground-attachment:scroll;\n}\n<\/style>\n<div id='av_section_1'  class='avia-section av-lv2hh6tx-5c142baebaf92a2c04efa4e571a4ab5d main_color avia-section-default avia-no-border-styling  avia-builder-el-0  el_before_av_section  avia-builder-el-first  main-banner avia-full-stretch avia-bg-style-scroll av-minimum-height av-minimum-height-50 av-height-50  container_wrap fullsize'  data-section-bg-repeat='stretch' data-av_minimum_height_pc='50' data-av_min_height_opt='50'><div class='container av-section-cont-open' ><main  role=\"main\" itemprop=\"mainContentOfPage\"  class='template-page content  av-content-full alpha units'><div class='post-entry post-entry-type-page post-entry-4558'><div class='entry-content-wrapper clearfix'>\n<div  class='flex_column av-50n4xn-912b247e8a5814624ceda6991ea0ca8a av_one_full  avia-builder-el-1  avia-builder-el-no-sibling  first flex_column_div  '     ><p>\n<style type=\"text\/css\" data-created_by=\"avia_inline_auto\" id=\"style-css-av-lv2hgv0i-9828e222a2832b143f3c6688b6de7cf7\">\n#top .av-special-heading.av-lv2hgv0i-9828e222a2832b143f3c6688b6de7cf7{\npadding-bottom:0;\n}\nbody .av-special-heading.av-lv2hgv0i-9828e222a2832b143f3c6688b6de7cf7 .av-special-heading-tag .heading-char{\nfont-size:25px;\n}\n.av-special-heading.av-lv2hgv0i-9828e222a2832b143f3c6688b6de7cf7 .av-subheading{\nfont-size:15px;\n}\n<\/style>\n<div  class='av-special-heading av-lv2hgv0i-9828e222a2832b143f3c6688b6de7cf7 av-special-heading-h1 blockquote modern-quote  avia-builder-el-2  el_before_av_hr  avia-builder-el-first  subpage-title-h1'><h1 class='av-special-heading-tag'  itemprop=\"headline\"  >ReturnCheck<\/h1><div class=\"special-heading-border\"><div class=\"special-heading-inner-border\"><\/div><\/div><\/div><br \/>\n\n<style type=\"text\/css\" data-created_by=\"avia_inline_auto\" id=\"style-css-av-4vbggz-e1e09ebfae37b39159830bbfb0717b06\">\n#top .hr.av-4vbggz-e1e09ebfae37b39159830bbfb0717b06{\nmargin-top:0px;\nmargin-bottom:30px;\n}\n.hr.av-4vbggz-e1e09ebfae37b39159830bbfb0717b06 .hr-inner{\nwidth:100px;\nborder-color:#ed7207;\n}\n<\/style>\n<div  class='hr av-4vbggz-e1e09ebfae37b39159830bbfb0717b06 hr-custom  avia-builder-el-3  el_after_av_heading  avia-builder-el-last  hr-subpage-banner hr-left hr-icon-no'><span class='hr-inner inner-border-av-border-fat'><span class=\"hr-inner-style\"><\/span><\/span><\/div><\/p><\/div>\n\n<\/div><\/div><\/main><!-- close content main element --><\/div><\/div><div id='av_section_2'  class='avia-section av-lv2ie9gv-52f2c1b357645123ae96cc51261b65a0 main_color avia-section-default avia-no-border-styling  avia-builder-el-4  el_after_av_section  avia-builder-el-last  ciarove-kody-subpage-section avia-bg-style-scroll container_wrap fullsize'  ><div class='container av-section-cont-open' ><div class='template-page content  av-content-full alpha units'><div class='post-entry post-entry-type-page post-entry-4558'><div class='entry-content-wrapper clearfix'>\n<div  class='flex_column av-46fpk3-6c08281cc6101b8866a9b0a5b1b0e5ad av_one_full  avia-builder-el-5  el_before_av_one_full  avia-builder-el-first  first flex_column_div  '     ><p>\n<style type=\"text\/css\" data-created_by=\"avia_inline_auto\" id=\"style-css-av-lv2hkror-12f58e7f4119cb9ca9b116547e36ea2e\">\n#top .av-special-heading.av-lv2hkror-12f58e7f4119cb9ca9b116547e36ea2e{\npadding-bottom:10px;\n}\nbody .av-special-heading.av-lv2hkror-12f58e7f4119cb9ca9b116547e36ea2e .av-special-heading-tag .heading-char{\nfont-size:25px;\n}\n.av-special-heading.av-lv2hkror-12f58e7f4119cb9ca9b116547e36ea2e .av-subheading{\nfont-size:15px;\n}\n<\/style>\n<div  class='av-special-heading av-lv2hkror-12f58e7f4119cb9ca9b116547e36ea2e av-special-heading-h2 blockquote modern-quote  avia-builder-el-6  el_before_av_hr  avia-builder-el-first '><h2 class='av-special-heading-tag'  itemprop=\"headline\"  >Movement records for reusable packaging<\/h2><div class=\"special-heading-border\"><div class=\"special-heading-inner-border\"><\/div><\/div><\/div><br \/>\n\n<style type=\"text\/css\" data-created_by=\"avia_inline_auto\" id=\"style-css-av-lv2hnrhg-1af0d73ab3f61894c4b145d721fdcd35\">\n#top .hr.av-lv2hnrhg-1af0d73ab3f61894c4b145d721fdcd35{\nmargin-top:0px;\nmargin-bottom:10px;\n}\n.hr.av-lv2hnrhg-1af0d73ab3f61894c4b145d721fdcd35 .hr-inner{\nwidth:90px;\nborder-color:#ed7207;\n}\n<\/style>\n<div  class='hr av-lv2hnrhg-1af0d73ab3f61894c4b145d721fdcd35 hr-custom  avia-builder-el-7  el_after_av_heading  el_before_av_textblock  hr-content hr-left hr-icon-no'><span class='hr-inner inner-border-av-border-fat'><span class=\"hr-inner-style\"><\/span><\/span><\/div><br \/>\n<section  class='av_textblock_section av-4fpxyr-95bc189e98500accb03a3fd295ac0f3b '   itemscope=\"itemscope\" itemtype=\"https:\/\/schema.org\/CreativeWork\" ><div class='avia_textblock'  itemprop=\"text\" ><p><strong><img loading=\"lazy\" decoding=\"async\" class=\"alignleft wp-image-918\" src=\"https:\/\/bartech.sk\/wp-content\/uploads\/2024\/04\/RETURN_CHECK-80x80.png\" alt=\"\" width=\"95\" height=\"95\">The production process can be understood as a complex of activities that must be interrelated in order to minimize costs. Costs often refer to the cost of input raw materials, energy, labour, technology, etc., but significant funds are also hidden in operations that are directly related to ensuring the smooth running of the production line. As an example, we can mention the reverse logistics of returnable packaging.  <\/strong><\/p>\n<\/div><\/section><\/p><\/div><div  class='flex_column av-c607b1-1574cbc21c298f44a304f0b015cdb390 av_one_full  avia-builder-el-9  el_after_av_one_full  el_before_av_one_full  first flex_column_div  column-top-margin'     ><p>\n<style type=\"text\/css\" data-created_by=\"avia_inline_auto\" id=\"style-css-av-lv8f7jp4-eab9cd3375a8b43cbe513e0ed754f856\">\n#top .av-special-heading.av-lv8f7jp4-eab9cd3375a8b43cbe513e0ed754f856{\npadding-bottom:10px;\n}\nbody .av-special-heading.av-lv8f7jp4-eab9cd3375a8b43cbe513e0ed754f856 .av-special-heading-tag .heading-char{\nfont-size:25px;\n}\n.av-special-heading.av-lv8f7jp4-eab9cd3375a8b43cbe513e0ed754f856 .av-subheading{\nfont-size:15px;\n}\n<\/style>\n<div  class='av-special-heading av-lv8f7jp4-eab9cd3375a8b43cbe513e0ed754f856 av-special-heading-h2 blockquote modern-quote  avia-builder-el-10  el_before_av_hr  avia-builder-el-first '><h2 class='av-special-heading-tag'  itemprop=\"headline\"  >What is complicated about it?<\/h2><div class=\"special-heading-border\"><div class=\"special-heading-inner-border\"><\/div><\/div><\/div><br \/>\n\n<style type=\"text\/css\" data-created_by=\"avia_inline_auto\" id=\"style-css-av-b67mf1-d621a5349783335c06f0f761d8cd04d9\">\n#top .hr.av-b67mf1-d621a5349783335c06f0f761d8cd04d9{\nmargin-top:0px;\nmargin-bottom:10px;\n}\n.hr.av-b67mf1-d621a5349783335c06f0f761d8cd04d9 .hr-inner{\nwidth:90px;\nborder-color:#ed7207;\n}\n<\/style>\n<div  class='hr av-b67mf1-d621a5349783335c06f0f761d8cd04d9 hr-custom  avia-builder-el-11  el_after_av_heading  el_before_av_textblock  hr-content hr-left hr-icon-no'><span class='hr-inner inner-border-av-border-fat'><span class=\"hr-inner-style\"><\/span><\/span><\/div><br \/>\n<section  class='av_textblock_section av-lv8f7pz8-cd1c88941a843a043dd01ce404df81e4 '   itemscope=\"itemscope\" itemtype=\"https:\/\/schema.org\/CreativeWork\" ><div class='avia_textblock'  itemprop=\"text\" ><p><img loading=\"lazy\" decoding=\"async\" class=\"alignright size-medium wp-image-1294\" src=\"https:\/\/bartech.sk\/wp-content\/uploads\/2024\/04\/IMG_20230622_101957806-300x225.jpg\" alt=\"\" width=\"300\" height=\"225\">The returnable packaging in the production process can be defined as a pallet, a plastic crate or a special packaging.All of these are used to transport the components needed for production. In many cases, we are talking about several suppliers,<strong> each using their own packaging units created according to their product and their packaging regulations.<\/strong> Once such input components are consumed in the assembly of the final product, such packaging must be returned to the supplier. To each his own and packaged as contractually required. We encounter with our customers that it is during the preparation of transport towards the supplier that <strong>problems arise with incorrect removal, confusion of crates, sending incomplete packaging.<\/strong> If such operations are also recorded, it is often in paper form, when operators record the creation of a pallet with shipments for a particular customer by manually writing them down in pre-prepared forms in printed form, which significantly reduces the reliability of such a record. In addition, these operations have to be transcribed with a delay into the parent ERP system. Thus, another human factor comes into play &#8211; transcription error. The logistics manager responsible for ordering the shipment thus receives inaccurate information and even late, many times when we have already incorrectly dispatched the return packages back from the customer.<\/p>\n<\/div><\/section><\/p><\/div><div  class='flex_column av-959t3h-5704830273735d12ef5e35e2dd9309cd av_one_full  avia-builder-el-13  el_after_av_one_full  avia-builder-el-last  first flex_column_div  column-top-margin'     ><p>\n<style type=\"text\/css\" data-created_by=\"avia_inline_auto\" id=\"style-css-av-lv8f804p-e550b951d4033595c38091a460fc9e4e\">\n#top .av-special-heading.av-lv8f804p-e550b951d4033595c38091a460fc9e4e{\npadding-bottom:10px;\n}\nbody .av-special-heading.av-lv8f804p-e550b951d4033595c38091a460fc9e4e .av-special-heading-tag .heading-char{\nfont-size:25px;\n}\n.av-special-heading.av-lv8f804p-e550b951d4033595c38091a460fc9e4e .av-subheading{\nfont-size:15px;\n}\n<\/style>\n<div  class='av-special-heading av-lv8f804p-e550b951d4033595c38091a460fc9e4e av-special-heading-h2 blockquote modern-quote  avia-builder-el-14  el_before_av_hr  avia-builder-el-first '><h2 class='av-special-heading-tag'  itemprop=\"headline\"  >We have a solution for you<\/h2><div class=\"special-heading-border\"><div class=\"special-heading-inner-border\"><\/div><\/div><\/div><br \/>\n\n<style type=\"text\/css\" data-created_by=\"avia_inline_auto\" id=\"style-css-av-819wod-e767c9e74815727254a38bc5e30d1f18\">\n#top .hr.av-819wod-e767c9e74815727254a38bc5e30d1f18{\nmargin-top:0px;\nmargin-bottom:10px;\n}\n.hr.av-819wod-e767c9e74815727254a38bc5e30d1f18 .hr-inner{\nwidth:90px;\nborder-color:#ed7207;\n}\n<\/style>\n<div  class='hr av-819wod-e767c9e74815727254a38bc5e30d1f18 hr-custom  avia-builder-el-15  el_after_av_heading  el_before_av_textblock  hr-content hr-left hr-icon-no'><span class='hr-inner inner-border-av-border-fat'><span class=\"hr-inner-style\"><\/span><\/span><\/div><br \/>\n<section  class='av_textblock_section av-lv8f8apw-7d87af6a936903db9ffee78bc26ac5aa '   itemscope=\"itemscope\" itemtype=\"https:\/\/schema.org\/CreativeWork\" ><div class='avia_textblock'  itemprop=\"text\" ><p><img loading=\"lazy\" decoding=\"async\" class=\"alignleft wp-image-1290 size-box\" src=\"https:\/\/bartech.sk\/wp-content\/uploads\/2024\/04\/Gestamp_RFID_brana-410x231.jpg\" alt=\"\" width=\"410\" height=\"231\">The answer to the above mentioned conditions is the <strong>RETURN CHECK<\/strong> SW solution. This tool keeps track of WHO, WHEN and what RETURN UNIT was created. At the same time, the system checks in real time the compliance with the packing procedure (how many pieces, what type of crate, on what pallet &#8230;we put). All the data is immediately available to the logistics staff who decide what type of transport to choose.    <strong>Each transport unit is precisely identifiable.<\/strong> The basic 1D\/2D code printed on the label can be used for this purpose. However, the use of contactless <a href=\"https:\/\/bartech.sk\/en\/technologie\/rfid-identifikacia-buducnosti\/\">RFID technology<\/a> is increasingly being promoted in this area. It is this method of labelling returnable packaging that is finding a great response from customers, as we are talking about disposable labelling of such packaging. At the same time, it is possible to record the movement of such marked boxes \/ pallets through the dispatch gates automatically &#8211; without the intervention of forklift operators and the like.   <\/p>\n<p><a href=\"https:\/\/bartech.sk\/technologie\/rfid-identifikacia-buducnosti\/\">RFID<\/a> identification technology is becoming a standard not only in the AUTOMOTIVE segment. Hand in hand with the gradual expansion of RFID tagging, the financial complexity, which in the past was often an obstacle to the introduction of this technology, is decreasing.  <strong>Returns are now governed by entirely new rules.<\/strong><\/p>\n<\/div><\/section><\/p><\/div>\n","protected":false},"excerpt":{"rendered":"","protected":false},"author":2,"featured_media":0,"parent":0,"menu_order":6,"comment_status":"closed","ping_status":"closed","template":"","meta":{"footnotes":""},"class_list":["post-4558","page","type-page","status-publish","hentry"],"yoast_head":"<!-- This site is optimized with the Yoast SEO Premium plugin v23.1 (Yoast SEO v26.3) - https:\/\/yoast.com\/wordpress\/plugins\/seo\/ -->\n<title>ReturnCheck - BARTECH SLOVAKIA<\/title>\n<meta name=\"robots\" content=\"index, follow, max-snippet:-1, max-image-preview:large, max-video-preview:-1\" \/>\n<link rel=\"canonical\" href=\"https:\/\/bartech.sk\/en\/returncheck\/\" \/>\n<meta property=\"og:locale\" content=\"en_US\" \/>\n<meta property=\"og:type\" content=\"article\" \/>\n<meta property=\"og:title\" content=\"ReturnCheck\" \/>\n<meta property=\"og:url\" content=\"https:\/\/bartech.sk\/en\/returncheck\/\" \/>\n<meta property=\"og:site_name\" content=\"BARTECH SLOVAKIA\" \/>\n<meta property=\"article:publisher\" content=\"https:\/\/www.facebook.com\/Bartech.Slovakia\" \/>\n<meta property=\"article:modified_time\" content=\"2025-12-04T11:31:05+00:00\" \/>\n<meta property=\"og:image\" content=\"https:\/\/bartech.sk\/wp-content\/uploads\/2024\/04\/RETURN_CHECK.png\" \/>\n\t<meta property=\"og:image:width\" content=\"395\" \/>\n\t<meta property=\"og:image:height\" content=\"395\" \/>\n\t<meta property=\"og:image:type\" content=\"image\/png\" \/>\n<meta name=\"twitter:card\" content=\"summary_large_image\" \/>\n<meta name=\"twitter:label1\" content=\"Est. reading time\" \/>\n\t<meta name=\"twitter:data1\" content=\"21 minutes\" \/>\n<script type=\"application\/ld+json\" class=\"yoast-schema-graph\">{\"@context\":\"https:\/\/schema.org\",\"@graph\":[{\"@type\":\"WebPage\",\"@id\":\"https:\/\/bartech.sk\/en\/returncheck\/\",\"url\":\"https:\/\/bartech.sk\/en\/returncheck\/\",\"name\":\"ReturnCheck - BARTECH SLOVAKIA\",\"isPartOf\":{\"@id\":\"https:\/\/bartech.sk\/en\/#website\"},\"primaryImageOfPage\":{\"@id\":\"https:\/\/bartech.sk\/en\/returncheck\/#primaryimage\"},\"image\":{\"@id\":\"https:\/\/bartech.sk\/en\/returncheck\/#primaryimage\"},\"thumbnailUrl\":\"https:\/\/bartech.sk\/wp-content\/uploads\/2024\/04\/RETURN_CHECK-80x80.png\",\"datePublished\":\"2024-04-22T08:24:33+00:00\",\"dateModified\":\"2025-12-04T11:31:05+00:00\",\"breadcrumb\":{\"@id\":\"https:\/\/bartech.sk\/en\/returncheck\/#breadcrumb\"},\"inLanguage\":\"en-US\",\"potentialAction\":[{\"@type\":\"ReadAction\",\"target\":[\"https:\/\/bartech.sk\/en\/returncheck\/\"]}]},{\"@type\":\"ImageObject\",\"inLanguage\":\"en-US\",\"@id\":\"https:\/\/bartech.sk\/en\/returncheck\/#primaryimage\",\"url\":\"https:\/\/bartech.sk\/wp-content\/uploads\/2024\/04\/RETURN_CHECK-80x80.png\",\"contentUrl\":\"https:\/\/bartech.sk\/wp-content\/uploads\/2024\/04\/RETURN_CHECK-80x80.png\"},{\"@type\":\"BreadcrumbList\",\"@id\":\"https:\/\/bartech.sk\/en\/returncheck\/#breadcrumb\",\"itemListElement\":[{\"@type\":\"ListItem\",\"position\":1,\"name\":\"Domovsk\u00e1 str\u00e1nka\",\"item\":\"https:\/\/bartech.sk\/en\/introduction\/\"},{\"@type\":\"ListItem\",\"position\":2,\"name\":\"ReturnCheck\"}]},{\"@type\":\"WebSite\",\"@id\":\"https:\/\/bartech.sk\/en\/#website\",\"url\":\"https:\/\/bartech.sk\/en\/\",\"name\":\"Rie\u0161enia pre v\u00fdrobu a logistiku\",\"description\":\"Automatizovan\u00fd zber d\u00e1t vo v\u00fdrobe a logistike\",\"publisher\":{\"@id\":\"https:\/\/bartech.sk\/en\/#organization\"},\"potentialAction\":[{\"@type\":\"SearchAction\",\"target\":{\"@type\":\"EntryPoint\",\"urlTemplate\":\"https:\/\/bartech.sk\/en\/?s={search_term_string}\"},\"query-input\":{\"@type\":\"PropertyValueSpecification\",\"valueRequired\":true,\"valueName\":\"search_term_string\"}}],\"inLanguage\":\"en-US\"},{\"@type\":\"Organization\",\"@id\":\"https:\/\/bartech.sk\/en\/#organization\",\"name\":\"BARTECH SLOVAKIA\",\"url\":\"https:\/\/bartech.sk\/en\/\",\"logo\":{\"@type\":\"ImageObject\",\"inLanguage\":\"en-US\",\"@id\":\"https:\/\/bartech.sk\/en\/#\/schema\/logo\/image\/\",\"url\":\"https:\/\/bartech.sk\/wp-content\/uploads\/2024\/07\/Bartech_podpis.png\",\"contentUrl\":\"https:\/\/bartech.sk\/wp-content\/uploads\/2024\/07\/Bartech_podpis.png\",\"width\":185,\"height\":47,\"caption\":\"BARTECH SLOVAKIA\"},\"image\":{\"@id\":\"https:\/\/bartech.sk\/en\/#\/schema\/logo\/image\/\"},\"sameAs\":[\"https:\/\/www.facebook.com\/Bartech.Slovakia\",\"https:\/\/www.linkedin.com\/company\/bartech-slovakia\/\",\"https:\/\/www.youtube.com\/user\/BartechSk\"]}]}<\/script>\n<!-- \/ Yoast SEO Premium plugin. -->","yoast_head_json":{"title":"ReturnCheck - BARTECH SLOVAKIA","robots":{"index":"index","follow":"follow","max-snippet":"max-snippet:-1","max-image-preview":"max-image-preview:large","max-video-preview":"max-video-preview:-1"},"canonical":"https:\/\/bartech.sk\/en\/returncheck\/","og_locale":"en_US","og_type":"article","og_title":"ReturnCheck","og_url":"https:\/\/bartech.sk\/en\/returncheck\/","og_site_name":"BARTECH SLOVAKIA","article_publisher":"https:\/\/www.facebook.com\/Bartech.Slovakia","article_modified_time":"2025-12-04T11:31:05+00:00","og_image":[{"width":395,"height":395,"url":"https:\/\/bartech.sk\/wp-content\/uploads\/2024\/04\/RETURN_CHECK.png","type":"image\/png"}],"twitter_card":"summary_large_image","twitter_misc":{"Est. reading time":"21 minutes"},"schema":{"@context":"https:\/\/schema.org","@graph":[{"@type":"WebPage","@id":"https:\/\/bartech.sk\/en\/returncheck\/","url":"https:\/\/bartech.sk\/en\/returncheck\/","name":"ReturnCheck - BARTECH SLOVAKIA","isPartOf":{"@id":"https:\/\/bartech.sk\/en\/#website"},"primaryImageOfPage":{"@id":"https:\/\/bartech.sk\/en\/returncheck\/#primaryimage"},"image":{"@id":"https:\/\/bartech.sk\/en\/returncheck\/#primaryimage"},"thumbnailUrl":"https:\/\/bartech.sk\/wp-content\/uploads\/2024\/04\/RETURN_CHECK-80x80.png","datePublished":"2024-04-22T08:24:33+00:00","dateModified":"2025-12-04T11:31:05+00:00","breadcrumb":{"@id":"https:\/\/bartech.sk\/en\/returncheck\/#breadcrumb"},"inLanguage":"en-US","potentialAction":[{"@type":"ReadAction","target":["https:\/\/bartech.sk\/en\/returncheck\/"]}]},{"@type":"ImageObject","inLanguage":"en-US","@id":"https:\/\/bartech.sk\/en\/returncheck\/#primaryimage","url":"https:\/\/bartech.sk\/wp-content\/uploads\/2024\/04\/RETURN_CHECK-80x80.png","contentUrl":"https:\/\/bartech.sk\/wp-content\/uploads\/2024\/04\/RETURN_CHECK-80x80.png"},{"@type":"BreadcrumbList","@id":"https:\/\/bartech.sk\/en\/returncheck\/#breadcrumb","itemListElement":[{"@type":"ListItem","position":1,"name":"Domovsk\u00e1 str\u00e1nka","item":"https:\/\/bartech.sk\/en\/introduction\/"},{"@type":"ListItem","position":2,"name":"ReturnCheck"}]},{"@type":"WebSite","@id":"https:\/\/bartech.sk\/en\/#website","url":"https:\/\/bartech.sk\/en\/","name":"Rie\u0161enia pre v\u00fdrobu a logistiku","description":"Automatizovan\u00fd zber d\u00e1t vo v\u00fdrobe a logistike","publisher":{"@id":"https:\/\/bartech.sk\/en\/#organization"},"potentialAction":[{"@type":"SearchAction","target":{"@type":"EntryPoint","urlTemplate":"https:\/\/bartech.sk\/en\/?s={search_term_string}"},"query-input":{"@type":"PropertyValueSpecification","valueRequired":true,"valueName":"search_term_string"}}],"inLanguage":"en-US"},{"@type":"Organization","@id":"https:\/\/bartech.sk\/en\/#organization","name":"BARTECH SLOVAKIA","url":"https:\/\/bartech.sk\/en\/","logo":{"@type":"ImageObject","inLanguage":"en-US","@id":"https:\/\/bartech.sk\/en\/#\/schema\/logo\/image\/","url":"https:\/\/bartech.sk\/wp-content\/uploads\/2024\/07\/Bartech_podpis.png","contentUrl":"https:\/\/bartech.sk\/wp-content\/uploads\/2024\/07\/Bartech_podpis.png","width":185,"height":47,"caption":"BARTECH SLOVAKIA"},"image":{"@id":"https:\/\/bartech.sk\/en\/#\/schema\/logo\/image\/"},"sameAs":["https:\/\/www.facebook.com\/Bartech.Slovakia","https:\/\/www.linkedin.com\/company\/bartech-slovakia\/","https:\/\/www.youtube.com\/user\/BartechSk"]}]}},"_links":{"self":[{"href":"https:\/\/bartech.sk\/en\/wp-json\/wp\/v2\/pages\/4558","targetHints":{"allow":["GET"]}}],"collection":[{"href":"https:\/\/bartech.sk\/en\/wp-json\/wp\/v2\/pages"}],"about":[{"href":"https:\/\/bartech.sk\/en\/wp-json\/wp\/v2\/types\/page"}],"author":[{"embeddable":true,"href":"https:\/\/bartech.sk\/en\/wp-json\/wp\/v2\/users\/2"}],"replies":[{"embeddable":true,"href":"https:\/\/bartech.sk\/en\/wp-json\/wp\/v2\/comments?post=4558"}],"version-history":[{"count":3,"href":"https:\/\/bartech.sk\/en\/wp-json\/wp\/v2\/pages\/4558\/revisions"}],"predecessor-version":[{"id":6877,"href":"https:\/\/bartech.sk\/en\/wp-json\/wp\/v2\/pages\/4558\/revisions\/6877"}],"wp:attachment":[{"href":"https:\/\/bartech.sk\/en\/wp-json\/wp\/v2\/media?parent=4558"}],"curies":[{"name":"wp","href":"https:\/\/api.w.org\/{rel}","templated":true}]}}