{"id":4553,"date":"2024-04-22T10:27:09","date_gmt":"2024-04-22T08:27:09","guid":{"rendered":"https:\/\/bartech.sk\/packingcheck\/"},"modified":"2025-12-08T12:00:40","modified_gmt":"2025-12-08T11:00:40","slug":"packingcheck","status":"publish","type":"page","link":"https:\/\/bartech.sk\/en\/packingcheck\/","title":{"rendered":"PackingCheck"},"content":{"rendered":"\n<style type=\"text\/css\" data-created_by=\"avia_inline_auto\" id=\"style-css-av-lv2hh6tx-5c142baebaf92a2c04efa4e571a4ab5d\">\n.avia-section.av-lv2hh6tx-5c142baebaf92a2c04efa4e571a4ab5d{\nbackground-repeat:no-repeat;\nbackground-image:url(https:\/\/bartech.sk\/wp-content\/uploads\/2024\/04\/tech-banner-v2.jpg);\nbackground-position:50% 50%;\nbackground-attachment:scroll;\n}\n<\/style>\n<div id='av_section_1'  class='avia-section av-lv2hh6tx-5c142baebaf92a2c04efa4e571a4ab5d main_color avia-section-default avia-no-border-styling  avia-builder-el-0  el_before_av_section  avia-builder-el-first  main-banner avia-full-stretch avia-bg-style-scroll av-minimum-height av-minimum-height-50 av-height-50  container_wrap fullsize'  data-section-bg-repeat='stretch' data-av_minimum_height_pc='50' data-av_min_height_opt='50'><div class='container av-section-cont-open' ><main  role=\"main\" itemprop=\"mainContentOfPage\"  class='template-page content  av-content-full alpha units'><div class='post-entry post-entry-type-page post-entry-4553'><div class='entry-content-wrapper clearfix'>\n<div  class='flex_column av-50n4xn-912b247e8a5814624ceda6991ea0ca8a av_one_full  avia-builder-el-1  avia-builder-el-no-sibling  first flex_column_div  '     ><p>\n<style type=\"text\/css\" data-created_by=\"avia_inline_auto\" id=\"style-css-av-lv2hgv0i-d56a92ca207e3856d9a6b7e09184e9f8\">\n#top .av-special-heading.av-lv2hgv0i-d56a92ca207e3856d9a6b7e09184e9f8{\npadding-bottom:0;\n}\nbody .av-special-heading.av-lv2hgv0i-d56a92ca207e3856d9a6b7e09184e9f8 .av-special-heading-tag .heading-char{\nfont-size:25px;\n}\n.av-special-heading.av-lv2hgv0i-d56a92ca207e3856d9a6b7e09184e9f8 .av-subheading{\nfont-size:15px;\n}\n<\/style>\n<div  class='av-special-heading av-lv2hgv0i-d56a92ca207e3856d9a6b7e09184e9f8 av-special-heading-h1 blockquote modern-quote  avia-builder-el-2  el_before_av_hr  avia-builder-el-first  subpage-title-h1'><h1 class='av-special-heading-tag'  itemprop=\"headline\"  >PackingCheck<\/h1><div class=\"special-heading-border\"><div class=\"special-heading-inner-border\"><\/div><\/div><\/div><br \/>\n\n<style type=\"text\/css\" data-created_by=\"avia_inline_auto\" id=\"style-css-av-4vbggz-e1e09ebfae37b39159830bbfb0717b06\">\n#top .hr.av-4vbggz-e1e09ebfae37b39159830bbfb0717b06{\nmargin-top:0px;\nmargin-bottom:30px;\n}\n.hr.av-4vbggz-e1e09ebfae37b39159830bbfb0717b06 .hr-inner{\nwidth:100px;\nborder-color:#ed7207;\n}\n<\/style>\n<div  class='hr av-4vbggz-e1e09ebfae37b39159830bbfb0717b06 hr-custom  avia-builder-el-3  el_after_av_heading  avia-builder-el-last  hr-subpage-banner hr-left hr-icon-no'><span class='hr-inner inner-border-av-border-fat'><span class=\"hr-inner-style\"><\/span><\/span><\/div><\/p><\/div>\n\n<\/div><\/div><\/main><!-- close content main element --><\/div><\/div><div id='av_section_2'  class='avia-section av-lv2ie9gv-52f2c1b357645123ae96cc51261b65a0 main_color avia-section-default avia-no-border-styling  avia-builder-el-4  el_after_av_section  avia-builder-el-last  ciarove-kody-subpage-section avia-bg-style-scroll container_wrap fullsize'  ><div class='container av-section-cont-open' ><div class='template-page content  av-content-full alpha units'><div class='post-entry post-entry-type-page post-entry-4553'><div class='entry-content-wrapper clearfix'>\n<div  class='flex_column av-959t3h-5704830273735d12ef5e35e2dd9309cd av_one_full  avia-builder-el-5  el_before_av_one_full  avia-builder-el-first  first flex_column_div  '     ><section  class='av_textblock_section av-lv8f8apw-7d87af6a936903db9ffee78bc26ac5aa '   itemscope=\"itemscope\" itemtype=\"https:\/\/schema.org\/CreativeWork\" ><div class='avia_textblock'  itemprop=\"text\" ><p><strong><img loading=\"lazy\" decoding=\"async\" class=\"alignleft size-thumbnail wp-image-921\" src=\"https:\/\/bartech.sk\/wp-content\/uploads\/2024\/04\/PACKING_CHECK-80x80.png\" alt=\"\" width=\"80\" height=\"80\">The PACKING CHECK solution is designed for customers who need to monitor the progress of operations related to the final packaging of a product. The application controls the individual operations according to the packing recipe of a specific customer. The application includes data storage to ensure complete traceability.  <\/strong><\/p>\n<\/div><\/section><\/div><div  class='flex_column av-7fefxd-2f9697b4a8ff9747ed4c3f1ca64b1dd7 av_one_full  avia-builder-el-7  el_after_av_one_full  el_before_av_one_full  first flex_column_div  column-top-margin'     ><p>\n<style type=\"text\/css\" data-created_by=\"avia_inline_auto\" id=\"style-css-av-lvaozlg5-d12a1ed59dfa6df3a88d849ad9f8de4b\">\n#top .av-special-heading.av-lvaozlg5-d12a1ed59dfa6df3a88d849ad9f8de4b{\npadding-bottom:10px;\n}\nbody .av-special-heading.av-lvaozlg5-d12a1ed59dfa6df3a88d849ad9f8de4b .av-special-heading-tag .heading-char{\nfont-size:25px;\n}\n.av-special-heading.av-lvaozlg5-d12a1ed59dfa6df3a88d849ad9f8de4b .av-subheading{\nfont-size:15px;\n}\n<\/style>\n<div  class='av-special-heading av-lvaozlg5-d12a1ed59dfa6df3a88d849ad9f8de4b av-special-heading-h2 blockquote modern-quote  avia-builder-el-8  el_before_av_hr  avia-builder-el-first '><h2 class='av-special-heading-tag'  itemprop=\"headline\"  >Existing risks in the manufacturing and logistics process.<\/h2><div class=\"special-heading-border\"><div class=\"special-heading-inner-border\"><\/div><\/div><\/div><br \/>\n\n<style type=\"text\/css\" data-created_by=\"avia_inline_auto\" id=\"style-css-av-ka1v5-0bf9082fef477ccac8cebff8e8888d23\">\n#top .hr.av-ka1v5-0bf9082fef477ccac8cebff8e8888d23{\nmargin-top:0px;\nmargin-bottom:10px;\n}\n.hr.av-ka1v5-0bf9082fef477ccac8cebff8e8888d23 .hr-inner{\nwidth:90px;\nborder-color:#ed7207;\n}\n<\/style>\n<div  class='hr av-ka1v5-0bf9082fef477ccac8cebff8e8888d23 hr-custom  avia-builder-el-9  el_after_av_heading  el_before_av_textblock  hr-content hr-left hr-icon-no'><span class='hr-inner inner-border-av-border-fat'><span class=\"hr-inner-style\"><\/span><\/span><\/div><br \/>\n<section  class='av_textblock_section av-lvaozqop-a9d18eb1182372bbc6c092cab1286578 '   itemscope=\"itemscope\" itemtype=\"https:\/\/schema.org\/CreativeWork\" ><div class='avia_textblock'  itemprop=\"text\" ><p><a href=\"https:\/\/bartech.sk\/wp-content\/uploads\/2025\/01\/pckk.jpeg\" target=\"_blank\" rel=\"noopener\"><img loading=\"lazy\" decoding=\"async\" class=\"alignright wp-image-4792 size-medium\" src=\"https:\/\/bartech.sk\/wp-content\/uploads\/2025\/01\/pckk-300x225.jpeg\" alt=\"\" width=\"300\" height=\"225\"><\/a>Within the production cycle, non-conformities arise due to incorrect packaging of the final product or confusion at the PRODUCT &#8211; PREPARATION &#8211; PALETTE level. It is not uncommon for the operator to put a different number of parts into the crate than the customer requires, or to forget to insert the carton liner during the packing process, which leads to damage to the product during transport, for example. The insertion of a part from order A into a crate destined for order B is also very common. Incorrect labelling of the crate\/pallet is just a consequence of previous operations. All these conditions have one denominator &#8211; <strong>COMPLAINT.<\/strong><\/p>\n<\/div><\/section><\/p><\/div><div  class='flex_column av-4h4cq9-2019aff7f3376b4d3a75b7adf9baffe0 av_one_full  avia-builder-el-11  el_after_av_one_full  avia-builder-el-last  first flex_column_div  column-top-margin'     ><p>\n<style type=\"text\/css\" data-created_by=\"avia_inline_auto\" id=\"style-css-av-lvap035i-79d755a070bc18e60a4cb2896376ef48\">\n#top .av-special-heading.av-lvap035i-79d755a070bc18e60a4cb2896376ef48{\npadding-bottom:10px;\n}\nbody .av-special-heading.av-lvap035i-79d755a070bc18e60a4cb2896376ef48 .av-special-heading-tag .heading-char{\nfont-size:25px;\n}\n.av-special-heading.av-lvap035i-79d755a070bc18e60a4cb2896376ef48 .av-subheading{\nfont-size:15px;\n}\n<\/style>\n<div  class='av-special-heading av-lvap035i-79d755a070bc18e60a4cb2896376ef48 av-special-heading-h2 blockquote modern-quote  avia-builder-el-12  el_before_av_hr  avia-builder-el-first '><h2 class='av-special-heading-tag'  itemprop=\"headline\"  >How to prevent unwanted situations?<\/h2><div class=\"special-heading-border\"><div class=\"special-heading-inner-border\"><\/div><\/div><\/div><br \/>\n\n<style type=\"text\/css\" data-created_by=\"avia_inline_auto\" id=\"style-css-av-2tu0b5-f47f6aa88522f861911aa06375a02cea\">\n#top .hr.av-2tu0b5-f47f6aa88522f861911aa06375a02cea{\nmargin-top:0px;\nmargin-bottom:10px;\n}\n.hr.av-2tu0b5-f47f6aa88522f861911aa06375a02cea .hr-inner{\nwidth:90px;\nborder-color:#ed7207;\n}\n<\/style>\n<div  class='hr av-2tu0b5-f47f6aa88522f861911aa06375a02cea hr-custom  avia-builder-el-13  el_after_av_heading  el_before_av_textblock  hr-content hr-left hr-icon-no'><span class='hr-inner inner-border-av-border-fat'><span class=\"hr-inner-style\"><\/span><\/span><\/div><br \/>\n<section  class='av_textblock_section av-lvap0eiu-8a27a52e35b3330d4b40e4d8cefc0f09 '   itemscope=\"itemscope\" itemtype=\"https:\/\/schema.org\/CreativeWork\" ><div class='avia_textblock'  itemprop=\"text\" ><p><a href=\"https:\/\/bartech.sk\/wp-content\/uploads\/2025\/01\/pck-1.jpg\" target=\"_blank\" rel=\"noopener\"><img loading=\"lazy\" decoding=\"async\" class=\"alignleft wp-image-4785 size-medium\" src=\"https:\/\/bartech.sk\/wp-content\/uploads\/2025\/01\/pck-1-300x225.jpg\" alt=\"\" width=\"300\" height=\"225\"><\/a>Using the <strong>PACKING CHECK<\/strong> solution, the operator has the possibility to enter the ORDER number or the PRODUCT TYPE via the touch screen All in one PC. The operator is then instructed by the system what pallet to take, what type of crate to use, how many pieces should be in the crate, how many crates on the pallet, etc. <strong>At the end of the whole process, a label<\/strong> (with 1D\/2D code or RFID) <strong>is automatically printed on<\/strong> either the crate or the pallet. All data is recorded in ONLINE mode. Through the web application it is possible to monitor the current status of the packaging process. <strong>In case of a complaint, you can immediately find out WHO packed which PALETTE, WHEN, which<\/strong> PRODUCTS were on a given PALETTE, what PRODUCT was in a given PRODUCT, or what serial numbers the PRODUCTS have in this PRODUCT&#8230;   <\/p>\n<p>In case there is another parameter to be checked in the packaging process (for example, passing the product through a tester before final packaging), the <strong>PACKING CHECK<\/strong> application is ready for this as well. Does the total weight of the crate \/ pallet need to be documented to the carrier ? No problem.  <\/p>\n<p>The <strong>PACKING CHECK<\/strong> application can work autonomously or with a connection to the customer&#8217;s existing ERP and WMS system.<\/p>\n<p>For more information, please contact us at <a href=\"mailto:obchod@bartech.sk\">obchod@bartech.sk.<\/a><\/p>\n<\/div><\/section><\/p><\/div>\n","protected":false},"excerpt":{"rendered":"","protected":false},"author":2,"featured_media":0,"parent":0,"menu_order":6,"comment_status":"closed","ping_status":"closed","template":"","meta":{"footnotes":""},"class_list":["post-4553","page","type-page","status-publish","hentry"],"yoast_head":"<!-- This site is optimized with the Yoast SEO Premium plugin v23.1 (Yoast SEO v26.3) - https:\/\/yoast.com\/wordpress\/plugins\/seo\/ -->\n<title>PackingCheck - BARTECH SLOVAKIA<\/title>\n<meta name=\"robots\" content=\"index, follow, max-snippet:-1, max-image-preview:large, max-video-preview:-1\" \/>\n<link rel=\"canonical\" href=\"https:\/\/bartech.sk\/en\/packingcheck\/\" \/>\n<meta property=\"og:locale\" content=\"en_US\" \/>\n<meta property=\"og:type\" content=\"article\" \/>\n<meta property=\"og:title\" content=\"PackingCheck\" \/>\n<meta property=\"og:url\" content=\"https:\/\/bartech.sk\/en\/packingcheck\/\" \/>\n<meta property=\"og:site_name\" content=\"BARTECH SLOVAKIA\" \/>\n<meta property=\"article:publisher\" content=\"https:\/\/www.facebook.com\/Bartech.Slovakia\" \/>\n<meta property=\"article:modified_time\" content=\"2025-12-08T11:00:40+00:00\" \/>\n<meta property=\"og:image\" content=\"https:\/\/bartech.sk\/wp-content\/uploads\/2024\/04\/PACKING_CHECK.png\" \/>\n\t<meta property=\"og:image:width\" content=\"424\" \/>\n\t<meta property=\"og:image:height\" content=\"424\" \/>\n\t<meta property=\"og:image:type\" content=\"image\/png\" \/>\n<meta name=\"twitter:card\" content=\"summary_large_image\" \/>\n<meta name=\"twitter:label1\" content=\"Est. reading time\" \/>\n\t<meta name=\"twitter:data1\" content=\"20 minutes\" \/>\n<script type=\"application\/ld+json\" class=\"yoast-schema-graph\">{\"@context\":\"https:\/\/schema.org\",\"@graph\":[{\"@type\":\"WebPage\",\"@id\":\"https:\/\/bartech.sk\/en\/packingcheck\/\",\"url\":\"https:\/\/bartech.sk\/en\/packingcheck\/\",\"name\":\"PackingCheck - BARTECH SLOVAKIA\",\"isPartOf\":{\"@id\":\"https:\/\/bartech.sk\/en\/#website\"},\"primaryImageOfPage\":{\"@id\":\"https:\/\/bartech.sk\/en\/packingcheck\/#primaryimage\"},\"image\":{\"@id\":\"https:\/\/bartech.sk\/en\/packingcheck\/#primaryimage\"},\"thumbnailUrl\":\"https:\/\/bartech.sk\/wp-content\/uploads\/2024\/04\/PACKING_CHECK-80x80.png\",\"datePublished\":\"2024-04-22T08:27:09+00:00\",\"dateModified\":\"2025-12-08T11:00:40+00:00\",\"breadcrumb\":{\"@id\":\"https:\/\/bartech.sk\/en\/packingcheck\/#breadcrumb\"},\"inLanguage\":\"en-US\",\"potentialAction\":[{\"@type\":\"ReadAction\",\"target\":[\"https:\/\/bartech.sk\/en\/packingcheck\/\"]}]},{\"@type\":\"ImageObject\",\"inLanguage\":\"en-US\",\"@id\":\"https:\/\/bartech.sk\/en\/packingcheck\/#primaryimage\",\"url\":\"https:\/\/bartech.sk\/wp-content\/uploads\/2024\/04\/PACKING_CHECK-80x80.png\",\"contentUrl\":\"https:\/\/bartech.sk\/wp-content\/uploads\/2024\/04\/PACKING_CHECK-80x80.png\"},{\"@type\":\"BreadcrumbList\",\"@id\":\"https:\/\/bartech.sk\/en\/packingcheck\/#breadcrumb\",\"itemListElement\":[{\"@type\":\"ListItem\",\"position\":1,\"name\":\"Domovsk\u00e1 str\u00e1nka\",\"item\":\"https:\/\/bartech.sk\/en\/introduction\/\"},{\"@type\":\"ListItem\",\"position\":2,\"name\":\"PackingCheck\"}]},{\"@type\":\"WebSite\",\"@id\":\"https:\/\/bartech.sk\/en\/#website\",\"url\":\"https:\/\/bartech.sk\/en\/\",\"name\":\"Rie\u0161enia pre v\u00fdrobu a logistiku\",\"description\":\"Automatizovan\u00fd zber d\u00e1t vo v\u00fdrobe a logistike\",\"publisher\":{\"@id\":\"https:\/\/bartech.sk\/en\/#organization\"},\"potentialAction\":[{\"@type\":\"SearchAction\",\"target\":{\"@type\":\"EntryPoint\",\"urlTemplate\":\"https:\/\/bartech.sk\/en\/?s={search_term_string}\"},\"query-input\":{\"@type\":\"PropertyValueSpecification\",\"valueRequired\":true,\"valueName\":\"search_term_string\"}}],\"inLanguage\":\"en-US\"},{\"@type\":\"Organization\",\"@id\":\"https:\/\/bartech.sk\/en\/#organization\",\"name\":\"BARTECH SLOVAKIA\",\"url\":\"https:\/\/bartech.sk\/en\/\",\"logo\":{\"@type\":\"ImageObject\",\"inLanguage\":\"en-US\",\"@id\":\"https:\/\/bartech.sk\/en\/#\/schema\/logo\/image\/\",\"url\":\"https:\/\/bartech.sk\/wp-content\/uploads\/2024\/07\/Bartech_podpis.png\",\"contentUrl\":\"https:\/\/bartech.sk\/wp-content\/uploads\/2024\/07\/Bartech_podpis.png\",\"width\":185,\"height\":47,\"caption\":\"BARTECH SLOVAKIA\"},\"image\":{\"@id\":\"https:\/\/bartech.sk\/en\/#\/schema\/logo\/image\/\"},\"sameAs\":[\"https:\/\/www.facebook.com\/Bartech.Slovakia\",\"https:\/\/www.linkedin.com\/company\/bartech-slovakia\/\",\"https:\/\/www.youtube.com\/user\/BartechSk\"]}]}<\/script>\n<!-- \/ Yoast SEO Premium plugin. -->","yoast_head_json":{"title":"PackingCheck - BARTECH SLOVAKIA","robots":{"index":"index","follow":"follow","max-snippet":"max-snippet:-1","max-image-preview":"max-image-preview:large","max-video-preview":"max-video-preview:-1"},"canonical":"https:\/\/bartech.sk\/en\/packingcheck\/","og_locale":"en_US","og_type":"article","og_title":"PackingCheck","og_url":"https:\/\/bartech.sk\/en\/packingcheck\/","og_site_name":"BARTECH SLOVAKIA","article_publisher":"https:\/\/www.facebook.com\/Bartech.Slovakia","article_modified_time":"2025-12-08T11:00:40+00:00","og_image":[{"width":424,"height":424,"url":"https:\/\/bartech.sk\/wp-content\/uploads\/2024\/04\/PACKING_CHECK.png","type":"image\/png"}],"twitter_card":"summary_large_image","twitter_misc":{"Est. reading time":"20 minutes"},"schema":{"@context":"https:\/\/schema.org","@graph":[{"@type":"WebPage","@id":"https:\/\/bartech.sk\/en\/packingcheck\/","url":"https:\/\/bartech.sk\/en\/packingcheck\/","name":"PackingCheck - BARTECH SLOVAKIA","isPartOf":{"@id":"https:\/\/bartech.sk\/en\/#website"},"primaryImageOfPage":{"@id":"https:\/\/bartech.sk\/en\/packingcheck\/#primaryimage"},"image":{"@id":"https:\/\/bartech.sk\/en\/packingcheck\/#primaryimage"},"thumbnailUrl":"https:\/\/bartech.sk\/wp-content\/uploads\/2024\/04\/PACKING_CHECK-80x80.png","datePublished":"2024-04-22T08:27:09+00:00","dateModified":"2025-12-08T11:00:40+00:00","breadcrumb":{"@id":"https:\/\/bartech.sk\/en\/packingcheck\/#breadcrumb"},"inLanguage":"en-US","potentialAction":[{"@type":"ReadAction","target":["https:\/\/bartech.sk\/en\/packingcheck\/"]}]},{"@type":"ImageObject","inLanguage":"en-US","@id":"https:\/\/bartech.sk\/en\/packingcheck\/#primaryimage","url":"https:\/\/bartech.sk\/wp-content\/uploads\/2024\/04\/PACKING_CHECK-80x80.png","contentUrl":"https:\/\/bartech.sk\/wp-content\/uploads\/2024\/04\/PACKING_CHECK-80x80.png"},{"@type":"BreadcrumbList","@id":"https:\/\/bartech.sk\/en\/packingcheck\/#breadcrumb","itemListElement":[{"@type":"ListItem","position":1,"name":"Domovsk\u00e1 str\u00e1nka","item":"https:\/\/bartech.sk\/en\/introduction\/"},{"@type":"ListItem","position":2,"name":"PackingCheck"}]},{"@type":"WebSite","@id":"https:\/\/bartech.sk\/en\/#website","url":"https:\/\/bartech.sk\/en\/","name":"Rie\u0161enia pre v\u00fdrobu a logistiku","description":"Automatizovan\u00fd zber d\u00e1t vo v\u00fdrobe a logistike","publisher":{"@id":"https:\/\/bartech.sk\/en\/#organization"},"potentialAction":[{"@type":"SearchAction","target":{"@type":"EntryPoint","urlTemplate":"https:\/\/bartech.sk\/en\/?s={search_term_string}"},"query-input":{"@type":"PropertyValueSpecification","valueRequired":true,"valueName":"search_term_string"}}],"inLanguage":"en-US"},{"@type":"Organization","@id":"https:\/\/bartech.sk\/en\/#organization","name":"BARTECH SLOVAKIA","url":"https:\/\/bartech.sk\/en\/","logo":{"@type":"ImageObject","inLanguage":"en-US","@id":"https:\/\/bartech.sk\/en\/#\/schema\/logo\/image\/","url":"https:\/\/bartech.sk\/wp-content\/uploads\/2024\/07\/Bartech_podpis.png","contentUrl":"https:\/\/bartech.sk\/wp-content\/uploads\/2024\/07\/Bartech_podpis.png","width":185,"height":47,"caption":"BARTECH SLOVAKIA"},"image":{"@id":"https:\/\/bartech.sk\/en\/#\/schema\/logo\/image\/"},"sameAs":["https:\/\/www.facebook.com\/Bartech.Slovakia","https:\/\/www.linkedin.com\/company\/bartech-slovakia\/","https:\/\/www.youtube.com\/user\/BartechSk"]}]}},"_links":{"self":[{"href":"https:\/\/bartech.sk\/en\/wp-json\/wp\/v2\/pages\/4553","targetHints":{"allow":["GET"]}}],"collection":[{"href":"https:\/\/bartech.sk\/en\/wp-json\/wp\/v2\/pages"}],"about":[{"href":"https:\/\/bartech.sk\/en\/wp-json\/wp\/v2\/types\/page"}],"author":[{"embeddable":true,"href":"https:\/\/bartech.sk\/en\/wp-json\/wp\/v2\/users\/2"}],"replies":[{"embeddable":true,"href":"https:\/\/bartech.sk\/en\/wp-json\/wp\/v2\/comments?post=4553"}],"version-history":[{"count":3,"href":"https:\/\/bartech.sk\/en\/wp-json\/wp\/v2\/pages\/4553\/revisions"}],"predecessor-version":[{"id":7045,"href":"https:\/\/bartech.sk\/en\/wp-json\/wp\/v2\/pages\/4553\/revisions\/7045"}],"wp:attachment":[{"href":"https:\/\/bartech.sk\/en\/wp-json\/wp\/v2\/media?parent=4553"}],"curies":[{"name":"wp","href":"https:\/\/api.w.org\/{rel}","templated":true}]}}