{"id":4533,"date":"2024-07-26T13:56:40","date_gmt":"2024-07-26T11:56:40","guid":{"rendered":"https:\/\/bartech.sk\/registration-for-the-workshop\/"},"modified":"2024-09-24T15:29:05","modified_gmt":"2024-09-24T13:29:05","slug":"registration-for-the-workshop","status":"publish","type":"page","link":"https:\/\/bartech.sk\/en\/registration-for-the-workshop\/","title":{"rendered":"Registration for the workshop"},"content":{"rendered":"\n<style type=\"text\/css\" data-created_by=\"avia_inline_auto\" id=\"style-css-av-lv2hh6tx-d0919f26d5f06b5ce3ce57dae526fd17\">\n.avia-section.av-lv2hh6tx-d0919f26d5f06b5ce3ce57dae526fd17{\nbackground-repeat:no-repeat;\nbackground-image:url(https:\/\/bartech.sk\/wp-content\/uploads\/2024\/07\/registracia-banner.jpg);\nbackground-position:50% 50%;\nbackground-attachment:scroll;\n}\n<\/style>\n<div id='av_section_1'  class='avia-section av-lv2hh6tx-d0919f26d5f06b5ce3ce57dae526fd17 main_color avia-section-default avia-no-border-styling  avia-builder-el-0  el_before_av_section  avia-builder-el-first  main-banner avia-full-stretch avia-bg-style-scroll av-minimum-height av-minimum-height-50 av-height-50  container_wrap fullsize'  data-section-bg-repeat='stretch' data-av_minimum_height_pc='50' data-av_min_height_opt='50'><div class='container av-section-cont-open' ><main  role=\"main\" itemprop=\"mainContentOfPage\"  class='template-page content  av-content-full alpha units'><div class='post-entry post-entry-type-page post-entry-4533'><div class='entry-content-wrapper clearfix'>\n<div  class='flex_column av-50n4xn-912b247e8a5814624ceda6991ea0ca8a av_one_full  avia-builder-el-1  avia-builder-el-no-sibling  first flex_column_div  '     ><p>\n<style type=\"text\/css\" data-created_by=\"avia_inline_auto\" id=\"style-css-av-lv2hgv0i-23c48bb8eb43b0715a48b9d9f72efcdb\">\n#top .av-special-heading.av-lv2hgv0i-23c48bb8eb43b0715a48b9d9f72efcdb{\npadding-bottom:0;\n}\nbody .av-special-heading.av-lv2hgv0i-23c48bb8eb43b0715a48b9d9f72efcdb .av-special-heading-tag .heading-char{\nfont-size:25px;\n}\n.av-special-heading.av-lv2hgv0i-23c48bb8eb43b0715a48b9d9f72efcdb .av-subheading{\nfont-size:15px;\n}\n<\/style>\n<div  class='av-special-heading av-lv2hgv0i-23c48bb8eb43b0715a48b9d9f72efcdb av-special-heading-h1 blockquote modern-quote  avia-builder-el-2  el_before_av_hr  avia-builder-el-first  subpage-title-h1'><h1 class='av-special-heading-tag'  itemprop=\"headline\"  >Registration for the workshop<\/h1><div class=\"special-heading-border\"><div class=\"special-heading-inner-border\"><\/div><\/div><\/div><br \/>\n\n<style type=\"text\/css\" data-created_by=\"avia_inline_auto\" id=\"style-css-av-4vbggz-e1e09ebfae37b39159830bbfb0717b06\">\n#top .hr.av-4vbggz-e1e09ebfae37b39159830bbfb0717b06{\nmargin-top:0px;\nmargin-bottom:30px;\n}\n.hr.av-4vbggz-e1e09ebfae37b39159830bbfb0717b06 .hr-inner{\nwidth:100px;\nborder-color:#ed7207;\n}\n<\/style>\n<div  class='hr av-4vbggz-e1e09ebfae37b39159830bbfb0717b06 hr-custom  avia-builder-el-3  el_after_av_heading  avia-builder-el-last  hr-subpage-banner hr-left hr-icon-no'><span class='hr-inner inner-border-av-border-fat'><span class=\"hr-inner-style\"><\/span><\/span><\/div><\/p><\/div>\n\n<\/div><\/div><\/main><!-- close content main element --><\/div><\/div><div id='av_section_2'  class='avia-section av-4pam57-7d5ecdc8766e75518a8d209348f6e4e5 main_color avia-section-large avia-no-border-styling  avia-builder-el-4  el_after_av_section  avia-builder-el-last  avia-bg-style-scroll container_wrap fullsize'  ><div class='container av-section-cont-open' ><div class='template-page content  av-content-full alpha units'><div class='post-entry post-entry-type-page post-entry-4533'><div class='entry-content-wrapper clearfix'>\n<div  class='flex_column av-4liigb-74ce4fd62c899b4655f8d2bec6d2e851 av_one_full  avia-builder-el-5  el_before_av_two_third  avia-builder-el-first  first flex_column_div  '     ><section  class='av_textblock_section av-lv2hjuv5-257e3051f96454759959fd3320833939 '   itemscope=\"itemscope\" itemtype=\"https:\/\/schema.org\/CreativeWork\" ><div class='avia_textblock'  itemprop=\"text\" ><p><img loading=\"lazy\" decoding=\"async\" class=\"alignright size-medium wp-image-3910\" src=\"https:\/\/bartech.sk\/wp-content\/uploads\/2024\/07\/Manufacturing-and-logistics-300x169.jpg\" alt=\"\" width=\"300\" height=\"169\"\/>V na\u0161ej spolo\u010dnosti sa neust\u00e1le sna\u017e\u00edme zvy\u0161ova\u0165 vedomosti a zru\u010dnosti v odbore a radi sa o tieto vedomosti a sk\u00fasenosti del\u00edme aj s na\u0161imi z\u00e1kazn\u00edkmi. Preto pravidelne organizujeme odborn\u00e9 semin\u00e1re a workshopy v spolupr\u00e1ci s na\u0161imi dod\u00e1vate\u013emi a partnermi. Tieto podujatia s\u00fa zameran\u00e9 na zdie\u013eanie najnov\u0161\u00edch poznatkov, technol\u00f3gi\u00ed a postupov, ktor\u00e9 v\u00e1m m\u00f4\u017eu pom\u00f4c\u0165 by\u0165 \u00faspe\u0161nej\u0161\u00ed vo va\u0161om podnikan\u00ed.<\/p>\n<p>Tentoraz sme si pre V\u00e1s vo spolupr\u00e1ci s na\u0161imi partnermi pripravili workshop na t\u00e9mu modern\u00fdch trendov zberu d\u00e1t vo v\u00fdrobe a logistike.<\/p>\n<p>Program workshopu n\u00e1jdete v <a href=\"https:\/\/bartech.sk\/pripravy-na-workshop-su-v-plnom-prude\/\" target=\"_blank\" rel=\"noopener\">tomto \u010dl\u00e1nku.<\/a><\/p>\n<\/div><\/section><\/div><div class='flex_column_table av-lz10345a-bd8057d1eb627889f0b7004a8c8e413f sc-av_two_third av-equal-height-column-flextable'>\n<style type=\"text\/css\" data-created_by=\"avia_inline_auto\" id=\"style-css-av-lz10345a-bd8057d1eb627889f0b7004a8c8e413f\">\n.flex_column.av-lz10345a-bd8057d1eb627889f0b7004a8c8e413f{\nwidth:66.3333333333%;\nmargin-left:0;\nbackground-color:#f7f7f7;\n}\n#top .flex_column_table.av-equal-height-column-flextable.av-lz10345a-bd8057d1eb627889f0b7004a8c8e413f .av-flex-placeholder{\nwidth:1%;\n}\n<\/style>\n<div  class='flex_column av-lz10345a-bd8057d1eb627889f0b7004a8c8e413f av_two_third  avia-builder-el-7  el_after_av_one_full  el_before_av_one_third  cf-box first flex_column_table_cell av-equal-height-column av-align-top  column-top-margin'     ><p>\n<style type=\"text\/css\" data-created_by=\"avia_inline_auto\" id=\"style-css-av-lz105bod-ebda07d77b2c95d2a61cf55826331145\">\n#top .av-special-heading.av-lz105bod-ebda07d77b2c95d2a61cf55826331145{\npadding-bottom:10px;\n}\nbody .av-special-heading.av-lz105bod-ebda07d77b2c95d2a61cf55826331145 .av-special-heading-tag .heading-char{\nfont-size:25px;\n}\n.av-special-heading.av-lz105bod-ebda07d77b2c95d2a61cf55826331145 .av-subheading{\nfont-size:15px;\n}\n<\/style>\n<div  class='av-special-heading av-lz105bod-ebda07d77b2c95d2a61cf55826331145 av-special-heading-h3 blockquote modern-quote  avia-builder-el-8  el_before_av_textblock  avia-builder-el-first '><h3 class='av-special-heading-tag'  itemprop=\"headline\"  >Sign Up<\/h3><div class=\"special-heading-border\"><div class=\"special-heading-inner-border\"><\/div><\/div><\/div><br \/>\n<section  class='av_textblock_section av-lz107odh-aa14218c6c6084775455361f200ecb4c '   itemscope=\"itemscope\" itemtype=\"https:\/\/schema.org\/CreativeWork\" ><div class='avia_textblock'  itemprop=\"text\" ><p><strong>MANUFACTURING LOGISTICS INNOVATION DAY<\/strong> Location: Hotel Mik\u00e1do, Nitra (see map). <br \/>Date: October 29, 2024, at 9:00 AM.<\/p>\n<\/div><\/section><br \/>\n<\/p><\/div><div class='av-flex-placeholder'><\/div>\n<style type=\"text\/css\" data-created_by=\"avia_inline_auto\" id=\"style-css-av-2imgxr-e16233337c77bb773c5f10f00b623635\">\n.flex_column.av-2imgxr-e16233337c77bb773c5f10f00b623635{\nwidth:32.6666666667%;\nmargin-left:0;\nheight:auto;\nmin-height:340px;\n}\n#top .flex_column_table.av-equal-height-column-flextable.av-2imgxr-e16233337c77bb773c5f10f00b623635 .av-flex-placeholder{\nwidth:1%;\n}\n<\/style>\n<div  class='flex_column av-2imgxr-e16233337c77bb773c5f10f00b623635 av_one_third  avia-builder-el-11  el_after_av_two_third  el_before_av_one_third  flex_column_table_cell av-equal-height-column av-align-top  column-top-margin'     ><\/div><\/div><!--close column table wrapper. Autoclose: 1 --><div  class='flex_column av-3vdfy7-2682fab278046cce2ed24494aa82b2e7 av_one_third  avia-builder-el-13  el_after_av_one_third  el_before_av_two_third  first flex_column_div  column-top-margin'     ><section  class='av_textblock_section av-lzb7tbr2-9a0b169f1d984a4d8d8901f82831991c '   itemscope=\"itemscope\" itemtype=\"https:\/\/schema.org\/CreativeWork\" ><div class='avia_textblock'  itemprop=\"text\" ><h3 style=\"text-align: left;\">HLAVN\u00dd PARTNER<\/h3>\n<hr\/>\n<p><a href=\"https:\/\/www.zebra.com\/\" target=\"_blank\" rel=\"noopener\"><img loading=\"lazy\" decoding=\"async\" class=\"alignnone wp-image-3726\" src=\"https:\/\/bartech.sk\/wp-content\/uploads\/2024\/07\/2-zebra_logo-300x97.png\" alt=\"\" width=\"216\" height=\"70\"\/><\/a><\/p>\n<hr\/>\n<\/div><\/section><\/div><div  class='flex_column av-2m97q7-d8f64f13cd055e8c2722b4bbaec58c21 av_two_third  avia-builder-el-15  el_after_av_one_third  avia-builder-el-last  flex_column_div  column-top-margin'     ><section  class='av_textblock_section av-lzb7u09g-34ce5f69021564e5c23a21cb2dd42509 '   itemscope=\"itemscope\" itemtype=\"https:\/\/schema.org\/CreativeWork\" ><div class='avia_textblock'  itemprop=\"text\" ><h4><strong style=\"font-size: 20px;\">PARTNERI<\/strong><\/h4>\n<p><a href=\"https:\/\/www.automatorgroup.sk\/\" target=\"_blank\" rel=\"noopener\"><img loading=\"lazy\" decoding=\"async\" class=\"alignnone wp-image-3957\" src=\"https:\/\/bartech.sk\/wp-content\/uploads\/2024\/07\/Automator80.jpg\" alt=\"\" width=\"159\" height=\"50\"\/><img loading=\"lazy\" decoding=\"async\" class=\"alignleft wp-image-4327\" src=\"https:\/\/bartech.sk\/wp-content\/uploads\/2024\/08\/BarTender-Logo_CMYK-300x76.jpg\" alt=\"\" width=\"197\" height=\"50\"\/><\/a><a href=\"https:\/\/regaly-proman.cz\/\" target=\"_blank\" rel=\"noopener\"><img loading=\"lazy\" decoding=\"async\" class=\"alignleft wp-image-3964\" src=\"https:\/\/bartech.sk\/wp-content\/uploads\/2024\/07\/ProMan80.png\" alt=\"\" width=\"178\" height=\"50\"\/><\/a><a href=\"https:\/\/www.iopartners.com\/\" target=\"_blank\" rel=\"noopener\"><img loading=\"lazy\" decoding=\"async\" class=\"alignleft wp-image-3958\" src=\"https:\/\/bartech.sk\/wp-content\/uploads\/2024\/07\/io-logotype80.png\" alt=\"\" width=\"125\" height=\"50\"\/><\/a><\/p>\n<hr\/>\n<h4 style=\"text-align: left;\"><strong>MEDI\u00c1LNI PARTNERI<\/strong><\/h4>\n<p><a href=\"https:\/\/www.engineering.sk\/\" target=\"_blank\" rel=\"noopener\"><img loading=\"lazy\" decoding=\"async\" class=\"alignnone wp-image-3962\" src=\"https:\/\/bartech.sk\/wp-content\/uploads\/2024\/07\/logo_strojarstvo80.jpg\" alt=\"\" width=\"141\" height=\"45\"\/><\/a><a href=\"https:\/\/logistika.tv\/\" target=\"_blank\" rel=\"noopener\"><img loading=\"lazy\" decoding=\"async\" class=\"alignleft wp-image-3974\" src=\"https:\/\/bartech.sk\/wp-content\/uploads\/2024\/07\/LogistikaTV-logo80_2.jpg\" alt=\"\" width=\"245\" height=\"45\"\/><\/a><img loading=\"lazy\" decoding=\"async\" class=\"alignleft wp-image-3963\" src=\"https:\/\/bartech.sk\/wp-content\/uploads\/2024\/07\/LogoLogistics80.jpg\" alt=\"\" width=\"185\" height=\"45\"\/><\/p>\n<\/div><\/section><\/div>\n","protected":false},"excerpt":{"rendered":"","protected":false},"author":2,"featured_media":0,"parent":0,"menu_order":6,"comment_status":"closed","ping_status":"closed","template":"","meta":{"footnotes":""},"class_list":["post-4533","page","type-page","status-publish","hentry"],"yoast_head":"<!-- This site is optimized with the Yoast SEO Premium plugin v23.1 (Yoast SEO v26.3) - https:\/\/yoast.com\/wordpress\/plugins\/seo\/ -->\n<title>Registration for the workshop - BARTECH SLOVAKIA<\/title>\n<meta name=\"robots\" content=\"index, follow, max-snippet:-1, max-image-preview:large, max-video-preview:-1\" \/>\n<link rel=\"canonical\" href=\"https:\/\/bartech.sk\/en\/registration-for-the-workshop\/\" \/>\n<meta property=\"og:locale\" content=\"en_US\" \/>\n<meta property=\"og:type\" content=\"article\" \/>\n<meta property=\"og:title\" content=\"Registration for the workshop\" \/>\n<meta property=\"og:url\" content=\"https:\/\/bartech.sk\/en\/registration-for-the-workshop\/\" \/>\n<meta property=\"og:site_name\" content=\"BARTECH SLOVAKIA\" \/>\n<meta property=\"article:publisher\" content=\"https:\/\/www.facebook.com\/Bartech.Slovakia\" \/>\n<meta property=\"article:modified_time\" content=\"2024-09-24T13:29:05+00:00\" \/>\n<meta property=\"og:image\" content=\"https:\/\/bartech.sk\/wp-content\/uploads\/2024\/07\/Manufacturing-and-logistics-300x169.jpg\" \/>\n<meta name=\"twitter:card\" content=\"summary_large_image\" \/>\n<meta name=\"twitter:label1\" content=\"Est. reading time\" \/>\n\t<meta name=\"twitter:data1\" content=\"22 minutes\" \/>\n<script type=\"application\/ld+json\" class=\"yoast-schema-graph\">{\"@context\":\"https:\/\/schema.org\",\"@graph\":[{\"@type\":\"WebPage\",\"@id\":\"https:\/\/bartech.sk\/en\/registration-for-the-workshop\/\",\"url\":\"https:\/\/bartech.sk\/en\/registration-for-the-workshop\/\",\"name\":\"Registration for the workshop - BARTECH SLOVAKIA\",\"isPartOf\":{\"@id\":\"https:\/\/bartech.sk\/en\/#website\"},\"primaryImageOfPage\":{\"@id\":\"https:\/\/bartech.sk\/en\/registration-for-the-workshop\/#primaryimage\"},\"image\":{\"@id\":\"https:\/\/bartech.sk\/en\/registration-for-the-workshop\/#primaryimage\"},\"thumbnailUrl\":\"https:\/\/bartech.sk\/wp-content\/uploads\/2024\/07\/Manufacturing-and-logistics-300x169.jpg\",\"datePublished\":\"2024-07-26T11:56:40+00:00\",\"dateModified\":\"2024-09-24T13:29:05+00:00\",\"breadcrumb\":{\"@id\":\"https:\/\/bartech.sk\/en\/registration-for-the-workshop\/#breadcrumb\"},\"inLanguage\":\"en-US\",\"potentialAction\":[{\"@type\":\"ReadAction\",\"target\":[\"https:\/\/bartech.sk\/en\/registration-for-the-workshop\/\"]}]},{\"@type\":\"ImageObject\",\"inLanguage\":\"en-US\",\"@id\":\"https:\/\/bartech.sk\/en\/registration-for-the-workshop\/#primaryimage\",\"url\":\"https:\/\/bartech.sk\/wp-content\/uploads\/2024\/07\/Manufacturing-and-logistics-300x169.jpg\",\"contentUrl\":\"https:\/\/bartech.sk\/wp-content\/uploads\/2024\/07\/Manufacturing-and-logistics-300x169.jpg\"},{\"@type\":\"BreadcrumbList\",\"@id\":\"https:\/\/bartech.sk\/en\/registration-for-the-workshop\/#breadcrumb\",\"itemListElement\":[{\"@type\":\"ListItem\",\"position\":1,\"name\":\"Domovsk\u00e1 str\u00e1nka\",\"item\":\"https:\/\/bartech.sk\/en\/introduction\/\"},{\"@type\":\"ListItem\",\"position\":2,\"name\":\"Registration for the workshop\"}]},{\"@type\":\"WebSite\",\"@id\":\"https:\/\/bartech.sk\/en\/#website\",\"url\":\"https:\/\/bartech.sk\/en\/\",\"name\":\"Rie\u0161enia pre v\u00fdrobu a logistiku\",\"description\":\"Automatizovan\u00fd zber d\u00e1t vo v\u00fdrobe a logistike\",\"publisher\":{\"@id\":\"https:\/\/bartech.sk\/en\/#organization\"},\"potentialAction\":[{\"@type\":\"SearchAction\",\"target\":{\"@type\":\"EntryPoint\",\"urlTemplate\":\"https:\/\/bartech.sk\/en\/?s={search_term_string}\"},\"query-input\":{\"@type\":\"PropertyValueSpecification\",\"valueRequired\":true,\"valueName\":\"search_term_string\"}}],\"inLanguage\":\"en-US\"},{\"@type\":\"Organization\",\"@id\":\"https:\/\/bartech.sk\/en\/#organization\",\"name\":\"BARTECH SLOVAKIA\",\"url\":\"https:\/\/bartech.sk\/en\/\",\"logo\":{\"@type\":\"ImageObject\",\"inLanguage\":\"en-US\",\"@id\":\"https:\/\/bartech.sk\/en\/#\/schema\/logo\/image\/\",\"url\":\"https:\/\/bartech.sk\/wp-content\/uploads\/2024\/07\/Bartech_podpis.png\",\"contentUrl\":\"https:\/\/bartech.sk\/wp-content\/uploads\/2024\/07\/Bartech_podpis.png\",\"width\":185,\"height\":47,\"caption\":\"BARTECH SLOVAKIA\"},\"image\":{\"@id\":\"https:\/\/bartech.sk\/en\/#\/schema\/logo\/image\/\"},\"sameAs\":[\"https:\/\/www.facebook.com\/Bartech.Slovakia\",\"https:\/\/www.linkedin.com\/company\/bartech-slovakia\/\",\"https:\/\/www.youtube.com\/user\/BartechSk\"]}]}<\/script>\n<!-- \/ Yoast SEO Premium plugin. -->","yoast_head_json":{"title":"Registration for the workshop - BARTECH SLOVAKIA","robots":{"index":"index","follow":"follow","max-snippet":"max-snippet:-1","max-image-preview":"max-image-preview:large","max-video-preview":"max-video-preview:-1"},"canonical":"https:\/\/bartech.sk\/en\/registration-for-the-workshop\/","og_locale":"en_US","og_type":"article","og_title":"Registration for the workshop","og_url":"https:\/\/bartech.sk\/en\/registration-for-the-workshop\/","og_site_name":"BARTECH SLOVAKIA","article_publisher":"https:\/\/www.facebook.com\/Bartech.Slovakia","article_modified_time":"2024-09-24T13:29:05+00:00","og_image":[{"url":"https:\/\/bartech.sk\/wp-content\/uploads\/2024\/07\/Manufacturing-and-logistics-300x169.jpg","type":"","width":"","height":""}],"twitter_card":"summary_large_image","twitter_misc":{"Est. reading time":"22 minutes"},"schema":{"@context":"https:\/\/schema.org","@graph":[{"@type":"WebPage","@id":"https:\/\/bartech.sk\/en\/registration-for-the-workshop\/","url":"https:\/\/bartech.sk\/en\/registration-for-the-workshop\/","name":"Registration for the workshop - BARTECH SLOVAKIA","isPartOf":{"@id":"https:\/\/bartech.sk\/en\/#website"},"primaryImageOfPage":{"@id":"https:\/\/bartech.sk\/en\/registration-for-the-workshop\/#primaryimage"},"image":{"@id":"https:\/\/bartech.sk\/en\/registration-for-the-workshop\/#primaryimage"},"thumbnailUrl":"https:\/\/bartech.sk\/wp-content\/uploads\/2024\/07\/Manufacturing-and-logistics-300x169.jpg","datePublished":"2024-07-26T11:56:40+00:00","dateModified":"2024-09-24T13:29:05+00:00","breadcrumb":{"@id":"https:\/\/bartech.sk\/en\/registration-for-the-workshop\/#breadcrumb"},"inLanguage":"en-US","potentialAction":[{"@type":"ReadAction","target":["https:\/\/bartech.sk\/en\/registration-for-the-workshop\/"]}]},{"@type":"ImageObject","inLanguage":"en-US","@id":"https:\/\/bartech.sk\/en\/registration-for-the-workshop\/#primaryimage","url":"https:\/\/bartech.sk\/wp-content\/uploads\/2024\/07\/Manufacturing-and-logistics-300x169.jpg","contentUrl":"https:\/\/bartech.sk\/wp-content\/uploads\/2024\/07\/Manufacturing-and-logistics-300x169.jpg"},{"@type":"BreadcrumbList","@id":"https:\/\/bartech.sk\/en\/registration-for-the-workshop\/#breadcrumb","itemListElement":[{"@type":"ListItem","position":1,"name":"Domovsk\u00e1 str\u00e1nka","item":"https:\/\/bartech.sk\/en\/introduction\/"},{"@type":"ListItem","position":2,"name":"Registration for the workshop"}]},{"@type":"WebSite","@id":"https:\/\/bartech.sk\/en\/#website","url":"https:\/\/bartech.sk\/en\/","name":"Rie\u0161enia pre v\u00fdrobu a logistiku","description":"Automatizovan\u00fd zber d\u00e1t vo v\u00fdrobe a logistike","publisher":{"@id":"https:\/\/bartech.sk\/en\/#organization"},"potentialAction":[{"@type":"SearchAction","target":{"@type":"EntryPoint","urlTemplate":"https:\/\/bartech.sk\/en\/?s={search_term_string}"},"query-input":{"@type":"PropertyValueSpecification","valueRequired":true,"valueName":"search_term_string"}}],"inLanguage":"en-US"},{"@type":"Organization","@id":"https:\/\/bartech.sk\/en\/#organization","name":"BARTECH SLOVAKIA","url":"https:\/\/bartech.sk\/en\/","logo":{"@type":"ImageObject","inLanguage":"en-US","@id":"https:\/\/bartech.sk\/en\/#\/schema\/logo\/image\/","url":"https:\/\/bartech.sk\/wp-content\/uploads\/2024\/07\/Bartech_podpis.png","contentUrl":"https:\/\/bartech.sk\/wp-content\/uploads\/2024\/07\/Bartech_podpis.png","width":185,"height":47,"caption":"BARTECH SLOVAKIA"},"image":{"@id":"https:\/\/bartech.sk\/en\/#\/schema\/logo\/image\/"},"sameAs":["https:\/\/www.facebook.com\/Bartech.Slovakia","https:\/\/www.linkedin.com\/company\/bartech-slovakia\/","https:\/\/www.youtube.com\/user\/BartechSk"]}]}},"_links":{"self":[{"href":"https:\/\/bartech.sk\/en\/wp-json\/wp\/v2\/pages\/4533","targetHints":{"allow":["GET"]}}],"collection":[{"href":"https:\/\/bartech.sk\/en\/wp-json\/wp\/v2\/pages"}],"about":[{"href":"https:\/\/bartech.sk\/en\/wp-json\/wp\/v2\/types\/page"}],"author":[{"embeddable":true,"href":"https:\/\/bartech.sk\/en\/wp-json\/wp\/v2\/users\/2"}],"replies":[{"embeddable":true,"href":"https:\/\/bartech.sk\/en\/wp-json\/wp\/v2\/comments?post=4533"}],"version-history":[{"count":3,"href":"https:\/\/bartech.sk\/en\/wp-json\/wp\/v2\/pages\/4533\/revisions"}],"predecessor-version":[{"id":4546,"href":"https:\/\/bartech.sk\/en\/wp-json\/wp\/v2\/pages\/4533\/revisions\/4546"}],"wp:attachment":[{"href":"https:\/\/bartech.sk\/en\/wp-json\/wp\/v2\/media?parent=4533"}],"curies":[{"name":"wp","href":"https:\/\/api.w.org\/{rel}","templated":true}]}}