{"id":4527,"date":"2024-04-26T20:37:13","date_gmt":"2024-04-26T18:37:13","guid":{"rendered":"https:\/\/bartech.sk\/consultations\/trainings\/"},"modified":"2024-09-24T15:26:04","modified_gmt":"2024-09-24T13:26:04","slug":"trainings","status":"publish","type":"page","link":"https:\/\/bartech.sk\/en\/consultations\/trainings\/","title":{"rendered":"Trainings"},"content":{"rendered":"\n<style type=\"text\/css\" data-created_by=\"avia_inline_auto\" id=\"style-css-av-lv2hh6tx-210fd80d655049c8015ca779d296a84a\">\n.avia-section.av-lv2hh6tx-210fd80d655049c8015ca779d296a84a{\nbackground-repeat:no-repeat;\nbackground-image:url(https:\/\/bartech.sk\/wp-content\/uploads\/2024\/05\/skolenie-banner.jpg);\nbackground-position:50% 50%;\nbackground-attachment:scroll;\n}\n<\/style>\n<div id='av_section_1'  class='avia-section av-lv2hh6tx-210fd80d655049c8015ca779d296a84a main_color avia-section-default avia-no-border-styling  avia-builder-el-0  el_before_av_section  avia-builder-el-first  main-banner avia-full-stretch avia-bg-style-scroll av-minimum-height av-minimum-height-50 av-height-50  container_wrap fullsize'  data-section-bg-repeat='stretch' data-av_minimum_height_pc='50' data-av_min_height_opt='50'><div class='container av-section-cont-open' ><main  role=\"main\" itemprop=\"mainContentOfPage\"  class='template-page content  av-content-full alpha units'><div class='post-entry post-entry-type-page post-entry-4527'><div class='entry-content-wrapper clearfix'>\n<div  class='flex_column av-50n4xn-912b247e8a5814624ceda6991ea0ca8a av_one_full  avia-builder-el-1  avia-builder-el-no-sibling  first flex_column_div  '     ><p>\n<style type=\"text\/css\" data-created_by=\"avia_inline_auto\" id=\"style-css-av-lv2hgv0i-23c0f56ee31df65a8a9e0a5088dd3c5d\">\n#top .av-special-heading.av-lv2hgv0i-23c0f56ee31df65a8a9e0a5088dd3c5d{\npadding-bottom:0;\n}\nbody .av-special-heading.av-lv2hgv0i-23c0f56ee31df65a8a9e0a5088dd3c5d .av-special-heading-tag .heading-char{\nfont-size:25px;\n}\n.av-special-heading.av-lv2hgv0i-23c0f56ee31df65a8a9e0a5088dd3c5d .av-subheading{\nfont-size:15px;\n}\n<\/style>\n<div  class='av-special-heading av-lv2hgv0i-23c0f56ee31df65a8a9e0a5088dd3c5d av-special-heading-h1 blockquote modern-quote  avia-builder-el-2  el_before_av_hr  avia-builder-el-first  subpage-title-h1'><h1 class='av-special-heading-tag'  itemprop=\"headline\"  >Trainings<\/h1><div class=\"special-heading-border\"><div class=\"special-heading-inner-border\"><\/div><\/div><\/div><br \/>\n\n<style type=\"text\/css\" data-created_by=\"avia_inline_auto\" id=\"style-css-av-4vbggz-e1e09ebfae37b39159830bbfb0717b06\">\n#top .hr.av-4vbggz-e1e09ebfae37b39159830bbfb0717b06{\nmargin-top:0px;\nmargin-bottom:30px;\n}\n.hr.av-4vbggz-e1e09ebfae37b39159830bbfb0717b06 .hr-inner{\nwidth:100px;\nborder-color:#ed7207;\n}\n<\/style>\n<div  class='hr av-4vbggz-e1e09ebfae37b39159830bbfb0717b06 hr-custom  avia-builder-el-3  el_after_av_heading  avia-builder-el-last  hr-subpage-banner hr-left hr-icon-no'><span class='hr-inner inner-border-av-border-fat'><span class=\"hr-inner-style\"><\/span><\/span><\/div><\/p><\/div>\n\n<\/div><\/div><\/main><!-- close content main element --><\/div><\/div><div id='av_section_2'  class='avia-section av-4pam57-7d5ecdc8766e75518a8d209348f6e4e5 main_color avia-section-large avia-no-border-styling  avia-builder-el-4  el_after_av_section  avia-builder-el-last  avia-bg-style-scroll container_wrap fullsize'  ><div class='container av-section-cont-open' ><div class='template-page content  av-content-full alpha units'><div class='post-entry post-entry-type-page post-entry-4527'><div class='entry-content-wrapper clearfix'>\n<div  class='flex_column av-4liigb-74ce4fd62c899b4655f8d2bec6d2e851 av_one_full  avia-builder-el-5  el_before_av_one_full  avia-builder-el-first  first flex_column_div  '     ><section  class='av_textblock_section av-lv2hjuv5-257e3051f96454759959fd3320833939 '   itemscope=\"itemscope\" itemtype=\"https:\/\/schema.org\/CreativeWork\" ><div class='avia_textblock'  itemprop=\"text\" ><p>In our company, we believe that the proper use of our products is the key to your success. That\u2019s why we offer professional training to help you and your employees get the most out of our devices. Our training courses are tailored to your needs and can be conducted at your premises or at your location.<\/p>\n<\/div><\/section><\/div><div  class='flex_column av-f3jyyp-21b150a8d05acd0ac37261124008347f av_one_full  avia-builder-el-7  el_after_av_one_full  el_before_av_one_full  first flex_column_div  column-top-margin'     ><p>\n<style type=\"text\/css\" data-created_by=\"avia_inline_auto\" id=\"style-css-av-lwujwedd-589cb03fdb37293877236331f1f2d13f\">\n#top .av-special-heading.av-lwujwedd-589cb03fdb37293877236331f1f2d13f{\npadding-bottom:10px;\n}\nbody .av-special-heading.av-lwujwedd-589cb03fdb37293877236331f1f2d13f .av-special-heading-tag .heading-char{\nfont-size:25px;\n}\n.av-special-heading.av-lwujwedd-589cb03fdb37293877236331f1f2d13f .av-subheading{\nfont-size:15px;\n}\n<\/style>\n<div  class='av-special-heading av-lwujwedd-589cb03fdb37293877236331f1f2d13f av-special-heading-h2 blockquote modern-quote  avia-builder-el-8  el_before_av_hr  avia-builder-el-first '><h2 class='av-special-heading-tag'  itemprop=\"headline\"  >What we offer?<\/h2><div class=\"special-heading-border\"><div class=\"special-heading-inner-border\"><\/div><\/div><\/div><br \/>\n\n<style type=\"text\/css\" data-created_by=\"avia_inline_auto\" id=\"style-css-av-dn8ebl-0c91d80ff038ab63df4e0b1c02f04819\">\n#top .hr.av-dn8ebl-0c91d80ff038ab63df4e0b1c02f04819{\nmargin-top:0px;\nmargin-bottom:10px;\n}\n.hr.av-dn8ebl-0c91d80ff038ab63df4e0b1c02f04819 .hr-inner{\nwidth:90px;\nborder-color:#ed7207;\n}\n<\/style>\n<div  class='hr av-dn8ebl-0c91d80ff038ab63df4e0b1c02f04819 hr-custom  avia-builder-el-9  el_after_av_heading  el_before_av_textblock  hr-content hr-left hr-icon-no'><span class='hr-inner inner-border-av-border-fat'><span class=\"hr-inner-style\"><\/span><\/span><\/div><br \/>\n<section  class='av_textblock_section av-lwuizcak-e8693fd243d4fea5296daa632a0dbb35 '   itemscope=\"itemscope\" itemtype=\"https:\/\/schema.org\/CreativeWork\" ><div class='avia_textblock'  itemprop=\"text\" ><ul>\n<li aria-level=\"1\">Various levels of training &#8211; We will teach you everything you need to know about our products, from basic functions to advanced techniques.<\/li>\n<li aria-level=\"1\">Individual approach &#8211; Each training session is tailored to the specific requirements and needs of your team.<\/li>\n<li aria-level=\"1\">Theoretical and practical training &#8211; We combine theoretical knowledge with practical demonstrations and exercises to provide you with in-depth understanding and skills.<\/li>\n<li aria-level=\"1\">Expert materials &#8211; Training includes educational materials that will help you quickly navigate and apply the knowledge gained, which you can take with you to revisit the topics at any time.<\/li>\n<\/ul>\n<\/div><\/section><\/p><\/div><div  class='flex_column av-c71bpt-0f8222861ab1b9c2c6bf7af344a39f9a av_one_full  avia-builder-el-11  el_after_av_one_full  el_before_av_one_full  first flex_column_div  column-top-margin'     ><p>\n<style type=\"text\/css\" data-created_by=\"avia_inline_auto\" id=\"style-css-av-lwujwq4x-9c801c068c507fc6619c1b016871c213\">\n#top .av-special-heading.av-lwujwq4x-9c801c068c507fc6619c1b016871c213{\npadding-bottom:10px;\n}\nbody .av-special-heading.av-lwujwq4x-9c801c068c507fc6619c1b016871c213 .av-special-heading-tag .heading-char{\nfont-size:25px;\n}\n.av-special-heading.av-lwujwq4x-9c801c068c507fc6619c1b016871c213 .av-subheading{\nfont-size:15px;\n}\n<\/style>\n<div  class='av-special-heading av-lwujwq4x-9c801c068c507fc6619c1b016871c213 av-special-heading-h2 blockquote modern-quote  avia-builder-el-12  el_before_av_hr  avia-builder-el-first '><h2 class='av-special-heading-tag'  itemprop=\"headline\"  >Where can the training take place?<\/h2><div class=\"special-heading-border\"><div class=\"special-heading-inner-border\"><\/div><\/div><\/div><br \/>\n\n<style type=\"text\/css\" data-created_by=\"avia_inline_auto\" id=\"style-css-av-aqyyv5-d2b4cf61d6afb95e4585c383694673c7\">\n#top .hr.av-aqyyv5-d2b4cf61d6afb95e4585c383694673c7{\nmargin-top:0px;\nmargin-bottom:10px;\n}\n.hr.av-aqyyv5-d2b4cf61d6afb95e4585c383694673c7 .hr-inner{\nwidth:90px;\nborder-color:#ed7207;\n}\n<\/style>\n<div  class='hr av-aqyyv5-d2b4cf61d6afb95e4585c383694673c7 hr-custom  avia-builder-el-13  el_after_av_heading  el_before_av_textblock  hr-content hr-left hr-icon-no'><span class='hr-inner inner-border-av-border-fat'><span class=\"hr-inner-style\"><\/span><\/span><\/div><br \/>\n<section  class='av_textblock_section av-lwuizqzi-4772447d6dbaac17a5caf27ed6dccd60 '   itemscope=\"itemscope\" itemtype=\"https:\/\/schema.org\/CreativeWork\" ><div class='avia_textblock'  itemprop=\"text\" ><p>At our training center &#8211; We would be happy to welcome you to our training facilities, where we have all the necessary equipment and technology available. At your location &#8211; If it suits you better, our trainers can come to you and conduct the training directly in your environment, which can be beneficial for a better understanding of the specific conditions of your operations.<\/p>\n<\/div><\/section><\/p><\/div><div  class='flex_column av-8nef1t-cf03f96369c248ceff1e1675c73bb15d av_one_full  avia-builder-el-15  el_after_av_one_full  el_before_av_one_full  first flex_column_div  column-top-margin'     ><p>\n<style type=\"text\/css\" data-created_by=\"avia_inline_auto\" id=\"style-css-av-lwujwyaz-b567d635b33b60052234ce1edea7b5fb\">\n#top .av-special-heading.av-lwujwyaz-b567d635b33b60052234ce1edea7b5fb{\npadding-bottom:10px;\n}\nbody .av-special-heading.av-lwujwyaz-b567d635b33b60052234ce1edea7b5fb .av-special-heading-tag .heading-char{\nfont-size:25px;\n}\n.av-special-heading.av-lwujwyaz-b567d635b33b60052234ce1edea7b5fb .av-subheading{\nfont-size:15px;\n}\n<\/style>\n<div  class='av-special-heading av-lwujwyaz-b567d635b33b60052234ce1edea7b5fb av-special-heading-h2 blockquote modern-quote  avia-builder-el-16  el_before_av_hr  avia-builder-el-first '><h2 class='av-special-heading-tag'  itemprop=\"headline\"  >What other benefits does training provide me?<\/h2><div class=\"special-heading-border\"><div class=\"special-heading-inner-border\"><\/div><\/div><\/div><br \/>\n\n<style type=\"text\/css\" data-created_by=\"avia_inline_auto\" id=\"style-css-av-7hh2mp-d6441f619c6b7ffd198c8efd311a32ee\">\n#top .hr.av-7hh2mp-d6441f619c6b7ffd198c8efd311a32ee{\nmargin-top:0px;\nmargin-bottom:10px;\n}\n.hr.av-7hh2mp-d6441f619c6b7ffd198c8efd311a32ee .hr-inner{\nwidth:90px;\nborder-color:#ed7207;\n}\n<\/style>\n<div  class='hr av-7hh2mp-d6441f619c6b7ffd198c8efd311a32ee hr-custom  avia-builder-el-17  el_after_av_heading  el_before_av_textblock  hr-content hr-left hr-icon-no'><span class='hr-inner inner-border-av-border-fat'><span class=\"hr-inner-style\"><\/span><\/span><\/div><br \/>\n<section  class='av_textblock_section av-lwuj0cj7-df65c322638dab5dfbedfc8ec3943930 '   itemscope=\"itemscope\" itemtype=\"https:\/\/schema.org\/CreativeWork\" ><div class='avia_textblock'  itemprop=\"text\" ><ul>\n<li>Increased efficiency &#8211; Through our training, you will be able to use our products more effectively, leading to increased productivity and reduced error rates.<\/li>\n<li>Support for innovation &#8211; We will teach you how to take advantage of the advanced features and innovations that our products offer.<\/li>\n<li>Higher quality technical support &#8211; Our trained administrators will be able to train your new operators themselves, resulting in more effective support within your company and faster response times.<\/li>\n<\/ul>\n<\/div><\/section><\/p><\/div><div  class='flex_column av-6iixf5-9497974c7188ddc0296ab37d03f623a6 av_one_full  avia-builder-el-19  el_after_av_one_full  el_before_av_one_full  first flex_column_div  column-top-margin'     ><p>\n<style type=\"text\/css\" data-created_by=\"avia_inline_auto\" id=\"style-css-av-lwujx5at-a9b343a3c261d913e18bc869aa38cb86\">\n#top .av-special-heading.av-lwujx5at-a9b343a3c261d913e18bc869aa38cb86{\npadding-bottom:10px;\n}\nbody .av-special-heading.av-lwujx5at-a9b343a3c261d913e18bc869aa38cb86 .av-special-heading-tag .heading-char{\nfont-size:25px;\n}\n.av-special-heading.av-lwujx5at-a9b343a3c261d913e18bc869aa38cb86 .av-subheading{\nfont-size:15px;\n}\n<\/style>\n<div  class='av-special-heading av-lwujx5at-a9b343a3c261d913e18bc869aa38cb86 av-special-heading-h2 blockquote modern-quote  avia-builder-el-20  el_before_av_hr  avia-builder-el-first '><h2 class='av-special-heading-tag'  itemprop=\"headline\"  >How to register?<\/h2><div class=\"special-heading-border\"><div class=\"special-heading-inner-border\"><\/div><\/div><\/div><br \/>\n\n<style type=\"text\/css\" data-created_by=\"avia_inline_auto\" id=\"style-css-av-4l9sc1-1feb78f79ce2beabb19a7913f7549283\">\n#top .hr.av-4l9sc1-1feb78f79ce2beabb19a7913f7549283{\nmargin-top:0px;\nmargin-bottom:10px;\n}\n.hr.av-4l9sc1-1feb78f79ce2beabb19a7913f7549283 .hr-inner{\nwidth:90px;\nborder-color:#ed7207;\n}\n<\/style>\n<div  class='hr av-4l9sc1-1feb78f79ce2beabb19a7913f7549283 hr-custom  avia-builder-el-21  el_after_av_heading  el_before_av_textblock  hr-content hr-left hr-icon-no'><span class='hr-inner inner-border-av-border-fat'><span class=\"hr-inner-style\"><\/span><\/span><\/div><br \/>\n<section  class='av_textblock_section av-lwuj0vcm-0b67ea1f35b60933e7648d8cdc20451e '   itemscope=\"itemscope\" itemtype=\"https:\/\/schema.org\/CreativeWork\" ><div class='avia_textblock'  itemprop=\"text\" ><p>Contact us using the form below for more information, so we can agree on specific content and the date of the training with you. Our experts are always ready to help you get the most out of our products.<\/p>\n<\/div><\/section><\/p><\/div><div  class='flex_column av-357n75-57094ea3214bf72cc32cbde8873ee088 av_one_full  avia-builder-el-23  el_after_av_one_full  avia-builder-el-last  first flex_column_div  column-top-margin'     ><\/div>\n\n","protected":false},"excerpt":{"rendered":"","protected":false},"author":2,"featured_media":0,"parent":4518,"menu_order":6,"comment_status":"closed","ping_status":"closed","template":"","meta":{"footnotes":""},"class_list":["post-4527","page","type-page","status-publish","hentry"],"yoast_head":"<!-- This site is optimized with the Yoast SEO Premium plugin v23.1 (Yoast SEO v26.3) - https:\/\/yoast.com\/wordpress\/plugins\/seo\/ -->\n<title>Trainings - BARTECH SLOVAKIA<\/title>\n<meta name=\"robots\" content=\"index, follow, max-snippet:-1, max-image-preview:large, max-video-preview:-1\" \/>\n<link rel=\"canonical\" href=\"https:\/\/bartech.sk\/en\/consultations\/trainings\/\" \/>\n<meta property=\"og:locale\" content=\"en_US\" \/>\n<meta property=\"og:type\" content=\"article\" \/>\n<meta property=\"og:title\" content=\"Trainings\" \/>\n<meta property=\"og:url\" content=\"https:\/\/bartech.sk\/en\/consultations\/trainings\/\" \/>\n<meta property=\"og:site_name\" content=\"BARTECH SLOVAKIA\" \/>\n<meta property=\"article:publisher\" content=\"https:\/\/www.facebook.com\/Bartech.Slovakia\" \/>\n<meta property=\"article:modified_time\" content=\"2024-09-24T13:26:04+00:00\" \/>\n<meta name=\"twitter:card\" content=\"summary_large_image\" \/>\n<meta name=\"twitter:label1\" content=\"Est. reading time\" \/>\n\t<meta name=\"twitter:data1\" content=\"30 minutes\" \/>\n<script type=\"application\/ld+json\" class=\"yoast-schema-graph\">{\"@context\":\"https:\/\/schema.org\",\"@graph\":[{\"@type\":\"WebPage\",\"@id\":\"https:\/\/bartech.sk\/en\/consultations\/trainings\/\",\"url\":\"https:\/\/bartech.sk\/en\/consultations\/trainings\/\",\"name\":\"Trainings - BARTECH SLOVAKIA\",\"isPartOf\":{\"@id\":\"https:\/\/bartech.sk\/en\/#website\"},\"datePublished\":\"2024-04-26T18:37:13+00:00\",\"dateModified\":\"2024-09-24T13:26:04+00:00\",\"breadcrumb\":{\"@id\":\"https:\/\/bartech.sk\/en\/consultations\/trainings\/#breadcrumb\"},\"inLanguage\":\"en-US\",\"potentialAction\":[{\"@type\":\"ReadAction\",\"target\":[\"https:\/\/bartech.sk\/en\/consultations\/trainings\/\"]}]},{\"@type\":\"BreadcrumbList\",\"@id\":\"https:\/\/bartech.sk\/en\/consultations\/trainings\/#breadcrumb\",\"itemListElement\":[{\"@type\":\"ListItem\",\"position\":1,\"name\":\"Domovsk\u00e1 str\u00e1nka\",\"item\":\"https:\/\/bartech.sk\/en\/introduction\/\"},{\"@type\":\"ListItem\",\"position\":2,\"name\":\"Consultations\",\"item\":\"https:\/\/bartech.sk\/en\/consultations\/\"},{\"@type\":\"ListItem\",\"position\":3,\"name\":\"Trainings\"}]},{\"@type\":\"WebSite\",\"@id\":\"https:\/\/bartech.sk\/en\/#website\",\"url\":\"https:\/\/bartech.sk\/en\/\",\"name\":\"Rie\u0161enia pre v\u00fdrobu a logistiku\",\"description\":\"Automatizovan\u00fd zber d\u00e1t vo v\u00fdrobe a logistike\",\"publisher\":{\"@id\":\"https:\/\/bartech.sk\/en\/#organization\"},\"potentialAction\":[{\"@type\":\"SearchAction\",\"target\":{\"@type\":\"EntryPoint\",\"urlTemplate\":\"https:\/\/bartech.sk\/en\/?s={search_term_string}\"},\"query-input\":{\"@type\":\"PropertyValueSpecification\",\"valueRequired\":true,\"valueName\":\"search_term_string\"}}],\"inLanguage\":\"en-US\"},{\"@type\":\"Organization\",\"@id\":\"https:\/\/bartech.sk\/en\/#organization\",\"name\":\"BARTECH SLOVAKIA\",\"url\":\"https:\/\/bartech.sk\/en\/\",\"logo\":{\"@type\":\"ImageObject\",\"inLanguage\":\"en-US\",\"@id\":\"https:\/\/bartech.sk\/en\/#\/schema\/logo\/image\/\",\"url\":\"https:\/\/bartech.sk\/wp-content\/uploads\/2024\/07\/Bartech_podpis.png\",\"contentUrl\":\"https:\/\/bartech.sk\/wp-content\/uploads\/2024\/07\/Bartech_podpis.png\",\"width\":185,\"height\":47,\"caption\":\"BARTECH SLOVAKIA\"},\"image\":{\"@id\":\"https:\/\/bartech.sk\/en\/#\/schema\/logo\/image\/\"},\"sameAs\":[\"https:\/\/www.facebook.com\/Bartech.Slovakia\",\"https:\/\/www.linkedin.com\/company\/bartech-slovakia\/\",\"https:\/\/www.youtube.com\/user\/BartechSk\"]}]}<\/script>\n<!-- \/ Yoast SEO Premium plugin. -->","yoast_head_json":{"title":"Trainings - BARTECH SLOVAKIA","robots":{"index":"index","follow":"follow","max-snippet":"max-snippet:-1","max-image-preview":"max-image-preview:large","max-video-preview":"max-video-preview:-1"},"canonical":"https:\/\/bartech.sk\/en\/consultations\/trainings\/","og_locale":"en_US","og_type":"article","og_title":"Trainings","og_url":"https:\/\/bartech.sk\/en\/consultations\/trainings\/","og_site_name":"BARTECH SLOVAKIA","article_publisher":"https:\/\/www.facebook.com\/Bartech.Slovakia","article_modified_time":"2024-09-24T13:26:04+00:00","twitter_card":"summary_large_image","twitter_misc":{"Est. reading time":"30 minutes"},"schema":{"@context":"https:\/\/schema.org","@graph":[{"@type":"WebPage","@id":"https:\/\/bartech.sk\/en\/consultations\/trainings\/","url":"https:\/\/bartech.sk\/en\/consultations\/trainings\/","name":"Trainings - BARTECH SLOVAKIA","isPartOf":{"@id":"https:\/\/bartech.sk\/en\/#website"},"datePublished":"2024-04-26T18:37:13+00:00","dateModified":"2024-09-24T13:26:04+00:00","breadcrumb":{"@id":"https:\/\/bartech.sk\/en\/consultations\/trainings\/#breadcrumb"},"inLanguage":"en-US","potentialAction":[{"@type":"ReadAction","target":["https:\/\/bartech.sk\/en\/consultations\/trainings\/"]}]},{"@type":"BreadcrumbList","@id":"https:\/\/bartech.sk\/en\/consultations\/trainings\/#breadcrumb","itemListElement":[{"@type":"ListItem","position":1,"name":"Domovsk\u00e1 str\u00e1nka","item":"https:\/\/bartech.sk\/en\/introduction\/"},{"@type":"ListItem","position":2,"name":"Consultations","item":"https:\/\/bartech.sk\/en\/consultations\/"},{"@type":"ListItem","position":3,"name":"Trainings"}]},{"@type":"WebSite","@id":"https:\/\/bartech.sk\/en\/#website","url":"https:\/\/bartech.sk\/en\/","name":"Rie\u0161enia pre v\u00fdrobu a logistiku","description":"Automatizovan\u00fd zber d\u00e1t vo v\u00fdrobe a logistike","publisher":{"@id":"https:\/\/bartech.sk\/en\/#organization"},"potentialAction":[{"@type":"SearchAction","target":{"@type":"EntryPoint","urlTemplate":"https:\/\/bartech.sk\/en\/?s={search_term_string}"},"query-input":{"@type":"PropertyValueSpecification","valueRequired":true,"valueName":"search_term_string"}}],"inLanguage":"en-US"},{"@type":"Organization","@id":"https:\/\/bartech.sk\/en\/#organization","name":"BARTECH SLOVAKIA","url":"https:\/\/bartech.sk\/en\/","logo":{"@type":"ImageObject","inLanguage":"en-US","@id":"https:\/\/bartech.sk\/en\/#\/schema\/logo\/image\/","url":"https:\/\/bartech.sk\/wp-content\/uploads\/2024\/07\/Bartech_podpis.png","contentUrl":"https:\/\/bartech.sk\/wp-content\/uploads\/2024\/07\/Bartech_podpis.png","width":185,"height":47,"caption":"BARTECH SLOVAKIA"},"image":{"@id":"https:\/\/bartech.sk\/en\/#\/schema\/logo\/image\/"},"sameAs":["https:\/\/www.facebook.com\/Bartech.Slovakia","https:\/\/www.linkedin.com\/company\/bartech-slovakia\/","https:\/\/www.youtube.com\/user\/BartechSk"]}]}},"_links":{"self":[{"href":"https:\/\/bartech.sk\/en\/wp-json\/wp\/v2\/pages\/4527","targetHints":{"allow":["GET"]}}],"collection":[{"href":"https:\/\/bartech.sk\/en\/wp-json\/wp\/v2\/pages"}],"about":[{"href":"https:\/\/bartech.sk\/en\/wp-json\/wp\/v2\/types\/page"}],"author":[{"embeddable":true,"href":"https:\/\/bartech.sk\/en\/wp-json\/wp\/v2\/users\/2"}],"replies":[{"embeddable":true,"href":"https:\/\/bartech.sk\/en\/wp-json\/wp\/v2\/comments?post=4527"}],"version-history":[{"count":5,"href":"https:\/\/bartech.sk\/en\/wp-json\/wp\/v2\/pages\/4527\/revisions"}],"predecessor-version":[{"id":4532,"href":"https:\/\/bartech.sk\/en\/wp-json\/wp\/v2\/pages\/4527\/revisions\/4532"}],"up":[{"embeddable":true,"href":"https:\/\/bartech.sk\/en\/wp-json\/wp\/v2\/pages\/4518"}],"wp:attachment":[{"href":"https:\/\/bartech.sk\/en\/wp-json\/wp\/v2\/media?parent=4527"}],"curies":[{"name":"wp","href":"https:\/\/api.w.org\/{rel}","templated":true}]}}