{"id":4524,"date":"2024-04-18T17:24:08","date_gmt":"2024-04-18T15:24:08","guid":{"rendered":"https:\/\/bartech.sk\/consultations\/expert-seminars-and-workshops\/"},"modified":"2024-09-24T15:21:16","modified_gmt":"2024-09-24T13:21:16","slug":"expert-seminars-and-workshops","status":"publish","type":"page","link":"https:\/\/bartech.sk\/en\/consultations\/expert-seminars-and-workshops\/","title":{"rendered":"Expert seminars and workshops"},"content":{"rendered":"\n<style type=\"text\/css\" data-created_by=\"avia_inline_auto\" id=\"style-css-av-lv2hh6tx-15be5b01388b9eeff319e533b21eb928\">\n.avia-section.av-lv2hh6tx-15be5b01388b9eeff319e533b21eb928{\nbackground-repeat:no-repeat;\nbackground-image:url(https:\/\/bartech.sk\/wp-content\/uploads\/2024\/04\/seminar-banner-v2.jpg);\nbackground-position:50% 50%;\nbackground-attachment:scroll;\n}\n<\/style>\n<div id='av_section_1'  class='avia-section av-lv2hh6tx-15be5b01388b9eeff319e533b21eb928 main_color avia-section-default avia-no-border-styling  avia-builder-el-0  el_before_av_section  avia-builder-el-first  main-banner avia-full-stretch avia-bg-style-scroll av-minimum-height av-minimum-height-50 av-height-50  container_wrap fullsize'  data-section-bg-repeat='stretch' data-av_minimum_height_pc='50' data-av_min_height_opt='50'><div class='container av-section-cont-open' ><main  role=\"main\" itemprop=\"mainContentOfPage\"  class='template-page content  av-content-full alpha units'><div class='post-entry post-entry-type-page post-entry-4524'><div class='entry-content-wrapper clearfix'>\n<div  class='flex_column av-50n4xn-912b247e8a5814624ceda6991ea0ca8a av_one_full  avia-builder-el-1  avia-builder-el-no-sibling  first flex_column_div  '     ><p>\n<style type=\"text\/css\" data-created_by=\"avia_inline_auto\" id=\"style-css-av-lv2hgv0i-77238e2efe08f7bd18dd7b62399296a6\">\n#top .av-special-heading.av-lv2hgv0i-77238e2efe08f7bd18dd7b62399296a6{\npadding-bottom:0;\n}\nbody .av-special-heading.av-lv2hgv0i-77238e2efe08f7bd18dd7b62399296a6 .av-special-heading-tag .heading-char{\nfont-size:25px;\n}\n.av-special-heading.av-lv2hgv0i-77238e2efe08f7bd18dd7b62399296a6 .av-subheading{\nfont-size:15px;\n}\n<\/style>\n<div  class='av-special-heading av-lv2hgv0i-77238e2efe08f7bd18dd7b62399296a6 av-special-heading-h1 blockquote modern-quote  avia-builder-el-2  el_before_av_hr  avia-builder-el-first  subpage-title-h1'><h1 class='av-special-heading-tag'  itemprop=\"headline\"  >Expert seminars and workshops<\/h1><div class=\"special-heading-border\"><div class=\"special-heading-inner-border\"><\/div><\/div><\/div><br \/>\n\n<style type=\"text\/css\" data-created_by=\"avia_inline_auto\" id=\"style-css-av-4vbggz-e1e09ebfae37b39159830bbfb0717b06\">\n#top .hr.av-4vbggz-e1e09ebfae37b39159830bbfb0717b06{\nmargin-top:0px;\nmargin-bottom:30px;\n}\n.hr.av-4vbggz-e1e09ebfae37b39159830bbfb0717b06 .hr-inner{\nwidth:100px;\nborder-color:#ed7207;\n}\n<\/style>\n<div  class='hr av-4vbggz-e1e09ebfae37b39159830bbfb0717b06 hr-custom  avia-builder-el-3  el_after_av_heading  avia-builder-el-last  hr-subpage-banner hr-left hr-icon-no'><span class='hr-inner inner-border-av-border-fat'><span class=\"hr-inner-style\"><\/span><\/span><\/div><\/p><\/div>\n\n<\/div><\/div><\/main><!-- close content main element --><\/div><\/div><div id='av_section_2'  class='avia-section av-4pam57-7d5ecdc8766e75518a8d209348f6e4e5 main_color avia-section-large avia-no-border-styling  avia-builder-el-4  el_after_av_section  avia-builder-el-last  avia-bg-style-scroll container_wrap fullsize'  ><div class='container av-section-cont-open' ><div class='template-page content  av-content-full alpha units'><div class='post-entry post-entry-type-page post-entry-4524'><div class='entry-content-wrapper clearfix'>\n<div  class='flex_column av-4liigb-74ce4fd62c899b4655f8d2bec6d2e851 av_one_full  avia-builder-el-5  el_before_av_one_full  avia-builder-el-first  first flex_column_div  '     ><section  class='av_textblock_section av-lv2hjuv5-257e3051f96454759959fd3320833939 '   itemscope=\"itemscope\" itemtype=\"https:\/\/schema.org\/CreativeWork\" ><div class='avia_textblock'  itemprop=\"text\" ><p>In our company, we continuously strive to enhance knowledge and skills in the field, and we gladly share this knowledge and experience with our customers. That\u2019s why we regularly organize expert seminars and workshops in collaboration with our suppliers and partners. These events focus on sharing the latest insights, technologies, and practices that can help you be more successful in your business.<\/p>\n<\/div><\/section><\/div><div  class='flex_column av-1lrbl6-6a70da66d496ff6a7bb750e42b1f4ab2 av_one_full  avia-builder-el-7  el_after_av_one_full  el_before_av_one_full  first flex_column_div  column-top-margin'     ><p>\n<style type=\"text\/css\" data-created_by=\"avia_inline_auto\" id=\"style-css-av-lwuk06xe-fd835c2a924e7a911d06ac0cacfafa73\">\n#top .av-special-heading.av-lwuk06xe-fd835c2a924e7a911d06ac0cacfafa73{\npadding-bottom:10px;\n}\nbody .av-special-heading.av-lwuk06xe-fd835c2a924e7a911d06ac0cacfafa73 .av-special-heading-tag .heading-char{\nfont-size:25px;\n}\n.av-special-heading.av-lwuk06xe-fd835c2a924e7a911d06ac0cacfafa73 .av-subheading{\nfont-size:15px;\n}\n<\/style>\n<div  class='av-special-heading av-lwuk06xe-fd835c2a924e7a911d06ac0cacfafa73 av-special-heading-h2 blockquote modern-quote  avia-builder-el-8  el_before_av_hr  avia-builder-el-first '><h2 class='av-special-heading-tag'  itemprop=\"headline\"  >What we offer?<\/h2><div class=\"special-heading-border\"><div class=\"special-heading-inner-border\"><\/div><\/div><\/div><br \/>\n\n<style type=\"text\/css\" data-created_by=\"avia_inline_auto\" id=\"style-css-av-1d3oga-b0aac9d410cb81592c9e0cf0af5ab6ba\">\n#top .hr.av-1d3oga-b0aac9d410cb81592c9e0cf0af5ab6ba{\nmargin-top:0px;\nmargin-bottom:10px;\n}\n.hr.av-1d3oga-b0aac9d410cb81592c9e0cf0af5ab6ba .hr-inner{\nwidth:90px;\nborder-color:#ed7207;\n}\n<\/style>\n<div  class='hr av-1d3oga-b0aac9d410cb81592c9e0cf0af5ab6ba hr-custom  avia-builder-el-9  el_after_av_heading  el_before_av_textblock  hr-content hr-left hr-icon-no'><span class='hr-inner inner-border-av-border-fat'><span class=\"hr-inner-style\"><\/span><\/span><\/div><br \/>\n<section  class='av_textblock_section av-lwuimfdc-0b88fe5df76f519072eccd3cdeb8bad9 '   itemscope=\"itemscope\" itemtype=\"https:\/\/schema.org\/CreativeWork\" ><div class='avia_textblock'  itemprop=\"text\" ><ul>\n<li aria-level=\"1\">Lectures by industry experts &#8211; Our seminars include presentations from leading experts in the field who will introduce you to the latest trends and technologies.<\/li>\n<li aria-level=\"1\">Practical workshops &#8211; In the workshops, you can hands-on try new procedures and technologies on our demo devices under the guidance of experienced professionals.<\/li>\n<li aria-level=\"1\">Creating discussion forums &#8211; Seminars and workshops provide you with the opportunity to engage in discussions with experts and peers, exchange experiences, and seek common solutions.<\/li>\n<li aria-level=\"1\">Awareness &#8211; You will gain the latest information and know-how that you can immediately apply to your business.<\/li>\n<\/ul>\n<\/div><\/section><\/p><\/div><div  class='flex_column av-16m2qa-0eb8b64d9bad11a7f820096f0c975ea2 av_one_full  avia-builder-el-11  el_after_av_one_full  el_before_av_one_full  first flex_column_div  column-top-margin'     ><p>\n<style type=\"text\/css\" data-created_by=\"avia_inline_auto\" id=\"style-css-av-lwuk0eu8-86aa9735b7a89554b1f3eb6281f8e562\">\n#top .av-special-heading.av-lwuk0eu8-86aa9735b7a89554b1f3eb6281f8e562{\npadding-bottom:10px;\n}\nbody .av-special-heading.av-lwuk0eu8-86aa9735b7a89554b1f3eb6281f8e562 .av-special-heading-tag .heading-char{\nfont-size:25px;\n}\n.av-special-heading.av-lwuk0eu8-86aa9735b7a89554b1f3eb6281f8e562 .av-subheading{\nfont-size:15px;\n}\n<\/style>\n<div  class='av-special-heading av-lwuk0eu8-86aa9735b7a89554b1f3eb6281f8e562 av-special-heading-h2 blockquote modern-quote  avia-builder-el-12  el_before_av_hr  avia-builder-el-first '><h2 class='av-special-heading-tag'  itemprop=\"headline\"  >Benefits of our seminars and workshops<\/h2><div class=\"special-heading-border\"><div class=\"special-heading-inner-border\"><\/div><\/div><\/div><br \/>\n\n<style type=\"text\/css\" data-created_by=\"avia_inline_auto\" id=\"style-css-av-12thai-8897c5775c7879c8d4f8d35b6b1f1867\">\n#top .hr.av-12thai-8897c5775c7879c8d4f8d35b6b1f1867{\nmargin-top:0px;\nmargin-bottom:10px;\n}\n.hr.av-12thai-8897c5775c7879c8d4f8d35b6b1f1867 .hr-inner{\nwidth:90px;\nborder-color:#ed7207;\n}\n<\/style>\n<div  class='hr av-12thai-8897c5775c7879c8d4f8d35b6b1f1867 hr-custom  avia-builder-el-13  el_after_av_heading  el_before_av_textblock  hr-content hr-left hr-icon-no'><span class='hr-inner inner-border-av-border-fat'><span class=\"hr-inner-style\"><\/span><\/span><\/div><br \/>\n<section  class='av_textblock_section av-lwuims7v-5f3fbf233caa8f56f13d63026a881dbb '   itemscope=\"itemscope\" itemtype=\"https:\/\/schema.org\/CreativeWork\" ><div class='avia_textblock'  itemprop=\"text\" ><ul>\n<li aria-level=\"1\">Deepening knowledge &#8211; You will gain a deeper understanding of the technical and professional aspects that are crucial for your work.<\/li>\n<li aria-level=\"1\">Networking &#8211; You will establish valuable connections with experts, partners, and other professionals in the field.<\/li>\n<li aria-level=\"1\">Innovation and trends &#8211; You will receive information about the latest innovations and trends that can provide you with a competitive advantage.<\/li>\n<\/ul>\n<\/div><\/section><\/p><\/div><div  class='flex_column av-waszm-0b5474305770d94a9ff66ba4576be82c av_one_full  avia-builder-el-15  el_after_av_one_full  el_before_av_one_full  first flex_column_div  column-top-margin'     ><p>\n<style type=\"text\/css\" data-created_by=\"avia_inline_auto\" id=\"style-css-av-lwuk0mut-30f38a79b0ff1a1e90d3aa926884cc38\">\n#top .av-special-heading.av-lwuk0mut-30f38a79b0ff1a1e90d3aa926884cc38{\npadding-bottom:10px;\n}\nbody .av-special-heading.av-lwuk0mut-30f38a79b0ff1a1e90d3aa926884cc38 .av-special-heading-tag .heading-char{\nfont-size:25px;\n}\n.av-special-heading.av-lwuk0mut-30f38a79b0ff1a1e90d3aa926884cc38 .av-subheading{\nfont-size:15px;\n}\n<\/style>\n<div  class='av-special-heading av-lwuk0mut-30f38a79b0ff1a1e90d3aa926884cc38 av-special-heading-h2 blockquote modern-quote  avia-builder-el-16  el_before_av_hr  avia-builder-el-first '><h2 class='av-special-heading-tag'  itemprop=\"headline\"  >Collaboration with our partners<\/h2><div class=\"special-heading-border\"><div class=\"special-heading-inner-border\"><\/div><\/div><\/div><br \/>\n\n<style type=\"text\/css\" data-created_by=\"avia_inline_auto\" id=\"style-css-av-t1vvu-868a952997e9a11a2fe488f0191c49d5\">\n#top .hr.av-t1vvu-868a952997e9a11a2fe488f0191c49d5{\nmargin-top:0px;\nmargin-bottom:10px;\n}\n.hr.av-t1vvu-868a952997e9a11a2fe488f0191c49d5 .hr-inner{\nwidth:90px;\nborder-color:#ed7207;\n}\n<\/style>\n<div  class='hr av-t1vvu-868a952997e9a11a2fe488f0191c49d5 hr-custom  avia-builder-el-17  el_after_av_heading  el_before_av_textblock  hr-content hr-left hr-icon-no'><span class='hr-inner inner-border-av-border-fat'><span class=\"hr-inner-style\"><\/span><\/span><\/div><br \/>\n<section  class='av_textblock_section av-lwuin5wt-d530b49c0dec9db7b274df7dd675649c '   itemscope=\"itemscope\" itemtype=\"https:\/\/schema.org\/CreativeWork\" ><div class='avia_textblock'  itemprop=\"text\" ><p>Our seminars and workshops are organized in collaboration with renowned suppliers and partners, ensuring a high level of content quality and relevance. Together, we provide current and practical information that will help you achieve your goals.<\/p>\n<\/div><\/section><\/p><\/div><div  class='flex_column av-my98y-632217f98283ab093dd455c41d6a9380 av_one_full  avia-builder-el-19  el_after_av_one_full  el_before_av_one_full  first flex_column_div  column-top-margin'     ><p>\n<style type=\"text\/css\" data-created_by=\"avia_inline_auto\" id=\"style-css-av-lwuk154p-c785d6b55d586cd8b78696a5e9c5f3dc\">\n#top .av-special-heading.av-lwuk154p-c785d6b55d586cd8b78696a5e9c5f3dc{\npadding-bottom:10px;\n}\nbody .av-special-heading.av-lwuk154p-c785d6b55d586cd8b78696a5e9c5f3dc .av-special-heading-tag .heading-char{\nfont-size:25px;\n}\n.av-special-heading.av-lwuk154p-c785d6b55d586cd8b78696a5e9c5f3dc .av-subheading{\nfont-size:15px;\n}\n<\/style>\n<div  class='av-special-heading av-lwuk154p-c785d6b55d586cd8b78696a5e9c5f3dc av-special-heading-h2 blockquote modern-quote  avia-builder-el-20  el_before_av_hr  avia-builder-el-first '><h2 class='av-special-heading-tag'  itemprop=\"headline\"  >How to register?<\/h2><div class=\"special-heading-border\"><div class=\"special-heading-inner-border\"><\/div><\/div><\/div><br \/>\n\n<style type=\"text\/css\" data-created_by=\"avia_inline_auto\" id=\"style-css-av-fylu2-72586523322b155ed6bea97737fe3c73\">\n#top .hr.av-fylu2-72586523322b155ed6bea97737fe3c73{\nmargin-top:0px;\nmargin-bottom:10px;\n}\n.hr.av-fylu2-72586523322b155ed6bea97737fe3c73 .hr-inner{\nwidth:90px;\nborder-color:#ed7207;\n}\n<\/style>\n<div  class='hr av-fylu2-72586523322b155ed6bea97737fe3c73 hr-custom  avia-builder-el-21  el_after_av_heading  el_before_av_textblock  hr-content hr-left hr-icon-no'><span class='hr-inner inner-border-av-border-fat'><span class=\"hr-inner-style\"><\/span><\/span><\/div><br \/>\n<section  class='av_textblock_section av-lwuinko4-3471b3a479c030e40e549883a97c93e3 '   itemscope=\"itemscope\" itemtype=\"https:\/\/schema.org\/CreativeWork\" ><div class='avia_textblock'  itemprop=\"text\" ><p>Follow our website and company profile on LinkedIn, or contact us for more information about upcoming seminars and workshops. Register and gain access to valuable knowledge and skills that will propel you forward.<\/p>\n<\/div><\/section><\/p><\/div><div  class='flex_column av-azfzm-7641580355659de8cea508301557887d av_one_full  avia-builder-el-23  el_after_av_one_full  avia-builder-el-last  first flex_column_div  column-top-margin'     ><\/div>\n","protected":false},"excerpt":{"rendered":"","protected":false},"author":2,"featured_media":0,"parent":4518,"menu_order":6,"comment_status":"closed","ping_status":"closed","template":"","meta":{"footnotes":""},"class_list":["post-4524","page","type-page","status-publish","hentry"],"yoast_head":"<!-- This site is optimized with the Yoast SEO Premium plugin v23.1 (Yoast SEO v26.3) - https:\/\/yoast.com\/wordpress\/plugins\/seo\/ -->\n<title>Expert seminars and workshops - BARTECH SLOVAKIA<\/title>\n<meta name=\"robots\" content=\"index, follow, max-snippet:-1, max-image-preview:large, max-video-preview:-1\" \/>\n<link rel=\"canonical\" href=\"https:\/\/bartech.sk\/en\/consultations\/expert-seminars-and-workshops\/\" \/>\n<meta property=\"og:locale\" content=\"en_US\" \/>\n<meta property=\"og:type\" content=\"article\" \/>\n<meta property=\"og:title\" content=\"Expert seminars and workshops\" \/>\n<meta property=\"og:url\" content=\"https:\/\/bartech.sk\/en\/consultations\/expert-seminars-and-workshops\/\" \/>\n<meta property=\"og:site_name\" content=\"BARTECH SLOVAKIA\" \/>\n<meta property=\"article:publisher\" content=\"https:\/\/www.facebook.com\/Bartech.Slovakia\" \/>\n<meta property=\"article:modified_time\" content=\"2024-09-24T13:21:16+00:00\" \/>\n<meta name=\"twitter:card\" content=\"summary_large_image\" \/>\n<meta name=\"twitter:label1\" content=\"Est. reading time\" \/>\n\t<meta name=\"twitter:data1\" content=\"29 minutes\" \/>\n<script type=\"application\/ld+json\" class=\"yoast-schema-graph\">{\"@context\":\"https:\/\/schema.org\",\"@graph\":[{\"@type\":\"WebPage\",\"@id\":\"https:\/\/bartech.sk\/en\/consultations\/expert-seminars-and-workshops\/\",\"url\":\"https:\/\/bartech.sk\/en\/consultations\/expert-seminars-and-workshops\/\",\"name\":\"Expert seminars and workshops - BARTECH SLOVAKIA\",\"isPartOf\":{\"@id\":\"https:\/\/bartech.sk\/en\/#website\"},\"datePublished\":\"2024-04-18T15:24:08+00:00\",\"dateModified\":\"2024-09-24T13:21:16+00:00\",\"breadcrumb\":{\"@id\":\"https:\/\/bartech.sk\/en\/consultations\/expert-seminars-and-workshops\/#breadcrumb\"},\"inLanguage\":\"en-US\",\"potentialAction\":[{\"@type\":\"ReadAction\",\"target\":[\"https:\/\/bartech.sk\/en\/consultations\/expert-seminars-and-workshops\/\"]}]},{\"@type\":\"BreadcrumbList\",\"@id\":\"https:\/\/bartech.sk\/en\/consultations\/expert-seminars-and-workshops\/#breadcrumb\",\"itemListElement\":[{\"@type\":\"ListItem\",\"position\":1,\"name\":\"Domovsk\u00e1 str\u00e1nka\",\"item\":\"https:\/\/bartech.sk\/en\/introduction\/\"},{\"@type\":\"ListItem\",\"position\":2,\"name\":\"Consultations\",\"item\":\"https:\/\/bartech.sk\/en\/consultations\/\"},{\"@type\":\"ListItem\",\"position\":3,\"name\":\"Expert seminars and workshops\"}]},{\"@type\":\"WebSite\",\"@id\":\"https:\/\/bartech.sk\/en\/#website\",\"url\":\"https:\/\/bartech.sk\/en\/\",\"name\":\"Rie\u0161enia pre v\u00fdrobu a logistiku\",\"description\":\"Automatizovan\u00fd zber d\u00e1t vo v\u00fdrobe a logistike\",\"publisher\":{\"@id\":\"https:\/\/bartech.sk\/en\/#organization\"},\"potentialAction\":[{\"@type\":\"SearchAction\",\"target\":{\"@type\":\"EntryPoint\",\"urlTemplate\":\"https:\/\/bartech.sk\/en\/?s={search_term_string}\"},\"query-input\":{\"@type\":\"PropertyValueSpecification\",\"valueRequired\":true,\"valueName\":\"search_term_string\"}}],\"inLanguage\":\"en-US\"},{\"@type\":\"Organization\",\"@id\":\"https:\/\/bartech.sk\/en\/#organization\",\"name\":\"BARTECH SLOVAKIA\",\"url\":\"https:\/\/bartech.sk\/en\/\",\"logo\":{\"@type\":\"ImageObject\",\"inLanguage\":\"en-US\",\"@id\":\"https:\/\/bartech.sk\/en\/#\/schema\/logo\/image\/\",\"url\":\"https:\/\/bartech.sk\/wp-content\/uploads\/2024\/07\/Bartech_podpis.png\",\"contentUrl\":\"https:\/\/bartech.sk\/wp-content\/uploads\/2024\/07\/Bartech_podpis.png\",\"width\":185,\"height\":47,\"caption\":\"BARTECH SLOVAKIA\"},\"image\":{\"@id\":\"https:\/\/bartech.sk\/en\/#\/schema\/logo\/image\/\"},\"sameAs\":[\"https:\/\/www.facebook.com\/Bartech.Slovakia\",\"https:\/\/www.linkedin.com\/company\/bartech-slovakia\/\",\"https:\/\/www.youtube.com\/user\/BartechSk\"]}]}<\/script>\n<!-- \/ Yoast SEO Premium plugin. -->","yoast_head_json":{"title":"Expert seminars and workshops - BARTECH SLOVAKIA","robots":{"index":"index","follow":"follow","max-snippet":"max-snippet:-1","max-image-preview":"max-image-preview:large","max-video-preview":"max-video-preview:-1"},"canonical":"https:\/\/bartech.sk\/en\/consultations\/expert-seminars-and-workshops\/","og_locale":"en_US","og_type":"article","og_title":"Expert seminars and workshops","og_url":"https:\/\/bartech.sk\/en\/consultations\/expert-seminars-and-workshops\/","og_site_name":"BARTECH SLOVAKIA","article_publisher":"https:\/\/www.facebook.com\/Bartech.Slovakia","article_modified_time":"2024-09-24T13:21:16+00:00","twitter_card":"summary_large_image","twitter_misc":{"Est. reading time":"29 minutes"},"schema":{"@context":"https:\/\/schema.org","@graph":[{"@type":"WebPage","@id":"https:\/\/bartech.sk\/en\/consultations\/expert-seminars-and-workshops\/","url":"https:\/\/bartech.sk\/en\/consultations\/expert-seminars-and-workshops\/","name":"Expert seminars and workshops - BARTECH SLOVAKIA","isPartOf":{"@id":"https:\/\/bartech.sk\/en\/#website"},"datePublished":"2024-04-18T15:24:08+00:00","dateModified":"2024-09-24T13:21:16+00:00","breadcrumb":{"@id":"https:\/\/bartech.sk\/en\/consultations\/expert-seminars-and-workshops\/#breadcrumb"},"inLanguage":"en-US","potentialAction":[{"@type":"ReadAction","target":["https:\/\/bartech.sk\/en\/consultations\/expert-seminars-and-workshops\/"]}]},{"@type":"BreadcrumbList","@id":"https:\/\/bartech.sk\/en\/consultations\/expert-seminars-and-workshops\/#breadcrumb","itemListElement":[{"@type":"ListItem","position":1,"name":"Domovsk\u00e1 str\u00e1nka","item":"https:\/\/bartech.sk\/en\/introduction\/"},{"@type":"ListItem","position":2,"name":"Consultations","item":"https:\/\/bartech.sk\/en\/consultations\/"},{"@type":"ListItem","position":3,"name":"Expert seminars and workshops"}]},{"@type":"WebSite","@id":"https:\/\/bartech.sk\/en\/#website","url":"https:\/\/bartech.sk\/en\/","name":"Rie\u0161enia pre v\u00fdrobu a logistiku","description":"Automatizovan\u00fd zber d\u00e1t vo v\u00fdrobe a logistike","publisher":{"@id":"https:\/\/bartech.sk\/en\/#organization"},"potentialAction":[{"@type":"SearchAction","target":{"@type":"EntryPoint","urlTemplate":"https:\/\/bartech.sk\/en\/?s={search_term_string}"},"query-input":{"@type":"PropertyValueSpecification","valueRequired":true,"valueName":"search_term_string"}}],"inLanguage":"en-US"},{"@type":"Organization","@id":"https:\/\/bartech.sk\/en\/#organization","name":"BARTECH SLOVAKIA","url":"https:\/\/bartech.sk\/en\/","logo":{"@type":"ImageObject","inLanguage":"en-US","@id":"https:\/\/bartech.sk\/en\/#\/schema\/logo\/image\/","url":"https:\/\/bartech.sk\/wp-content\/uploads\/2024\/07\/Bartech_podpis.png","contentUrl":"https:\/\/bartech.sk\/wp-content\/uploads\/2024\/07\/Bartech_podpis.png","width":185,"height":47,"caption":"BARTECH SLOVAKIA"},"image":{"@id":"https:\/\/bartech.sk\/en\/#\/schema\/logo\/image\/"},"sameAs":["https:\/\/www.facebook.com\/Bartech.Slovakia","https:\/\/www.linkedin.com\/company\/bartech-slovakia\/","https:\/\/www.youtube.com\/user\/BartechSk"]}]}},"_links":{"self":[{"href":"https:\/\/bartech.sk\/en\/wp-json\/wp\/v2\/pages\/4524","targetHints":{"allow":["GET"]}}],"collection":[{"href":"https:\/\/bartech.sk\/en\/wp-json\/wp\/v2\/pages"}],"about":[{"href":"https:\/\/bartech.sk\/en\/wp-json\/wp\/v2\/types\/page"}],"author":[{"embeddable":true,"href":"https:\/\/bartech.sk\/en\/wp-json\/wp\/v2\/users\/2"}],"replies":[{"embeddable":true,"href":"https:\/\/bartech.sk\/en\/wp-json\/wp\/v2\/comments?post=4524"}],"version-history":[{"count":2,"href":"https:\/\/bartech.sk\/en\/wp-json\/wp\/v2\/pages\/4524\/revisions"}],"predecessor-version":[{"id":4526,"href":"https:\/\/bartech.sk\/en\/wp-json\/wp\/v2\/pages\/4524\/revisions\/4526"}],"up":[{"embeddable":true,"href":"https:\/\/bartech.sk\/en\/wp-json\/wp\/v2\/pages\/4518"}],"wp:attachment":[{"href":"https:\/\/bartech.sk\/en\/wp-json\/wp\/v2\/media?parent=4524"}],"curies":[{"name":"wp","href":"https:\/\/api.w.org\/{rel}","templated":true}]}}