{"id":4518,"date":"2024-04-18T17:21:48","date_gmt":"2024-04-18T15:21:48","guid":{"rendered":"https:\/\/bartech.sk\/consultations\/"},"modified":"2024-09-24T15:14:22","modified_gmt":"2024-09-24T13:14:22","slug":"consultations","status":"publish","type":"page","link":"https:\/\/bartech.sk\/en\/consultations\/","title":{"rendered":"Consultations"},"content":{"rendered":"\n<style type=\"text\/css\" data-created_by=\"avia_inline_auto\" id=\"style-css-av-lv2hh6tx-5e7ff5cb28a4f4a409a7f8351cf0d0c6\">\n.avia-section.av-lv2hh6tx-5e7ff5cb28a4f4a409a7f8351cf0d0c6{\nbackground-repeat:no-repeat;\nbackground-image:url(https:\/\/bartech.sk\/wp-content\/uploads\/2024\/04\/spolu-banner-v2.jpg);\nbackground-position:50% 50%;\nbackground-attachment:scroll;\n}\n<\/style>\n<div id='av_section_1'  class='avia-section av-lv2hh6tx-5e7ff5cb28a4f4a409a7f8351cf0d0c6 main_color avia-section-default avia-no-border-styling  avia-builder-el-0  el_before_av_section  avia-builder-el-first  main-banner avia-full-stretch avia-bg-style-scroll av-minimum-height av-minimum-height-50 av-height-50  container_wrap fullsize'  data-section-bg-repeat='stretch' data-av_minimum_height_pc='50' data-av_min_height_opt='50'><div class='container av-section-cont-open' ><main  role=\"main\" itemprop=\"mainContentOfPage\"  class='template-page content  av-content-full alpha units'><div class='post-entry post-entry-type-page post-entry-4518'><div class='entry-content-wrapper clearfix'>\n<div  class='flex_column av-50n4xn-912b247e8a5814624ceda6991ea0ca8a av_one_full  avia-builder-el-1  avia-builder-el-no-sibling  first flex_column_div  '     ><p>\n<style type=\"text\/css\" data-created_by=\"avia_inline_auto\" id=\"style-css-av-lv2hgv0i-7a114ba39731b29dbf509a8310dba5a8\">\n#top .av-special-heading.av-lv2hgv0i-7a114ba39731b29dbf509a8310dba5a8{\npadding-bottom:0;\n}\nbody .av-special-heading.av-lv2hgv0i-7a114ba39731b29dbf509a8310dba5a8 .av-special-heading-tag .heading-char{\nfont-size:25px;\n}\n.av-special-heading.av-lv2hgv0i-7a114ba39731b29dbf509a8310dba5a8 .av-subheading{\nfont-size:15px;\n}\n<\/style>\n<div  class='av-special-heading av-lv2hgv0i-7a114ba39731b29dbf509a8310dba5a8 av-special-heading-h1 blockquote modern-quote  avia-builder-el-2  el_before_av_hr  avia-builder-el-first  subpage-title-h1'><h1 class='av-special-heading-tag'  itemprop=\"headline\"  >Consultations<\/h1><div class=\"special-heading-border\"><div class=\"special-heading-inner-border\"><\/div><\/div><\/div><br \/>\n\n<style type=\"text\/css\" data-created_by=\"avia_inline_auto\" id=\"style-css-av-4vbggz-e1e09ebfae37b39159830bbfb0717b06\">\n#top .hr.av-4vbggz-e1e09ebfae37b39159830bbfb0717b06{\nmargin-top:0px;\nmargin-bottom:30px;\n}\n.hr.av-4vbggz-e1e09ebfae37b39159830bbfb0717b06 .hr-inner{\nwidth:100px;\nborder-color:#ed7207;\n}\n<\/style>\n<div  class='hr av-4vbggz-e1e09ebfae37b39159830bbfb0717b06 hr-custom  avia-builder-el-3  el_after_av_heading  avia-builder-el-last  hr-subpage-banner hr-left hr-icon-no'><span class='hr-inner inner-border-av-border-fat'><span class=\"hr-inner-style\"><\/span><\/span><\/div><\/p><\/div>\n\n<\/div><\/div><\/main><!-- close content main element --><\/div><\/div><div id='av_section_2'  class='avia-section av-4pam57-7d5ecdc8766e75518a8d209348f6e4e5 main_color avia-section-large avia-no-border-styling  avia-builder-el-4  el_after_av_section  avia-builder-el-last  avia-bg-style-scroll container_wrap fullsize'  ><div class='container av-section-cont-open' ><div class='template-page content  av-content-full alpha units'><div class='post-entry post-entry-type-page post-entry-4518'><div class='entry-content-wrapper clearfix'>\n<div  class='flex_column av-4liigb-74ce4fd62c899b4655f8d2bec6d2e851 av_one_full  avia-builder-el-5  el_before_av_one_third  avia-builder-el-first  first flex_column_div  '     ><section  class='av_textblock_section av-lv2hjuv5-257e3051f96454759959fd3320833939 '   itemscope=\"itemscope\" itemtype=\"https:\/\/schema.org\/CreativeWork\" ><div class='avia_textblock'  itemprop=\"text\" ><p><strong>With years of experience in the areas of implementing automatic identification, we can assist you in analyzing the requirements for <a title=\"Technol\u00f3gie\" href=\"https:\/\/bartech.sk\/technologie\/\" target=\"_blank\" rel=\"noopener\">implementing barcode or RFID technologies.<\/a><\/strong> We offer detailed analysis processing and solutions that you can use for your tender submission. We can estimate the actual costs of implementing systems in practice and can collaborate as an external consultant or reviewer for your project. It\u2019s up to you to choose the form of collaboration you prefer in this area. In the <a href=\"https:\/\/bartech.sk\/en\/references\/\" target=\"_blank\" rel=\"noopener\">REFERENCES<\/a> or <a href=\"http:\/\/mobilneriesenia.sk\/\" target=\"_blank\" rel=\"noopener\">SOLUTIONS<\/a> section, you can read more about some of the projects we have completed.<\/p>\n<\/div><\/section><\/div><div  class='flex_column av-dkav-bf4724f18ea0dad510e087f1134f9261 av_one_third  avia-builder-el-7  el_after_av_one_full  el_before_av_one_third  first flex_column_div  column-top-margin'     ><p>\n<style type=\"text\/css\" data-created_by=\"avia_inline_auto\" id=\"style-css-av-ur8zj-adf707d719fdb1d2632c02b2de1a2bf8\">\n.avia-image-container.av-ur8zj-adf707d719fdb1d2632c02b2de1a2bf8 img.avia_image{\nbox-shadow:none;\n}\n.avia-image-container.av-ur8zj-adf707d719fdb1d2632c02b2de1a2bf8 .av-image-caption-overlay-center{\ncolor:#ffffff;\n}\n<\/style>\n<div  class='avia-image-container av-ur8zj-adf707d719fdb1d2632c02b2de1a2bf8 av-styling-no-styling avia-align-  avia-builder-el-8  el_before_av_heading  avia-builder-el-first '   itemprop=\"image\" itemscope=\"itemscope\" itemtype=\"https:\/\/schema.org\/ImageObject\" ><div class=\"avia-image-container-inner\"><div class=\"avia-image-overlay-wrap\"><a href=\"https:\/\/bartech.sk\/konzultacie\/analyzy\/\" class='avia_image'  aria-label='analyz-box'><img decoding=\"async\" fetchpriority=\"high\" class='wp-image-3431 avia-img-lazy-loading-not-3431 avia_image ' src=\"https:\/\/bartech.sk\/wp-content\/uploads\/2024\/05\/analyz-box-420x280.jpg\" alt='' title='analyz-box'  height=\"280\" width=\"420\"  itemprop=\"thumbnailUrl\"  \/><\/a><\/div><\/div><\/div><br \/>\n\n<style type=\"text\/css\" data-created_by=\"avia_inline_auto\" id=\"style-css-av-lvgzteml-89ac925ce87189c20424e68ad44e4a3a\">\n#top .av-special-heading.av-lvgzteml-89ac925ce87189c20424e68ad44e4a3a{\npadding-bottom:10px;\n}\nbody .av-special-heading.av-lvgzteml-89ac925ce87189c20424e68ad44e4a3a .av-special-heading-tag .heading-char{\nfont-size:25px;\n}\n.av-special-heading.av-lvgzteml-89ac925ce87189c20424e68ad44e4a3a .av-subheading{\nfont-size:15px;\n}\n<\/style>\n<div  class='av-special-heading av-lvgzteml-89ac925ce87189c20424e68ad44e4a3a av-special-heading-h3 blockquote modern-quote  avia-builder-el-9  el_after_av_image  el_before_av_textblock '><h3 class='av-special-heading-tag'  itemprop=\"headline\"  >Analyses<\/h3><div class=\"special-heading-border\"><div class=\"special-heading-inner-border\"><\/div><\/div><\/div><br \/>\n<section  class='av_textblock_section av-lvgzwnqo-c3f9b5c048da6b67d86d038460e06149 '   itemscope=\"itemscope\" itemtype=\"https:\/\/schema.org\/CreativeWork\" ><div class='avia_textblock'  itemprop=\"text\" ><p>Thanks to our many years of experience in the areas of implementing automatic identification&#8230;<\/p>\n<\/div><\/section><br \/>\n<div  class='avia-button-wrap av-lvgzx61e-30cde9d91be991db598baf787bf5f187-wrap avia-button-left  avia-builder-el-11  el_after_av_textblock  avia-builder-el-last '><a href='https:\/\/bartech.sk\/konzultacie\/analyzy\/'  class='avia-button av-lvgzx61e-30cde9d91be991db598baf787bf5f187 avia-icon_select-yes-right-icon avia-size-small avia-position-left avia-color-theme-color'  ><span class='avia_iconbox_title' >Learn more<\/span><span class='avia_button_icon avia_button_icon_right' aria-hidden='true' data-av_icon='\ue800' data-av_iconfont='arrows'><\/span><\/a><\/div><\/p><\/div><div  class='flex_column av-2vpo7-f6e41a9fae7a7dbcf3ebf4eed9250cc1 av_one_third  avia-builder-el-12  el_after_av_one_third  el_before_av_one_third  flex_column_div  column-top-margin'     ><p>\n<style type=\"text\/css\" data-created_by=\"avia_inline_auto\" id=\"style-css-av-irg8f-cc6d88d6db32c64e5449dfa339beac72\">\n.avia-image-container.av-irg8f-cc6d88d6db32c64e5449dfa339beac72 img.avia_image{\nbox-shadow:none;\n}\n.avia-image-container.av-irg8f-cc6d88d6db32c64e5449dfa339beac72 .av-image-caption-overlay-center{\ncolor:#ffffff;\n}\n<\/style>\n<div  class='avia-image-container av-irg8f-cc6d88d6db32c64e5449dfa339beac72 av-styling-no-styling avia-align-  avia-builder-el-13  el_before_av_heading  avia-builder-el-first '   itemprop=\"image\" itemscope=\"itemscope\" itemtype=\"https:\/\/schema.org\/ImageObject\" ><div class=\"avia-image-container-inner\"><div class=\"avia-image-overlay-wrap\"><a href=\"https:\/\/bartech.sk\/konzultacie\/skolenia\/\" class='avia_image'  aria-label='skol-box'><img decoding=\"async\" fetchpriority=\"high\" class='wp-image-3429 avia-img-lazy-loading-not-3429 avia_image ' src=\"https:\/\/bartech.sk\/wp-content\/uploads\/2024\/05\/skol-box-420x280.jpg\" alt='' title='skol-box'  height=\"280\" width=\"420\"  itemprop=\"thumbnailUrl\"  \/><\/a><\/div><\/div><\/div><br \/>\n\n<style type=\"text\/css\" data-created_by=\"avia_inline_auto\" id=\"style-css-av-lvgztn27-1d6e9e60dab34f4aba5cb9d736fc20a6\">\n#top .av-special-heading.av-lvgztn27-1d6e9e60dab34f4aba5cb9d736fc20a6{\npadding-bottom:10px;\n}\nbody .av-special-heading.av-lvgztn27-1d6e9e60dab34f4aba5cb9d736fc20a6 .av-special-heading-tag .heading-char{\nfont-size:25px;\n}\n.av-special-heading.av-lvgztn27-1d6e9e60dab34f4aba5cb9d736fc20a6 .av-subheading{\nfont-size:15px;\n}\n<\/style>\n<div  class='av-special-heading av-lvgztn27-1d6e9e60dab34f4aba5cb9d736fc20a6 av-special-heading-h3 blockquote modern-quote  avia-builder-el-14  el_after_av_image  el_before_av_textblock '><h3 class='av-special-heading-tag'  itemprop=\"headline\"  >Trainings<\/h3><div class=\"special-heading-border\"><div class=\"special-heading-inner-border\"><\/div><\/div><\/div><br \/>\n<section  class='av_textblock_section av-lvgzwqeo-d61abb77302eeca38e43fa6e5969f194 '   itemscope=\"itemscope\" itemtype=\"https:\/\/schema.org\/CreativeWork\" ><div class='avia_textblock'  itemprop=\"text\" ><p>In our company, we believe that the correct use of our products is the key&#8230;<\/p>\n<\/div><\/section><br \/>\n<div  class='avia-button-wrap av-lvgzxcf9-ed4736ca895cc1e394424f78aa707c4f-wrap avia-button-left  avia-builder-el-16  el_after_av_textblock  avia-builder-el-last '><a href='https:\/\/bartech.sk\/konzultacie\/skolenia\/'  class='avia-button av-lvgzxcf9-ed4736ca895cc1e394424f78aa707c4f avia-icon_select-yes-right-icon avia-size-small avia-position-left avia-color-theme-color'  ><span class='avia_iconbox_title' >Learn more<\/span><span class='avia_button_icon avia_button_icon_right' aria-hidden='true' data-av_icon='\ue800' data-av_iconfont='arrows'><\/span><\/a><\/div><\/p><\/div><div  class='flex_column av-dzrof-a4bc637787b964219a51c6222df53f7f av_one_third  avia-builder-el-17  el_after_av_one_third  avia-builder-el-last  flex_column_div  column-top-margin'     ><p>\n<style type=\"text\/css\" data-created_by=\"avia_inline_auto\" id=\"style-css-av-ajnbb-30e5a6d9c04352b8fb590d1bfec41603\">\n.avia-image-container.av-ajnbb-30e5a6d9c04352b8fb590d1bfec41603 img.avia_image{\nbox-shadow:none;\n}\n.avia-image-container.av-ajnbb-30e5a6d9c04352b8fb590d1bfec41603 .av-image-caption-overlay-center{\ncolor:#ffffff;\n}\n<\/style>\n<div  class='avia-image-container av-ajnbb-30e5a6d9c04352b8fb590d1bfec41603 av-styling-no-styling avia-align-  avia-builder-el-18  el_before_av_heading  avia-builder-el-first '   itemprop=\"image\" itemscope=\"itemscope\" itemtype=\"https:\/\/schema.org\/ImageObject\" ><div class=\"avia-image-container-inner\"><div class=\"avia-image-overlay-wrap\"><a href=\"https:\/\/bartech.sk\/konzultacie\/seminare\/\" class='avia_image'  aria-label='skolenia-odborne-seminare'><img decoding=\"async\" fetchpriority=\"high\" class='wp-image-507 avia-img-lazy-loading-not-507 avia_image ' src=\"https:\/\/bartech.sk\/wp-content\/uploads\/2024\/04\/skolenia-odborne-seminare-420x280.jpg\" alt='' title='skolenia-odborne-seminare'  height=\"280\" width=\"420\"  itemprop=\"thumbnailUrl\"  \/><\/a><\/div><\/div><\/div><br \/>\n\n<style type=\"text\/css\" data-created_by=\"avia_inline_auto\" id=\"style-css-av-lvgzvb93-50bf64c5bbb47226c69100e32b7df891\">\n#top .av-special-heading.av-lvgzvb93-50bf64c5bbb47226c69100e32b7df891{\npadding-bottom:10px;\n}\nbody .av-special-heading.av-lvgzvb93-50bf64c5bbb47226c69100e32b7df891 .av-special-heading-tag .heading-char{\nfont-size:25px;\n}\n.av-special-heading.av-lvgzvb93-50bf64c5bbb47226c69100e32b7df891 .av-subheading{\nfont-size:15px;\n}\n<\/style>\n<div  class='av-special-heading av-lvgzvb93-50bf64c5bbb47226c69100e32b7df891 av-special-heading-h3 blockquote modern-quote  avia-builder-el-19  el_after_av_image  el_before_av_textblock '><h3 class='av-special-heading-tag'  itemprop=\"headline\"  >Expert seminars<\/h3><div class=\"special-heading-border\"><div class=\"special-heading-inner-border\"><\/div><\/div><\/div><br \/>\n<section  class='av_textblock_section av-lvgzww6x-e32a7a8d7c18bbe365da79b296009ad0 '   itemscope=\"itemscope\" itemtype=\"https:\/\/schema.org\/CreativeWork\" ><div class='avia_textblock'  itemprop=\"text\" ><p>In our company, we continuously strive to enhance knowledge and skills&#8230;<\/p>\n<\/div><\/section><br \/>\n<div  class='avia-button-wrap av-lvgzxi4u-a3560670e23c03646d0a69d363cdaf1a-wrap avia-button-left  avia-builder-el-21  el_after_av_textblock  avia-builder-el-last '><a href='https:\/\/bartech.sk\/konzultacie\/seminare\/'  class='avia-button av-lvgzxi4u-a3560670e23c03646d0a69d363cdaf1a avia-icon_select-yes-right-icon avia-size-small avia-position-left avia-color-theme-color'  ><span class='avia_iconbox_title' >Learn more<\/span><span class='avia_button_icon avia_button_icon_right' aria-hidden='true' data-av_icon='\ue800' data-av_iconfont='arrows'><\/span><\/a><\/div><\/p><\/div>\n","protected":false},"excerpt":{"rendered":"","protected":false},"author":2,"featured_media":0,"parent":0,"menu_order":6,"comment_status":"closed","ping_status":"closed","template":"","meta":{"footnotes":""},"class_list":["post-4518","page","type-page","status-publish","hentry"],"yoast_head":"<!-- This site is optimized with the Yoast SEO Premium plugin v23.1 (Yoast SEO v26.3) - https:\/\/yoast.com\/wordpress\/plugins\/seo\/ -->\n<title>Consultations - BARTECH SLOVAKIA<\/title>\n<meta name=\"robots\" content=\"index, follow, max-snippet:-1, max-image-preview:large, max-video-preview:-1\" \/>\n<link rel=\"canonical\" href=\"https:\/\/bartech.sk\/en\/consultations\/\" \/>\n<meta property=\"og:locale\" content=\"en_US\" \/>\n<meta property=\"og:type\" content=\"article\" \/>\n<meta property=\"og:title\" content=\"Consultations\" \/>\n<meta property=\"og:url\" content=\"https:\/\/bartech.sk\/en\/consultations\/\" \/>\n<meta property=\"og:site_name\" content=\"BARTECH SLOVAKIA\" \/>\n<meta property=\"article:publisher\" content=\"https:\/\/www.facebook.com\/Bartech.Slovakia\" \/>\n<meta property=\"article:modified_time\" content=\"2024-09-24T13:14:22+00:00\" \/>\n<meta name=\"twitter:card\" content=\"summary_large_image\" \/>\n<meta name=\"twitter:label1\" content=\"Est. reading time\" \/>\n\t<meta name=\"twitter:data1\" content=\"32 minutes\" \/>\n<script type=\"application\/ld+json\" class=\"yoast-schema-graph\">{\"@context\":\"https:\/\/schema.org\",\"@graph\":[{\"@type\":\"WebPage\",\"@id\":\"https:\/\/bartech.sk\/en\/consultations\/\",\"url\":\"https:\/\/bartech.sk\/en\/consultations\/\",\"name\":\"Consultations - BARTECH SLOVAKIA\",\"isPartOf\":{\"@id\":\"https:\/\/bartech.sk\/en\/#website\"},\"datePublished\":\"2024-04-18T15:21:48+00:00\",\"dateModified\":\"2024-09-24T13:14:22+00:00\",\"breadcrumb\":{\"@id\":\"https:\/\/bartech.sk\/en\/consultations\/#breadcrumb\"},\"inLanguage\":\"en-US\",\"potentialAction\":[{\"@type\":\"ReadAction\",\"target\":[\"https:\/\/bartech.sk\/en\/consultations\/\"]}]},{\"@type\":\"BreadcrumbList\",\"@id\":\"https:\/\/bartech.sk\/en\/consultations\/#breadcrumb\",\"itemListElement\":[{\"@type\":\"ListItem\",\"position\":1,\"name\":\"Domovsk\u00e1 str\u00e1nka\",\"item\":\"https:\/\/bartech.sk\/en\/introduction\/\"},{\"@type\":\"ListItem\",\"position\":2,\"name\":\"Consultations\"}]},{\"@type\":\"WebSite\",\"@id\":\"https:\/\/bartech.sk\/en\/#website\",\"url\":\"https:\/\/bartech.sk\/en\/\",\"name\":\"Rie\u0161enia pre v\u00fdrobu a logistiku\",\"description\":\"Automatizovan\u00fd zber d\u00e1t vo v\u00fdrobe a logistike\",\"publisher\":{\"@id\":\"https:\/\/bartech.sk\/en\/#organization\"},\"potentialAction\":[{\"@type\":\"SearchAction\",\"target\":{\"@type\":\"EntryPoint\",\"urlTemplate\":\"https:\/\/bartech.sk\/en\/?s={search_term_string}\"},\"query-input\":{\"@type\":\"PropertyValueSpecification\",\"valueRequired\":true,\"valueName\":\"search_term_string\"}}],\"inLanguage\":\"en-US\"},{\"@type\":\"Organization\",\"@id\":\"https:\/\/bartech.sk\/en\/#organization\",\"name\":\"BARTECH SLOVAKIA\",\"url\":\"https:\/\/bartech.sk\/en\/\",\"logo\":{\"@type\":\"ImageObject\",\"inLanguage\":\"en-US\",\"@id\":\"https:\/\/bartech.sk\/en\/#\/schema\/logo\/image\/\",\"url\":\"https:\/\/bartech.sk\/wp-content\/uploads\/2024\/07\/Bartech_podpis.png\",\"contentUrl\":\"https:\/\/bartech.sk\/wp-content\/uploads\/2024\/07\/Bartech_podpis.png\",\"width\":185,\"height\":47,\"caption\":\"BARTECH SLOVAKIA\"},\"image\":{\"@id\":\"https:\/\/bartech.sk\/en\/#\/schema\/logo\/image\/\"},\"sameAs\":[\"https:\/\/www.facebook.com\/Bartech.Slovakia\",\"https:\/\/www.linkedin.com\/company\/bartech-slovakia\/\",\"https:\/\/www.youtube.com\/user\/BartechSk\"]}]}<\/script>\n<!-- \/ Yoast SEO Premium plugin. -->","yoast_head_json":{"title":"Consultations - BARTECH SLOVAKIA","robots":{"index":"index","follow":"follow","max-snippet":"max-snippet:-1","max-image-preview":"max-image-preview:large","max-video-preview":"max-video-preview:-1"},"canonical":"https:\/\/bartech.sk\/en\/consultations\/","og_locale":"en_US","og_type":"article","og_title":"Consultations","og_url":"https:\/\/bartech.sk\/en\/consultations\/","og_site_name":"BARTECH SLOVAKIA","article_publisher":"https:\/\/www.facebook.com\/Bartech.Slovakia","article_modified_time":"2024-09-24T13:14:22+00:00","twitter_card":"summary_large_image","twitter_misc":{"Est. reading time":"32 minutes"},"schema":{"@context":"https:\/\/schema.org","@graph":[{"@type":"WebPage","@id":"https:\/\/bartech.sk\/en\/consultations\/","url":"https:\/\/bartech.sk\/en\/consultations\/","name":"Consultations - BARTECH SLOVAKIA","isPartOf":{"@id":"https:\/\/bartech.sk\/en\/#website"},"datePublished":"2024-04-18T15:21:48+00:00","dateModified":"2024-09-24T13:14:22+00:00","breadcrumb":{"@id":"https:\/\/bartech.sk\/en\/consultations\/#breadcrumb"},"inLanguage":"en-US","potentialAction":[{"@type":"ReadAction","target":["https:\/\/bartech.sk\/en\/consultations\/"]}]},{"@type":"BreadcrumbList","@id":"https:\/\/bartech.sk\/en\/consultations\/#breadcrumb","itemListElement":[{"@type":"ListItem","position":1,"name":"Domovsk\u00e1 str\u00e1nka","item":"https:\/\/bartech.sk\/en\/introduction\/"},{"@type":"ListItem","position":2,"name":"Consultations"}]},{"@type":"WebSite","@id":"https:\/\/bartech.sk\/en\/#website","url":"https:\/\/bartech.sk\/en\/","name":"Rie\u0161enia pre v\u00fdrobu a logistiku","description":"Automatizovan\u00fd zber d\u00e1t vo v\u00fdrobe a logistike","publisher":{"@id":"https:\/\/bartech.sk\/en\/#organization"},"potentialAction":[{"@type":"SearchAction","target":{"@type":"EntryPoint","urlTemplate":"https:\/\/bartech.sk\/en\/?s={search_term_string}"},"query-input":{"@type":"PropertyValueSpecification","valueRequired":true,"valueName":"search_term_string"}}],"inLanguage":"en-US"},{"@type":"Organization","@id":"https:\/\/bartech.sk\/en\/#organization","name":"BARTECH SLOVAKIA","url":"https:\/\/bartech.sk\/en\/","logo":{"@type":"ImageObject","inLanguage":"en-US","@id":"https:\/\/bartech.sk\/en\/#\/schema\/logo\/image\/","url":"https:\/\/bartech.sk\/wp-content\/uploads\/2024\/07\/Bartech_podpis.png","contentUrl":"https:\/\/bartech.sk\/wp-content\/uploads\/2024\/07\/Bartech_podpis.png","width":185,"height":47,"caption":"BARTECH SLOVAKIA"},"image":{"@id":"https:\/\/bartech.sk\/en\/#\/schema\/logo\/image\/"},"sameAs":["https:\/\/www.facebook.com\/Bartech.Slovakia","https:\/\/www.linkedin.com\/company\/bartech-slovakia\/","https:\/\/www.youtube.com\/user\/BartechSk"]}]}},"_links":{"self":[{"href":"https:\/\/bartech.sk\/en\/wp-json\/wp\/v2\/pages\/4518","targetHints":{"allow":["GET"]}}],"collection":[{"href":"https:\/\/bartech.sk\/en\/wp-json\/wp\/v2\/pages"}],"about":[{"href":"https:\/\/bartech.sk\/en\/wp-json\/wp\/v2\/types\/page"}],"author":[{"embeddable":true,"href":"https:\/\/bartech.sk\/en\/wp-json\/wp\/v2\/users\/2"}],"replies":[{"embeddable":true,"href":"https:\/\/bartech.sk\/en\/wp-json\/wp\/v2\/comments?post=4518"}],"version-history":[{"count":2,"href":"https:\/\/bartech.sk\/en\/wp-json\/wp\/v2\/pages\/4518\/revisions"}],"predecessor-version":[{"id":4520,"href":"https:\/\/bartech.sk\/en\/wp-json\/wp\/v2\/pages\/4518\/revisions\/4520"}],"wp:attachment":[{"href":"https:\/\/bartech.sk\/en\/wp-json\/wp\/v2\/media?parent=4518"}],"curies":[{"name":"wp","href":"https:\/\/api.w.org\/{rel}","templated":true}]}}