{"id":4506,"date":"2024-04-18T17:38:13","date_gmt":"2024-04-18T15:38:13","guid":{"rendered":"https:\/\/bartech.sk\/dpm-direct-part-marking\/"},"modified":"2024-09-24T14:47:02","modified_gmt":"2024-09-24T12:47:02","slug":"dpm-direct-part-marking","status":"publish","type":"page","link":"https:\/\/bartech.sk\/en\/dpm-direct-part-marking\/","title":{"rendered":"DPM &#8211; Direct Part Marking"},"content":{"rendered":"\n<style type=\"text\/css\" data-created_by=\"avia_inline_auto\" id=\"style-css-av-lv2hh6tx-7159f6f4172521f0bb87111f675aef73\">\n.avia-section.av-lv2hh6tx-7159f6f4172521f0bb87111f675aef73{\nbackground-repeat:no-repeat;\nbackground-image:url(https:\/\/bartech.sk\/wp-content\/uploads\/2024\/04\/dpm-banner-v2.jpg);\nbackground-position:50% 50%;\nbackground-attachment:scroll;\n}\n<\/style>\n<div id='av_section_1'  class='avia-section av-lv2hh6tx-7159f6f4172521f0bb87111f675aef73 main_color avia-section-default avia-no-border-styling  avia-builder-el-0  el_before_av_section  avia-builder-el-first  main-banner avia-full-stretch avia-bg-style-scroll av-minimum-height av-minimum-height-50 av-height-50  container_wrap fullsize'  data-section-bg-repeat='stretch' data-av_minimum_height_pc='50' data-av_min_height_opt='50'><div class='container av-section-cont-open' ><main  role=\"main\" itemprop=\"mainContentOfPage\"  class='template-page content  av-content-full alpha units'><div class='post-entry post-entry-type-page post-entry-4506'><div class='entry-content-wrapper clearfix'>\n<div  class='flex_column av-50n4xn-912b247e8a5814624ceda6991ea0ca8a av_one_full  avia-builder-el-1  avia-builder-el-no-sibling  first flex_column_div  '     ><p>\n<style type=\"text\/css\" data-created_by=\"avia_inline_auto\" id=\"style-css-av-lv2hgv0i-2d9c1d903599b839359c42d33ad89f8d\">\n#top .av-special-heading.av-lv2hgv0i-2d9c1d903599b839359c42d33ad89f8d{\npadding-bottom:0;\n}\nbody .av-special-heading.av-lv2hgv0i-2d9c1d903599b839359c42d33ad89f8d .av-special-heading-tag .heading-char{\nfont-size:25px;\n}\n.av-special-heading.av-lv2hgv0i-2d9c1d903599b839359c42d33ad89f8d .av-subheading{\nfont-size:15px;\n}\n<\/style>\n<div  class='av-special-heading av-lv2hgv0i-2d9c1d903599b839359c42d33ad89f8d av-special-heading-h1 blockquote modern-quote  avia-builder-el-2  el_before_av_hr  avia-builder-el-first  subpage-title-h1'><h1 class='av-special-heading-tag'  itemprop=\"headline\"  >DPM &#8211; Direct Part Marking<\/h1><div class=\"special-heading-border\"><div class=\"special-heading-inner-border\"><\/div><\/div><\/div><br \/>\n\n<style type=\"text\/css\" data-created_by=\"avia_inline_auto\" id=\"style-css-av-4vbggz-e1e09ebfae37b39159830bbfb0717b06\">\n#top .hr.av-4vbggz-e1e09ebfae37b39159830bbfb0717b06{\nmargin-top:0px;\nmargin-bottom:30px;\n}\n.hr.av-4vbggz-e1e09ebfae37b39159830bbfb0717b06 .hr-inner{\nwidth:100px;\nborder-color:#ed7207;\n}\n<\/style>\n<div  class='hr av-4vbggz-e1e09ebfae37b39159830bbfb0717b06 hr-custom  avia-builder-el-3  el_after_av_heading  avia-builder-el-last  hr-subpage-banner hr-left hr-icon-no'><span class='hr-inner inner-border-av-border-fat'><span class=\"hr-inner-style\"><\/span><\/span><\/div><\/p><\/div>\n\n<\/div><\/div><\/main><!-- close content main element --><\/div><\/div><div id='av_section_2'  class='avia-section av-lv2ie9gv-35720ef382176f879d4fe17f97204340 main_color avia-section-default avia-no-border-styling  avia-builder-el-4  el_after_av_section  el_before_av_section  ciarove-kody-subpage-section short-subpage-section avia-bg-style-scroll container_wrap fullsize'  ><div class='container av-section-cont-open' ><div class='template-page content  av-content-full alpha units'><div class='post-entry post-entry-type-page post-entry-4506'><div class='entry-content-wrapper clearfix'>\n<div class='flex_column_table av-lv2inh56-f1151d21e8521d8eb17e6f5fa6691d42 sc-av_three_fourth av-equal-height-column-flextable'>\n<style type=\"text\/css\" data-created_by=\"avia_inline_auto\" id=\"style-css-av-lv2inh56-f1151d21e8521d8eb17e6f5fa6691d42\">\n.flex_column.av-lv2inh56-f1151d21e8521d8eb17e6f5fa6691d42{\nwidth:73.5%;\nmargin-left:0;\n}\n#top .flex_column_table.av-equal-height-column-flextable.av-lv2inh56-f1151d21e8521d8eb17e6f5fa6691d42 .av-flex-placeholder{\nwidth:6%;\n}\n<\/style>\n<div  class='flex_column av-lv2inh56-f1151d21e8521d8eb17e6f5fa6691d42 av_three_fourth  avia-builder-el-5  el_before_av_one_fourth  avia-builder-el-first  first flex_column_table_cell av-equal-height-column av-align-middle  '     ><section  class='av_textblock_section av-4fpxyr-95bc189e98500accb03a3fd295ac0f3b '   itemscope=\"itemscope\" itemtype=\"https:\/\/schema.org\/CreativeWork\" ><div class='avia_textblock'  itemprop=\"text\" ><p>The Direct Part Marking (DPM) method has been around for several years. Until recently, however, its implementation was relatively costly and achieved only average readability rates, limiting its use. Today, companies like ZEBRA and KEYENCE offer a new approach to DPM technology, ensuring more flexible and reliable scanning and enabling broader applications.<\/p>\n<\/div><\/section><\/div><div class='av-flex-placeholder'><\/div>\n<style type=\"text\/css\" data-created_by=\"avia_inline_auto\" id=\"style-css-av-43y48z-3ed24d5f8fb04e9c39ffc3a0a3fe4122\">\n.flex_column.av-43y48z-3ed24d5f8fb04e9c39ffc3a0a3fe4122{\nwidth:20.5%;\nmargin-left:0;\n}\n#top .flex_column_table.av-equal-height-column-flextable.av-43y48z-3ed24d5f8fb04e9c39ffc3a0a3fe4122 .av-flex-placeholder{\nwidth:6%;\n}\n<\/style>\n<div  class='flex_column av-43y48z-3ed24d5f8fb04e9c39ffc3a0a3fe4122 av_one_fourth  avia-builder-el-7  el_after_av_three_fourth  avia-builder-el-last  flex_column_table_cell av-equal-height-column av-align-middle  '     ><style type=\"text\/css\" data-created_by=\"avia_inline_auto\" id=\"style-css-av-e0zaj-eaef6112e856861eb46da7c937bd1664\">\n.avia-image-container.av-e0zaj-eaef6112e856861eb46da7c937bd1664 img.avia_image{\nbox-shadow:none;\n}\n.avia-image-container.av-e0zaj-eaef6112e856861eb46da7c937bd1664 .av-image-caption-overlay-center{\ncolor:#ffffff;\n}\n<\/style>\n<div  class='avia-image-container av-e0zaj-eaef6112e856861eb46da7c937bd1664 av-styling- avia-align-center  avia-builder-el-8  avia-builder-el-no-sibling '   itemprop=\"image\" itemscope=\"itemscope\" itemtype=\"https:\/\/schema.org\/ImageObject\" ><div class=\"avia-image-container-inner\"><div class=\"avia-image-overlay-wrap\"><img decoding=\"async\" fetchpriority=\"high\" class='wp-image-851 avia-img-lazy-loading-not-851 avia_image ' src=\"https:\/\/bartech.sk\/wp-content\/uploads\/2024\/04\/2D-243x240-1.jpg\" alt='' title='2D-243x240'  height=\"240\" width=\"243\"  itemprop=\"thumbnailUrl\"  \/><\/div><\/div><\/div><\/div><\/div><!--close column table wrapper. Autoclose: 1 -->\n\n<\/div><\/div><\/div><!-- close content main div --><\/div><\/div><div id='av_section_3'  class='avia-section av-lv2jgyfe-6b92b2d23bd4a355c6d3b2f63cf2434f main_color avia-section-default avia-no-border-styling  avia-builder-el-9  el_after_av_section  el_before_av_section  ciarove-kody-subpage-section sm-flex-column-reverse avia-bg-style-scroll container_wrap fullsize'  ><div class='container av-section-cont-open' ><div class='template-page content  av-content-full alpha units'><div class='post-entry post-entry-type-page post-entry-4506'><div class='entry-content-wrapper clearfix'>\n<div  class='flex_column av-4abfnf-c6d7257d68c9edd7e374ca16de48c9d5 av_one_full  avia-builder-el-10  el_before_av_one_full  avia-builder-el-first  first flex_column_div  '     ><p>\n<style type=\"text\/css\" data-created_by=\"avia_inline_auto\" id=\"style-css-av-lv2iwy09-ad6c917301a305d9b5997d418d05f60e\">\n#top .av-special-heading.av-lv2iwy09-ad6c917301a305d9b5997d418d05f60e{\npadding-bottom:10px;\n}\nbody .av-special-heading.av-lv2iwy09-ad6c917301a305d9b5997d418d05f60e .av-special-heading-tag .heading-char{\nfont-size:25px;\n}\n.av-special-heading.av-lv2iwy09-ad6c917301a305d9b5997d418d05f60e .av-subheading{\nfont-size:15px;\n}\n<\/style>\n<div  class='av-special-heading av-lv2iwy09-ad6c917301a305d9b5997d418d05f60e av-special-heading-h2 blockquote modern-quote  avia-builder-el-11  el_before_av_hr  avia-builder-el-first '><h2 class='av-special-heading-tag'  itemprop=\"headline\"  >DPM meets the requirements for continuous tracking.<\/h2><div class=\"special-heading-border\"><div class=\"special-heading-inner-border\"><\/div><\/div><\/div><br \/>\n\n<style type=\"text\/css\" data-created_by=\"avia_inline_auto\" id=\"style-css-av-44b6xf-bb47709f211eea699a31d6481c7f9c80\">\n#top .hr.av-44b6xf-bb47709f211eea699a31d6481c7f9c80{\nmargin-top:0px;\nmargin-bottom:10px;\n}\n.hr.av-44b6xf-bb47709f211eea699a31d6481c7f9c80 .hr-inner{\nwidth:90px;\nborder-color:#ed7207;\n}\n<\/style>\n<div  class='hr av-44b6xf-bb47709f211eea699a31d6481c7f9c80 hr-custom  avia-builder-el-12  el_after_av_heading  avia-builder-el-last  hr-content hr-left hr-icon-no'><span class='hr-inner inner-border-av-border-fat'><span class=\"hr-inner-style\"><\/span><\/span><\/div><\/p><\/div><div class='flex_column_table av-3xlalf-47d31123f31a58dfaf25e971f2cb3e37 sc-av_one_full av-equal-height-column-flextable'>\n<style type=\"text\/css\" data-created_by=\"avia_inline_auto\" id=\"style-css-av-3xlalf-47d31123f31a58dfaf25e971f2cb3e37\">\n.flex_column.av-3xlalf-47d31123f31a58dfaf25e971f2cb3e37{\nwidth:100%;\nmargin-left:0;\n}\n#top .flex_column_table.av-equal-height-column-flextable.av-3xlalf-47d31123f31a58dfaf25e971f2cb3e37 .av-flex-placeholder{\nwidth:0%;\n}\n<\/style>\n<div  class='flex_column av-3xlalf-47d31123f31a58dfaf25e971f2cb3e37 av_one_full  avia-builder-el-13  el_after_av_one_full  avia-builder-el-last  first flex_column_table_cell av-equal-height-column av-align-middle  column-top-margin'     ><section  class='av_textblock_section av-lv2iy2ih-e6f7c2f187e602e0d9dfee6f4bc8b39f '   itemscope=\"itemscope\" itemtype=\"https:\/\/schema.org\/CreativeWork\" ><div class='avia_textblock'  itemprop=\"text\" ><p>Tracking individual components can be problematic and costly for many manufacturers. Standard product marking procedures, which are exposed to challenging environments during the manufacturing process and throughout their lifespan, do not guarantee long-term usability. DPM technology provides a permanent solution for labeling components and meets all requirements for continuous tracking. This method allows manufacturers to identify parts or devices using a mark that remains readable for the entire lifespan of the product. Parts or components are typically marked upon entering production. The most common marking method is dot peening, while laser engraving, embossing, and etching are also frequently used. Each marking method has its unique characteristics depending on the type of material, reading method, average lifespan of the product, and economic costs or implementation expenses.<\/p>\n<\/div><\/section><\/div><\/div><!--close column table wrapper. Autoclose: 1 -->\n\n<\/div><\/div><\/div><!-- close content main div --><\/div><\/div><div id='av_section_4'  class='avia-section av-3sgh1n-dc09f51e99f5240d55168ed05c35c4c5 main_color avia-section-default avia-no-border-styling  avia-builder-el-15  el_after_av_section  avia-builder-el-last  ciarove-kody-subpage-section avia-bg-style-scroll container_wrap fullsize'  ><div class='container av-section-cont-open' ><div class='template-page content  av-content-full alpha units'><div class='post-entry post-entry-type-page post-entry-4506'><div class='entry-content-wrapper clearfix'>\n<div  class='flex_column av-crgej-ce545a26cd536630bb92942c1b1d1d15 av_one_full  avia-builder-el-16  el_before_av_three_fourth  avia-builder-el-first  first flex_column_div  '     ><p>\n<style type=\"text\/css\" data-created_by=\"avia_inline_auto\" id=\"style-css-av-lv2izbu2-3b6ce280c0fdece6aa5b27261fced81b\">\n#top .av-special-heading.av-lv2izbu2-3b6ce280c0fdece6aa5b27261fced81b{\npadding-bottom:10px;\n}\nbody .av-special-heading.av-lv2izbu2-3b6ce280c0fdece6aa5b27261fced81b .av-special-heading-tag .heading-char{\nfont-size:25px;\n}\n.av-special-heading.av-lv2izbu2-3b6ce280c0fdece6aa5b27261fced81b .av-subheading{\nfont-size:15px;\n}\n<\/style>\n<div  class='av-special-heading av-lv2izbu2-3b6ce280c0fdece6aa5b27261fced81b av-special-heading-h2 blockquote modern-quote  avia-builder-el-17  el_before_av_hr  avia-builder-el-first '><h2 class='av-special-heading-tag'  itemprop=\"headline\"  >How does DPM work?<\/h2><div class=\"special-heading-border\"><div class=\"special-heading-inner-border\"><\/div><\/div><\/div><br \/>\n\n<style type=\"text\/css\" data-created_by=\"avia_inline_auto\" id=\"style-css-av-3ebr03-ded2ece297f493ce1f6a5e56a532945b\">\n#top .hr.av-3ebr03-ded2ece297f493ce1f6a5e56a532945b{\nmargin-top:0px;\nmargin-bottom:10px;\n}\n.hr.av-3ebr03-ded2ece297f493ce1f6a5e56a532945b .hr-inner{\nwidth:90px;\nborder-color:#ed7207;\n}\n<\/style>\n<div  class='hr av-3ebr03-ded2ece297f493ce1f6a5e56a532945b hr-custom  avia-builder-el-18  el_after_av_heading  avia-builder-el-last  hr-content hr-left hr-icon-no'><span class='hr-inner inner-border-av-border-fat'><span class=\"hr-inner-style\"><\/span><\/span><\/div><\/p><\/div><div class='flex_column_table av-38r40b-136e64ab6cf27d24ed391c84469acdf8 sc-av_three_fourth av-equal-height-column-flextable'>\n<style type=\"text\/css\" data-created_by=\"avia_inline_auto\" id=\"style-css-av-38r40b-136e64ab6cf27d24ed391c84469acdf8\">\n.flex_column.av-38r40b-136e64ab6cf27d24ed391c84469acdf8{\nwidth:73.5%;\nmargin-left:0;\n}\n#top .flex_column_table.av-equal-height-column-flextable.av-38r40b-136e64ab6cf27d24ed391c84469acdf8 .av-flex-placeholder{\nwidth:6%;\n}\n<\/style>\n<div  class='flex_column av-38r40b-136e64ab6cf27d24ed391c84469acdf8 av_three_fourth  avia-builder-el-19  el_after_av_one_full  el_before_av_one_fourth  first flex_column_table_cell av-equal-height-column av-align-middle  column-top-margin'     ><section  class='av_textblock_section av-lv2izxvh-573ee34aa8afd287a53df3412c333d93 '   itemscope=\"itemscope\" itemtype=\"https:\/\/schema.org\/CreativeWork\" ><div class='avia_textblock'  itemprop=\"text\" ><p>DPM is essentially a barcode that is integrally linked to the marked component or product. The standard used is the 2D DataMatrix code, which is notable for its ability to encode a large amount of data in a minimal space. One code can contain either 3,116 numeric or 2,335 alphanumeric characters. Compared to a standard 1D code, it occupies about one-tenth of the space. DataMatrix symbols can be read from multiple directions and have a minimal error rate.<\/p>\n<\/div><\/section><\/div><div class='av-flex-placeholder'><\/div>\n<style type=\"text\/css\" data-created_by=\"avia_inline_auto\" id=\"style-css-av-31nwib-6a39b13328a0d1700907cee22e2f6dcc\">\n.flex_column.av-31nwib-6a39b13328a0d1700907cee22e2f6dcc{\nwidth:20.5%;\nmargin-left:0;\n}\n#top .flex_column_table.av-equal-height-column-flextable.av-31nwib-6a39b13328a0d1700907cee22e2f6dcc .av-flex-placeholder{\nwidth:6%;\n}\n<\/style>\n<div  class='flex_column av-31nwib-6a39b13328a0d1700907cee22e2f6dcc av_one_fourth  avia-builder-el-21  el_after_av_three_fourth  avia-builder-el-last  flex_column_table_cell av-equal-height-column av-align-middle  column-top-margin'     ><style type=\"text\/css\" data-created_by=\"avia_inline_auto\" id=\"style-css-av-lv2j05pz-4dbf82cebadb1a368e64d3cd89461ab0\">\n.avia-image-container.av-lv2j05pz-4dbf82cebadb1a368e64d3cd89461ab0 img.avia_image{\nbox-shadow:none;\n}\n.avia-image-container.av-lv2j05pz-4dbf82cebadb1a368e64d3cd89461ab0 .av-image-caption-overlay-center{\ncolor:#ffffff;\n}\n<\/style>\n<div  class='avia-image-container av-lv2j05pz-4dbf82cebadb1a368e64d3cd89461ab0 av-styling- avia-align-center  avia-builder-el-22  avia-builder-el-no-sibling '   itemprop=\"image\" itemscope=\"itemscope\" itemtype=\"https:\/\/schema.org\/ImageObject\" ><div class=\"avia-image-container-inner\"><div class=\"avia-image-overlay-wrap\"><img decoding=\"async\" fetchpriority=\"high\" class='wp-image-855 avia-img-lazy-loading-not-855 avia_image ' src=\"https:\/\/bartech.sk\/wp-content\/uploads\/2024\/04\/laser.jpg\" alt='' title='laser'  height=\"180\" width=\"180\"  itemprop=\"thumbnailUrl\"  \/><\/div><\/div><\/div><\/div><\/div><!--close column table wrapper. Autoclose: 1 -->\n\n","protected":false},"excerpt":{"rendered":"","protected":false},"author":2,"featured_media":0,"parent":0,"menu_order":6,"comment_status":"closed","ping_status":"closed","template":"","meta":{"footnotes":""},"class_list":["post-4506","page","type-page","status-publish","hentry"],"yoast_head":"<!-- This site is optimized with the Yoast SEO Premium plugin v23.1 (Yoast SEO v26.3) - https:\/\/yoast.com\/wordpress\/plugins\/seo\/ -->\n<title>DPM - Direct Part Marking - BARTECH SLOVAKIA<\/title>\n<meta name=\"robots\" content=\"index, follow, max-snippet:-1, max-image-preview:large, max-video-preview:-1\" \/>\n<link rel=\"canonical\" href=\"https:\/\/bartech.sk\/en\/dpm-direct-part-marking\/\" \/>\n<meta property=\"og:locale\" content=\"en_US\" \/>\n<meta property=\"og:type\" content=\"article\" \/>\n<meta property=\"og:title\" content=\"DPM - Direct Part Marking\" \/>\n<meta property=\"og:url\" content=\"https:\/\/bartech.sk\/en\/dpm-direct-part-marking\/\" \/>\n<meta property=\"og:site_name\" content=\"BARTECH SLOVAKIA\" \/>\n<meta property=\"article:publisher\" content=\"https:\/\/www.facebook.com\/Bartech.Slovakia\" \/>\n<meta property=\"article:modified_time\" content=\"2024-09-24T12:47:02+00:00\" \/>\n<meta name=\"twitter:card\" content=\"summary_large_image\" \/>\n<meta name=\"twitter:label1\" content=\"Est. reading time\" \/>\n\t<meta name=\"twitter:data1\" content=\"35 minutes\" \/>\n<script type=\"application\/ld+json\" class=\"yoast-schema-graph\">{\"@context\":\"https:\/\/schema.org\",\"@graph\":[{\"@type\":\"WebPage\",\"@id\":\"https:\/\/bartech.sk\/en\/dpm-direct-part-marking\/\",\"url\":\"https:\/\/bartech.sk\/en\/dpm-direct-part-marking\/\",\"name\":\"DPM - Direct Part Marking - BARTECH SLOVAKIA\",\"isPartOf\":{\"@id\":\"https:\/\/bartech.sk\/en\/#website\"},\"datePublished\":\"2024-04-18T15:38:13+00:00\",\"dateModified\":\"2024-09-24T12:47:02+00:00\",\"breadcrumb\":{\"@id\":\"https:\/\/bartech.sk\/en\/dpm-direct-part-marking\/#breadcrumb\"},\"inLanguage\":\"en-US\",\"potentialAction\":[{\"@type\":\"ReadAction\",\"target\":[\"https:\/\/bartech.sk\/en\/dpm-direct-part-marking\/\"]}]},{\"@type\":\"BreadcrumbList\",\"@id\":\"https:\/\/bartech.sk\/en\/dpm-direct-part-marking\/#breadcrumb\",\"itemListElement\":[{\"@type\":\"ListItem\",\"position\":1,\"name\":\"Domovsk\u00e1 str\u00e1nka\",\"item\":\"https:\/\/bartech.sk\/en\/introduction\/\"},{\"@type\":\"ListItem\",\"position\":2,\"name\":\"DPM &#8211; Direct Part Marking\"}]},{\"@type\":\"WebSite\",\"@id\":\"https:\/\/bartech.sk\/en\/#website\",\"url\":\"https:\/\/bartech.sk\/en\/\",\"name\":\"Rie\u0161enia pre v\u00fdrobu a logistiku\",\"description\":\"Automatizovan\u00fd zber d\u00e1t vo v\u00fdrobe a logistike\",\"publisher\":{\"@id\":\"https:\/\/bartech.sk\/en\/#organization\"},\"potentialAction\":[{\"@type\":\"SearchAction\",\"target\":{\"@type\":\"EntryPoint\",\"urlTemplate\":\"https:\/\/bartech.sk\/en\/?s={search_term_string}\"},\"query-input\":{\"@type\":\"PropertyValueSpecification\",\"valueRequired\":true,\"valueName\":\"search_term_string\"}}],\"inLanguage\":\"en-US\"},{\"@type\":\"Organization\",\"@id\":\"https:\/\/bartech.sk\/en\/#organization\",\"name\":\"BARTECH SLOVAKIA\",\"url\":\"https:\/\/bartech.sk\/en\/\",\"logo\":{\"@type\":\"ImageObject\",\"inLanguage\":\"en-US\",\"@id\":\"https:\/\/bartech.sk\/en\/#\/schema\/logo\/image\/\",\"url\":\"https:\/\/bartech.sk\/wp-content\/uploads\/2024\/07\/Bartech_podpis.png\",\"contentUrl\":\"https:\/\/bartech.sk\/wp-content\/uploads\/2024\/07\/Bartech_podpis.png\",\"width\":185,\"height\":47,\"caption\":\"BARTECH SLOVAKIA\"},\"image\":{\"@id\":\"https:\/\/bartech.sk\/en\/#\/schema\/logo\/image\/\"},\"sameAs\":[\"https:\/\/www.facebook.com\/Bartech.Slovakia\",\"https:\/\/www.linkedin.com\/company\/bartech-slovakia\/\",\"https:\/\/www.youtube.com\/user\/BartechSk\"]}]}<\/script>\n<!-- \/ Yoast SEO Premium plugin. -->","yoast_head_json":{"title":"DPM - Direct Part Marking - BARTECH SLOVAKIA","robots":{"index":"index","follow":"follow","max-snippet":"max-snippet:-1","max-image-preview":"max-image-preview:large","max-video-preview":"max-video-preview:-1"},"canonical":"https:\/\/bartech.sk\/en\/dpm-direct-part-marking\/","og_locale":"en_US","og_type":"article","og_title":"DPM - Direct Part Marking","og_url":"https:\/\/bartech.sk\/en\/dpm-direct-part-marking\/","og_site_name":"BARTECH SLOVAKIA","article_publisher":"https:\/\/www.facebook.com\/Bartech.Slovakia","article_modified_time":"2024-09-24T12:47:02+00:00","twitter_card":"summary_large_image","twitter_misc":{"Est. reading time":"35 minutes"},"schema":{"@context":"https:\/\/schema.org","@graph":[{"@type":"WebPage","@id":"https:\/\/bartech.sk\/en\/dpm-direct-part-marking\/","url":"https:\/\/bartech.sk\/en\/dpm-direct-part-marking\/","name":"DPM - Direct Part Marking - BARTECH SLOVAKIA","isPartOf":{"@id":"https:\/\/bartech.sk\/en\/#website"},"datePublished":"2024-04-18T15:38:13+00:00","dateModified":"2024-09-24T12:47:02+00:00","breadcrumb":{"@id":"https:\/\/bartech.sk\/en\/dpm-direct-part-marking\/#breadcrumb"},"inLanguage":"en-US","potentialAction":[{"@type":"ReadAction","target":["https:\/\/bartech.sk\/en\/dpm-direct-part-marking\/"]}]},{"@type":"BreadcrumbList","@id":"https:\/\/bartech.sk\/en\/dpm-direct-part-marking\/#breadcrumb","itemListElement":[{"@type":"ListItem","position":1,"name":"Domovsk\u00e1 str\u00e1nka","item":"https:\/\/bartech.sk\/en\/introduction\/"},{"@type":"ListItem","position":2,"name":"DPM &#8211; Direct Part Marking"}]},{"@type":"WebSite","@id":"https:\/\/bartech.sk\/en\/#website","url":"https:\/\/bartech.sk\/en\/","name":"Rie\u0161enia pre v\u00fdrobu a logistiku","description":"Automatizovan\u00fd zber d\u00e1t vo v\u00fdrobe a logistike","publisher":{"@id":"https:\/\/bartech.sk\/en\/#organization"},"potentialAction":[{"@type":"SearchAction","target":{"@type":"EntryPoint","urlTemplate":"https:\/\/bartech.sk\/en\/?s={search_term_string}"},"query-input":{"@type":"PropertyValueSpecification","valueRequired":true,"valueName":"search_term_string"}}],"inLanguage":"en-US"},{"@type":"Organization","@id":"https:\/\/bartech.sk\/en\/#organization","name":"BARTECH SLOVAKIA","url":"https:\/\/bartech.sk\/en\/","logo":{"@type":"ImageObject","inLanguage":"en-US","@id":"https:\/\/bartech.sk\/en\/#\/schema\/logo\/image\/","url":"https:\/\/bartech.sk\/wp-content\/uploads\/2024\/07\/Bartech_podpis.png","contentUrl":"https:\/\/bartech.sk\/wp-content\/uploads\/2024\/07\/Bartech_podpis.png","width":185,"height":47,"caption":"BARTECH SLOVAKIA"},"image":{"@id":"https:\/\/bartech.sk\/en\/#\/schema\/logo\/image\/"},"sameAs":["https:\/\/www.facebook.com\/Bartech.Slovakia","https:\/\/www.linkedin.com\/company\/bartech-slovakia\/","https:\/\/www.youtube.com\/user\/BartechSk"]}]}},"_links":{"self":[{"href":"https:\/\/bartech.sk\/en\/wp-json\/wp\/v2\/pages\/4506","targetHints":{"allow":["GET"]}}],"collection":[{"href":"https:\/\/bartech.sk\/en\/wp-json\/wp\/v2\/pages"}],"about":[{"href":"https:\/\/bartech.sk\/en\/wp-json\/wp\/v2\/types\/page"}],"author":[{"embeddable":true,"href":"https:\/\/bartech.sk\/en\/wp-json\/wp\/v2\/users\/2"}],"replies":[{"embeddable":true,"href":"https:\/\/bartech.sk\/en\/wp-json\/wp\/v2\/comments?post=4506"}],"version-history":[{"count":2,"href":"https:\/\/bartech.sk\/en\/wp-json\/wp\/v2\/pages\/4506\/revisions"}],"predecessor-version":[{"id":4508,"href":"https:\/\/bartech.sk\/en\/wp-json\/wp\/v2\/pages\/4506\/revisions\/4508"}],"wp:attachment":[{"href":"https:\/\/bartech.sk\/en\/wp-json\/wp\/v2\/media?parent=4506"}],"curies":[{"name":"wp","href":"https:\/\/api.w.org\/{rel}","templated":true}]}}