{"id":4504,"date":"2024-04-22T10:52:18","date_gmt":"2024-04-22T08:52:18","guid":{"rendered":"https:\/\/bartech.sk\/code-checker\/"},"modified":"2024-09-24T14:44:00","modified_gmt":"2024-09-24T12:44:00","slug":"code-checker","status":"publish","type":"page","link":"https:\/\/bartech.sk\/en\/code-checker\/","title":{"rendered":"Code Checker"},"content":{"rendered":"\n<style type=\"text\/css\" data-created_by=\"avia_inline_auto\" id=\"style-css-av-lv2hh6tx-5c142baebaf92a2c04efa4e571a4ab5d\">\n.avia-section.av-lv2hh6tx-5c142baebaf92a2c04efa4e571a4ab5d{\nbackground-repeat:no-repeat;\nbackground-image:url(https:\/\/bartech.sk\/wp-content\/uploads\/2024\/04\/tech-banner-v2.jpg);\nbackground-position:50% 50%;\nbackground-attachment:scroll;\n}\n<\/style>\n<div id='av_section_1'  class='avia-section av-lv2hh6tx-5c142baebaf92a2c04efa4e571a4ab5d main_color avia-section-default avia-no-border-styling  avia-builder-el-0  el_before_av_section  avia-builder-el-first  main-banner avia-full-stretch avia-bg-style-scroll av-minimum-height av-minimum-height-50 av-height-50  container_wrap fullsize'  data-section-bg-repeat='stretch' data-av_minimum_height_pc='50' data-av_min_height_opt='50'><div class='container av-section-cont-open' ><main  role=\"main\" itemprop=\"mainContentOfPage\"  class='template-page content  av-content-full alpha units'><div class='post-entry post-entry-type-page post-entry-4504'><div class='entry-content-wrapper clearfix'>\n<div  class='flex_column av-50n4xn-912b247e8a5814624ceda6991ea0ca8a av_one_full  avia-builder-el-1  avia-builder-el-no-sibling  first flex_column_div  '     ><p>\n<style type=\"text\/css\" data-created_by=\"avia_inline_auto\" id=\"style-css-av-lv2hgv0i-0033da08f5ea97e846bbe3206d7899dc\">\n#top .av-special-heading.av-lv2hgv0i-0033da08f5ea97e846bbe3206d7899dc{\npadding-bottom:0;\n}\nbody .av-special-heading.av-lv2hgv0i-0033da08f5ea97e846bbe3206d7899dc .av-special-heading-tag .heading-char{\nfont-size:25px;\n}\n.av-special-heading.av-lv2hgv0i-0033da08f5ea97e846bbe3206d7899dc .av-subheading{\nfont-size:15px;\n}\n<\/style>\n<div  class='av-special-heading av-lv2hgv0i-0033da08f5ea97e846bbe3206d7899dc av-special-heading-h1 blockquote modern-quote  avia-builder-el-2  el_before_av_hr  avia-builder-el-first  subpage-title-h1'><h1 class='av-special-heading-tag'  itemprop=\"headline\"  >Code Checker<\/h1><div class=\"special-heading-border\"><div class=\"special-heading-inner-border\"><\/div><\/div><\/div><br \/>\n\n<style type=\"text\/css\" data-created_by=\"avia_inline_auto\" id=\"style-css-av-4vbggz-e1e09ebfae37b39159830bbfb0717b06\">\n#top .hr.av-4vbggz-e1e09ebfae37b39159830bbfb0717b06{\nmargin-top:0px;\nmargin-bottom:30px;\n}\n.hr.av-4vbggz-e1e09ebfae37b39159830bbfb0717b06 .hr-inner{\nwidth:100px;\nborder-color:#ed7207;\n}\n<\/style>\n<div  class='hr av-4vbggz-e1e09ebfae37b39159830bbfb0717b06 hr-custom  avia-builder-el-3  el_after_av_heading  avia-builder-el-last  hr-subpage-banner hr-left hr-icon-no'><span class='hr-inner inner-border-av-border-fat'><span class=\"hr-inner-style\"><\/span><\/span><\/div><\/p><\/div>\n\n<\/div><\/div><\/main><!-- close content main element --><\/div><\/div><div id='av_section_2'  class='avia-section av-lv2ie9gv-52f2c1b357645123ae96cc51261b65a0 main_color avia-section-default avia-no-border-styling  avia-builder-el-4  el_after_av_section  avia-builder-el-last  ciarove-kody-subpage-section avia-bg-style-scroll container_wrap fullsize'  ><div class='container av-section-cont-open' ><div class='template-page content  av-content-full alpha units'><div class='post-entry post-entry-type-page post-entry-4504'><div class='entry-content-wrapper clearfix'>\n<div  class='flex_column av-959t3h-5704830273735d12ef5e35e2dd9309cd av_one_full  avia-builder-el-5  el_before_av_one_full  avia-builder-el-first  first flex_column_div  '     ><section  class='av_textblock_section av-lv8f8apw-7d87af6a936903db9ffee78bc26ac5aa '   itemscope=\"itemscope\" itemtype=\"https:\/\/schema.org\/CreativeWork\" ><div class='avia_textblock'  itemprop=\"text\" ><p><strong><img loading=\"lazy\" decoding=\"async\" class=\"alignleft size-thumbnail wp-image-929\" src=\"https:\/\/bartech.sk\/wp-content\/uploads\/2024\/04\/CODE-CHECKER-80x80.png\" alt=\"\" width=\"80\" height=\"80\"\/>CODE CHECKER je softv\u00e9rov\u00e9 rie\u0161enie pre kontrolu baliaceho procesu. Kontrola prebieha overen\u00edm k\u00f3du balenia, k\u00f3du vkladan\u00fdch v\u00fdrobkov, po\u010dtu vkladan\u00fdch v\u00fdrobkov pr\u00edpadne in\u00fdch definovan\u00fdch parametrov vo\u010di \u010d\u00edseln\u00edku, ktor\u00fd je ulo\u017een\u00fd v datab\u00e1ze. V\u010faka aplik\u00e1cii z\u00edskate inform\u00e1cie o baleniach, ktor\u00e9 nie s\u00fa kompletn\u00e9 alebo obsahuj\u00fa nespr\u00e1vne v\u00fdrobky v\u010das, pred t\u00fdm ako s\u00fa expedovan\u00e9. Okrem toho m\u00e1te preh\u013ead o v\u0161etk\u00fdch v\u00fdrobkoch, ktor\u00e9 pre\u0161li baliacim procesom s detailn\u00fdmi inform\u00e1ciami.\u00a0<\/strong><\/p>\n<p>SW rie\u0161enie CODE CHECKER pozost\u00e1va z dvoch modulov \u2013 kompletn\u00e1 spr\u00e1va aplik\u00e1cie a preh\u013eady zaznamenan\u00fdch d\u00e1t umo\u017e\u0148uje webov\u00e1 aplik\u00e1cia <strong>CODE CHECKER_web<\/strong>. Druh\u00fa \u010das\u0165 aplik\u00e1cie tvor\u00ed modul <strong>CODE CHECKER_terminal<\/strong>. Jedn\u00e1 sa o aplik\u00e1ciu pre prenosn\u00e9 zariadenia s opera\u010dn\u00fdm syst\u00e9mom ANDROID 8.1 a vy\u0161\u0161\u00edm so zabudovan\u00fdm skenerom \u010diarov\u00fdch k\u00f3dov.. Ke\u010f\u017ee sa jedn\u00e1 o <strong>ONLINE rie\u0161enie<\/strong>, zozbieran\u00e9 d\u00e1ta, ktor\u00e9 vid\u00ed u\u017e\u00edvate\u013e s\u00fa v\u017edy aktu\u00e1lne a nie je potrebn\u00e9 vykon\u00e1va\u0165 synchroniz\u00e1ciu. D\u00e1ta s\u00fa pr\u00edstupn\u00e9 na ktoromko\u013evek PC bez nutnosti in\u0161tal\u00e1cie aplik\u00e1ci\u00ed, sta\u010d\u00ed ma\u0165 pr\u00edstup k firemnej sieti a webov\u00fd prehliada\u010d.<\/p>\n<\/div><\/section><\/div><div  class='flex_column av-7fefxd-2f9697b4a8ff9747ed4c3f1ca64b1dd7 av_one_full  avia-builder-el-7  el_after_av_one_full  el_before_av_one_full  first flex_column_div  column-top-margin'     ><p>\n<style type=\"text\/css\" data-created_by=\"avia_inline_auto\" id=\"style-css-av-lvaozlg5-577c8c94567314c87163ca3a63da69b7\">\n#top .av-special-heading.av-lvaozlg5-577c8c94567314c87163ca3a63da69b7{\npadding-bottom:10px;\n}\nbody .av-special-heading.av-lvaozlg5-577c8c94567314c87163ca3a63da69b7 .av-special-heading-tag .heading-char{\nfont-size:25px;\n}\n.av-special-heading.av-lvaozlg5-577c8c94567314c87163ca3a63da69b7 .av-subheading{\nfont-size:15px;\n}\n<\/style>\n<div  class='av-special-heading av-lvaozlg5-577c8c94567314c87163ca3a63da69b7 av-special-heading-h2 blockquote modern-quote  avia-builder-el-8  el_before_av_hr  avia-builder-el-first '><h2 class='av-special-heading-tag'  itemprop=\"headline\"  >CODE CHECKER_web<\/h2><div class=\"special-heading-border\"><div class=\"special-heading-inner-border\"><\/div><\/div><\/div><br \/>\n\n<style type=\"text\/css\" data-created_by=\"avia_inline_auto\" id=\"style-css-av-ka1v5-0bf9082fef477ccac8cebff8e8888d23\">\n#top .hr.av-ka1v5-0bf9082fef477ccac8cebff8e8888d23{\nmargin-top:0px;\nmargin-bottom:10px;\n}\n.hr.av-ka1v5-0bf9082fef477ccac8cebff8e8888d23 .hr-inner{\nwidth:90px;\nborder-color:#ed7207;\n}\n<\/style>\n<div  class='hr av-ka1v5-0bf9082fef477ccac8cebff8e8888d23 hr-custom  avia-builder-el-9  el_after_av_heading  el_before_av_textblock  hr-content hr-left hr-icon-no'><span class='hr-inner inner-border-av-border-fat'><span class=\"hr-inner-style\"><\/span><\/span><\/div><br \/>\n<section  class='av_textblock_section av-lvaozqop-a9d18eb1182372bbc6c092cab1286578 '   itemscope=\"itemscope\" itemtype=\"https:\/\/schema.org\/CreativeWork\" ><div class='avia_textblock'  itemprop=\"text\" ><p>The web application includes a detailed overview displaying individual checks, including the type of check, time of the check, the operator who performed the check, and any other defined parameters. The data can be filtered, sorted, and searched. The application also offers the option to export the filtered data to an Excel document for further processing.<\/p>\n<\/div><\/section><\/p><\/div><div  class='flex_column av-ovy3c-7f1f122c96c3cf43e4e6f24d79802e2c av_one_full  avia-builder-el-11  el_after_av_one_full  el_before_av_three_fourth  first flex_column_div  column-top-margin'     ><p>\n<style type=\"text\/css\" data-created_by=\"avia_inline_auto\" id=\"style-css-av-lvapkbiz-861b73c153d3b354b1055596cc226ff2\">\n.avia-image-container.av-lvapkbiz-861b73c153d3b354b1055596cc226ff2 img.avia_image{\nbox-shadow:none;\n}\n.avia-image-container.av-lvapkbiz-861b73c153d3b354b1055596cc226ff2 .av-image-caption-overlay-center{\ncolor:#ffffff;\n}\n<\/style>\n<div  class='avia-image-container av-lvapkbiz-861b73c153d3b354b1055596cc226ff2 av-styling- avia-align-center  avia-builder-el-12  el_before_av_textblock  avia-builder-el-first '   itemprop=\"image\" itemscope=\"itemscope\" itemtype=\"https:\/\/schema.org\/ImageObject\" ><div class=\"avia-image-container-inner\"><div class=\"avia-image-overlay-wrap\"><img decoding=\"async\" fetchpriority=\"high\" class='wp-image-1336 avia-img-lazy-loading-not-1336 avia_image ' src=\"https:\/\/bartech.sk\/wp-content\/uploads\/2024\/04\/Prehlad2.jpg\" alt='' title='Prehlad2'  height=\"563\" width=\"1007\"  itemprop=\"thumbnailUrl\"  \/><\/div><\/div><\/div><br \/>\n<section  class='av_textblock_section av-lvaphi6e-0e12045bbd974260e443195564919af1 '   itemscope=\"itemscope\" itemtype=\"https:\/\/schema.org\/CreativeWork\" ><div class='avia_textblock'  itemprop=\"text\" ><p id=\"caption-attachment-996\" class=\"wp-caption-text\">Overview of individual packaging process checks \u2013 click to enlarge.<\/p>\n<\/div><\/section><br \/>\n<section  class='av_textblock_section av-lvapwpqf-0f18ba8d135d0cce3787dce04bcf3434 '   itemscope=\"itemscope\" itemtype=\"https:\/\/schema.org\/CreativeWork\" ><div class='avia_textblock'  itemprop=\"text\" ><p>Another feature of the web application is data administration, where you can: <\/p>\n<ul>\n<li>define users and their access rights<\/li>\n<li>perform data import via txt, csv, or xlsx files<\/li>\n<li>manage products that are in the packaging process<\/li>\n<li>manage the terminals in use<\/li>\n<\/ul>\n<\/div><\/section><\/p><\/div><div  class='flex_column av-4h4cq9-2019aff7f3376b4d3a75b7adf9baffe0 av_three_fourth  avia-builder-el-15  el_after_av_one_full  el_before_av_one_fourth  first flex_column_div  column-top-margin'     ><p>\n<style type=\"text\/css\" data-created_by=\"avia_inline_auto\" id=\"style-css-av-lvap035i-dc818cc94a4578d3711c6303df6729f6\">\n#top .av-special-heading.av-lvap035i-dc818cc94a4578d3711c6303df6729f6{\npadding-bottom:10px;\n}\nbody .av-special-heading.av-lvap035i-dc818cc94a4578d3711c6303df6729f6 .av-special-heading-tag .heading-char{\nfont-size:25px;\n}\n.av-special-heading.av-lvap035i-dc818cc94a4578d3711c6303df6729f6 .av-subheading{\nfont-size:15px;\n}\n<\/style>\n<div  class='av-special-heading av-lvap035i-dc818cc94a4578d3711c6303df6729f6 av-special-heading-h2 blockquote modern-quote  avia-builder-el-16  el_before_av_hr  avia-builder-el-first '><h2 class='av-special-heading-tag'  itemprop=\"headline\"  >CODE CHECKER_terminal<\/h2><div class=\"special-heading-border\"><div class=\"special-heading-inner-border\"><\/div><\/div><\/div><br \/>\n\n<style type=\"text\/css\" data-created_by=\"avia_inline_auto\" id=\"style-css-av-2tu0b5-f47f6aa88522f861911aa06375a02cea\">\n#top .hr.av-2tu0b5-f47f6aa88522f861911aa06375a02cea{\nmargin-top:0px;\nmargin-bottom:10px;\n}\n.hr.av-2tu0b5-f47f6aa88522f861911aa06375a02cea .hr-inner{\nwidth:90px;\nborder-color:#ed7207;\n}\n<\/style>\n<div  class='hr av-2tu0b5-f47f6aa88522f861911aa06375a02cea hr-custom  avia-builder-el-17  el_after_av_heading  el_before_av_textblock  hr-content hr-left hr-icon-no'><span class='hr-inner inner-border-av-border-fat'><span class=\"hr-inner-style\"><\/span><\/span><\/div><br \/>\n<section  class='av_textblock_section av-lvap0eiu-8a27a52e35b3330d4b40e4d8cefc0f09 '   itemscope=\"itemscope\" itemtype=\"https:\/\/schema.org\/CreativeWork\" ><div class='avia_textblock'  itemprop=\"text\" ><p>The terminal application is designed for data collection. In the first phase, the operator logs in either by manually entering their credentials or by scanning a barcode. After logging in, the application guides the user through the packaging process, where they sequentially scan barcodes or enter data manually by clicking a button, for instance, when checking color and similar parameters. Since the user is logged in, the application records which operator performed each check and the exact times when each check was completed. The collected data is sent to the database on the server upon completion of each operation. If errors occur in the packaging process, notifications can be sent to supervisors, preventing the shipment of incomplete packages.<\/p>\n<\/div><\/section><\/p><\/div><div  class='flex_column av-2hu4hw-dce67e89ff77c7eb5103b5b5bbb3e384 av_one_fourth  avia-builder-el-19  el_after_av_three_fourth  avia-builder-el-last  flex_column_div  column-top-margin'     ><p>\n<style type=\"text\/css\" data-created_by=\"avia_inline_auto\" id=\"style-css-av-lvapkszt-606f99aa0f8497757e9cb63428cbbd15\">\n.avia-image-container.av-lvapkszt-606f99aa0f8497757e9cb63428cbbd15 img.avia_image{\nbox-shadow:none;\n}\n.avia-image-container.av-lvapkszt-606f99aa0f8497757e9cb63428cbbd15 .av-image-caption-overlay-center{\ncolor:#ffffff;\n}\n<\/style>\n<div  class='avia-image-container av-lvapkszt-606f99aa0f8497757e9cb63428cbbd15 av-styling- avia-align-center  avia-builder-el-20  el_before_av_textblock  avia-builder-el-first '   itemprop=\"image\" itemscope=\"itemscope\" itemtype=\"https:\/\/schema.org\/ImageObject\" ><div class=\"avia-image-container-inner\"><div class=\"avia-image-overlay-wrap\"><img decoding=\"async\" fetchpriority=\"high\" class='wp-image-1334 avia-img-lazy-loading-not-1334 avia_image ' src=\"https:\/\/bartech.sk\/wp-content\/uploads\/2024\/04\/Kod_dielu1-e1645018596579.jpg\" alt='' title='Kod_dielu1-e1645018596579'  height=\"813\" width=\"527\"  itemprop=\"thumbnailUrl\"  \/><\/div><\/div><\/div><br \/>\n<section  class='av_textblock_section av-lvapl0ls-efe5749e9c22d43b66a2c811a725dac4 '   itemscope=\"itemscope\" itemtype=\"https:\/\/schema.org\/CreativeWork\" ><div class='avia_textblock'  itemprop=\"text\" ><p id=\"caption-attachment-990\" class=\"wp-caption-text\">Product inspection<\/p>\n<\/div><\/section><\/p><\/div>\n","protected":false},"excerpt":{"rendered":"","protected":false},"author":2,"featured_media":0,"parent":0,"menu_order":6,"comment_status":"closed","ping_status":"closed","template":"","meta":{"footnotes":""},"class_list":["post-4504","page","type-page","status-publish","hentry"],"yoast_head":"<!-- This site is optimized with the Yoast SEO Premium plugin v23.1 (Yoast SEO v26.3) - https:\/\/yoast.com\/wordpress\/plugins\/seo\/ -->\n<title>Code Checker - BARTECH SLOVAKIA<\/title>\n<meta name=\"robots\" content=\"index, follow, max-snippet:-1, max-image-preview:large, max-video-preview:-1\" \/>\n<link rel=\"canonical\" href=\"https:\/\/bartech.sk\/en\/code-checker\/\" \/>\n<meta property=\"og:locale\" content=\"en_US\" \/>\n<meta property=\"og:type\" content=\"article\" \/>\n<meta property=\"og:title\" content=\"Code Checker\" \/>\n<meta property=\"og:url\" content=\"https:\/\/bartech.sk\/en\/code-checker\/\" \/>\n<meta property=\"og:site_name\" content=\"BARTECH SLOVAKIA\" \/>\n<meta property=\"article:publisher\" content=\"https:\/\/www.facebook.com\/Bartech.Slovakia\" \/>\n<meta property=\"article:modified_time\" content=\"2024-09-24T12:44:00+00:00\" \/>\n<meta property=\"og:image\" content=\"https:\/\/bartech.sk\/wp-content\/uploads\/2024\/04\/CODE-CHECKER-80x80.png\" \/>\n<meta name=\"twitter:card\" content=\"summary_large_image\" \/>\n<meta name=\"twitter:label1\" content=\"Est. reading time\" \/>\n\t<meta name=\"twitter:data1\" content=\"30 minutes\" \/>\n<script type=\"application\/ld+json\" class=\"yoast-schema-graph\">{\"@context\":\"https:\/\/schema.org\",\"@graph\":[{\"@type\":\"WebPage\",\"@id\":\"https:\/\/bartech.sk\/en\/code-checker\/\",\"url\":\"https:\/\/bartech.sk\/en\/code-checker\/\",\"name\":\"Code Checker - BARTECH SLOVAKIA\",\"isPartOf\":{\"@id\":\"https:\/\/bartech.sk\/en\/#website\"},\"primaryImageOfPage\":{\"@id\":\"https:\/\/bartech.sk\/en\/code-checker\/#primaryimage\"},\"image\":{\"@id\":\"https:\/\/bartech.sk\/en\/code-checker\/#primaryimage\"},\"thumbnailUrl\":\"https:\/\/bartech.sk\/wp-content\/uploads\/2024\/04\/CODE-CHECKER-80x80.png\",\"datePublished\":\"2024-04-22T08:52:18+00:00\",\"dateModified\":\"2024-09-24T12:44:00+00:00\",\"breadcrumb\":{\"@id\":\"https:\/\/bartech.sk\/en\/code-checker\/#breadcrumb\"},\"inLanguage\":\"en-US\",\"potentialAction\":[{\"@type\":\"ReadAction\",\"target\":[\"https:\/\/bartech.sk\/en\/code-checker\/\"]}]},{\"@type\":\"ImageObject\",\"inLanguage\":\"en-US\",\"@id\":\"https:\/\/bartech.sk\/en\/code-checker\/#primaryimage\",\"url\":\"https:\/\/bartech.sk\/wp-content\/uploads\/2024\/04\/CODE-CHECKER-80x80.png\",\"contentUrl\":\"https:\/\/bartech.sk\/wp-content\/uploads\/2024\/04\/CODE-CHECKER-80x80.png\"},{\"@type\":\"BreadcrumbList\",\"@id\":\"https:\/\/bartech.sk\/en\/code-checker\/#breadcrumb\",\"itemListElement\":[{\"@type\":\"ListItem\",\"position\":1,\"name\":\"Domovsk\u00e1 str\u00e1nka\",\"item\":\"https:\/\/bartech.sk\/en\/introduction\/\"},{\"@type\":\"ListItem\",\"position\":2,\"name\":\"Code Checker\"}]},{\"@type\":\"WebSite\",\"@id\":\"https:\/\/bartech.sk\/en\/#website\",\"url\":\"https:\/\/bartech.sk\/en\/\",\"name\":\"Rie\u0161enia pre v\u00fdrobu a logistiku\",\"description\":\"Automatizovan\u00fd zber d\u00e1t vo v\u00fdrobe a logistike\",\"publisher\":{\"@id\":\"https:\/\/bartech.sk\/en\/#organization\"},\"potentialAction\":[{\"@type\":\"SearchAction\",\"target\":{\"@type\":\"EntryPoint\",\"urlTemplate\":\"https:\/\/bartech.sk\/en\/?s={search_term_string}\"},\"query-input\":{\"@type\":\"PropertyValueSpecification\",\"valueRequired\":true,\"valueName\":\"search_term_string\"}}],\"inLanguage\":\"en-US\"},{\"@type\":\"Organization\",\"@id\":\"https:\/\/bartech.sk\/en\/#organization\",\"name\":\"BARTECH SLOVAKIA\",\"url\":\"https:\/\/bartech.sk\/en\/\",\"logo\":{\"@type\":\"ImageObject\",\"inLanguage\":\"en-US\",\"@id\":\"https:\/\/bartech.sk\/en\/#\/schema\/logo\/image\/\",\"url\":\"https:\/\/bartech.sk\/wp-content\/uploads\/2024\/07\/Bartech_podpis.png\",\"contentUrl\":\"https:\/\/bartech.sk\/wp-content\/uploads\/2024\/07\/Bartech_podpis.png\",\"width\":185,\"height\":47,\"caption\":\"BARTECH SLOVAKIA\"},\"image\":{\"@id\":\"https:\/\/bartech.sk\/en\/#\/schema\/logo\/image\/\"},\"sameAs\":[\"https:\/\/www.facebook.com\/Bartech.Slovakia\",\"https:\/\/www.linkedin.com\/company\/bartech-slovakia\/\",\"https:\/\/www.youtube.com\/user\/BartechSk\"]}]}<\/script>\n<!-- \/ Yoast SEO Premium plugin. -->","yoast_head_json":{"title":"Code Checker - BARTECH SLOVAKIA","robots":{"index":"index","follow":"follow","max-snippet":"max-snippet:-1","max-image-preview":"max-image-preview:large","max-video-preview":"max-video-preview:-1"},"canonical":"https:\/\/bartech.sk\/en\/code-checker\/","og_locale":"en_US","og_type":"article","og_title":"Code Checker","og_url":"https:\/\/bartech.sk\/en\/code-checker\/","og_site_name":"BARTECH SLOVAKIA","article_publisher":"https:\/\/www.facebook.com\/Bartech.Slovakia","article_modified_time":"2024-09-24T12:44:00+00:00","og_image":[{"url":"https:\/\/bartech.sk\/wp-content\/uploads\/2024\/04\/CODE-CHECKER-80x80.png","type":"","width":"","height":""}],"twitter_card":"summary_large_image","twitter_misc":{"Est. reading time":"30 minutes"},"schema":{"@context":"https:\/\/schema.org","@graph":[{"@type":"WebPage","@id":"https:\/\/bartech.sk\/en\/code-checker\/","url":"https:\/\/bartech.sk\/en\/code-checker\/","name":"Code Checker - BARTECH SLOVAKIA","isPartOf":{"@id":"https:\/\/bartech.sk\/en\/#website"},"primaryImageOfPage":{"@id":"https:\/\/bartech.sk\/en\/code-checker\/#primaryimage"},"image":{"@id":"https:\/\/bartech.sk\/en\/code-checker\/#primaryimage"},"thumbnailUrl":"https:\/\/bartech.sk\/wp-content\/uploads\/2024\/04\/CODE-CHECKER-80x80.png","datePublished":"2024-04-22T08:52:18+00:00","dateModified":"2024-09-24T12:44:00+00:00","breadcrumb":{"@id":"https:\/\/bartech.sk\/en\/code-checker\/#breadcrumb"},"inLanguage":"en-US","potentialAction":[{"@type":"ReadAction","target":["https:\/\/bartech.sk\/en\/code-checker\/"]}]},{"@type":"ImageObject","inLanguage":"en-US","@id":"https:\/\/bartech.sk\/en\/code-checker\/#primaryimage","url":"https:\/\/bartech.sk\/wp-content\/uploads\/2024\/04\/CODE-CHECKER-80x80.png","contentUrl":"https:\/\/bartech.sk\/wp-content\/uploads\/2024\/04\/CODE-CHECKER-80x80.png"},{"@type":"BreadcrumbList","@id":"https:\/\/bartech.sk\/en\/code-checker\/#breadcrumb","itemListElement":[{"@type":"ListItem","position":1,"name":"Domovsk\u00e1 str\u00e1nka","item":"https:\/\/bartech.sk\/en\/introduction\/"},{"@type":"ListItem","position":2,"name":"Code Checker"}]},{"@type":"WebSite","@id":"https:\/\/bartech.sk\/en\/#website","url":"https:\/\/bartech.sk\/en\/","name":"Rie\u0161enia pre v\u00fdrobu a logistiku","description":"Automatizovan\u00fd zber d\u00e1t vo v\u00fdrobe a logistike","publisher":{"@id":"https:\/\/bartech.sk\/en\/#organization"},"potentialAction":[{"@type":"SearchAction","target":{"@type":"EntryPoint","urlTemplate":"https:\/\/bartech.sk\/en\/?s={search_term_string}"},"query-input":{"@type":"PropertyValueSpecification","valueRequired":true,"valueName":"search_term_string"}}],"inLanguage":"en-US"},{"@type":"Organization","@id":"https:\/\/bartech.sk\/en\/#organization","name":"BARTECH SLOVAKIA","url":"https:\/\/bartech.sk\/en\/","logo":{"@type":"ImageObject","inLanguage":"en-US","@id":"https:\/\/bartech.sk\/en\/#\/schema\/logo\/image\/","url":"https:\/\/bartech.sk\/wp-content\/uploads\/2024\/07\/Bartech_podpis.png","contentUrl":"https:\/\/bartech.sk\/wp-content\/uploads\/2024\/07\/Bartech_podpis.png","width":185,"height":47,"caption":"BARTECH SLOVAKIA"},"image":{"@id":"https:\/\/bartech.sk\/en\/#\/schema\/logo\/image\/"},"sameAs":["https:\/\/www.facebook.com\/Bartech.Slovakia","https:\/\/www.linkedin.com\/company\/bartech-slovakia\/","https:\/\/www.youtube.com\/user\/BartechSk"]}]}},"_links":{"self":[{"href":"https:\/\/bartech.sk\/en\/wp-json\/wp\/v2\/pages\/4504","targetHints":{"allow":["GET"]}}],"collection":[{"href":"https:\/\/bartech.sk\/en\/wp-json\/wp\/v2\/pages"}],"about":[{"href":"https:\/\/bartech.sk\/en\/wp-json\/wp\/v2\/types\/page"}],"author":[{"embeddable":true,"href":"https:\/\/bartech.sk\/en\/wp-json\/wp\/v2\/users\/2"}],"replies":[{"embeddable":true,"href":"https:\/\/bartech.sk\/en\/wp-json\/wp\/v2\/comments?post=4504"}],"version-history":[{"count":1,"href":"https:\/\/bartech.sk\/en\/wp-json\/wp\/v2\/pages\/4504\/revisions"}],"predecessor-version":[{"id":4505,"href":"https:\/\/bartech.sk\/en\/wp-json\/wp\/v2\/pages\/4504\/revisions\/4505"}],"wp:attachment":[{"href":"https:\/\/bartech.sk\/en\/wp-json\/wp\/v2\/media?parent=4504"}],"curies":[{"name":"wp","href":"https:\/\/api.w.org\/{rel}","templated":true}]}}