{"id":4500,"date":"2024-04-16T18:40:46","date_gmt":"2024-04-16T16:40:46","guid":{"rendered":"https:\/\/bartech.sk\/barcodes\/3d-codes\/"},"modified":"2024-09-24T14:20:56","modified_gmt":"2024-09-24T12:20:56","slug":"3d-codes","status":"publish","type":"page","link":"https:\/\/bartech.sk\/en\/barcodes\/3d-codes\/","title":{"rendered":"3D codes"},"content":{"rendered":"\n<style type=\"text\/css\" data-created_by=\"avia_inline_auto\" id=\"style-css-av-x6flg-6040300bd0c7fe9562c54f40c5d61eb2\">\n.avia-section.av-x6flg-6040300bd0c7fe9562c54f40c5d61eb2{\nbackground-repeat:no-repeat;\nbackground-image:url(https:\/\/bartech.sk\/wp-content\/uploads\/2024\/04\/3dqr-banner-v2.jpg);\nbackground-position:50% 50%;\nbackground-attachment:scroll;\n}\n<\/style>\n<div id='av_section_1'  class='avia-section av-x6flg-6040300bd0c7fe9562c54f40c5d61eb2 main_color avia-section-default avia-no-border-styling  avia-builder-el-0  el_before_av_section  avia-builder-el-first  main-banner avia-full-stretch avia-bg-style-scroll av-minimum-height av-minimum-height-50 av-height-50  container_wrap fullsize'  data-section-bg-repeat='stretch' data-av_minimum_height_pc='50' data-av_min_height_opt='50'><div class='container av-section-cont-open' ><main  role=\"main\" itemprop=\"mainContentOfPage\"  class='template-page content  av-content-full alpha units'><div class='post-entry post-entry-type-page post-entry-4500'><div class='entry-content-wrapper clearfix'>\n<div  class='flex_column av-9061ic-224d23c8f235194f15ca05ada2a69a4f av_one_full  avia-builder-el-1  avia-builder-el-no-sibling  first flex_column_div  '     ><p>\n<style type=\"text\/css\" data-created_by=\"avia_inline_auto\" id=\"style-css-av-lv2ltuik-5e7464c9feb2b418dcd0310a2ba0c1b2\">\n#top .av-special-heading.av-lv2ltuik-5e7464c9feb2b418dcd0310a2ba0c1b2{\npadding-bottom:0;\n}\nbody .av-special-heading.av-lv2ltuik-5e7464c9feb2b418dcd0310a2ba0c1b2 .av-special-heading-tag .heading-char{\nfont-size:25px;\n}\n.av-special-heading.av-lv2ltuik-5e7464c9feb2b418dcd0310a2ba0c1b2 .av-subheading{\nfont-size:15px;\n}\n<\/style>\n<div  class='av-special-heading av-lv2ltuik-5e7464c9feb2b418dcd0310a2ba0c1b2 av-special-heading-h1 blockquote modern-quote  avia-builder-el-2  el_before_av_hr  avia-builder-el-first  subpage-title-h1'><h1 class='av-special-heading-tag'  itemprop=\"headline\"  >3D codes<\/h1><div class=\"special-heading-border\"><div class=\"special-heading-inner-border\"><\/div><\/div><\/div><br \/>\n\n<style type=\"text\/css\" data-created_by=\"avia_inline_auto\" id=\"style-css-av-8w2ijw-d277640db0b6601cc0368eccb02f1a90\">\n#top .hr.av-8w2ijw-d277640db0b6601cc0368eccb02f1a90{\nmargin-top:0px;\nmargin-bottom:30px;\n}\n.hr.av-8w2ijw-d277640db0b6601cc0368eccb02f1a90 .hr-inner{\nwidth:100px;\nborder-color:#ed7207;\n}\n<\/style>\n<div  class='hr av-8w2ijw-d277640db0b6601cc0368eccb02f1a90 hr-custom  avia-builder-el-3  el_after_av_heading  avia-builder-el-last  hr-subpage-banner hr-left hr-icon-no'><span class='hr-inner inner-border-av-border-fat'><span class=\"hr-inner-style\"><\/span><\/span><\/div><\/p><\/div>\n\n<\/div><\/div><\/main><!-- close content main element --><\/div><\/div><div id='av_section_2'  class='avia-section av-30ggjw-41eac0088cc9342f5226c025dee0835d main_color avia-section-large avia-no-border-styling  avia-builder-el-4  el_after_av_section  el_before_av_section  pomoct-section avia-bg-style-scroll container_wrap fullsize'  ><div class='container av-section-cont-open' ><div class='template-page content  av-content-full alpha units'><div class='post-entry post-entry-type-page post-entry-4500'><div class='entry-content-wrapper clearfix'>\n<div class='flex_column_table av-2kmgho-239ffe9dc4f78bd49253a9b6649623e4 sc-av_one_third av-equal-height-column-flextable'>\n<style type=\"text\/css\" data-created_by=\"avia_inline_auto\" id=\"style-css-av-2kmgho-239ffe9dc4f78bd49253a9b6649623e4\">\n.flex_column.av-2kmgho-239ffe9dc4f78bd49253a9b6649623e4{\nwidth:32%;\nmargin-left:0;\nbackground-color:#018ed2;\n}\n#top .flex_column_table.av-equal-height-column-flextable.av-2kmgho-239ffe9dc4f78bd49253a9b6649623e4 .av-flex-placeholder{\nwidth:2%;\n}\n<\/style>\n<div  class='flex_column av-2kmgho-239ffe9dc4f78bd49253a9b6649623e4 av_one_third  avia-builder-el-5  el_before_av_one_third  avia-builder-el-first  pomoct-box first flex_column_table_cell av-equal-height-column av-align-top  '     ><p>\n<style type=\"text\/css\" data-created_by=\"avia_inline_auto\" id=\"style-css-av-sfe6s-9881d349cd375add2b244a124841d083\">\n.avia-image-container.av-sfe6s-9881d349cd375add2b244a124841d083 img.avia_image{\nbox-shadow:none;\n}\n.avia-image-container.av-sfe6s-9881d349cd375add2b244a124841d083 .av-image-caption-overlay-center{\ncolor:#ffffff;\n}\n<\/style>\n<div  class='avia-image-container av-sfe6s-9881d349cd375add2b244a124841d083 av-styling- avia-align-center  avia-builder-el-6  el_before_av_heading  avia-builder-el-first '   itemprop=\"image\" itemscope=\"itemscope\" itemtype=\"https:\/\/schema.org\/ImageObject\" ><div class=\"avia-image-container-inner\"><div class=\"avia-image-overlay-wrap\"><a href=\"https:\/\/bartech.sk\/en\/how-to-print\/\" class='avia_image'  aria-label='sluzby-ico'><img decoding=\"async\" fetchpriority=\"high\" class='wp-image-184 avia-img-lazy-loading-not-184 avia_image ' src=\"https:\/\/bartech.sk\/wp-content\/uploads\/2024\/04\/sluzby-ico.svg\" alt='' title='sluzby-ico'   itemprop=\"thumbnailUrl\"  \/><\/a><\/div><\/div><\/div><br \/>\n\n<style type=\"text\/css\" data-created_by=\"avia_inline_auto\" id=\"style-css-av-27w0ms-22f0fa91d19c3f8837f1d2ff7c81bfeb\">\n#top .av-special-heading.av-27w0ms-22f0fa91d19c3f8837f1d2ff7c81bfeb{\npadding-bottom:10px;\n}\nbody .av-special-heading.av-27w0ms-22f0fa91d19c3f8837f1d2ff7c81bfeb .av-special-heading-tag .heading-char{\nfont-size:25px;\n}\n.av-special-heading.av-27w0ms-22f0fa91d19c3f8837f1d2ff7c81bfeb .av-subheading{\nfont-size:15px;\n}\n<\/style>\n<div  class='av-special-heading av-27w0ms-22f0fa91d19c3f8837f1d2ff7c81bfeb av-special-heading-h3 blockquote modern-quote  avia-builder-el-7  el_after_av_image  el_before_av_textblock '><h3 class='av-special-heading-tag'  itemprop=\"headline\"  >How to print?<\/h3><div class=\"special-heading-border\"><div class=\"special-heading-inner-border\"><\/div><\/div><\/div><br \/>\n<section  class='av_textblock_section av-205ejg-17e7d323d73f0b4aa5b59f9a126320d1 '   itemscope=\"itemscope\" itemtype=\"https:\/\/schema.org\/CreativeWork\" ><div class='avia_textblock pomoct-text'  itemprop=\"text\" ><p>Find out how to optimize your barcode printing processes to ensure they are always readable.<\/p>\n<\/div><\/section><br \/>\n<div  class='avia-button-wrap av-1y95r0-a3777c9b9578cf8147ae3b92124637c8-wrap avia-button-left  avia-builder-el-9  el_after_av_textblock  avia-builder-el-last '><a href='https:\/\/bartech.sk\/en\/how-to-print\/'  class='avia-button av-1y95r0-a3777c9b9578cf8147ae3b92124637c8 avia-icon_select-yes-right-icon avia-size-small avia-position-left avia-color-theme-color'  ><span class='avia_iconbox_title' >Learn more<\/span><span class='avia_button_icon avia_button_icon_right' aria-hidden='true' data-av_icon='\ue800' data-av_iconfont='arrows'><\/span><\/a><\/div><\/p><\/div><div class='av-flex-placeholder'><\/div>\n<style type=\"text\/css\" data-created_by=\"avia_inline_auto\" id=\"style-css-av-1pw96s-d4c8123f8f2ae8e0b08690c79292c5d4\">\n.flex_column.av-1pw96s-d4c8123f8f2ae8e0b08690c79292c5d4{\nwidth:32%;\nmargin-left:0;\nbackground-color:#018ed2;\n}\n#top .flex_column_table.av-equal-height-column-flextable.av-1pw96s-d4c8123f8f2ae8e0b08690c79292c5d4 .av-flex-placeholder{\nwidth:2%;\n}\n<\/style>\n<div  class='flex_column av-1pw96s-d4c8123f8f2ae8e0b08690c79292c5d4 av_one_third  avia-builder-el-10  el_after_av_one_third  el_before_av_one_third  pomoct-box flex_column_table_cell av-equal-height-column av-align-top  '     ><p>\n<style type=\"text\/css\" data-created_by=\"avia_inline_auto\" id=\"style-css-av-2d3u7g-98a63f219501f3ffb038513c57c6744b\">\n.avia-image-container.av-2d3u7g-98a63f219501f3ffb038513c57c6744b img.avia_image{\nbox-shadow:none;\n}\n.avia-image-container.av-2d3u7g-98a63f219501f3ffb038513c57c6744b .av-image-caption-overlay-center{\ncolor:#ffffff;\n}\n<\/style>\n<div  class='avia-image-container av-2d3u7g-98a63f219501f3ffb038513c57c6744b av-styling- avia-align-center  avia-builder-el-11  el_before_av_heading  avia-builder-el-first '   itemprop=\"image\" itemscope=\"itemscope\" itemtype=\"https:\/\/schema.org\/ImageObject\" ><div class=\"avia-image-container-inner\"><div class=\"avia-image-overlay-wrap\"><a href=\"https:\/\/bartech.sk\/en\/how-to-scan\/\" class='avia_image'  aria-label='hardver-ico'><img decoding=\"async\" fetchpriority=\"high\" class='wp-image-180 avia-img-lazy-loading-not-180 avia_image ' src=\"https:\/\/bartech.sk\/wp-content\/uploads\/2024\/04\/hardver-ico.svg\" alt='' title='hardver-ico'   itemprop=\"thumbnailUrl\"  \/><\/a><\/div><\/div><\/div><br \/>\n\n<style type=\"text\/css\" data-created_by=\"avia_inline_auto\" id=\"style-css-av-1f7wro-a76f6586482d8bdad57fe5db57203d13\">\n#top .av-special-heading.av-1f7wro-a76f6586482d8bdad57fe5db57203d13{\npadding-bottom:10px;\n}\nbody .av-special-heading.av-1f7wro-a76f6586482d8bdad57fe5db57203d13 .av-special-heading-tag .heading-char{\nfont-size:25px;\n}\n.av-special-heading.av-1f7wro-a76f6586482d8bdad57fe5db57203d13 .av-subheading{\nfont-size:15px;\n}\n<\/style>\n<div  class='av-special-heading av-1f7wro-a76f6586482d8bdad57fe5db57203d13 av-special-heading-h3 blockquote modern-quote  avia-builder-el-12  el_after_av_image  el_before_av_textblock '><h3 class='av-special-heading-tag'  itemprop=\"headline\"  >How to scan?<\/h3><div class=\"special-heading-border\"><div class=\"special-heading-inner-border\"><\/div><\/div><\/div><br \/>\n<section  class='av_textblock_section av-171r9g-8d8938e89512b65b4043792ed7dd4693 '   itemscope=\"itemscope\" itemtype=\"https:\/\/schema.org\/CreativeWork\" ><div class='avia_textblock pomoct-text'  itemprop=\"text\" ><p>See how to effectively scan barcodes using the latest scanner technology.<\/p>\n<\/div><\/section><br \/>\n<div  class='avia-button-wrap av-14d8q4-151fe23261ba49e463b95c3c594b8540-wrap avia-button-left  avia-builder-el-14  el_after_av_textblock  avia-builder-el-last '><a href='https:\/\/bartech.sk\/en\/how-to-scan\/'  class='avia-button av-14d8q4-151fe23261ba49e463b95c3c594b8540 avia-icon_select-yes-right-icon avia-size-small avia-position-left avia-color-theme-color'  ><span class='avia_iconbox_title' >Learn more<\/span><span class='avia_button_icon avia_button_icon_right' aria-hidden='true' data-av_icon='\ue800' data-av_iconfont='arrows'><\/span><\/a><\/div><\/p><\/div><div class='av-flex-placeholder'><\/div>\n<style type=\"text\/css\" data-created_by=\"avia_inline_auto\" id=\"style-css-av-y9zz8-86d383adef4702621d8018117c38ba0c\">\n.flex_column.av-y9zz8-86d383adef4702621d8018117c38ba0c{\nwidth:32%;\nmargin-left:0;\nbackground-color:#018ed2;\n}\n#top .flex_column_table.av-equal-height-column-flextable.av-y9zz8-86d383adef4702621d8018117c38ba0c .av-flex-placeholder{\nwidth:2%;\n}\n<\/style>\n<div  class='flex_column av-y9zz8-86d383adef4702621d8018117c38ba0c av_one_third  avia-builder-el-15  el_after_av_one_third  avia-builder-el-last  pomoct-box flex_column_table_cell av-equal-height-column av-align-top  '     ><p>\n<style type=\"text\/css\" data-created_by=\"avia_inline_auto\" id=\"style-css-av-1jwrh0-b044b0923252c94f8a21e509576795f0\">\n.avia-image-container.av-1jwrh0-b044b0923252c94f8a21e509576795f0 img.avia_image{\nbox-shadow:none;\n}\n.avia-image-container.av-1jwrh0-b044b0923252c94f8a21e509576795f0 .av-image-caption-overlay-center{\ncolor:#ffffff;\n}\n<\/style>\n<div  class='avia-image-container av-1jwrh0-b044b0923252c94f8a21e509576795f0 av-styling- avia-align-center  avia-builder-el-16  el_before_av_heading  avia-builder-el-first '   itemprop=\"image\" itemscope=\"itemscope\" itemtype=\"https:\/\/schema.org\/ImageObject\" ><div class=\"avia-image-container-inner\"><div class=\"avia-image-overlay-wrap\"><a href=\"https:\/\/bartech.sk\/en\/how-to-verify\/\" class='avia_image'  aria-label='checkmark_1828710'><img decoding=\"async\" fetchpriority=\"high\" class='wp-image-3231 avia-img-lazy-loading-not-3231 avia_image ' src=\"https:\/\/bartech.sk\/wp-content\/uploads\/2024\/04\/checkmark_1828710.svg\" alt='' title='checkmark_1828710'   itemprop=\"thumbnailUrl\"  \/><\/a><\/div><\/div><\/div><br \/>\n\n<style type=\"text\/css\" data-created_by=\"avia_inline_auto\" id=\"style-css-av-jlg78-7cc8522a96146907b5b70d300f131ca3\">\n#top .av-special-heading.av-jlg78-7cc8522a96146907b5b70d300f131ca3{\npadding-bottom:10px;\n}\nbody .av-special-heading.av-jlg78-7cc8522a96146907b5b70d300f131ca3 .av-special-heading-tag .heading-char{\nfont-size:25px;\n}\n.av-special-heading.av-jlg78-7cc8522a96146907b5b70d300f131ca3 .av-subheading{\nfont-size:15px;\n}\n<\/style>\n<div  class='av-special-heading av-jlg78-7cc8522a96146907b5b70d300f131ca3 av-special-heading-h3 blockquote modern-quote  avia-builder-el-17  el_after_av_image  el_before_av_textblock '><h3 class='av-special-heading-tag'  itemprop=\"headline\"  >How to verify?<\/h3><div class=\"special-heading-border\"><div class=\"special-heading-inner-border\"><\/div><\/div><\/div><br \/>\n<section  class='av_textblock_section av-co2ks-f37eb90c08be28097df3735e9e84836e '   itemscope=\"itemscope\" itemtype=\"https:\/\/schema.org\/CreativeWork\" ><div class='avia_textblock pomoct-text'  itemprop=\"text\" ><p>Learn how to verify the functionality of barcodes to ensure their reliability.<\/p>\n<\/div><\/section><br \/>\n<div  class='avia-button-wrap av-9i36k-e2185dc1aa20f16c102c7b9a1bf5f4d6-wrap avia-button-left  avia-builder-el-19  el_after_av_textblock  avia-builder-el-last '><a href='https:\/\/bartech.sk\/en\/how-to-verify\/'  class='avia-button av-9i36k-e2185dc1aa20f16c102c7b9a1bf5f4d6 avia-icon_select-yes-right-icon avia-size-small avia-position-left avia-color-theme-color'  ><span class='avia_iconbox_title' >Learn more<\/span><span class='avia_button_icon avia_button_icon_right' aria-hidden='true' data-av_icon='\ue800' data-av_iconfont='arrows'><\/span><\/a><\/div><\/p><\/div><\/div><!--close column table wrapper. Autoclose: 1 -->\n\n<\/div><\/div><\/div><!-- close content main div --><\/div><\/div><div id='av_section_3'  class='avia-section av-8pelz8-74d3d1fa17eba72568c26f8c123d2044 main_color avia-section-huge avia-no-border-styling  avia-builder-el-20  el_after_av_section  avia-builder-el-last  ciarove-kody-subpage-section avia-bg-style-scroll container_wrap fullsize'  ><div class='container av-section-cont-open' ><div class='template-page content  av-content-full alpha units'><div class='post-entry post-entry-type-page post-entry-4500'><div class='entry-content-wrapper clearfix'>\n<div class='flex_column_table av-8h4qzg-01cb6f4a8ea7a762028280e431d39688 sc-av_three_fourth av-equal-height-column-flextable'>\n<style type=\"text\/css\" data-created_by=\"avia_inline_auto\" id=\"style-css-av-8h4qzg-01cb6f4a8ea7a762028280e431d39688\">\n.flex_column.av-8h4qzg-01cb6f4a8ea7a762028280e431d39688{\nwidth:73.5%;\nmargin-left:0;\n}\n#top .flex_column_table.av-equal-height-column-flextable.av-8h4qzg-01cb6f4a8ea7a762028280e431d39688 .av-flex-placeholder{\nwidth:6%;\n}\n<\/style>\n<div  class='flex_column av-8h4qzg-01cb6f4a8ea7a762028280e431d39688 av_three_fourth  avia-builder-el-21  el_before_av_one_fourth  avia-builder-el-first  first flex_column_table_cell av-equal-height-column av-align-middle  '     ><section  class='av_textblock_section av-lv2lv0xr-abf13ac88bd3e651e691c15763857a06 '   itemscope=\"itemscope\" itemtype=\"https:\/\/schema.org\/CreativeWork\" ><div class='avia_textblock'  itemprop=\"text\" ><p>Color 2D codes, such as ColorCode, HCCB (High Capacity Color Barcode), and Ultracode, utilize a <strong>color spectrum to further increase data capacity and reduce the required surface area<\/strong>. Since they are visually appealing and attention-grabbing, they are primarily used in creative marketing. However, they have not yet gained widespread adoption.<\/p>\n<\/div><\/section><\/div><div class='av-flex-placeholder'><\/div>\n<style type=\"text\/css\" data-created_by=\"avia_inline_auto\" id=\"style-css-av-8azarg-352dd0ede75c8aef6c8eba7a2911aee3\">\n.flex_column.av-8azarg-352dd0ede75c8aef6c8eba7a2911aee3{\nwidth:20.5%;\nmargin-left:0;\n}\n#top .flex_column_table.av-equal-height-column-flextable.av-8azarg-352dd0ede75c8aef6c8eba7a2911aee3 .av-flex-placeholder{\nwidth:6%;\n}\n<\/style>\n<div  class='flex_column av-8azarg-352dd0ede75c8aef6c8eba7a2911aee3 av_one_fourth  avia-builder-el-23  el_after_av_three_fourth  avia-builder-el-last  flex_column_table_cell av-equal-height-column av-align-middle  '     ><style type=\"text\/css\" data-created_by=\"avia_inline_auto\" id=\"style-css-av-85zeok-17d3b88716285b54d3c81e355f235f12\">\n.avia-image-container.av-85zeok-17d3b88716285b54d3c81e355f235f12 img.avia_image{\nbox-shadow:none;\n}\n.avia-image-container.av-85zeok-17d3b88716285b54d3c81e355f235f12 .av-image-caption-overlay-center{\ncolor:#ffffff;\n}\n<\/style>\n<div  class='avia-image-container av-85zeok-17d3b88716285b54d3c81e355f235f12 av-styling- avia-align-center  avia-builder-el-24  avia-builder-el-no-sibling '   itemprop=\"image\" itemscope=\"itemscope\" itemtype=\"https:\/\/schema.org\/ImageObject\" ><div class=\"avia-image-container-inner\"><div class=\"avia-image-overlay-wrap\"><img decoding=\"async\" fetchpriority=\"high\" class='wp-image-478 avia-img-lazy-loading-not-478 avia_image ' src=\"https:\/\/bartech.sk\/wp-content\/uploads\/2024\/04\/3d-kody-177x177.jpg\" alt='' title='3d-kody'  height=\"177\" width=\"177\"  itemprop=\"thumbnailUrl\"  \/><\/div><\/div><\/div><\/div><\/div><!--close column table wrapper. Autoclose: 1 -->\n\n","protected":false},"excerpt":{"rendered":"","protected":false},"author":1,"featured_media":0,"parent":4493,"menu_order":8,"comment_status":"closed","ping_status":"closed","template":"","meta":{"footnotes":""},"class_list":["post-4500","page","type-page","status-publish","hentry"],"yoast_head":"<!-- This site is optimized with the Yoast SEO Premium plugin v23.1 (Yoast SEO v26.3) - https:\/\/yoast.com\/wordpress\/plugins\/seo\/ -->\n<title>3D codes - BARTECH SLOVAKIA<\/title>\n<meta name=\"robots\" content=\"index, follow, max-snippet:-1, max-image-preview:large, max-video-preview:-1\" \/>\n<link rel=\"canonical\" href=\"https:\/\/bartech.sk\/en\/barcodes\/3d-codes\/\" \/>\n<meta property=\"og:locale\" content=\"en_US\" \/>\n<meta property=\"og:type\" content=\"article\" \/>\n<meta property=\"og:title\" content=\"3D codes\" \/>\n<meta property=\"og:url\" content=\"https:\/\/bartech.sk\/en\/barcodes\/3d-codes\/\" \/>\n<meta property=\"og:site_name\" content=\"BARTECH SLOVAKIA\" \/>\n<meta property=\"article:publisher\" content=\"https:\/\/www.facebook.com\/Bartech.Slovakia\" \/>\n<meta property=\"article:modified_time\" content=\"2024-09-24T12:20:56+00:00\" \/>\n<meta name=\"twitter:card\" content=\"summary_large_image\" \/>\n<meta name=\"twitter:label1\" content=\"Est. reading time\" \/>\n\t<meta name=\"twitter:data1\" content=\"38 minutes\" \/>\n<script type=\"application\/ld+json\" class=\"yoast-schema-graph\">{\"@context\":\"https:\/\/schema.org\",\"@graph\":[{\"@type\":\"WebPage\",\"@id\":\"https:\/\/bartech.sk\/en\/barcodes\/3d-codes\/\",\"url\":\"https:\/\/bartech.sk\/en\/barcodes\/3d-codes\/\",\"name\":\"3D codes - BARTECH SLOVAKIA\",\"isPartOf\":{\"@id\":\"https:\/\/bartech.sk\/en\/#website\"},\"datePublished\":\"2024-04-16T16:40:46+00:00\",\"dateModified\":\"2024-09-24T12:20:56+00:00\",\"breadcrumb\":{\"@id\":\"https:\/\/bartech.sk\/en\/barcodes\/3d-codes\/#breadcrumb\"},\"inLanguage\":\"en-US\",\"potentialAction\":[{\"@type\":\"ReadAction\",\"target\":[\"https:\/\/bartech.sk\/en\/barcodes\/3d-codes\/\"]}]},{\"@type\":\"BreadcrumbList\",\"@id\":\"https:\/\/bartech.sk\/en\/barcodes\/3d-codes\/#breadcrumb\",\"itemListElement\":[{\"@type\":\"ListItem\",\"position\":1,\"name\":\"Domovsk\u00e1 str\u00e1nka\",\"item\":\"https:\/\/bartech.sk\/en\/introduction\/\"},{\"@type\":\"ListItem\",\"position\":2,\"name\":\"Barcodes\",\"item\":\"https:\/\/bartech.sk\/en\/barcodes\/\"},{\"@type\":\"ListItem\",\"position\":3,\"name\":\"3D codes\"}]},{\"@type\":\"WebSite\",\"@id\":\"https:\/\/bartech.sk\/en\/#website\",\"url\":\"https:\/\/bartech.sk\/en\/\",\"name\":\"Rie\u0161enia pre v\u00fdrobu a logistiku\",\"description\":\"Automatizovan\u00fd zber d\u00e1t vo v\u00fdrobe a logistike\",\"publisher\":{\"@id\":\"https:\/\/bartech.sk\/en\/#organization\"},\"potentialAction\":[{\"@type\":\"SearchAction\",\"target\":{\"@type\":\"EntryPoint\",\"urlTemplate\":\"https:\/\/bartech.sk\/en\/?s={search_term_string}\"},\"query-input\":{\"@type\":\"PropertyValueSpecification\",\"valueRequired\":true,\"valueName\":\"search_term_string\"}}],\"inLanguage\":\"en-US\"},{\"@type\":\"Organization\",\"@id\":\"https:\/\/bartech.sk\/en\/#organization\",\"name\":\"BARTECH SLOVAKIA\",\"url\":\"https:\/\/bartech.sk\/en\/\",\"logo\":{\"@type\":\"ImageObject\",\"inLanguage\":\"en-US\",\"@id\":\"https:\/\/bartech.sk\/en\/#\/schema\/logo\/image\/\",\"url\":\"https:\/\/bartech.sk\/wp-content\/uploads\/2024\/07\/Bartech_podpis.png\",\"contentUrl\":\"https:\/\/bartech.sk\/wp-content\/uploads\/2024\/07\/Bartech_podpis.png\",\"width\":185,\"height\":47,\"caption\":\"BARTECH SLOVAKIA\"},\"image\":{\"@id\":\"https:\/\/bartech.sk\/en\/#\/schema\/logo\/image\/\"},\"sameAs\":[\"https:\/\/www.facebook.com\/Bartech.Slovakia\",\"https:\/\/www.linkedin.com\/company\/bartech-slovakia\/\",\"https:\/\/www.youtube.com\/user\/BartechSk\"]}]}<\/script>\n<!-- \/ Yoast SEO Premium plugin. -->","yoast_head_json":{"title":"3D codes - BARTECH SLOVAKIA","robots":{"index":"index","follow":"follow","max-snippet":"max-snippet:-1","max-image-preview":"max-image-preview:large","max-video-preview":"max-video-preview:-1"},"canonical":"https:\/\/bartech.sk\/en\/barcodes\/3d-codes\/","og_locale":"en_US","og_type":"article","og_title":"3D codes","og_url":"https:\/\/bartech.sk\/en\/barcodes\/3d-codes\/","og_site_name":"BARTECH SLOVAKIA","article_publisher":"https:\/\/www.facebook.com\/Bartech.Slovakia","article_modified_time":"2024-09-24T12:20:56+00:00","twitter_card":"summary_large_image","twitter_misc":{"Est. reading time":"38 minutes"},"schema":{"@context":"https:\/\/schema.org","@graph":[{"@type":"WebPage","@id":"https:\/\/bartech.sk\/en\/barcodes\/3d-codes\/","url":"https:\/\/bartech.sk\/en\/barcodes\/3d-codes\/","name":"3D codes - BARTECH SLOVAKIA","isPartOf":{"@id":"https:\/\/bartech.sk\/en\/#website"},"datePublished":"2024-04-16T16:40:46+00:00","dateModified":"2024-09-24T12:20:56+00:00","breadcrumb":{"@id":"https:\/\/bartech.sk\/en\/barcodes\/3d-codes\/#breadcrumb"},"inLanguage":"en-US","potentialAction":[{"@type":"ReadAction","target":["https:\/\/bartech.sk\/en\/barcodes\/3d-codes\/"]}]},{"@type":"BreadcrumbList","@id":"https:\/\/bartech.sk\/en\/barcodes\/3d-codes\/#breadcrumb","itemListElement":[{"@type":"ListItem","position":1,"name":"Domovsk\u00e1 str\u00e1nka","item":"https:\/\/bartech.sk\/en\/introduction\/"},{"@type":"ListItem","position":2,"name":"Barcodes","item":"https:\/\/bartech.sk\/en\/barcodes\/"},{"@type":"ListItem","position":3,"name":"3D codes"}]},{"@type":"WebSite","@id":"https:\/\/bartech.sk\/en\/#website","url":"https:\/\/bartech.sk\/en\/","name":"Rie\u0161enia pre v\u00fdrobu a logistiku","description":"Automatizovan\u00fd zber d\u00e1t vo v\u00fdrobe a logistike","publisher":{"@id":"https:\/\/bartech.sk\/en\/#organization"},"potentialAction":[{"@type":"SearchAction","target":{"@type":"EntryPoint","urlTemplate":"https:\/\/bartech.sk\/en\/?s={search_term_string}"},"query-input":{"@type":"PropertyValueSpecification","valueRequired":true,"valueName":"search_term_string"}}],"inLanguage":"en-US"},{"@type":"Organization","@id":"https:\/\/bartech.sk\/en\/#organization","name":"BARTECH SLOVAKIA","url":"https:\/\/bartech.sk\/en\/","logo":{"@type":"ImageObject","inLanguage":"en-US","@id":"https:\/\/bartech.sk\/en\/#\/schema\/logo\/image\/","url":"https:\/\/bartech.sk\/wp-content\/uploads\/2024\/07\/Bartech_podpis.png","contentUrl":"https:\/\/bartech.sk\/wp-content\/uploads\/2024\/07\/Bartech_podpis.png","width":185,"height":47,"caption":"BARTECH SLOVAKIA"},"image":{"@id":"https:\/\/bartech.sk\/en\/#\/schema\/logo\/image\/"},"sameAs":["https:\/\/www.facebook.com\/Bartech.Slovakia","https:\/\/www.linkedin.com\/company\/bartech-slovakia\/","https:\/\/www.youtube.com\/user\/BartechSk"]}]}},"_links":{"self":[{"href":"https:\/\/bartech.sk\/en\/wp-json\/wp\/v2\/pages\/4500","targetHints":{"allow":["GET"]}}],"collection":[{"href":"https:\/\/bartech.sk\/en\/wp-json\/wp\/v2\/pages"}],"about":[{"href":"https:\/\/bartech.sk\/en\/wp-json\/wp\/v2\/types\/page"}],"author":[{"embeddable":true,"href":"https:\/\/bartech.sk\/en\/wp-json\/wp\/v2\/users\/1"}],"replies":[{"embeddable":true,"href":"https:\/\/bartech.sk\/en\/wp-json\/wp\/v2\/comments?post=4500"}],"version-history":[{"count":1,"href":"https:\/\/bartech.sk\/en\/wp-json\/wp\/v2\/pages\/4500\/revisions"}],"predecessor-version":[{"id":4501,"href":"https:\/\/bartech.sk\/en\/wp-json\/wp\/v2\/pages\/4500\/revisions\/4501"}],"up":[{"embeddable":true,"href":"https:\/\/bartech.sk\/en\/wp-json\/wp\/v2\/pages\/4493"}],"wp:attachment":[{"href":"https:\/\/bartech.sk\/en\/wp-json\/wp\/v2\/media?parent=4500"}],"curies":[{"name":"wp","href":"https:\/\/api.w.org\/{rel}","templated":true}]}}