{"id":4493,"date":"2024-04-16T16:24:47","date_gmt":"2024-04-16T14:24:47","guid":{"rendered":"https:\/\/bartech.sk\/barcodes\/"},"modified":"2024-09-24T13:57:20","modified_gmt":"2024-09-24T11:57:20","slug":"barcodes","status":"publish","type":"page","link":"https:\/\/bartech.sk\/en\/barcodes\/","title":{"rendered":"Barcodes"},"content":{"rendered":"\n<style type=\"text\/css\" data-created_by=\"avia_inline_auto\" id=\"style-css-av-lv2h9jqc-9324e3cb8f3cfafe235b273c6095b27c\">\n.avia-section.av-lv2h9jqc-9324e3cb8f3cfafe235b273c6095b27c{\nbackground-repeat:no-repeat;\nbackground-image:url(https:\/\/bartech.sk\/wp-content\/uploads\/2024\/04\/ciarove-kody-banner-v2.jpg);\nbackground-position:50% 50%;\nbackground-attachment:scroll;\n}\n<\/style>\n<div id='av_section_1'  class='avia-section av-lv2h9jqc-9324e3cb8f3cfafe235b273c6095b27c main_color avia-section-default avia-no-border-styling  avia-builder-el-0  el_before_av_section  avia-builder-el-first  main-banner avia-full-stretch avia-bg-style-scroll av-minimum-height av-minimum-height-50 av-height-50  container_wrap fullsize'  data-section-bg-repeat='stretch' data-av_minimum_height_pc='50' data-av_min_height_opt='50'><div class='container av-section-cont-open' ><main  role=\"main\" itemprop=\"mainContentOfPage\"  class='template-page content  av-content-full alpha units'><div class='post-entry post-entry-type-page post-entry-4493'><div class='entry-content-wrapper clearfix'>\n<div  class='flex_column av-8j2a2-f88bc7585b57745ac2ff053a76ed6dfa av_one_full  avia-builder-el-1  avia-builder-el-no-sibling  first flex_column_div  '     ><p>\n<style type=\"text\/css\" data-created_by=\"avia_inline_auto\" id=\"style-css-av-lv2h6gek-ff0c622ee7c07a36541a5771ed79de11\">\n#top .av-special-heading.av-lv2h6gek-ff0c622ee7c07a36541a5771ed79de11{\npadding-bottom:0;\n}\nbody .av-special-heading.av-lv2h6gek-ff0c622ee7c07a36541a5771ed79de11 .av-special-heading-tag .heading-char{\nfont-size:25px;\n}\n.av-special-heading.av-lv2h6gek-ff0c622ee7c07a36541a5771ed79de11 .av-subheading{\nfont-size:15px;\n}\n<\/style>\n<div  class='av-special-heading av-lv2h6gek-ff0c622ee7c07a36541a5771ed79de11 av-special-heading-h1 blockquote modern-quote  avia-builder-el-2  el_before_av_hr  avia-builder-el-first  subpage-title-h1'><h1 class='av-special-heading-tag'  itemprop=\"headline\"  >Barcodes<\/h1><div class=\"special-heading-border\"><div class=\"special-heading-inner-border\"><\/div><\/div><\/div><br \/>\n\n<style type=\"text\/css\" data-created_by=\"avia_inline_auto\" id=\"style-css-av-28mhgq-f63af240cb9cb2688fd8886560945892\">\n#top .hr.av-28mhgq-f63af240cb9cb2688fd8886560945892{\nmargin-top:0px;\nmargin-bottom:30px;\n}\n.hr.av-28mhgq-f63af240cb9cb2688fd8886560945892 .hr-inner{\nwidth:100px;\nborder-color:#ed7207;\n}\n<\/style>\n<div  class='hr av-28mhgq-f63af240cb9cb2688fd8886560945892 hr-custom  avia-builder-el-3  el_after_av_heading  avia-builder-el-last  hr-subpage-banner hr-left hr-icon-no'><span class='hr-inner inner-border-av-border-fat'><span class=\"hr-inner-style\"><\/span><\/span><\/div><\/p><\/div>\n\n<\/div><\/div><\/main><!-- close content main element --><\/div><\/div><div id='viac'  class='avia-section av-1z6z8q-c3609ca0929d0e3723cfcd29d2f4f8e0 main_color avia-section-large avia-no-border-styling  avia-builder-el-4  el_after_av_section  avia-builder-el-last  avia-bg-style-scroll container_wrap fullsize'  ><div class='container av-section-cont-open' ><div class='template-page content  av-content-full alpha units'><div class='post-entry post-entry-type-page post-entry-4493'><div class='entry-content-wrapper clearfix'>\n<div  class='flex_column av-1suqf6-6468effbc2681375b573e6455c292c87 av_one_full  avia-builder-el-5  el_before_av_one_third  avia-builder-el-first  first flex_column_div  '     ><p>\n<style type=\"text\/css\" data-created_by=\"avia_inline_auto\" id=\"style-css-av-lv2hae9x-1a696e806ef8204bbcce4a6084fa64bb\">\n#top .av-special-heading.av-lv2hae9x-1a696e806ef8204bbcce4a6084fa64bb{\nmargin:30px 0 0 0;\npadding-bottom:10px;\n}\nbody .av-special-heading.av-lv2hae9x-1a696e806ef8204bbcce4a6084fa64bb .av-special-heading-tag .heading-char{\nfont-size:25px;\n}\n.av-special-heading.av-lv2hae9x-1a696e806ef8204bbcce4a6084fa64bb .av-subheading{\nfont-size:15px;\n}\n<\/style>\n<div  class='av-special-heading av-lv2hae9x-1a696e806ef8204bbcce4a6084fa64bb av-special-heading-h2 blockquote modern-quote  avia-builder-el-6  el_before_av_textblock  avia-builder-el-first '><h2 class='av-special-heading-tag'  itemprop=\"headline\"  >Categories of barcodes.<\/h2><div class=\"special-heading-border\"><div class=\"special-heading-inner-border\"><\/div><\/div><\/div><br \/>\n<section  class='av_textblock_section av-lv2hbjdr-28f0478485d6b283b6e4437ea544ab2f '   itemscope=\"itemscope\" itemtype=\"https:\/\/schema.org\/CreativeWork\" ><div class='avia_textblock'  itemprop=\"text\" ><p>We recognize <strong>three basic categories<\/strong> of barcodes. The most well-known and oldest are <strong>linear barcodes<\/strong>, which are commonly referred to as 1D codes. Barcodes that are formed in a matrix by assembling individual dots, usually in square or rectangular shapes, are called <strong>two-dimensional codes<\/strong> and are abbreviated as 2D. The last category consists of <strong>three-dimensional barcodes<\/strong>, which are created by modifying 2D codes by adding color as a third element. The individual dots of these codes have different colors, thereby increasing their capacity.<\/p>\n<\/div><\/section><\/p><\/div><div class='flex_column_table av-1ixv76-4172f3ab5861fa4e373e64388470f787 sc-av_one_third av-equal-height-column-flextable'>\n<style type=\"text\/css\" data-created_by=\"avia_inline_auto\" id=\"style-css-av-1ixv76-4172f3ab5861fa4e373e64388470f787\">\n.flex_column.av-1ixv76-4172f3ab5861fa4e373e64388470f787{\nwidth:32%;\nmargin-left:0;\nbackground-color:#018ed2;\n}\n#top .flex_column_table.av-equal-height-column-flextable.av-1ixv76-4172f3ab5861fa4e373e64388470f787 .av-flex-placeholder{\nwidth:2%;\n}\n<\/style>\n<div  class='flex_column av-1ixv76-4172f3ab5861fa4e373e64388470f787 av_one_third  avia-builder-el-8  el_after_av_one_full  el_before_av_one_third  pomoct-box first flex_column_table_cell av-equal-height-column av-align-top  column-top-margin'     ><p>\n<style type=\"text\/css\" data-created_by=\"avia_inline_auto\" id=\"style-css-av-1fnc82-9294976563a9244826f38737db50fa19\">\n.avia-image-container.av-1fnc82-9294976563a9244826f38737db50fa19 img.avia_image{\nbox-shadow:none;\n}\n.avia-image-container.av-1fnc82-9294976563a9244826f38737db50fa19 .av-image-caption-overlay-center{\ncolor:#ffffff;\n}\n<\/style>\n<div  class='avia-image-container av-1fnc82-9294976563a9244826f38737db50fa19 av-styling- avia-align-center  avia-builder-el-9  el_before_av_heading  avia-builder-el-first '   itemprop=\"image\" itemscope=\"itemscope\" itemtype=\"https:\/\/schema.org\/ImageObject\" ><div class=\"avia-image-container-inner\"><div class=\"avia-image-overlay-wrap\"><a href=\"https:\/\/bartech.sk\/ciarove-kody\/linearne-1d-kody\/\" class='avia_image'  aria-label='linearne-ico'><img decoding=\"async\" fetchpriority=\"high\" class='wp-image-1076 avia-img-lazy-loading-not-1076 avia_image ' src=\"https:\/\/bartech.sk\/wp-content\/uploads\/2024\/04\/linearne-ico.svg\" alt='' title='linearne-ico'   itemprop=\"thumbnailUrl\"  \/><\/a><\/div><\/div><\/div><br \/>\n\n<style type=\"text\/css\" data-created_by=\"avia_inline_auto\" id=\"style-css-av-lv2hd0ug-f04251ce1bec16117794b18975eb0a4a\">\n#top .av-special-heading.av-lv2hd0ug-f04251ce1bec16117794b18975eb0a4a{\npadding-bottom:10px;\n}\nbody .av-special-heading.av-lv2hd0ug-f04251ce1bec16117794b18975eb0a4a .av-special-heading-tag .heading-char{\nfont-size:25px;\n}\n.av-special-heading.av-lv2hd0ug-f04251ce1bec16117794b18975eb0a4a .av-subheading{\nfont-size:15px;\n}\n<\/style>\n<div  class='av-special-heading av-lv2hd0ug-f04251ce1bec16117794b18975eb0a4a av-special-heading-h3 blockquote modern-quote  avia-builder-el-10  el_after_av_image  el_before_av_textblock '><h3 class='av-special-heading-tag'  itemprop=\"headline\"  >Linear 1D codes.<\/h3><div class=\"special-heading-border\"><div class=\"special-heading-inner-border\"><\/div><\/div><\/div><br \/>\n<section  class='av_textblock_section av-lv2he4fd-8d61d45147b410db6268c357feae7deb '   itemscope=\"itemscope\" itemtype=\"https:\/\/schema.org\/CreativeWork\" ><div class='avia_textblock pomoct-text'  itemprop=\"text\" ><p>The symbol of a linear 1D barcode consists of a certain number of bars and intervening spaces&#8230;<\/p>\n<\/div><\/section><br \/>\n<div  class='avia-button-wrap av-dukki-eeccda9405659fef4ccb8b3bbd097476-wrap avia-button-left  avia-builder-el-12  el_after_av_textblock  avia-builder-el-last '><a href='https:\/\/bartech.sk\/ciarove-kody\/linearne-1d-kody\/'  class='avia-button av-dukki-eeccda9405659fef4ccb8b3bbd097476 avia-icon_select-yes-right-icon avia-size-small avia-position-left avia-color-theme-color'  ><span class='avia_iconbox_title' >Learn more<\/span><span class='avia_button_icon avia_button_icon_right' aria-hidden='true' data-av_icon='\ue800' data-av_iconfont='arrows'><\/span><\/a><\/div><\/p><\/div><div class='av-flex-placeholder'><\/div>\n<style type=\"text\/css\" data-created_by=\"avia_inline_auto\" id=\"style-css-av-3zpvm-f3a1e3db1402eb84a6ae393d439d399c\">\n.flex_column.av-3zpvm-f3a1e3db1402eb84a6ae393d439d399c{\nwidth:32%;\nmargin-left:0;\nbackground-color:#018ed2;\n}\n#top .flex_column_table.av-equal-height-column-flextable.av-3zpvm-f3a1e3db1402eb84a6ae393d439d399c .av-flex-placeholder{\nwidth:2%;\n}\n<\/style>\n<div  class='flex_column av-3zpvm-f3a1e3db1402eb84a6ae393d439d399c av_one_third  avia-builder-el-13  el_after_av_one_third  el_before_av_one_third  pomoct-box flex_column_table_cell av-equal-height-column av-align-top  column-top-margin'     ><p>\n<style type=\"text\/css\" data-created_by=\"avia_inline_auto\" id=\"style-css-av-vp7lm-7c8f062403a848ef8df86c09b5e1e175\">\n.avia-image-container.av-vp7lm-7c8f062403a848ef8df86c09b5e1e175 img.avia_image{\nbox-shadow:none;\n}\n.avia-image-container.av-vp7lm-7c8f062403a848ef8df86c09b5e1e175 .av-image-caption-overlay-center{\ncolor:#ffffff;\n}\n<\/style>\n<div  class='avia-image-container av-vp7lm-7c8f062403a848ef8df86c09b5e1e175 av-styling- avia-align-center  avia-builder-el-14  el_before_av_heading  avia-builder-el-first '   itemprop=\"image\" itemscope=\"itemscope\" itemtype=\"https:\/\/schema.org\/ImageObject\" ><div class=\"avia-image-container-inner\"><div class=\"avia-image-overlay-wrap\"><a href=\"https:\/\/bartech.sk\/ciarove-kody\/maticove-2d-kody\/\" class='avia_image'  aria-label='maticove-ico'><img decoding=\"async\" fetchpriority=\"high\" class='wp-image-1074 avia-img-lazy-loading-not-1074 avia_image ' src=\"https:\/\/bartech.sk\/wp-content\/uploads\/2024\/04\/maticove-ico.svg\" alt='' title='maticove-ico'   itemprop=\"thumbnailUrl\"  \/><\/a><\/div><\/div><\/div><br \/>\n\n<style type=\"text\/css\" data-created_by=\"avia_inline_auto\" id=\"style-css-av-lv2hdce8-7cee6ebc9e774061960c0a69b37d70cf\">\n#top .av-special-heading.av-lv2hdce8-7cee6ebc9e774061960c0a69b37d70cf{\npadding-bottom:10px;\n}\nbody .av-special-heading.av-lv2hdce8-7cee6ebc9e774061960c0a69b37d70cf .av-special-heading-tag .heading-char{\nfont-size:25px;\n}\n.av-special-heading.av-lv2hdce8-7cee6ebc9e774061960c0a69b37d70cf .av-subheading{\nfont-size:15px;\n}\n<\/style>\n<div  class='av-special-heading av-lv2hdce8-7cee6ebc9e774061960c0a69b37d70cf av-special-heading-h3 blockquote modern-quote  avia-builder-el-15  el_after_av_image  el_before_av_textblock '><h3 class='av-special-heading-tag'  itemprop=\"headline\"  >Matrix 2D codes.<\/h3><div class=\"special-heading-border\"><div class=\"special-heading-inner-border\"><\/div><\/div><\/div><br \/>\n<section  class='av_textblock_section av-lv2he8n1-f99046554fbbc46282b15d9da273c0e9 '   itemscope=\"itemscope\" itemtype=\"https:\/\/schema.org\/CreativeWork\" ><div class='avia_textblock pomoct-text'  itemprop=\"text\" ><p>QR Code, or QR code, is an example of a two-dimensional code encoded in a square&#8230;<\/p>\n<\/div><\/section><br \/>\n<div  class='avia-button-wrap av-lv2p8j3s-d2f803251bdebcfc4c0eb60eb06f9a50-wrap avia-button-left  avia-builder-el-17  el_after_av_textblock  avia-builder-el-last '><a href='https:\/\/bartech.sk\/ciarove-kody\/maticove-2d-kody\/'  class='avia-button av-lv2p8j3s-d2f803251bdebcfc4c0eb60eb06f9a50 avia-icon_select-yes-right-icon avia-size-small avia-position-left avia-color-theme-color'  ><span class='avia_iconbox_title' >Learn more<\/span><span class='avia_button_icon avia_button_icon_right' aria-hidden='true' data-av_icon='\ue800' data-av_iconfont='arrows'><\/span><\/a><\/div><\/p><\/div><div class='av-flex-placeholder'><\/div>\n<style type=\"text\/css\" data-created_by=\"avia_inline_auto\" id=\"style-css-av-mpprm-d593b044164725a3b5f0a8e9db5856ff\">\n.flex_column.av-mpprm-d593b044164725a3b5f0a8e9db5856ff{\nwidth:32%;\nmargin-left:0;\nbackground-color:#018ed2;\n}\n#top .flex_column_table.av-equal-height-column-flextable.av-mpprm-d593b044164725a3b5f0a8e9db5856ff .av-flex-placeholder{\nwidth:2%;\n}\n<\/style>\n<div  class='flex_column av-mpprm-d593b044164725a3b5f0a8e9db5856ff av_one_third  avia-builder-el-18  el_after_av_one_third  avia-builder-el-last  pomoct-box no-invert flex_column_table_cell av-equal-height-column av-align-top  column-top-margin'     ><p>\n<style type=\"text\/css\" data-created_by=\"avia_inline_auto\" id=\"style-css-av-e0t3u-df0917007cc910dcea84c71fc6aa39f7\">\n.avia-image-container.av-e0t3u-df0917007cc910dcea84c71fc6aa39f7 img.avia_image{\nbox-shadow:none;\n}\n.avia-image-container.av-e0t3u-df0917007cc910dcea84c71fc6aa39f7 .av-image-caption-overlay-center{\ncolor:#ffffff;\n}\n<\/style>\n<div  class='avia-image-container av-e0t3u-df0917007cc910dcea84c71fc6aa39f7 av-styling- avia-align-center  avia-builder-el-19  el_before_av_heading  avia-builder-el-first '   itemprop=\"image\" itemscope=\"itemscope\" itemtype=\"https:\/\/schema.org\/ImageObject\" ><div class=\"avia-image-container-inner\"><div class=\"avia-image-overlay-wrap\"><a href=\"https:\/\/bartech.sk\/ciarove-kody\/3d-kody\/\" class='avia_image'  aria-label='3dkody-ico'><img decoding=\"async\" fetchpriority=\"high\" class='wp-image-1072 avia-img-lazy-loading-not-1072 avia_image ' src=\"https:\/\/bartech.sk\/wp-content\/uploads\/2024\/04\/3dkody-ico.jpg\" alt='' title='3dkody-ico'  height=\"171\" width=\"171\"  itemprop=\"thumbnailUrl\"  \/><\/a><\/div><\/div><\/div><br \/>\n\n<style type=\"text\/css\" data-created_by=\"avia_inline_auto\" id=\"style-css-av-lv2hdm2d-d7f5dbe5080dfeaae8baa056757a8d6f\">\n#top .av-special-heading.av-lv2hdm2d-d7f5dbe5080dfeaae8baa056757a8d6f{\npadding-bottom:10px;\n}\nbody .av-special-heading.av-lv2hdm2d-d7f5dbe5080dfeaae8baa056757a8d6f .av-special-heading-tag .heading-char{\nfont-size:25px;\n}\n.av-special-heading.av-lv2hdm2d-d7f5dbe5080dfeaae8baa056757a8d6f .av-subheading{\nfont-size:15px;\n}\n<\/style>\n<div  class='av-special-heading av-lv2hdm2d-d7f5dbe5080dfeaae8baa056757a8d6f av-special-heading-h3 blockquote modern-quote  avia-builder-el-20  el_after_av_image  el_before_av_textblock '><h3 class='av-special-heading-tag'  itemprop=\"headline\"  >3D codes<\/h3><div class=\"special-heading-border\"><div class=\"special-heading-inner-border\"><\/div><\/div><\/div><br \/>\n<section  class='av_textblock_section av-lv2hecgp-6fe0e0a8963196e99c1db56c04a07ab9 '   itemscope=\"itemscope\" itemtype=\"https:\/\/schema.org\/CreativeWork\" ><div class='avia_textblock pomoct-text'  itemprop=\"text\" ><p>Color 2D codes such as ColorCode and HCCB (High Capacity Color Barcode)&#8230;<\/p>\n<\/div><\/section><br \/>\n<div  class='avia-button-wrap av-86toy-a5a25dea86f82b675d91bf5464a76e79-wrap avia-button-left  avia-builder-el-22  el_after_av_textblock  avia-builder-el-last '><a href='https:\/\/bartech.sk\/ciarove-kody\/3d-kody\/'  class='avia-button av-86toy-a5a25dea86f82b675d91bf5464a76e79 avia-icon_select-yes-right-icon avia-size-small avia-position-left avia-color-theme-color'  ><span class='avia_iconbox_title' >Learn more<\/span><span class='avia_button_icon avia_button_icon_right' aria-hidden='true' data-av_icon='\ue800' data-av_iconfont='arrows'><\/span><\/a><\/div><\/p><\/div><\/div><!--close column table wrapper. Autoclose: 1 -->\n","protected":false},"excerpt":{"rendered":"","protected":false},"author":1,"featured_media":0,"parent":0,"menu_order":5,"comment_status":"closed","ping_status":"closed","template":"","meta":{"footnotes":""},"class_list":["post-4493","page","type-page","status-publish","hentry"],"yoast_head":"<!-- This site is optimized with the Yoast SEO Premium plugin v23.1 (Yoast SEO v26.3) - https:\/\/yoast.com\/wordpress\/plugins\/seo\/ -->\n<title>Barcodes - BARTECH SLOVAKIA<\/title>\n<meta name=\"robots\" content=\"index, follow, max-snippet:-1, max-image-preview:large, max-video-preview:-1\" \/>\n<link rel=\"canonical\" href=\"https:\/\/bartech.sk\/en\/barcodes\/\" \/>\n<meta property=\"og:locale\" content=\"en_US\" \/>\n<meta property=\"og:type\" content=\"article\" \/>\n<meta property=\"og:title\" content=\"Barcodes\" \/>\n<meta property=\"og:url\" content=\"https:\/\/bartech.sk\/en\/barcodes\/\" \/>\n<meta property=\"og:site_name\" content=\"BARTECH SLOVAKIA\" \/>\n<meta property=\"article:publisher\" content=\"https:\/\/www.facebook.com\/Bartech.Slovakia\" \/>\n<meta property=\"article:modified_time\" content=\"2024-09-24T11:57:20+00:00\" \/>\n<meta name=\"twitter:card\" content=\"summary_large_image\" \/>\n<meta name=\"twitter:label1\" content=\"Est. reading time\" \/>\n\t<meta name=\"twitter:data1\" content=\"33 minutes\" \/>\n<script type=\"application\/ld+json\" class=\"yoast-schema-graph\">{\"@context\":\"https:\/\/schema.org\",\"@graph\":[{\"@type\":\"WebPage\",\"@id\":\"https:\/\/bartech.sk\/en\/barcodes\/\",\"url\":\"https:\/\/bartech.sk\/en\/barcodes\/\",\"name\":\"Barcodes - BARTECH SLOVAKIA\",\"isPartOf\":{\"@id\":\"https:\/\/bartech.sk\/en\/#website\"},\"datePublished\":\"2024-04-16T14:24:47+00:00\",\"dateModified\":\"2024-09-24T11:57:20+00:00\",\"breadcrumb\":{\"@id\":\"https:\/\/bartech.sk\/en\/barcodes\/#breadcrumb\"},\"inLanguage\":\"en-US\",\"potentialAction\":[{\"@type\":\"ReadAction\",\"target\":[\"https:\/\/bartech.sk\/en\/barcodes\/\"]}]},{\"@type\":\"BreadcrumbList\",\"@id\":\"https:\/\/bartech.sk\/en\/barcodes\/#breadcrumb\",\"itemListElement\":[{\"@type\":\"ListItem\",\"position\":1,\"name\":\"Domovsk\u00e1 str\u00e1nka\",\"item\":\"https:\/\/bartech.sk\/en\/introduction\/\"},{\"@type\":\"ListItem\",\"position\":2,\"name\":\"Barcodes\"}]},{\"@type\":\"WebSite\",\"@id\":\"https:\/\/bartech.sk\/en\/#website\",\"url\":\"https:\/\/bartech.sk\/en\/\",\"name\":\"Rie\u0161enia pre v\u00fdrobu a logistiku\",\"description\":\"Automatizovan\u00fd zber d\u00e1t vo v\u00fdrobe a logistike\",\"publisher\":{\"@id\":\"https:\/\/bartech.sk\/en\/#organization\"},\"potentialAction\":[{\"@type\":\"SearchAction\",\"target\":{\"@type\":\"EntryPoint\",\"urlTemplate\":\"https:\/\/bartech.sk\/en\/?s={search_term_string}\"},\"query-input\":{\"@type\":\"PropertyValueSpecification\",\"valueRequired\":true,\"valueName\":\"search_term_string\"}}],\"inLanguage\":\"en-US\"},{\"@type\":\"Organization\",\"@id\":\"https:\/\/bartech.sk\/en\/#organization\",\"name\":\"BARTECH SLOVAKIA\",\"url\":\"https:\/\/bartech.sk\/en\/\",\"logo\":{\"@type\":\"ImageObject\",\"inLanguage\":\"en-US\",\"@id\":\"https:\/\/bartech.sk\/en\/#\/schema\/logo\/image\/\",\"url\":\"https:\/\/bartech.sk\/wp-content\/uploads\/2024\/07\/Bartech_podpis.png\",\"contentUrl\":\"https:\/\/bartech.sk\/wp-content\/uploads\/2024\/07\/Bartech_podpis.png\",\"width\":185,\"height\":47,\"caption\":\"BARTECH SLOVAKIA\"},\"image\":{\"@id\":\"https:\/\/bartech.sk\/en\/#\/schema\/logo\/image\/\"},\"sameAs\":[\"https:\/\/www.facebook.com\/Bartech.Slovakia\",\"https:\/\/www.linkedin.com\/company\/bartech-slovakia\/\",\"https:\/\/www.youtube.com\/user\/BartechSk\"]}]}<\/script>\n<!-- \/ Yoast SEO Premium plugin. -->","yoast_head_json":{"title":"Barcodes - BARTECH SLOVAKIA","robots":{"index":"index","follow":"follow","max-snippet":"max-snippet:-1","max-image-preview":"max-image-preview:large","max-video-preview":"max-video-preview:-1"},"canonical":"https:\/\/bartech.sk\/en\/barcodes\/","og_locale":"en_US","og_type":"article","og_title":"Barcodes","og_url":"https:\/\/bartech.sk\/en\/barcodes\/","og_site_name":"BARTECH SLOVAKIA","article_publisher":"https:\/\/www.facebook.com\/Bartech.Slovakia","article_modified_time":"2024-09-24T11:57:20+00:00","twitter_card":"summary_large_image","twitter_misc":{"Est. reading time":"33 minutes"},"schema":{"@context":"https:\/\/schema.org","@graph":[{"@type":"WebPage","@id":"https:\/\/bartech.sk\/en\/barcodes\/","url":"https:\/\/bartech.sk\/en\/barcodes\/","name":"Barcodes - BARTECH SLOVAKIA","isPartOf":{"@id":"https:\/\/bartech.sk\/en\/#website"},"datePublished":"2024-04-16T14:24:47+00:00","dateModified":"2024-09-24T11:57:20+00:00","breadcrumb":{"@id":"https:\/\/bartech.sk\/en\/barcodes\/#breadcrumb"},"inLanguage":"en-US","potentialAction":[{"@type":"ReadAction","target":["https:\/\/bartech.sk\/en\/barcodes\/"]}]},{"@type":"BreadcrumbList","@id":"https:\/\/bartech.sk\/en\/barcodes\/#breadcrumb","itemListElement":[{"@type":"ListItem","position":1,"name":"Domovsk\u00e1 str\u00e1nka","item":"https:\/\/bartech.sk\/en\/introduction\/"},{"@type":"ListItem","position":2,"name":"Barcodes"}]},{"@type":"WebSite","@id":"https:\/\/bartech.sk\/en\/#website","url":"https:\/\/bartech.sk\/en\/","name":"Rie\u0161enia pre v\u00fdrobu a logistiku","description":"Automatizovan\u00fd zber d\u00e1t vo v\u00fdrobe a logistike","publisher":{"@id":"https:\/\/bartech.sk\/en\/#organization"},"potentialAction":[{"@type":"SearchAction","target":{"@type":"EntryPoint","urlTemplate":"https:\/\/bartech.sk\/en\/?s={search_term_string}"},"query-input":{"@type":"PropertyValueSpecification","valueRequired":true,"valueName":"search_term_string"}}],"inLanguage":"en-US"},{"@type":"Organization","@id":"https:\/\/bartech.sk\/en\/#organization","name":"BARTECH SLOVAKIA","url":"https:\/\/bartech.sk\/en\/","logo":{"@type":"ImageObject","inLanguage":"en-US","@id":"https:\/\/bartech.sk\/en\/#\/schema\/logo\/image\/","url":"https:\/\/bartech.sk\/wp-content\/uploads\/2024\/07\/Bartech_podpis.png","contentUrl":"https:\/\/bartech.sk\/wp-content\/uploads\/2024\/07\/Bartech_podpis.png","width":185,"height":47,"caption":"BARTECH SLOVAKIA"},"image":{"@id":"https:\/\/bartech.sk\/en\/#\/schema\/logo\/image\/"},"sameAs":["https:\/\/www.facebook.com\/Bartech.Slovakia","https:\/\/www.linkedin.com\/company\/bartech-slovakia\/","https:\/\/www.youtube.com\/user\/BartechSk"]}]}},"_links":{"self":[{"href":"https:\/\/bartech.sk\/en\/wp-json\/wp\/v2\/pages\/4493","targetHints":{"allow":["GET"]}}],"collection":[{"href":"https:\/\/bartech.sk\/en\/wp-json\/wp\/v2\/pages"}],"about":[{"href":"https:\/\/bartech.sk\/en\/wp-json\/wp\/v2\/types\/page"}],"author":[{"embeddable":true,"href":"https:\/\/bartech.sk\/en\/wp-json\/wp\/v2\/users\/1"}],"replies":[{"embeddable":true,"href":"https:\/\/bartech.sk\/en\/wp-json\/wp\/v2\/comments?post=4493"}],"version-history":[{"count":1,"href":"https:\/\/bartech.sk\/en\/wp-json\/wp\/v2\/pages\/4493\/revisions"}],"predecessor-version":[{"id":4494,"href":"https:\/\/bartech.sk\/en\/wp-json\/wp\/v2\/pages\/4493\/revisions\/4494"}],"wp:attachment":[{"href":"https:\/\/bartech.sk\/en\/wp-json\/wp\/v2\/media?parent=4493"}],"curies":[{"name":"wp","href":"https:\/\/api.w.org\/{rel}","templated":true}]}}