{"id":4482,"date":"2024-04-26T20:39:43","date_gmt":"2024-04-26T18:39:43","guid":{"rendered":"https:\/\/bartech.sk\/services\/code-verification\/"},"modified":"2025-12-04T12:26:55","modified_gmt":"2025-12-04T11:26:55","slug":"code-verification","status":"publish","type":"page","link":"https:\/\/bartech.sk\/en\/services\/code-verification\/","title":{"rendered":"Code verification."},"content":{"rendered":"\n<style type=\"text\/css\" data-created_by=\"avia_inline_auto\" id=\"style-css-av-lv2hh6tx-9a6d35afa57d4de96028c37ac5a26132\">\n.avia-section.av-lv2hh6tx-9a6d35afa57d4de96028c37ac5a26132{\nbackground-repeat:no-repeat;\nbackground-image:url(https:\/\/bartech.sk\/wp-content\/uploads\/2024\/05\/analyza-banner.jpg);\nbackground-position:50% 50%;\nbackground-attachment:scroll;\n}\n<\/style>\n<div id='av_section_1'  class='avia-section av-lv2hh6tx-9a6d35afa57d4de96028c37ac5a26132 main_color avia-section-default avia-no-border-styling  avia-builder-el-0  el_before_av_section  avia-builder-el-first  main-banner avia-full-stretch avia-bg-style-scroll av-minimum-height av-minimum-height-50 av-height-50  container_wrap fullsize'  data-section-bg-repeat='stretch' data-av_minimum_height_pc='50' data-av_min_height_opt='50'><div class='container av-section-cont-open' ><main  role=\"main\" itemprop=\"mainContentOfPage\"  class='template-page content  av-content-full alpha units'><div class='post-entry post-entry-type-page post-entry-4482'><div class='entry-content-wrapper clearfix'>\n<div  class='flex_column av-50n4xn-912b247e8a5814624ceda6991ea0ca8a av_one_full  avia-builder-el-1  avia-builder-el-no-sibling  first flex_column_div  '     ><p>\n<style type=\"text\/css\" data-created_by=\"avia_inline_auto\" id=\"style-css-av-lv2hgv0i-a0ff29707dcb59d74618959329903ff7\">\n#top .av-special-heading.av-lv2hgv0i-a0ff29707dcb59d74618959329903ff7{\npadding-bottom:0;\n}\nbody .av-special-heading.av-lv2hgv0i-a0ff29707dcb59d74618959329903ff7 .av-special-heading-tag .heading-char{\nfont-size:25px;\n}\n.av-special-heading.av-lv2hgv0i-a0ff29707dcb59d74618959329903ff7 .av-subheading{\nfont-size:15px;\n}\n<\/style>\n<div  class='av-special-heading av-lv2hgv0i-a0ff29707dcb59d74618959329903ff7 av-special-heading-h1 blockquote modern-quote  avia-builder-el-2  el_before_av_hr  avia-builder-el-first  subpage-title-h1'><h1 class='av-special-heading-tag'  itemprop=\"headline\"  >Code verification.<\/h1><div class=\"special-heading-border\"><div class=\"special-heading-inner-border\"><\/div><\/div><\/div><br \/>\n\n<style type=\"text\/css\" data-created_by=\"avia_inline_auto\" id=\"style-css-av-4vbggz-e1e09ebfae37b39159830bbfb0717b06\">\n#top .hr.av-4vbggz-e1e09ebfae37b39159830bbfb0717b06{\nmargin-top:0px;\nmargin-bottom:30px;\n}\n.hr.av-4vbggz-e1e09ebfae37b39159830bbfb0717b06 .hr-inner{\nwidth:100px;\nborder-color:#ed7207;\n}\n<\/style>\n<div  class='hr av-4vbggz-e1e09ebfae37b39159830bbfb0717b06 hr-custom  avia-builder-el-3  el_after_av_heading  avia-builder-el-last  hr-subpage-banner hr-left hr-icon-no'><span class='hr-inner inner-border-av-border-fat'><span class=\"hr-inner-style\"><\/span><\/span><\/div><\/p><\/div>\n\n<\/div><\/div><\/main><!-- close content main element --><\/div><\/div><div id='av_section_2'  class='avia-section av-4pam57-55d27f1a1612aa7f8ebab14d4411373a main_color avia-section-large avia-no-border-styling  avia-builder-el-4  el_after_av_section  avia-builder-el-last  sluzba-section avia-bg-style-scroll container_wrap fullsize'  ><div class='container av-section-cont-open' ><div class='template-page content  av-content-full alpha units'><div class='post-entry post-entry-type-page post-entry-4482'><div class='entry-content-wrapper clearfix'>\n<div  class='flex_column av-4liigb-74ce4fd62c899b4655f8d2bec6d2e851 av_one_full  avia-builder-el-5  el_before_av_one_full  avia-builder-el-first  first flex_column_div  '     ><section  class='av_textblock_section av-lv2hjuv5-257e3051f96454759959fd3320833939 '   itemscope=\"itemscope\" itemtype=\"https:\/\/schema.org\/CreativeWork\" ><div class='avia_textblock'  itemprop=\"text\" ><p>To ensure your business and logistics operations run smoothly, it is important that all barcodes are read and interpreted correctly. Barcode verification is a necessary step to achieve this reliability.<\/p>\n<\/div><\/section><\/div><div  class='flex_column av-88sfve-19fd93cc411d6a6a07f433cfb0b5deaf av_one_full  avia-builder-el-7  el_after_av_one_full  el_before_av_one_full  first flex_column_div  column-top-margin'     ><p>\n<style type=\"text\/css\" data-created_by=\"avia_inline_auto\" id=\"style-css-av-lwujrcpo-909f83894360de48695a353b057903c5\">\n#top .av-special-heading.av-lwujrcpo-909f83894360de48695a353b057903c5{\npadding-bottom:10px;\n}\nbody .av-special-heading.av-lwujrcpo-909f83894360de48695a353b057903c5 .av-special-heading-tag .heading-char{\nfont-size:25px;\n}\n.av-special-heading.av-lwujrcpo-909f83894360de48695a353b057903c5 .av-subheading{\nfont-size:15px;\n}\n<\/style>\n<div  class='av-special-heading av-lwujrcpo-909f83894360de48695a353b057903c5 av-special-heading-h2 blockquote modern-quote  avia-builder-el-8  el_before_av_hr  avia-builder-el-first '><h2 class='av-special-heading-tag'  itemprop=\"headline\"  >Why is barcode verification important?<\/h2><div class=\"special-heading-border\"><div class=\"special-heading-inner-border\"><\/div><\/div><\/div><br \/>\n\n<style type=\"text\/css\" data-created_by=\"avia_inline_auto\" id=\"style-css-av-2cy2y-6ace802a114462965d0cc5b99b087193\">\n#top .hr.av-2cy2y-6ace802a114462965d0cc5b99b087193{\nmargin-top:0px;\nmargin-bottom:10px;\n}\n.hr.av-2cy2y-6ace802a114462965d0cc5b99b087193 .hr-inner{\nwidth:90px;\nborder-color:#ed7207;\n}\n<\/style>\n<div  class='hr av-2cy2y-6ace802a114462965d0cc5b99b087193 hr-custom  avia-builder-el-9  el_after_av_heading  el_before_av_textblock  hr-content hr-left hr-icon-no'><span class='hr-inner inner-border-av-border-fat'><span class=\"hr-inner-style\"><\/span><\/span><\/div><br \/>\n<section  class='av_textblock_section av-lwuixee2-8cafba5d313a1ef1e475ae936dcd26d9 '   itemscope=\"itemscope\" itemtype=\"https:\/\/schema.org\/CreativeWork\" ><div class='avia_textblock'  itemprop=\"text\" ><ul>\n<li aria-level=\"1\"><strong>Ensuring accuracy <\/strong>&#8211; Barcode verification ensures that all codes are readable and error-free, minimizing scanning issues.<\/li>\n<li aria-level=\"1\"><strong>Ensuring quality<\/strong> &#8211; It helps detect and correct errors before the product reaches the market, preventing unnecessary complications.<\/li>\n<li aria-level=\"1\"><strong>Compliance with standards<\/strong> &#8211; It ensures adherence to international standards and regulations, which is essential for global trade.<\/li>\n<li aria-level=\"1\"><strong>Logistics efficiency<\/strong> &#8211; Properly verified and thus easily readable barcodes speed up and streamline processes in warehouses, transportation, and at checkout points.<\/li>\n<\/ul>\n<\/div><\/section><\/p><\/div><div  class='flex_column av-4edl5m-1b84ae42e0b81c40ad60c91abf0ee388 av_one_full  avia-builder-el-11  el_after_av_one_full  el_before_av_one_full  first flex_column_div  column-top-margin'     ><p>\n<style type=\"text\/css\" data-created_by=\"avia_inline_auto\" id=\"style-css-av-lwujrtoa-76dce013b32e24298f4741ded1d39121\">\n#top .av-special-heading.av-lwujrtoa-76dce013b32e24298f4741ded1d39121{\npadding-bottom:10px;\n}\nbody .av-special-heading.av-lwujrtoa-76dce013b32e24298f4741ded1d39121 .av-special-heading-tag .heading-char{\nfont-size:25px;\n}\n.av-special-heading.av-lwujrtoa-76dce013b32e24298f4741ded1d39121 .av-subheading{\nfont-size:15px;\n}\n<\/style>\n<div  class='av-special-heading av-lwujrtoa-76dce013b32e24298f4741ded1d39121 av-special-heading-h2 blockquote modern-quote  avia-builder-el-12  el_before_av_hr  avia-builder-el-first '><h2 class='av-special-heading-tag'  itemprop=\"headline\"  >Verification as a service<\/h2><div class=\"special-heading-border\"><div class=\"special-heading-inner-border\"><\/div><\/div><\/div><br \/>\n\n<style type=\"text\/css\" data-created_by=\"avia_inline_auto\" id=\"style-css-av-293iu2-6936e72b72c865a342663a6240c07daf\">\n#top .hr.av-293iu2-6936e72b72c865a342663a6240c07daf{\nmargin-top:0px;\nmargin-bottom:10px;\n}\n.hr.av-293iu2-6936e72b72c865a342663a6240c07daf .hr-inner{\nwidth:90px;\nborder-color:#ed7207;\n}\n<\/style>\n<div  class='hr av-293iu2-6936e72b72c865a342663a6240c07daf hr-custom  avia-builder-el-13  el_after_av_heading  el_before_av_textblock  hr-content hr-left hr-icon-no'><span class='hr-inner inner-border-av-border-fat'><span class=\"hr-inner-style\"><\/span><\/span><\/div><br \/>\n<section  class='av_textblock_section av-lwuixvcd-b527e4c3e42b70c03a96b8f0122acb2b '   itemscope=\"itemscope\" itemtype=\"https:\/\/schema.org\/CreativeWork\" ><div class='avia_textblock'  itemprop=\"text\" ><p>Pon\u00fakame komplexn\u00e9 slu\u017eby overovania \u010diarov\u00fdch k\u00f3dov, aby sme zaistili, \u017ee va\u0161e v\u00fdrobky bud\u00fa v\u017edy bezprobl\u00e9movo \u010ditate\u013en\u00e9 a pripraven\u00e9 na uvedenie na trh. <a href=\"https:\/\/bartech.sk\/en\/kontakt\/\" target=\"_blank\" rel=\"noopener\">Kontaktujte n\u00e1s<\/a> pre viac inform\u00e1ci\u00ed alebo konzult\u00e1ciu o na\u0161ich slu\u017eb\u00e1ch.<\/p>\n<p><img loading=\"lazy\" decoding=\"async\" class=\"alignleft wp-image-2252\" src=\"https:\/\/bartech.sk\/wp-content\/uploads\/2024\/04\/verifier-mlv-2d-turn-en-99-244x300.jpg\" alt=\"\" width=\"179\" height=\"220\"\/><\/p>\n<p><img loading=\"lazy\" decoding=\"async\" class=\"alignleft size-medium wp-image-2471\" src=\"https:\/\/bartech.sk\/wp-content\/uploads\/2024\/04\/verifikator-rea-1-300x220.jpg\" alt=\"\" width=\"300\" height=\"220\"\/><\/p>\n<\/div><\/section><\/p><\/div><div  class='flex_column av-2fckoq-e4ee979724bb7593f7d1816b859ec2de av_one_full  avia-builder-el-15  el_after_av_one_full  avia-builder-el-last  first flex_column_div  column-top-margin'     ><\/div>\n","protected":false},"excerpt":{"rendered":"","protected":false},"author":2,"featured_media":0,"parent":4472,"menu_order":6,"comment_status":"closed","ping_status":"closed","template":"","meta":{"footnotes":""},"class_list":["post-4482","page","type-page","status-publish","hentry"],"yoast_head":"<!-- This site is optimized with the Yoast SEO Premium plugin v23.1 (Yoast SEO v26.3) - https:\/\/yoast.com\/wordpress\/plugins\/seo\/ -->\n<title>Code verification. - BARTECH SLOVAKIA<\/title>\n<meta name=\"robots\" content=\"index, follow, max-snippet:-1, max-image-preview:large, max-video-preview:-1\" \/>\n<link rel=\"canonical\" href=\"https:\/\/bartech.sk\/en\/services\/code-verification\/\" \/>\n<meta property=\"og:locale\" content=\"en_US\" \/>\n<meta property=\"og:type\" content=\"article\" \/>\n<meta property=\"og:title\" content=\"Code verification.\" \/>\n<meta property=\"og:url\" content=\"https:\/\/bartech.sk\/en\/services\/code-verification\/\" \/>\n<meta property=\"og:site_name\" content=\"BARTECH SLOVAKIA\" \/>\n<meta property=\"article:publisher\" content=\"https:\/\/www.facebook.com\/Bartech.Slovakia\" \/>\n<meta property=\"article:modified_time\" content=\"2025-12-04T11:26:55+00:00\" \/>\n<meta property=\"og:image\" content=\"https:\/\/bartech.sk\/wp-content\/uploads\/2024\/04\/verifier-mlv-2d-turn-en-99.jpg\" \/>\n\t<meta property=\"og:image:width\" content=\"352\" \/>\n\t<meta property=\"og:image:height\" content=\"433\" \/>\n\t<meta property=\"og:image:type\" content=\"image\/jpeg\" \/>\n<meta name=\"twitter:card\" content=\"summary_large_image\" \/>\n<meta name=\"twitter:label1\" content=\"Est. reading time\" \/>\n\t<meta name=\"twitter:data1\" content=\"21 minutes\" \/>\n<script type=\"application\/ld+json\" class=\"yoast-schema-graph\">{\"@context\":\"https:\/\/schema.org\",\"@graph\":[{\"@type\":\"WebPage\",\"@id\":\"https:\/\/bartech.sk\/en\/services\/code-verification\/\",\"url\":\"https:\/\/bartech.sk\/en\/services\/code-verification\/\",\"name\":\"Code verification. - BARTECH SLOVAKIA\",\"isPartOf\":{\"@id\":\"https:\/\/bartech.sk\/en\/#website\"},\"primaryImageOfPage\":{\"@id\":\"https:\/\/bartech.sk\/en\/services\/code-verification\/#primaryimage\"},\"image\":{\"@id\":\"https:\/\/bartech.sk\/en\/services\/code-verification\/#primaryimage\"},\"thumbnailUrl\":\"https:\/\/bartech.sk\/wp-content\/uploads\/2024\/04\/verifier-mlv-2d-turn-en-99-244x300.jpg\",\"datePublished\":\"2024-04-26T18:39:43+00:00\",\"dateModified\":\"2025-12-04T11:26:55+00:00\",\"breadcrumb\":{\"@id\":\"https:\/\/bartech.sk\/en\/services\/code-verification\/#breadcrumb\"},\"inLanguage\":\"en-US\",\"potentialAction\":[{\"@type\":\"ReadAction\",\"target\":[\"https:\/\/bartech.sk\/en\/services\/code-verification\/\"]}]},{\"@type\":\"ImageObject\",\"inLanguage\":\"en-US\",\"@id\":\"https:\/\/bartech.sk\/en\/services\/code-verification\/#primaryimage\",\"url\":\"https:\/\/bartech.sk\/wp-content\/uploads\/2024\/04\/verifier-mlv-2d-turn-en-99-244x300.jpg\",\"contentUrl\":\"https:\/\/bartech.sk\/wp-content\/uploads\/2024\/04\/verifier-mlv-2d-turn-en-99-244x300.jpg\"},{\"@type\":\"BreadcrumbList\",\"@id\":\"https:\/\/bartech.sk\/en\/services\/code-verification\/#breadcrumb\",\"itemListElement\":[{\"@type\":\"ListItem\",\"position\":1,\"name\":\"Domovsk\u00e1 str\u00e1nka\",\"item\":\"https:\/\/bartech.sk\/en\/introduction\/\"},{\"@type\":\"ListItem\",\"position\":2,\"name\":\"Services\",\"item\":\"https:\/\/bartech.sk\/en\/services\/\"},{\"@type\":\"ListItem\",\"position\":3,\"name\":\"Code verification.\"}]},{\"@type\":\"WebSite\",\"@id\":\"https:\/\/bartech.sk\/en\/#website\",\"url\":\"https:\/\/bartech.sk\/en\/\",\"name\":\"Rie\u0161enia pre v\u00fdrobu a logistiku\",\"description\":\"Automatizovan\u00fd zber d\u00e1t vo v\u00fdrobe a logistike\",\"publisher\":{\"@id\":\"https:\/\/bartech.sk\/en\/#organization\"},\"potentialAction\":[{\"@type\":\"SearchAction\",\"target\":{\"@type\":\"EntryPoint\",\"urlTemplate\":\"https:\/\/bartech.sk\/en\/?s={search_term_string}\"},\"query-input\":{\"@type\":\"PropertyValueSpecification\",\"valueRequired\":true,\"valueName\":\"search_term_string\"}}],\"inLanguage\":\"en-US\"},{\"@type\":\"Organization\",\"@id\":\"https:\/\/bartech.sk\/en\/#organization\",\"name\":\"BARTECH SLOVAKIA\",\"url\":\"https:\/\/bartech.sk\/en\/\",\"logo\":{\"@type\":\"ImageObject\",\"inLanguage\":\"en-US\",\"@id\":\"https:\/\/bartech.sk\/en\/#\/schema\/logo\/image\/\",\"url\":\"https:\/\/bartech.sk\/wp-content\/uploads\/2024\/07\/Bartech_podpis.png\",\"contentUrl\":\"https:\/\/bartech.sk\/wp-content\/uploads\/2024\/07\/Bartech_podpis.png\",\"width\":185,\"height\":47,\"caption\":\"BARTECH SLOVAKIA\"},\"image\":{\"@id\":\"https:\/\/bartech.sk\/en\/#\/schema\/logo\/image\/\"},\"sameAs\":[\"https:\/\/www.facebook.com\/Bartech.Slovakia\",\"https:\/\/www.linkedin.com\/company\/bartech-slovakia\/\",\"https:\/\/www.youtube.com\/user\/BartechSk\"]}]}<\/script>\n<!-- \/ Yoast SEO Premium plugin. -->","yoast_head_json":{"title":"Code verification. - BARTECH SLOVAKIA","robots":{"index":"index","follow":"follow","max-snippet":"max-snippet:-1","max-image-preview":"max-image-preview:large","max-video-preview":"max-video-preview:-1"},"canonical":"https:\/\/bartech.sk\/en\/services\/code-verification\/","og_locale":"en_US","og_type":"article","og_title":"Code verification.","og_url":"https:\/\/bartech.sk\/en\/services\/code-verification\/","og_site_name":"BARTECH SLOVAKIA","article_publisher":"https:\/\/www.facebook.com\/Bartech.Slovakia","article_modified_time":"2025-12-04T11:26:55+00:00","og_image":[{"width":352,"height":433,"url":"https:\/\/bartech.sk\/wp-content\/uploads\/2024\/04\/verifier-mlv-2d-turn-en-99.jpg","type":"image\/jpeg"}],"twitter_card":"summary_large_image","twitter_misc":{"Est. reading time":"21 minutes"},"schema":{"@context":"https:\/\/schema.org","@graph":[{"@type":"WebPage","@id":"https:\/\/bartech.sk\/en\/services\/code-verification\/","url":"https:\/\/bartech.sk\/en\/services\/code-verification\/","name":"Code verification. - BARTECH SLOVAKIA","isPartOf":{"@id":"https:\/\/bartech.sk\/en\/#website"},"primaryImageOfPage":{"@id":"https:\/\/bartech.sk\/en\/services\/code-verification\/#primaryimage"},"image":{"@id":"https:\/\/bartech.sk\/en\/services\/code-verification\/#primaryimage"},"thumbnailUrl":"https:\/\/bartech.sk\/wp-content\/uploads\/2024\/04\/verifier-mlv-2d-turn-en-99-244x300.jpg","datePublished":"2024-04-26T18:39:43+00:00","dateModified":"2025-12-04T11:26:55+00:00","breadcrumb":{"@id":"https:\/\/bartech.sk\/en\/services\/code-verification\/#breadcrumb"},"inLanguage":"en-US","potentialAction":[{"@type":"ReadAction","target":["https:\/\/bartech.sk\/en\/services\/code-verification\/"]}]},{"@type":"ImageObject","inLanguage":"en-US","@id":"https:\/\/bartech.sk\/en\/services\/code-verification\/#primaryimage","url":"https:\/\/bartech.sk\/wp-content\/uploads\/2024\/04\/verifier-mlv-2d-turn-en-99-244x300.jpg","contentUrl":"https:\/\/bartech.sk\/wp-content\/uploads\/2024\/04\/verifier-mlv-2d-turn-en-99-244x300.jpg"},{"@type":"BreadcrumbList","@id":"https:\/\/bartech.sk\/en\/services\/code-verification\/#breadcrumb","itemListElement":[{"@type":"ListItem","position":1,"name":"Domovsk\u00e1 str\u00e1nka","item":"https:\/\/bartech.sk\/en\/introduction\/"},{"@type":"ListItem","position":2,"name":"Services","item":"https:\/\/bartech.sk\/en\/services\/"},{"@type":"ListItem","position":3,"name":"Code verification."}]},{"@type":"WebSite","@id":"https:\/\/bartech.sk\/en\/#website","url":"https:\/\/bartech.sk\/en\/","name":"Rie\u0161enia pre v\u00fdrobu a logistiku","description":"Automatizovan\u00fd zber d\u00e1t vo v\u00fdrobe a logistike","publisher":{"@id":"https:\/\/bartech.sk\/en\/#organization"},"potentialAction":[{"@type":"SearchAction","target":{"@type":"EntryPoint","urlTemplate":"https:\/\/bartech.sk\/en\/?s={search_term_string}"},"query-input":{"@type":"PropertyValueSpecification","valueRequired":true,"valueName":"search_term_string"}}],"inLanguage":"en-US"},{"@type":"Organization","@id":"https:\/\/bartech.sk\/en\/#organization","name":"BARTECH SLOVAKIA","url":"https:\/\/bartech.sk\/en\/","logo":{"@type":"ImageObject","inLanguage":"en-US","@id":"https:\/\/bartech.sk\/en\/#\/schema\/logo\/image\/","url":"https:\/\/bartech.sk\/wp-content\/uploads\/2024\/07\/Bartech_podpis.png","contentUrl":"https:\/\/bartech.sk\/wp-content\/uploads\/2024\/07\/Bartech_podpis.png","width":185,"height":47,"caption":"BARTECH SLOVAKIA"},"image":{"@id":"https:\/\/bartech.sk\/en\/#\/schema\/logo\/image\/"},"sameAs":["https:\/\/www.facebook.com\/Bartech.Slovakia","https:\/\/www.linkedin.com\/company\/bartech-slovakia\/","https:\/\/www.youtube.com\/user\/BartechSk"]}]}},"_links":{"self":[{"href":"https:\/\/bartech.sk\/en\/wp-json\/wp\/v2\/pages\/4482","targetHints":{"allow":["GET"]}}],"collection":[{"href":"https:\/\/bartech.sk\/en\/wp-json\/wp\/v2\/pages"}],"about":[{"href":"https:\/\/bartech.sk\/en\/wp-json\/wp\/v2\/types\/page"}],"author":[{"embeddable":true,"href":"https:\/\/bartech.sk\/en\/wp-json\/wp\/v2\/users\/2"}],"replies":[{"embeddable":true,"href":"https:\/\/bartech.sk\/en\/wp-json\/wp\/v2\/comments?post=4482"}],"version-history":[{"count":14,"href":"https:\/\/bartech.sk\/en\/wp-json\/wp\/v2\/pages\/4482\/revisions"}],"predecessor-version":[{"id":6869,"href":"https:\/\/bartech.sk\/en\/wp-json\/wp\/v2\/pages\/4482\/revisions\/6869"}],"up":[{"embeddable":true,"href":"https:\/\/bartech.sk\/en\/wp-json\/wp\/v2\/pages\/4472"}],"wp:attachment":[{"href":"https:\/\/bartech.sk\/en\/wp-json\/wp\/v2\/media?parent=4482"}],"curies":[{"name":"wp","href":"https:\/\/api.w.org\/{rel}","templated":true}]}}