{"id":4479,"date":"2024-04-18T17:09:52","date_gmt":"2024-04-18T15:09:52","guid":{"rendered":"https:\/\/bartech.sk\/services\/custom-label-printing\/"},"modified":"2024-09-24T13:47:24","modified_gmt":"2024-09-24T11:47:24","slug":"custom-label-printing","status":"publish","type":"page","link":"https:\/\/bartech.sk\/en\/services\/custom-label-printing\/","title":{"rendered":"Custom label printing."},"content":{"rendered":"\n<style type=\"text\/css\" data-created_by=\"avia_inline_auto\" id=\"style-css-av-lv2hh6tx-2c61d546b1daa99ee42b9d83e6f7f65f\">\n.avia-section.av-lv2hh6tx-2c61d546b1daa99ee42b9d83e6f7f65f{\nbackground-repeat:no-repeat;\nbackground-image:url(https:\/\/bartech.sk\/wp-content\/uploads\/2024\/04\/potlac-banner-v2.jpg);\nbackground-position:50% 50%;\nbackground-attachment:scroll;\n}\n<\/style>\n<div id='av_section_1'  class='avia-section av-lv2hh6tx-2c61d546b1daa99ee42b9d83e6f7f65f main_color avia-section-default avia-no-border-styling  avia-builder-el-0  el_before_av_section  avia-builder-el-first  main-banner avia-full-stretch avia-bg-style-scroll av-minimum-height av-minimum-height-50 av-height-50  container_wrap fullsize'  data-section-bg-repeat='stretch' data-av_minimum_height_pc='50' data-av_min_height_opt='50'><div class='container av-section-cont-open' ><main  role=\"main\" itemprop=\"mainContentOfPage\"  class='template-page content  av-content-full alpha units'><div class='post-entry post-entry-type-page post-entry-4479'><div class='entry-content-wrapper clearfix'>\n<div  class='flex_column av-50n4xn-912b247e8a5814624ceda6991ea0ca8a av_one_full  avia-builder-el-1  avia-builder-el-no-sibling  first flex_column_div  '     ><p>\n<style type=\"text\/css\" data-created_by=\"avia_inline_auto\" id=\"style-css-av-lv2hgv0i-e4330c9b4bfc6615ccfeb2fdf3392e6f\">\n#top .av-special-heading.av-lv2hgv0i-e4330c9b4bfc6615ccfeb2fdf3392e6f{\npadding-bottom:0;\n}\nbody .av-special-heading.av-lv2hgv0i-e4330c9b4bfc6615ccfeb2fdf3392e6f .av-special-heading-tag .heading-char{\nfont-size:25px;\n}\n.av-special-heading.av-lv2hgv0i-e4330c9b4bfc6615ccfeb2fdf3392e6f .av-subheading{\nfont-size:15px;\n}\n<\/style>\n<div  class='av-special-heading av-lv2hgv0i-e4330c9b4bfc6615ccfeb2fdf3392e6f av-special-heading-h1 blockquote modern-quote  avia-builder-el-2  el_before_av_hr  avia-builder-el-first  subpage-title-h1'><h1 class='av-special-heading-tag'  itemprop=\"headline\"  >Custom label printing.<\/h1><div class=\"special-heading-border\"><div class=\"special-heading-inner-border\"><\/div><\/div><\/div><br \/>\n\n<style type=\"text\/css\" data-created_by=\"avia_inline_auto\" id=\"style-css-av-4vbggz-e1e09ebfae37b39159830bbfb0717b06\">\n#top .hr.av-4vbggz-e1e09ebfae37b39159830bbfb0717b06{\nmargin-top:0px;\nmargin-bottom:30px;\n}\n.hr.av-4vbggz-e1e09ebfae37b39159830bbfb0717b06 .hr-inner{\nwidth:100px;\nborder-color:#ed7207;\n}\n<\/style>\n<div  class='hr av-4vbggz-e1e09ebfae37b39159830bbfb0717b06 hr-custom  avia-builder-el-3  el_after_av_heading  avia-builder-el-last  hr-subpage-banner hr-left hr-icon-no'><span class='hr-inner inner-border-av-border-fat'><span class=\"hr-inner-style\"><\/span><\/span><\/div><\/p><\/div>\n\n<\/div><\/div><\/main><!-- close content main element --><\/div><\/div><div id='av_section_2'  class='avia-section av-4pam57-55d27f1a1612aa7f8ebab14d4411373a main_color avia-section-large avia-no-border-styling  avia-builder-el-4  el_after_av_section  el_before_av_section  sluzba-section avia-bg-style-scroll container_wrap fullsize'  ><div class='container av-section-cont-open' ><div class='template-page content  av-content-full alpha units'><div class='post-entry post-entry-type-page post-entry-4479'><div class='entry-content-wrapper clearfix'>\n<div  class='flex_column av-4liigb-74ce4fd62c899b4655f8d2bec6d2e851 av_one_full  avia-builder-el-5  avia-builder-el-no-sibling  first flex_column_div  '     ><section  class='av_textblock_section av-lv2hjuv5-257e3051f96454759959fd3320833939 '   itemscope=\"itemscope\" itemtype=\"https:\/\/schema.org\/CreativeWork\" ><div class='avia_textblock'  itemprop=\"text\" ><p>If you do not want to purchase your own device for label design and printing, contact us. We will design <a href=\"https:\/\/obchod.bartech.sk\/categories\/etikety-a-textilne-pasky\" target=\"_blank\" rel=\"noopener\">labels of any format<\/a> according to your requirements and print them in any quantity, either as a one-time order or as part of regular deliveries. Labels can include graphics (such as your company logo), descriptive texts (with Czech diacritics), numerical data (constant, ascending, or descending sequences), variable numerical and text data (from database files), and all common types of barcodes. We have <a href=\"https:\/\/obchod.bartech.sk\/categories\/sw-riesenia1\" target=\"_blank\" rel=\"noopener\">powerful label design software<\/a>, fast <a href=\"https:\/\/obchod.bartech.sk\/categories\/tlaciarne-etikiet1\" target=\"_blank\" rel=\"noopener\">thermal transfer printers<\/a>, and various types and colors of <a href=\"https:\/\/obchod.bartech.sk\/categories\/farbiace-pasky\" target=\"_blank\" rel=\"noopener\">thermal transfer ribbons<\/a>, allowing us to meet your requirements within 2-3 days, or immediately in urgent cases, all at very favorable prices. If you later decide to create labels in-house, we will provide you with all the necessary equipment and consumables, including a pre-processed software design of your label. The following options can be used for printing:      <\/p>\n<ul>\n<li>Printing of barcodes<\/li>\n<li>Printing instructions, descriptions, and certification marks<\/li>\n<li>Printing numerical sequences<\/li>\n<li>Printing from databases<\/li>\n<\/ul>\n<p> What we offer?<\/p>\n<\/div><\/section><\/div>\n\n<\/div><\/div><\/div><!-- close content main div --><\/div><\/div><div id='av_section_3'  class='avia-section av-lv2ie9gv-35720ef382176f879d4fe17f97204340 main_color avia-section-default avia-no-border-styling  avia-builder-el-7  el_after_av_section  el_before_av_section  ciarove-kody-subpage-section short-subpage-section avia-bg-style-scroll container_wrap fullsize'  ><div class='container av-section-cont-open' ><div class='template-page content  av-content-full alpha units'><div class='post-entry post-entry-type-page post-entry-4479'><div class='entry-content-wrapper clearfix'>\n<div  class='flex_column av-46fpk3-6c08281cc6101b8866a9b0a5b1b0e5ad av_one_full  avia-builder-el-8  el_before_av_one_full  avia-builder-el-first  first flex_column_div  '     ><p>\n<style type=\"text\/css\" data-created_by=\"avia_inline_auto\" id=\"style-css-av-lv2hkror-a7585400372f170c71ac039bb79f0485\">\n#top .av-special-heading.av-lv2hkror-a7585400372f170c71ac039bb79f0485{\npadding-bottom:10px;\n}\nbody .av-special-heading.av-lv2hkror-a7585400372f170c71ac039bb79f0485 .av-special-heading-tag .heading-char{\nfont-size:25px;\n}\n.av-special-heading.av-lv2hkror-a7585400372f170c71ac039bb79f0485 .av-subheading{\nfont-size:15px;\n}\n<\/style>\n<div  class='av-special-heading av-lv2hkror-a7585400372f170c71ac039bb79f0485 av-special-heading-h2 blockquote modern-quote  avia-builder-el-9  el_before_av_hr  avia-builder-el-first '><h2 class='av-special-heading-tag'  itemprop=\"headline\"  >Low prices<\/h2><div class=\"special-heading-border\"><div class=\"special-heading-inner-border\"><\/div><\/div><\/div><br \/>\n\n<style type=\"text\/css\" data-created_by=\"avia_inline_auto\" id=\"style-css-av-lv2hnrhg-1af0d73ab3f61894c4b145d721fdcd35\">\n#top .hr.av-lv2hnrhg-1af0d73ab3f61894c4b145d721fdcd35{\nmargin-top:0px;\nmargin-bottom:10px;\n}\n.hr.av-lv2hnrhg-1af0d73ab3f61894c4b145d721fdcd35 .hr-inner{\nwidth:90px;\nborder-color:#ed7207;\n}\n<\/style>\n<div  class='hr av-lv2hnrhg-1af0d73ab3f61894c4b145d721fdcd35 hr-custom  avia-builder-el-10  el_after_av_heading  avia-builder-el-last  hr-content hr-left hr-icon-no'><span class='hr-inner inner-border-av-border-fat'><span class=\"hr-inner-style\"><\/span><\/span><\/div><\/p><\/div><div class='flex_column_table av-lv2inh56-f1151d21e8521d8eb17e6f5fa6691d42 sc-av_one_full av-equal-height-column-flextable'>\n<style type=\"text\/css\" data-created_by=\"avia_inline_auto\" id=\"style-css-av-lv2inh56-f1151d21e8521d8eb17e6f5fa6691d42\">\n.flex_column.av-lv2inh56-f1151d21e8521d8eb17e6f5fa6691d42{\nwidth:100%;\nmargin-left:0;\n}\n#top .flex_column_table.av-equal-height-column-flextable.av-lv2inh56-f1151d21e8521d8eb17e6f5fa6691d42 .av-flex-placeholder{\nwidth:0%;\n}\n<\/style>\n<div  class='flex_column av-lv2inh56-f1151d21e8521d8eb17e6f5fa6691d42 av_one_full  avia-builder-el-11  el_after_av_one_full  avia-builder-el-last  first flex_column_table_cell av-equal-height-column av-align-middle  column-top-margin'     ><section  class='av_textblock_section av-4fpxyr-95bc189e98500accb03a3fd295ac0f3b '   itemscope=\"itemscope\" itemtype=\"https:\/\/schema.org\/CreativeWork\" ><div class='avia_textblock'  itemprop=\"text\" ><p>We print labels on thermal transfer printers, which allows us to offer very attractive prices even for small batches.<\/p>\n<\/div><\/section><\/div><\/div><!--close column table wrapper. Autoclose: 1 -->\n\n<\/div><\/div><\/div><!-- close content main div --><\/div><\/div><div id='av_section_4'  class='avia-section av-22m7kn-36048fd4cd8fcc879c684c435e596be6 main_color avia-section-default avia-no-border-styling  avia-builder-el-13  el_after_av_section  el_before_av_section  ciarove-kody-subpage-section short-subpage-section avia-bg-style-scroll container_wrap fullsize'  ><div class='container av-section-cont-open' ><div class='template-page content  av-content-full alpha units'><div class='post-entry post-entry-type-page post-entry-4479'><div class='entry-content-wrapper clearfix'>\n<div  class='flex_column av-1wq0on-66d016d24fee32f192906ebb46a384e7 av_one_full  avia-builder-el-14  el_before_av_one_full  avia-builder-el-first  first flex_column_div  '     ><p>\n<style type=\"text\/css\" data-created_by=\"avia_inline_auto\" id=\"style-css-av-lv5dp324-c55ba18e29f33aed9d337457cbdb5830\">\n#top .av-special-heading.av-lv5dp324-c55ba18e29f33aed9d337457cbdb5830{\npadding-bottom:10px;\n}\nbody .av-special-heading.av-lv5dp324-c55ba18e29f33aed9d337457cbdb5830 .av-special-heading-tag .heading-char{\nfont-size:25px;\n}\n.av-special-heading.av-lv5dp324-c55ba18e29f33aed9d337457cbdb5830 .av-subheading{\nfont-size:15px;\n}\n<\/style>\n<div  class='av-special-heading av-lv5dp324-c55ba18e29f33aed9d337457cbdb5830 av-special-heading-h2 blockquote modern-quote  avia-builder-el-15  el_before_av_hr  avia-builder-el-first '><h2 class='av-special-heading-tag'  itemprop=\"headline\"  >Fast delivery times<\/h2><div class=\"special-heading-border\"><div class=\"special-heading-inner-border\"><\/div><\/div><\/div><br \/>\n\n<style type=\"text\/css\" data-created_by=\"avia_inline_auto\" id=\"style-css-av-1p2bj3-37e4298c5654f6065ae10a0fa0b013ed\">\n#top .hr.av-1p2bj3-37e4298c5654f6065ae10a0fa0b013ed{\nmargin-top:0px;\nmargin-bottom:10px;\n}\n.hr.av-1p2bj3-37e4298c5654f6065ae10a0fa0b013ed .hr-inner{\nwidth:90px;\nborder-color:#ed7207;\n}\n<\/style>\n<div  class='hr av-1p2bj3-37e4298c5654f6065ae10a0fa0b013ed hr-custom  avia-builder-el-16  el_after_av_heading  avia-builder-el-last  hr-content hr-left hr-icon-no'><span class='hr-inner inner-border-av-border-fat'><span class=\"hr-inner-style\"><\/span><\/span><\/div><\/p><\/div><div class='flex_column_table av-1imtfb-ac61fef5181eba1e7ff08cd6da69dca5 sc-av_one_full av-equal-height-column-flextable'>\n<style type=\"text\/css\" data-created_by=\"avia_inline_auto\" id=\"style-css-av-1imtfb-ac61fef5181eba1e7ff08cd6da69dca5\">\n.flex_column.av-1imtfb-ac61fef5181eba1e7ff08cd6da69dca5{\nwidth:100%;\nmargin-left:0;\n}\n#top .flex_column_table.av-equal-height-column-flextable.av-1imtfb-ac61fef5181eba1e7ff08cd6da69dca5 .av-flex-placeholder{\nwidth:0%;\n}\n<\/style>\n<div  class='flex_column av-1imtfb-ac61fef5181eba1e7ff08cd6da69dca5 av_one_full  avia-builder-el-17  el_after_av_one_full  avia-builder-el-last  first flex_column_table_cell av-equal-height-column av-align-middle  column-top-margin'     ><section  class='av_textblock_section av-lv5dp7jw-af2c21673470de09c6f44bb83b8cbbc1 '   itemscope=\"itemscope\" itemtype=\"https:\/\/schema.org\/CreativeWork\" ><div class='avia_textblock'  itemprop=\"text\" ><p>Typically, delivery takes 2 to 3 working days, and in urgent cases, we can print on the spot. For items that the customer does not pick up personally, we send them via courier service with a 24-hour delivery time.<\/p>\n<\/div><\/section><\/div><\/div><!--close column table wrapper. Autoclose: 1 -->\n\n<\/div><\/div><\/div><!-- close content main div --><\/div><\/div><div id='av_section_5'  class='avia-section av-ime7-3415c929e7875c9362aa636f521b03b0 main_color avia-section-default avia-no-border-styling  avia-builder-el-19  el_after_av_section  el_before_av_section  ciarove-kody-subpage-section short-subpage-section avia-bg-style-scroll container_wrap fullsize'  ><div class='container av-section-cont-open' ><div class='template-page content  av-content-full alpha units'><div class='post-entry post-entry-type-page post-entry-4479'><div class='entry-content-wrapper clearfix'>\n<div  class='flex_column av-17zl4n-5fcb911cc77881ac568cb55bfb302a9f av_one_full  avia-builder-el-20  el_before_av_one_full  avia-builder-el-first  first flex_column_div  '     ><p>\n<style type=\"text\/css\" data-created_by=\"avia_inline_auto\" id=\"style-css-av-lv5dpj9u-7dd01124cb7d2e73f7971cfead56dd64\">\n#top .av-special-heading.av-lv5dpj9u-7dd01124cb7d2e73f7971cfead56dd64{\npadding-bottom:10px;\n}\nbody .av-special-heading.av-lv5dpj9u-7dd01124cb7d2e73f7971cfead56dd64 .av-special-heading-tag .heading-char{\nfont-size:25px;\n}\n.av-special-heading.av-lv5dpj9u-7dd01124cb7d2e73f7971cfead56dd64 .av-subheading{\nfont-size:15px;\n}\n<\/style>\n<div  class='av-special-heading av-lv5dpj9u-7dd01124cb7d2e73f7971cfead56dd64 av-special-heading-h2 blockquote modern-quote  avia-builder-el-21  el_before_av_hr  avia-builder-el-first '><h2 class='av-special-heading-tag'  itemprop=\"headline\"  >Various types of materials<\/h2><div class=\"special-heading-border\"><div class=\"special-heading-inner-border\"><\/div><\/div><\/div><br \/>\n\n<style type=\"text\/css\" data-created_by=\"avia_inline_auto\" id=\"style-css-av-13wdqv-6dfc776ac0ebc2b4e2a9f1cb7fd97076\">\n#top .hr.av-13wdqv-6dfc776ac0ebc2b4e2a9f1cb7fd97076{\nmargin-top:0px;\nmargin-bottom:10px;\n}\n.hr.av-13wdqv-6dfc776ac0ebc2b4e2a9f1cb7fd97076 .hr-inner{\nwidth:90px;\nborder-color:#ed7207;\n}\n<\/style>\n<div  class='hr av-13wdqv-6dfc776ac0ebc2b4e2a9f1cb7fd97076 hr-custom  avia-builder-el-22  el_after_av_heading  avia-builder-el-last  hr-content hr-left hr-icon-no'><span class='hr-inner inner-border-av-border-fat'><span class=\"hr-inner-style\"><\/span><\/span><\/div><\/p><\/div><div class='flex_column_table av-vipen-ad9ee7c5a0c512b2efe7f363af4f3d4f sc-av_one_full av-equal-height-column-flextable'>\n<style type=\"text\/css\" data-created_by=\"avia_inline_auto\" id=\"style-css-av-vipen-ad9ee7c5a0c512b2efe7f363af4f3d4f\">\n.flex_column.av-vipen-ad9ee7c5a0c512b2efe7f363af4f3d4f{\nwidth:100%;\nmargin-left:0;\n}\n#top .flex_column_table.av-equal-height-column-flextable.av-vipen-ad9ee7c5a0c512b2efe7f363af4f3d4f .av-flex-placeholder{\nwidth:0%;\n}\n<\/style>\n<div  class='flex_column av-vipen-ad9ee7c5a0c512b2efe7f363af4f3d4f av_one_full  avia-builder-el-23  el_after_av_one_full  avia-builder-el-last  first flex_column_table_cell av-equal-height-column av-align-middle  column-top-margin'     ><section  class='av_textblock_section av-lv5dpntu-7401ae67e372ff2805a8d4351abcdeab '   itemscope=\"itemscope\" itemtype=\"https:\/\/schema.org\/CreativeWork\" ><div class='avia_textblock'  itemprop=\"text\" ><p>We offer printing on both paper labels and labels made from special durable materials, transparent films, and textile ribbons.<\/p>\n<\/div><\/section><\/div><\/div><!--close column table wrapper. Autoclose: 1 -->\n\n<\/div><\/div><\/div><!-- close content main div --><\/div><\/div><div id='av_section_6'  class='avia-section av-tkejj-caca8050b5ab34d282bda409282c4229 main_color avia-section-default avia-no-border-styling  avia-builder-el-25  el_after_av_section  avia-builder-el-last  ciarove-kody-subpage-section avia-bg-style-scroll container_wrap fullsize'  ><div class='container av-section-cont-open' ><div class='template-page content  av-content-full alpha units'><div class='post-entry post-entry-type-page post-entry-4479'><div class='entry-content-wrapper clearfix'>\n<div  class='flex_column av-l5vc7-fb0fcc0f6041bbf4c845ddf5181a3fcb av_one_full  avia-builder-el-26  el_before_av_one_full  avia-builder-el-first  first flex_column_div  '     ><p>\n<style type=\"text\/css\" data-created_by=\"avia_inline_auto\" id=\"style-css-av-lv5dpy1c-3fee9d805088b1e9d7d3858e169d917a\">\n#top .av-special-heading.av-lv5dpy1c-3fee9d805088b1e9d7d3858e169d917a{\npadding-bottom:10px;\n}\nbody .av-special-heading.av-lv5dpy1c-3fee9d805088b1e9d7d3858e169d917a .av-special-heading-tag .heading-char{\nfont-size:25px;\n}\n.av-special-heading.av-lv5dpy1c-3fee9d805088b1e9d7d3858e169d917a .av-subheading{\nfont-size:15px;\n}\n<\/style>\n<div  class='av-special-heading av-lv5dpy1c-3fee9d805088b1e9d7d3858e169d917a av-special-heading-h2 blockquote modern-quote  avia-builder-el-27  el_before_av_hr  avia-builder-el-first '><h2 class='av-special-heading-tag'  itemprop=\"headline\"  >Volume discounts.<\/h2><div class=\"special-heading-border\"><div class=\"special-heading-inner-border\"><\/div><\/div><\/div><br \/>\n\n<style type=\"text\/css\" data-created_by=\"avia_inline_auto\" id=\"style-css-av-g08gv-93131a502849f5af6b57f201a4c19d06\">\n#top .hr.av-g08gv-93131a502849f5af6b57f201a4c19d06{\nmargin-top:0px;\nmargin-bottom:10px;\n}\n.hr.av-g08gv-93131a502849f5af6b57f201a4c19d06 .hr-inner{\nwidth:90px;\nborder-color:#ed7207;\n}\n<\/style>\n<div  class='hr av-g08gv-93131a502849f5af6b57f201a4c19d06 hr-custom  avia-builder-el-28  el_after_av_heading  avia-builder-el-last  hr-content hr-left hr-icon-no'><span class='hr-inner inner-border-av-border-fat'><span class=\"hr-inner-style\"><\/span><\/span><\/div><\/p><\/div><div class='flex_column_table av-bm4c7-e348e7ed723ccdb0da7fdb1275962b10 sc-av_one_full av-equal-height-column-flextable'>\n<style type=\"text\/css\" data-created_by=\"avia_inline_auto\" id=\"style-css-av-bm4c7-e348e7ed723ccdb0da7fdb1275962b10\">\n.flex_column.av-bm4c7-e348e7ed723ccdb0da7fdb1275962b10{\nwidth:100%;\nmargin-left:0;\n}\n#top .flex_column_table.av-equal-height-column-flextable.av-bm4c7-e348e7ed723ccdb0da7fdb1275962b10 .av-flex-placeholder{\nwidth:0%;\n}\n<\/style>\n<div  class='flex_column av-bm4c7-e348e7ed723ccdb0da7fdb1275962b10 av_one_full  avia-builder-el-29  el_after_av_one_full  avia-builder-el-last  first flex_column_table_cell av-equal-height-column av-align-middle  column-top-margin'     ><section  class='av_textblock_section av-lv5dq2le-9e27c912fc96eae6a3e543fc2cf890c1 '   itemscope=\"itemscope\" itemtype=\"https:\/\/schema.org\/CreativeWork\" ><div class='avia_textblock'  itemprop=\"text\" ><p>We offer attractive discounts to our regular customers. We tally individual orders, and based on the total quantity purchased, we determine the price.<\/p>\n<\/div><\/section><\/div><\/div><!--close column table wrapper. Autoclose: 1 -->\n\n","protected":false},"excerpt":{"rendered":"","protected":false},"author":2,"featured_media":0,"parent":4472,"menu_order":6,"comment_status":"closed","ping_status":"closed","template":"","meta":{"footnotes":""},"class_list":["post-4479","page","type-page","status-publish","hentry"],"yoast_head":"<!-- This site is optimized with the Yoast SEO Premium plugin v23.1 (Yoast SEO v26.3) - https:\/\/yoast.com\/wordpress\/plugins\/seo\/ -->\n<title>Custom label printing. - BARTECH SLOVAKIA<\/title>\n<meta name=\"robots\" content=\"index, follow, max-snippet:-1, max-image-preview:large, max-video-preview:-1\" \/>\n<link rel=\"canonical\" href=\"https:\/\/bartech.sk\/en\/services\/custom-label-printing\/\" \/>\n<meta property=\"og:locale\" content=\"en_US\" \/>\n<meta property=\"og:type\" content=\"article\" \/>\n<meta property=\"og:title\" content=\"Custom label printing.\" \/>\n<meta property=\"og:url\" content=\"https:\/\/bartech.sk\/en\/services\/custom-label-printing\/\" \/>\n<meta property=\"og:site_name\" content=\"BARTECH SLOVAKIA\" \/>\n<meta property=\"article:publisher\" content=\"https:\/\/www.facebook.com\/Bartech.Slovakia\" \/>\n<meta property=\"article:modified_time\" content=\"2024-09-24T11:47:24+00:00\" \/>\n<meta name=\"twitter:card\" content=\"summary_large_image\" \/>\n<meta name=\"twitter:label1\" content=\"Est. reading time\" \/>\n\t<meta name=\"twitter:data1\" content=\"42 minutes\" \/>\n<script type=\"application\/ld+json\" class=\"yoast-schema-graph\">{\"@context\":\"https:\/\/schema.org\",\"@graph\":[{\"@type\":\"WebPage\",\"@id\":\"https:\/\/bartech.sk\/en\/services\/custom-label-printing\/\",\"url\":\"https:\/\/bartech.sk\/en\/services\/custom-label-printing\/\",\"name\":\"Custom label printing. - BARTECH SLOVAKIA\",\"isPartOf\":{\"@id\":\"https:\/\/bartech.sk\/en\/#website\"},\"datePublished\":\"2024-04-18T15:09:52+00:00\",\"dateModified\":\"2024-09-24T11:47:24+00:00\",\"breadcrumb\":{\"@id\":\"https:\/\/bartech.sk\/en\/services\/custom-label-printing\/#breadcrumb\"},\"inLanguage\":\"en-US\",\"potentialAction\":[{\"@type\":\"ReadAction\",\"target\":[\"https:\/\/bartech.sk\/en\/services\/custom-label-printing\/\"]}]},{\"@type\":\"BreadcrumbList\",\"@id\":\"https:\/\/bartech.sk\/en\/services\/custom-label-printing\/#breadcrumb\",\"itemListElement\":[{\"@type\":\"ListItem\",\"position\":1,\"name\":\"Domovsk\u00e1 str\u00e1nka\",\"item\":\"https:\/\/bartech.sk\/en\/introduction\/\"},{\"@type\":\"ListItem\",\"position\":2,\"name\":\"Services\",\"item\":\"https:\/\/bartech.sk\/en\/services\/\"},{\"@type\":\"ListItem\",\"position\":3,\"name\":\"Custom label printing.\"}]},{\"@type\":\"WebSite\",\"@id\":\"https:\/\/bartech.sk\/en\/#website\",\"url\":\"https:\/\/bartech.sk\/en\/\",\"name\":\"Rie\u0161enia pre v\u00fdrobu a logistiku\",\"description\":\"Automatizovan\u00fd zber d\u00e1t vo v\u00fdrobe a logistike\",\"publisher\":{\"@id\":\"https:\/\/bartech.sk\/en\/#organization\"},\"potentialAction\":[{\"@type\":\"SearchAction\",\"target\":{\"@type\":\"EntryPoint\",\"urlTemplate\":\"https:\/\/bartech.sk\/en\/?s={search_term_string}\"},\"query-input\":{\"@type\":\"PropertyValueSpecification\",\"valueRequired\":true,\"valueName\":\"search_term_string\"}}],\"inLanguage\":\"en-US\"},{\"@type\":\"Organization\",\"@id\":\"https:\/\/bartech.sk\/en\/#organization\",\"name\":\"BARTECH SLOVAKIA\",\"url\":\"https:\/\/bartech.sk\/en\/\",\"logo\":{\"@type\":\"ImageObject\",\"inLanguage\":\"en-US\",\"@id\":\"https:\/\/bartech.sk\/en\/#\/schema\/logo\/image\/\",\"url\":\"https:\/\/bartech.sk\/wp-content\/uploads\/2024\/07\/Bartech_podpis.png\",\"contentUrl\":\"https:\/\/bartech.sk\/wp-content\/uploads\/2024\/07\/Bartech_podpis.png\",\"width\":185,\"height\":47,\"caption\":\"BARTECH SLOVAKIA\"},\"image\":{\"@id\":\"https:\/\/bartech.sk\/en\/#\/schema\/logo\/image\/\"},\"sameAs\":[\"https:\/\/www.facebook.com\/Bartech.Slovakia\",\"https:\/\/www.linkedin.com\/company\/bartech-slovakia\/\",\"https:\/\/www.youtube.com\/user\/BartechSk\"]}]}<\/script>\n<!-- \/ Yoast SEO Premium plugin. -->","yoast_head_json":{"title":"Custom label printing. - BARTECH SLOVAKIA","robots":{"index":"index","follow":"follow","max-snippet":"max-snippet:-1","max-image-preview":"max-image-preview:large","max-video-preview":"max-video-preview:-1"},"canonical":"https:\/\/bartech.sk\/en\/services\/custom-label-printing\/","og_locale":"en_US","og_type":"article","og_title":"Custom label printing.","og_url":"https:\/\/bartech.sk\/en\/services\/custom-label-printing\/","og_site_name":"BARTECH SLOVAKIA","article_publisher":"https:\/\/www.facebook.com\/Bartech.Slovakia","article_modified_time":"2024-09-24T11:47:24+00:00","twitter_card":"summary_large_image","twitter_misc":{"Est. reading time":"42 minutes"},"schema":{"@context":"https:\/\/schema.org","@graph":[{"@type":"WebPage","@id":"https:\/\/bartech.sk\/en\/services\/custom-label-printing\/","url":"https:\/\/bartech.sk\/en\/services\/custom-label-printing\/","name":"Custom label printing. - BARTECH SLOVAKIA","isPartOf":{"@id":"https:\/\/bartech.sk\/en\/#website"},"datePublished":"2024-04-18T15:09:52+00:00","dateModified":"2024-09-24T11:47:24+00:00","breadcrumb":{"@id":"https:\/\/bartech.sk\/en\/services\/custom-label-printing\/#breadcrumb"},"inLanguage":"en-US","potentialAction":[{"@type":"ReadAction","target":["https:\/\/bartech.sk\/en\/services\/custom-label-printing\/"]}]},{"@type":"BreadcrumbList","@id":"https:\/\/bartech.sk\/en\/services\/custom-label-printing\/#breadcrumb","itemListElement":[{"@type":"ListItem","position":1,"name":"Domovsk\u00e1 str\u00e1nka","item":"https:\/\/bartech.sk\/en\/introduction\/"},{"@type":"ListItem","position":2,"name":"Services","item":"https:\/\/bartech.sk\/en\/services\/"},{"@type":"ListItem","position":3,"name":"Custom label printing."}]},{"@type":"WebSite","@id":"https:\/\/bartech.sk\/en\/#website","url":"https:\/\/bartech.sk\/en\/","name":"Rie\u0161enia pre v\u00fdrobu a logistiku","description":"Automatizovan\u00fd zber d\u00e1t vo v\u00fdrobe a logistike","publisher":{"@id":"https:\/\/bartech.sk\/en\/#organization"},"potentialAction":[{"@type":"SearchAction","target":{"@type":"EntryPoint","urlTemplate":"https:\/\/bartech.sk\/en\/?s={search_term_string}"},"query-input":{"@type":"PropertyValueSpecification","valueRequired":true,"valueName":"search_term_string"}}],"inLanguage":"en-US"},{"@type":"Organization","@id":"https:\/\/bartech.sk\/en\/#organization","name":"BARTECH SLOVAKIA","url":"https:\/\/bartech.sk\/en\/","logo":{"@type":"ImageObject","inLanguage":"en-US","@id":"https:\/\/bartech.sk\/en\/#\/schema\/logo\/image\/","url":"https:\/\/bartech.sk\/wp-content\/uploads\/2024\/07\/Bartech_podpis.png","contentUrl":"https:\/\/bartech.sk\/wp-content\/uploads\/2024\/07\/Bartech_podpis.png","width":185,"height":47,"caption":"BARTECH SLOVAKIA"},"image":{"@id":"https:\/\/bartech.sk\/en\/#\/schema\/logo\/image\/"},"sameAs":["https:\/\/www.facebook.com\/Bartech.Slovakia","https:\/\/www.linkedin.com\/company\/bartech-slovakia\/","https:\/\/www.youtube.com\/user\/BartechSk"]}]}},"_links":{"self":[{"href":"https:\/\/bartech.sk\/en\/wp-json\/wp\/v2\/pages\/4479","targetHints":{"allow":["GET"]}}],"collection":[{"href":"https:\/\/bartech.sk\/en\/wp-json\/wp\/v2\/pages"}],"about":[{"href":"https:\/\/bartech.sk\/en\/wp-json\/wp\/v2\/types\/page"}],"author":[{"embeddable":true,"href":"https:\/\/bartech.sk\/en\/wp-json\/wp\/v2\/users\/2"}],"replies":[{"embeddable":true,"href":"https:\/\/bartech.sk\/en\/wp-json\/wp\/v2\/comments?post=4479"}],"version-history":[{"count":2,"href":"https:\/\/bartech.sk\/en\/wp-json\/wp\/v2\/pages\/4479\/revisions"}],"predecessor-version":[{"id":4481,"href":"https:\/\/bartech.sk\/en\/wp-json\/wp\/v2\/pages\/4479\/revisions\/4481"}],"up":[{"embeddable":true,"href":"https:\/\/bartech.sk\/en\/wp-json\/wp\/v2\/pages\/4472"}],"wp:attachment":[{"href":"https:\/\/bartech.sk\/en\/wp-json\/wp\/v2\/media?parent=4479"}],"curies":[{"name":"wp","href":"https:\/\/api.w.org\/{rel}","templated":true}]}}