{"id":4477,"date":"2024-04-26T20:39:10","date_gmt":"2024-04-26T18:39:10","guid":{"rendered":"https:\/\/bartech.sk\/services\/qualified-service\/"},"modified":"2025-12-04T12:23:09","modified_gmt":"2025-12-04T11:23:09","slug":"qualified-service","status":"publish","type":"page","link":"https:\/\/bartech.sk\/en\/services\/qualified-service\/","title":{"rendered":"Qualified Service."},"content":{"rendered":"\n<style type=\"text\/css\" data-created_by=\"avia_inline_auto\" id=\"style-css-av-lv2hh6tx-18407a312e402b335e023095e1cd6abe\">\n.avia-section.av-lv2hh6tx-18407a312e402b335e023095e1cd6abe{\nbackground-repeat:no-repeat;\nbackground-image:url(https:\/\/bartech.sk\/wp-content\/uploads\/2024\/05\/servis-banner.jpg);\nbackground-position:50% 50%;\nbackground-attachment:scroll;\n}\n<\/style>\n<div id='av_section_1'  class='avia-section av-lv2hh6tx-18407a312e402b335e023095e1cd6abe main_color avia-section-default avia-no-border-styling  avia-builder-el-0  el_before_av_section  avia-builder-el-first  main-banner avia-full-stretch avia-bg-style-scroll av-minimum-height av-minimum-height-50 av-height-50  container_wrap fullsize'  data-section-bg-repeat='stretch' data-av_minimum_height_pc='50' data-av_min_height_opt='50'><div class='container av-section-cont-open' ><main  role=\"main\" itemprop=\"mainContentOfPage\"  class='template-page content  av-content-full alpha units'><div class='post-entry post-entry-type-page post-entry-4477'><div class='entry-content-wrapper clearfix'>\n<div  class='flex_column av-50n4xn-912b247e8a5814624ceda6991ea0ca8a av_one_full  avia-builder-el-1  avia-builder-el-no-sibling  first flex_column_div  '     ><p>\n<style type=\"text\/css\" data-created_by=\"avia_inline_auto\" id=\"style-css-av-lv2hgv0i-b6279453b4dd093e643f77d55574c4d3\">\n#top .av-special-heading.av-lv2hgv0i-b6279453b4dd093e643f77d55574c4d3{\npadding-bottom:0;\n}\nbody .av-special-heading.av-lv2hgv0i-b6279453b4dd093e643f77d55574c4d3 .av-special-heading-tag .heading-char{\nfont-size:25px;\n}\n.av-special-heading.av-lv2hgv0i-b6279453b4dd093e643f77d55574c4d3 .av-subheading{\nfont-size:15px;\n}\n<\/style>\n<div  class='av-special-heading av-lv2hgv0i-b6279453b4dd093e643f77d55574c4d3 av-special-heading-h1 blockquote modern-quote  avia-builder-el-2  el_before_av_hr  avia-builder-el-first  subpage-title-h1'><h1 class='av-special-heading-tag'  itemprop=\"headline\"  >Qualified Service. <\/h1><div class=\"special-heading-border\"><div class=\"special-heading-inner-border\"><\/div><\/div><\/div><br \/>\n\n<style type=\"text\/css\" data-created_by=\"avia_inline_auto\" id=\"style-css-av-4vbggz-e1e09ebfae37b39159830bbfb0717b06\">\n#top .hr.av-4vbggz-e1e09ebfae37b39159830bbfb0717b06{\nmargin-top:0px;\nmargin-bottom:30px;\n}\n.hr.av-4vbggz-e1e09ebfae37b39159830bbfb0717b06 .hr-inner{\nwidth:100px;\nborder-color:#ed7207;\n}\n<\/style>\n<div  class='hr av-4vbggz-e1e09ebfae37b39159830bbfb0717b06 hr-custom  avia-builder-el-3  el_after_av_heading  avia-builder-el-last  hr-subpage-banner hr-left hr-icon-no'><span class='hr-inner inner-border-av-border-fat'><span class=\"hr-inner-style\"><\/span><\/span><\/div><\/p><\/div>\n\n<\/div><\/div><\/main><!-- close content main element --><\/div><\/div><div id='av_section_2'  class='avia-section av-4pam57-55d27f1a1612aa7f8ebab14d4411373a main_color avia-section-large avia-no-border-styling  avia-builder-el-4  el_after_av_section  avia-builder-el-last  sluzba-section avia-bg-style-scroll container_wrap fullsize'  ><div class='container av-section-cont-open' ><div class='template-page content  av-content-full alpha units'><div class='post-entry post-entry-type-page post-entry-4477'><div class='entry-content-wrapper clearfix'>\n<div  class='flex_column av-4liigb-74ce4fd62c899b4655f8d2bec6d2e851 av_one_full  avia-builder-el-5  el_before_av_one_full  avia-builder-el-first  first flex_column_div  '     ><section  class='av_textblock_section av-lv2hjuv5-257e3051f96454759959fd3320833939 '   itemscope=\"itemscope\" itemtype=\"https:\/\/schema.org\/CreativeWork\" ><div class='avia_textblock'  itemprop=\"text\" ><p>At <a href=\"https:\/\/bartech.sk\/en\/kontakt\/\" target=\"_blank\" rel=\"noopener\">BARTECH SLOVAKIA<\/a> we believe that quality products deserve the same quality service. That is why we provide professional and qualified service for all the products we supply. Our technicians are professionally trained and have extensive experience in maintaining and repairing a wide range of equipment.<\/p>\n<\/div><\/section><\/div><div  class='flex_column av-aud50n-13faf7e366015fd4ff19c6ac4c4be4e1 av_one_full  avia-builder-el-7  el_after_av_one_full  el_before_av_one_full  first flex_column_div  column-top-margin'     ><p>\n<style type=\"text\/css\" data-created_by=\"avia_inline_auto\" id=\"style-css-av-lwujmyo5-edc68d783d3ba707307bb9bd30a57211\">\n#top .av-special-heading.av-lwujmyo5-edc68d783d3ba707307bb9bd30a57211{\npadding-bottom:10px;\n}\nbody .av-special-heading.av-lwujmyo5-edc68d783d3ba707307bb9bd30a57211 .av-special-heading-tag .heading-char{\nfont-size:25px;\n}\n.av-special-heading.av-lwujmyo5-edc68d783d3ba707307bb9bd30a57211 .av-subheading{\nfont-size:15px;\n}\n<\/style>\n<div  class='av-special-heading av-lwujmyo5-edc68d783d3ba707307bb9bd30a57211 av-special-heading-h2 blockquote modern-quote  avia-builder-el-8  el_before_av_hr  avia-builder-el-first '><h2 class='av-special-heading-tag'  itemprop=\"headline\"  >What we offer:<\/h2><div class=\"special-heading-border\"><div class=\"special-heading-inner-border\"><\/div><\/div><\/div><br \/>\n\n<style type=\"text\/css\" data-created_by=\"avia_inline_auto\" id=\"style-css-av-8pbv1z-8ef8247631f1fad2ec4e758de602bdb6\">\n#top .hr.av-8pbv1z-8ef8247631f1fad2ec4e758de602bdb6{\nmargin-top:0px;\nmargin-bottom:10px;\n}\n.hr.av-8pbv1z-8ef8247631f1fad2ec4e758de602bdb6 .hr-inner{\nwidth:90px;\nborder-color:#ed7207;\n}\n<\/style>\n<div  class='hr av-8pbv1z-8ef8247631f1fad2ec4e758de602bdb6 hr-custom  avia-builder-el-9  el_after_av_heading  el_before_av_textblock  hr-content hr-left hr-icon-no'><span class='hr-inner inner-border-av-border-fat'><span class=\"hr-inner-style\"><\/span><\/span><\/div><br \/>\n<section  class='av_textblock_section av-lwuj6r5b-2ccf116a61c5bed643f5363ce7113602 '   itemscope=\"itemscope\" itemtype=\"https:\/\/schema.org\/CreativeWork\" ><div class='avia_textblock'  itemprop=\"text\" ><ul>\n<li aria-level=\"1\"><a href=\"https:\/\/bartech.sk\/wp-content\/uploads\/2024\/04\/servis_tlaciarne_1.jpg\"><img loading=\"lazy\" decoding=\"async\" class=\"alignright wp-image-2642 size-medium\" src=\"https:\/\/bartech.sk\/wp-content\/uploads\/2024\/04\/servis_tlaciarne_1.jpg\" alt=\"\" width=\"299\" height=\"241\"><\/a><strong>Expert care<\/strong> &#8211; Our technicians have extensive knowledge and are regularly trained to provide the best possible care for your equipment.<\/li>\n<li aria-level=\"1\"><strong>Fast and reliable repairs<\/strong> &#8211; We understand that time is money, so we strive to complete all repairs as quickly as possible without compromising on quality.<\/li>\n<li aria-level=\"1\"><strong>Use of original spare parts<\/strong> &#8211; We only use original spare parts for repairs, ensuring the longevity and trouble-free operation of your equipment.<\/li>\n<li aria-level=\"1\"><strong>Quality guarantee<\/strong> &#8211; We provide a warranty on all repairs performed, giving you the assurance that your equipment is in good hands.<\/li>\n<\/ul>\n<\/div><\/section><\/p><\/div><div  class='flex_column av-7dhgvr-0d691fb205cddbd110aa8fd60678409b av_one_full  avia-builder-el-11  el_after_av_one_full  el_before_av_one_full  first flex_column_div  column-top-margin'     ><p>\n<style type=\"text\/css\" data-created_by=\"avia_inline_auto\" id=\"style-css-av-lwujncqf-aaa5fd6effe0bba4ddb6706f68419921\">\n#top .av-special-heading.av-lwujncqf-aaa5fd6effe0bba4ddb6706f68419921{\npadding-bottom:10px;\n}\nbody .av-special-heading.av-lwujncqf-aaa5fd6effe0bba4ddb6706f68419921 .av-special-heading-tag .heading-char{\nfont-size:25px;\n}\n.av-special-heading.av-lwujncqf-aaa5fd6effe0bba4ddb6706f68419921 .av-subheading{\nfont-size:15px;\n}\n<\/style>\n<div  class='av-special-heading av-lwujncqf-aaa5fd6effe0bba4ddb6706f68419921 av-special-heading-h2 blockquote modern-quote  avia-builder-el-12  el_before_av_hr  avia-builder-el-first '><h2 class='av-special-heading-tag'  itemprop=\"headline\"  >Why choose our services?<\/h2><div class=\"special-heading-border\"><div class=\"special-heading-inner-border\"><\/div><\/div><\/div><br \/>\n\n<style type=\"text\/css\" data-created_by=\"avia_inline_auto\" id=\"style-css-av-566qtj-e52ae4b882a716fd2bb0b21e88d94b2f\">\n#top .hr.av-566qtj-e52ae4b882a716fd2bb0b21e88d94b2f{\nmargin-top:0px;\nmargin-bottom:10px;\n}\n.hr.av-566qtj-e52ae4b882a716fd2bb0b21e88d94b2f .hr-inner{\nwidth:90px;\nborder-color:#ed7207;\n}\n<\/style>\n<div  class='hr av-566qtj-e52ae4b882a716fd2bb0b21e88d94b2f hr-custom  avia-builder-el-13  el_after_av_heading  el_before_av_textblock  hr-content hr-left hr-icon-no'><span class='hr-inner inner-border-av-border-fat'><span class=\"hr-inner-style\"><\/span><\/span><\/div><br \/>\n<section  class='av_textblock_section av-lwuj73l3-56b9c8a90dc2c3b510d33ac34c3a5eeb '   itemscope=\"itemscope\" itemtype=\"https:\/\/schema.org\/CreativeWork\" ><div class='avia_textblock'  itemprop=\"text\" ><ul>\n<li aria-level=\"1\"><a href=\"https:\/\/bartech.sk\/wp-content\/uploads\/2024\/05\/serv-box.jpg\"><img loading=\"lazy\" decoding=\"async\" class=\"alignright wp-image-3426 size-medium\" src=\"https:\/\/bartech.sk\/wp-content\/uploads\/2024\/05\/serv-box-300x200.jpg\" alt=\"\" width=\"300\" height=\"200\"><\/a><strong>Years of experience<\/strong> &#8211; Our technicians have extensive experience and in-depth knowledge of all our products.<\/li>\n<li aria-level=\"1\"><strong>Personalized approach<\/strong> &#8211; Every customer is important to us, and we treat each one individually to meet all your requirements and needs.<\/li>\n<li aria-level=\"1\">Customer satisfaction &#8211; Your satisfaction is our main goal, which is why we always strive to provide services at the highest level.<\/li>\n<\/ul>\n<\/div><\/section><\/p><\/div><div  class='flex_column av-4xqlqv-c557ba3586a3b9d3e532c6d0d7e76da9 av_one_full  avia-builder-el-15  el_after_av_one_full  el_before_av_one_full  first flex_column_div  column-top-margin'     ><p>\n<style type=\"text\/css\" data-created_by=\"avia_inline_auto\" id=\"style-css-av-lwujnt27-ba8d729278d1fdf5ef785d65932c4f1e\">\n#top .av-special-heading.av-lwujnt27-ba8d729278d1fdf5ef785d65932c4f1e{\npadding-bottom:10px;\n}\nbody .av-special-heading.av-lwujnt27-ba8d729278d1fdf5ef785d65932c4f1e .av-special-heading-tag .heading-char{\nfont-size:25px;\n}\n.av-special-heading.av-lwujnt27-ba8d729278d1fdf5ef785d65932c4f1e .av-subheading{\nfont-size:15px;\n}\n<\/style>\n<div  class='av-special-heading av-lwujnt27-ba8d729278d1fdf5ef785d65932c4f1e av-special-heading-h2 blockquote modern-quote  avia-builder-el-16  el_before_av_hr  avia-builder-el-first '><h2 class='av-special-heading-tag'  itemprop=\"headline\"  >Online solution for submitting requests.<\/h2><div class=\"special-heading-border\"><div class=\"special-heading-inner-border\"><\/div><\/div><\/div><br \/>\n\n<style type=\"text\/css\" data-created_by=\"avia_inline_auto\" id=\"style-css-av-2imvxz-1dbc87f687f5ef46d4836c12f3afcee3\">\n#top .hr.av-2imvxz-1dbc87f687f5ef46d4836c12f3afcee3{\nmargin-top:0px;\nmargin-bottom:10px;\n}\n.hr.av-2imvxz-1dbc87f687f5ef46d4836c12f3afcee3 .hr-inner{\nwidth:90px;\nborder-color:#ed7207;\n}\n<\/style>\n<div  class='hr av-2imvxz-1dbc87f687f5ef46d4836c12f3afcee3 hr-custom  avia-builder-el-17  el_after_av_heading  el_before_av_textblock  hr-content hr-left hr-icon-no'><span class='hr-inner inner-border-av-border-fat'><span class=\"hr-inner-style\"><\/span><\/span><\/div><br \/>\n<section  class='av_textblock_section av-lwuj7liv-183906ed7887762394729a1578e76f60 '   itemscope=\"itemscope\" itemtype=\"https:\/\/schema.org\/CreativeWork\" ><div class='avia_textblock'  itemprop=\"text\" ><p><a href=\"https:\/\/bartech.sk\/wp-content\/uploads\/2024\/07\/Servisne_centrum-300x160.png\"><img loading=\"lazy\" decoding=\"async\" class=\"alignright wp-image-3685 size-medium\" src=\"https:\/\/bartech.sk\/wp-content\/uploads\/2024\/07\/Servisne_centrum-300x160.png\" alt=\"\" width=\"300\" height=\"160\"><\/a>To support our customers, we also use an application that our customer or partner can access via a web interface and submit new service requests or monitor the progress of resolving already submitted requests. The great advantage of this system is that the service request you create will immediately appear in the relevant Service module of our information system and the technician can immediately start solving the problem.<\/p>\n<h3>You can log into the application at the following address: <a href=\"https:\/\/servis.bartech.sk\">https:\/\/servis.bartech.sk.<\/a><\/h3>\n<\/div><\/section><\/p><\/div><div  class='flex_column av-2hkb1z-8ca1dc4c0421d84b8add25206f40ee24 av_one_full  avia-builder-el-19  el_after_av_one_full  avia-builder-el-last  first flex_column_div  column-top-margin'     ><\/div>\n","protected":false},"excerpt":{"rendered":"","protected":false},"author":2,"featured_media":0,"parent":4472,"menu_order":6,"comment_status":"closed","ping_status":"closed","template":"","meta":{"footnotes":""},"class_list":["post-4477","page","type-page","status-publish","hentry"],"yoast_head":"<!-- This site is optimized with the Yoast SEO Premium plugin v23.1 (Yoast SEO v26.3) - https:\/\/yoast.com\/wordpress\/plugins\/seo\/ -->\n<title>Qualified Service. - BARTECH SLOVAKIA<\/title>\n<meta name=\"robots\" content=\"index, follow, max-snippet:-1, max-image-preview:large, max-video-preview:-1\" \/>\n<link rel=\"canonical\" href=\"https:\/\/bartech.sk\/en\/services\/qualified-service\/\" \/>\n<meta property=\"og:locale\" content=\"en_US\" \/>\n<meta property=\"og:type\" content=\"article\" \/>\n<meta property=\"og:title\" content=\"Qualified Service.\" \/>\n<meta property=\"og:url\" content=\"https:\/\/bartech.sk\/en\/services\/qualified-service\/\" \/>\n<meta property=\"og:site_name\" content=\"BARTECH SLOVAKIA\" \/>\n<meta property=\"article:publisher\" content=\"https:\/\/www.facebook.com\/Bartech.Slovakia\" \/>\n<meta property=\"article:modified_time\" content=\"2025-12-04T11:23:09+00:00\" \/>\n<meta property=\"og:image\" content=\"https:\/\/bartech.sk\/wp-content\/uploads\/2024\/04\/servis_tlaciarne_1.jpg\" \/>\n\t<meta property=\"og:image:width\" content=\"299\" \/>\n\t<meta property=\"og:image:height\" content=\"241\" \/>\n\t<meta property=\"og:image:type\" content=\"image\/jpeg\" \/>\n<meta name=\"twitter:card\" content=\"summary_large_image\" \/>\n<meta name=\"twitter:label1\" content=\"Est. reading time\" \/>\n\t<meta name=\"twitter:data1\" content=\"25 minutes\" \/>\n<script type=\"application\/ld+json\" class=\"yoast-schema-graph\">{\"@context\":\"https:\/\/schema.org\",\"@graph\":[{\"@type\":\"WebPage\",\"@id\":\"https:\/\/bartech.sk\/en\/services\/qualified-service\/\",\"url\":\"https:\/\/bartech.sk\/en\/services\/qualified-service\/\",\"name\":\"Qualified Service. - BARTECH SLOVAKIA\",\"isPartOf\":{\"@id\":\"https:\/\/bartech.sk\/en\/#website\"},\"primaryImageOfPage\":{\"@id\":\"https:\/\/bartech.sk\/en\/services\/qualified-service\/#primaryimage\"},\"image\":{\"@id\":\"https:\/\/bartech.sk\/en\/services\/qualified-service\/#primaryimage\"},\"thumbnailUrl\":\"https:\/\/bartech.sk\/wp-content\/uploads\/2024\/04\/servis_tlaciarne_1.jpg\",\"datePublished\":\"2024-04-26T18:39:10+00:00\",\"dateModified\":\"2025-12-04T11:23:09+00:00\",\"breadcrumb\":{\"@id\":\"https:\/\/bartech.sk\/en\/services\/qualified-service\/#breadcrumb\"},\"inLanguage\":\"en-US\",\"potentialAction\":[{\"@type\":\"ReadAction\",\"target\":[\"https:\/\/bartech.sk\/en\/services\/qualified-service\/\"]}]},{\"@type\":\"ImageObject\",\"inLanguage\":\"en-US\",\"@id\":\"https:\/\/bartech.sk\/en\/services\/qualified-service\/#primaryimage\",\"url\":\"https:\/\/bartech.sk\/wp-content\/uploads\/2024\/04\/servis_tlaciarne_1.jpg\",\"contentUrl\":\"https:\/\/bartech.sk\/wp-content\/uploads\/2024\/04\/servis_tlaciarne_1.jpg\"},{\"@type\":\"BreadcrumbList\",\"@id\":\"https:\/\/bartech.sk\/en\/services\/qualified-service\/#breadcrumb\",\"itemListElement\":[{\"@type\":\"ListItem\",\"position\":1,\"name\":\"Domovsk\u00e1 str\u00e1nka\",\"item\":\"https:\/\/bartech.sk\/en\/introduction\/\"},{\"@type\":\"ListItem\",\"position\":2,\"name\":\"Services\",\"item\":\"https:\/\/bartech.sk\/en\/services\/\"},{\"@type\":\"ListItem\",\"position\":3,\"name\":\"Qualified Service.\"}]},{\"@type\":\"WebSite\",\"@id\":\"https:\/\/bartech.sk\/en\/#website\",\"url\":\"https:\/\/bartech.sk\/en\/\",\"name\":\"Rie\u0161enia pre v\u00fdrobu a logistiku\",\"description\":\"Automatizovan\u00fd zber d\u00e1t vo v\u00fdrobe a logistike\",\"publisher\":{\"@id\":\"https:\/\/bartech.sk\/en\/#organization\"},\"potentialAction\":[{\"@type\":\"SearchAction\",\"target\":{\"@type\":\"EntryPoint\",\"urlTemplate\":\"https:\/\/bartech.sk\/en\/?s={search_term_string}\"},\"query-input\":{\"@type\":\"PropertyValueSpecification\",\"valueRequired\":true,\"valueName\":\"search_term_string\"}}],\"inLanguage\":\"en-US\"},{\"@type\":\"Organization\",\"@id\":\"https:\/\/bartech.sk\/en\/#organization\",\"name\":\"BARTECH SLOVAKIA\",\"url\":\"https:\/\/bartech.sk\/en\/\",\"logo\":{\"@type\":\"ImageObject\",\"inLanguage\":\"en-US\",\"@id\":\"https:\/\/bartech.sk\/en\/#\/schema\/logo\/image\/\",\"url\":\"https:\/\/bartech.sk\/wp-content\/uploads\/2024\/07\/Bartech_podpis.png\",\"contentUrl\":\"https:\/\/bartech.sk\/wp-content\/uploads\/2024\/07\/Bartech_podpis.png\",\"width\":185,\"height\":47,\"caption\":\"BARTECH SLOVAKIA\"},\"image\":{\"@id\":\"https:\/\/bartech.sk\/en\/#\/schema\/logo\/image\/\"},\"sameAs\":[\"https:\/\/www.facebook.com\/Bartech.Slovakia\",\"https:\/\/www.linkedin.com\/company\/bartech-slovakia\/\",\"https:\/\/www.youtube.com\/user\/BartechSk\"]}]}<\/script>\n<!-- \/ Yoast SEO Premium plugin. -->","yoast_head_json":{"title":"Qualified Service. - BARTECH SLOVAKIA","robots":{"index":"index","follow":"follow","max-snippet":"max-snippet:-1","max-image-preview":"max-image-preview:large","max-video-preview":"max-video-preview:-1"},"canonical":"https:\/\/bartech.sk\/en\/services\/qualified-service\/","og_locale":"en_US","og_type":"article","og_title":"Qualified Service.","og_url":"https:\/\/bartech.sk\/en\/services\/qualified-service\/","og_site_name":"BARTECH SLOVAKIA","article_publisher":"https:\/\/www.facebook.com\/Bartech.Slovakia","article_modified_time":"2025-12-04T11:23:09+00:00","og_image":[{"width":299,"height":241,"url":"https:\/\/bartech.sk\/wp-content\/uploads\/2024\/04\/servis_tlaciarne_1.jpg","type":"image\/jpeg"}],"twitter_card":"summary_large_image","twitter_misc":{"Est. reading time":"25 minutes"},"schema":{"@context":"https:\/\/schema.org","@graph":[{"@type":"WebPage","@id":"https:\/\/bartech.sk\/en\/services\/qualified-service\/","url":"https:\/\/bartech.sk\/en\/services\/qualified-service\/","name":"Qualified Service. - BARTECH SLOVAKIA","isPartOf":{"@id":"https:\/\/bartech.sk\/en\/#website"},"primaryImageOfPage":{"@id":"https:\/\/bartech.sk\/en\/services\/qualified-service\/#primaryimage"},"image":{"@id":"https:\/\/bartech.sk\/en\/services\/qualified-service\/#primaryimage"},"thumbnailUrl":"https:\/\/bartech.sk\/wp-content\/uploads\/2024\/04\/servis_tlaciarne_1.jpg","datePublished":"2024-04-26T18:39:10+00:00","dateModified":"2025-12-04T11:23:09+00:00","breadcrumb":{"@id":"https:\/\/bartech.sk\/en\/services\/qualified-service\/#breadcrumb"},"inLanguage":"en-US","potentialAction":[{"@type":"ReadAction","target":["https:\/\/bartech.sk\/en\/services\/qualified-service\/"]}]},{"@type":"ImageObject","inLanguage":"en-US","@id":"https:\/\/bartech.sk\/en\/services\/qualified-service\/#primaryimage","url":"https:\/\/bartech.sk\/wp-content\/uploads\/2024\/04\/servis_tlaciarne_1.jpg","contentUrl":"https:\/\/bartech.sk\/wp-content\/uploads\/2024\/04\/servis_tlaciarne_1.jpg"},{"@type":"BreadcrumbList","@id":"https:\/\/bartech.sk\/en\/services\/qualified-service\/#breadcrumb","itemListElement":[{"@type":"ListItem","position":1,"name":"Domovsk\u00e1 str\u00e1nka","item":"https:\/\/bartech.sk\/en\/introduction\/"},{"@type":"ListItem","position":2,"name":"Services","item":"https:\/\/bartech.sk\/en\/services\/"},{"@type":"ListItem","position":3,"name":"Qualified Service."}]},{"@type":"WebSite","@id":"https:\/\/bartech.sk\/en\/#website","url":"https:\/\/bartech.sk\/en\/","name":"Rie\u0161enia pre v\u00fdrobu a logistiku","description":"Automatizovan\u00fd zber d\u00e1t vo v\u00fdrobe a logistike","publisher":{"@id":"https:\/\/bartech.sk\/en\/#organization"},"potentialAction":[{"@type":"SearchAction","target":{"@type":"EntryPoint","urlTemplate":"https:\/\/bartech.sk\/en\/?s={search_term_string}"},"query-input":{"@type":"PropertyValueSpecification","valueRequired":true,"valueName":"search_term_string"}}],"inLanguage":"en-US"},{"@type":"Organization","@id":"https:\/\/bartech.sk\/en\/#organization","name":"BARTECH SLOVAKIA","url":"https:\/\/bartech.sk\/en\/","logo":{"@type":"ImageObject","inLanguage":"en-US","@id":"https:\/\/bartech.sk\/en\/#\/schema\/logo\/image\/","url":"https:\/\/bartech.sk\/wp-content\/uploads\/2024\/07\/Bartech_podpis.png","contentUrl":"https:\/\/bartech.sk\/wp-content\/uploads\/2024\/07\/Bartech_podpis.png","width":185,"height":47,"caption":"BARTECH SLOVAKIA"},"image":{"@id":"https:\/\/bartech.sk\/en\/#\/schema\/logo\/image\/"},"sameAs":["https:\/\/www.facebook.com\/Bartech.Slovakia","https:\/\/www.linkedin.com\/company\/bartech-slovakia\/","https:\/\/www.youtube.com\/user\/BartechSk"]}]}},"_links":{"self":[{"href":"https:\/\/bartech.sk\/en\/wp-json\/wp\/v2\/pages\/4477","targetHints":{"allow":["GET"]}}],"collection":[{"href":"https:\/\/bartech.sk\/en\/wp-json\/wp\/v2\/pages"}],"about":[{"href":"https:\/\/bartech.sk\/en\/wp-json\/wp\/v2\/types\/page"}],"author":[{"embeddable":true,"href":"https:\/\/bartech.sk\/en\/wp-json\/wp\/v2\/users\/2"}],"replies":[{"embeddable":true,"href":"https:\/\/bartech.sk\/en\/wp-json\/wp\/v2\/comments?post=4477"}],"version-history":[{"count":20,"href":"https:\/\/bartech.sk\/en\/wp-json\/wp\/v2\/pages\/4477\/revisions"}],"predecessor-version":[{"id":6860,"href":"https:\/\/bartech.sk\/en\/wp-json\/wp\/v2\/pages\/4477\/revisions\/6860"}],"up":[{"embeddable":true,"href":"https:\/\/bartech.sk\/en\/wp-json\/wp\/v2\/pages\/4472"}],"wp:attachment":[{"href":"https:\/\/bartech.sk\/en\/wp-json\/wp\/v2\/media?parent=4477"}],"curies":[{"name":"wp","href":"https:\/\/api.w.org\/{rel}","templated":true}]}}