{"id":4472,"date":"2024-04-16T18:48:27","date_gmt":"2024-04-16T16:48:27","guid":{"rendered":"https:\/\/bartech.sk\/services\/"},"modified":"2024-09-24T13:37:26","modified_gmt":"2024-09-24T11:37:26","slug":"services","status":"publish","type":"page","link":"https:\/\/bartech.sk\/en\/services\/","title":{"rendered":"Services"},"content":{"rendered":"\n<style type=\"text\/css\" data-created_by=\"avia_inline_auto\" id=\"style-css-av-lv2mfg6x-a5a9fd577192dbe426d32455f6a4222d\">\n.avia-section.av-lv2mfg6x-a5a9fd577192dbe426d32455f6a4222d{\nbackground-repeat:no-repeat;\nbackground-image:url(https:\/\/bartech.sk\/wp-content\/uploads\/2024\/06\/sluzby-banner-v3.jpg);\nbackground-position:50% 50%;\nbackground-attachment:scroll;\n}\n.avia-section.av-lv2mfg6x-a5a9fd577192dbe426d32455f6a4222d .av-section-color-overlay{\nopacity:0.5;\n}\n<\/style>\n<div id='av_section_1'  class='avia-section av-lv2mfg6x-a5a9fd577192dbe426d32455f6a4222d main_color avia-section-no-padding avia-no-border-styling  avia-builder-el-0  el_before_av_section  avia-builder-el-first  main-banner avia-full-stretch avia-bg-style-scroll av-section-color-overlay-active av-minimum-height av-minimum-height-50 av-height-50  container_wrap fullsize'  data-section-bg-repeat='stretch' data-av_minimum_height_pc='50' data-av_min_height_opt='50'><div class=\"av-section-color-overlay-wrap\"><div class=\"av-section-color-overlay\"><\/div><div class='container av-section-cont-open' ><main  role=\"main\" itemprop=\"mainContentOfPage\"  class='template-page content  av-content-full alpha units'><div class='post-entry post-entry-type-page post-entry-4472'><div class='entry-content-wrapper clearfix'>\n<div  class='flex_column av-1vajsr-8d29198ae8c14cce77b49ee971ee9a22 av_one_full  avia-builder-el-1  avia-builder-el-no-sibling  first flex_column_div  '     ><p>\n<style type=\"text\/css\" data-created_by=\"avia_inline_auto\" id=\"style-css-av-lv2m7y1x-5f7d37da334e84d718cc38817fca8a9c\">\n#top .av-special-heading.av-lv2m7y1x-5f7d37da334e84d718cc38817fca8a9c{\npadding-bottom:0;\n}\nbody .av-special-heading.av-lv2m7y1x-5f7d37da334e84d718cc38817fca8a9c .av-special-heading-tag .heading-char{\nfont-size:25px;\n}\n.av-special-heading.av-lv2m7y1x-5f7d37da334e84d718cc38817fca8a9c .av-subheading{\nfont-size:15px;\n}\n<\/style>\n<div  class='av-special-heading av-lv2m7y1x-5f7d37da334e84d718cc38817fca8a9c av-special-heading-h1 blockquote modern-quote  avia-builder-el-2  el_before_av_hr  avia-builder-el-first  subpage-title-h1'><h1 class='av-special-heading-tag'  itemprop=\"headline\"  >Services<\/h1><div class=\"special-heading-border\"><div class=\"special-heading-inner-border\"><\/div><\/div><\/div><br \/>\n\n<style type=\"text\/css\" data-created_by=\"avia_inline_auto\" id=\"style-css-av-1ok5pv-dc9fd34106166fdfac22b9cb17fda2c6\">\n#top .hr.av-1ok5pv-dc9fd34106166fdfac22b9cb17fda2c6{\nmargin-top:0px;\nmargin-bottom:30px;\n}\n.hr.av-1ok5pv-dc9fd34106166fdfac22b9cb17fda2c6 .hr-inner{\nwidth:100px;\nborder-color:#ed7207;\n}\n<\/style>\n<div  class='hr av-1ok5pv-dc9fd34106166fdfac22b9cb17fda2c6 hr-custom  avia-builder-el-3  el_after_av_heading  avia-builder-el-last  hr-subpage-banner hr-left hr-icon-no'><span class='hr-inner inner-border-av-border-fat'><span class=\"hr-inner-style\"><\/span><\/span><\/div><\/p><\/div>\n\n<\/div><\/div><\/main><!-- close content main element --><\/div><\/div><\/div><div id='viac'  class='avia-section av-lv2mcazh-b2aa3f2f733eb0e9e862e07bb0f38903 main_color avia-section-default avia-no-border-styling  avia-builder-el-4  el_after_av_section  avia-builder-el-last  riesenia-section avia-bg-style-scroll container_wrap fullsize'  ><div class='container av-section-cont-open' ><div class='template-page content  av-content-full alpha units'><div class='post-entry post-entry-type-page post-entry-4472'><div class='entry-content-wrapper clearfix'>\n<div class='flex_column_table av-1if9k3-db949eff84f1ace4ffba39f087ba0f3a sc-av_one_third av-equal-height-column-flextable'>\n<style type=\"text\/css\" data-created_by=\"avia_inline_auto\" id=\"style-css-av-1if9k3-db949eff84f1ace4ffba39f087ba0f3a\">\n.flex_column.av-1if9k3-db949eff84f1ace4ffba39f087ba0f3a{\nwidth:32%;\nmargin-left:0;\n}\n#top .flex_column_table.av-equal-height-column-flextable.av-1if9k3-db949eff84f1ace4ffba39f087ba0f3a .av-flex-placeholder{\nwidth:2%;\n}\n<\/style>\n<div  class='flex_column av-1if9k3-db949eff84f1ace4ffba39f087ba0f3a av_one_third  avia-builder-el-5  el_before_av_one_third  avia-builder-el-first  first flex_column_table_cell av-equal-height-column av-align-top  '     ><p>\n<style type=\"text\/css\" data-created_by=\"avia_inline_auto\" id=\"style-css-av-lv2m9o2e-18420d9c9e04d682a6ae1fa55f873ded\">\n#top .av-special-heading.av-lv2m9o2e-18420d9c9e04d682a6ae1fa55f873ded{\npadding-bottom:10px;\n}\nbody .av-special-heading.av-lv2m9o2e-18420d9c9e04d682a6ae1fa55f873ded .av-special-heading-tag .heading-char{\nfont-size:25px;\n}\n.av-special-heading.av-lv2m9o2e-18420d9c9e04d682a6ae1fa55f873ded .av-subheading{\nfont-size:15px;\n}\n<\/style>\n<div  class='av-special-heading av-lv2m9o2e-18420d9c9e04d682a6ae1fa55f873ded av-special-heading-h3 blockquote modern-quote  avia-builder-el-6  el_before_av_image  avia-builder-el-first '><h3 class='av-special-heading-tag'  itemprop=\"headline\"  >Custom label printing.<\/h3><div class=\"special-heading-border\"><div class=\"special-heading-inner-border\"><\/div><\/div><\/div><br \/>\n\n<style type=\"text\/css\" data-created_by=\"avia_inline_auto\" id=\"style-css-av-1gv36j-6548f1278e3f646f366b9013e0260045\">\n.avia-image-container.av-1gv36j-6548f1278e3f646f366b9013e0260045 img.avia_image{\nbox-shadow:none;\n}\n.avia-image-container.av-1gv36j-6548f1278e3f646f366b9013e0260045 .av-image-caption-overlay-center{\ncolor:#ffffff;\n}\n<\/style>\n<div  class='avia-image-container av-1gv36j-6548f1278e3f646f366b9013e0260045 av-styling-no-styling avia-align-  avia-builder-el-7  el_after_av_heading  el_before_av_textblock '   itemprop=\"image\" itemscope=\"itemscope\" itemtype=\"https:\/\/schema.org\/ImageObject\" ><div class=\"avia-image-container-inner\"><div class=\"avia-image-overlay-wrap\"><a href=\"https:\/\/bartech.sk\/sluzby\/potlac-etikiet-na-zakazku\/\" class='avia_image'  aria-label='potlac-etikiet-na-zakazku'><img decoding=\"async\" fetchpriority=\"high\" class='wp-image-509 avia-img-lazy-loading-not-509 avia_image ' src=\"https:\/\/bartech.sk\/wp-content\/uploads\/2024\/04\/potlac-etikiet-na-zakazku-420x280.jpg\" alt='' title='potlac-etikiet-na-zakazku'  height=\"280\" width=\"420\"  itemprop=\"thumbnailUrl\"  \/><\/a><\/div><\/div><\/div><br \/>\n<section  class='av_textblock_section av-lv2m9z8n-94242b97beebc5386c473bb146559385 '   itemscope=\"itemscope\" itemtype=\"https:\/\/schema.org\/CreativeWork\" ><div class='avia_textblock'  itemprop=\"text\" ><p>If you do not want to purchase your own device for label design and printing, contact us&#8230;.<\/p>\n<\/div><\/section><br \/>\n<div  class='avia-button-wrap av-dlogr-327d07c66a68f7d12258556ebe13c453-wrap avia-button-left  avia-builder-el-9  el_after_av_textblock  avia-builder-el-last '><a href='https:\/\/bartech.sk\/sluzby\/potlac-etikiet-na-zakazku\/'  class='avia-button av-dlogr-327d07c66a68f7d12258556ebe13c453 avia-icon_select-yes-right-icon avia-size-small avia-position-left avia-color-theme-color'  ><span class='avia_iconbox_title' >Learn more<\/span><span class='avia_button_icon avia_button_icon_right' aria-hidden='true' data-av_icon='\ue800' data-av_iconfont='arrows'><\/span><\/a><\/div><\/p><\/div><div class='av-flex-placeholder'><\/div>\n<style type=\"text\/css\" data-created_by=\"avia_inline_auto\" id=\"style-css-av-133tpf-45979105d2fa708a349bc0ddb6a4dfe9\">\n.flex_column.av-133tpf-45979105d2fa708a349bc0ddb6a4dfe9{\nwidth:32%;\nmargin-left:0;\n}\n#top .flex_column_table.av-equal-height-column-flextable.av-133tpf-45979105d2fa708a349bc0ddb6a4dfe9 .av-flex-placeholder{\nwidth:2%;\n}\n<\/style>\n<div  class='flex_column av-133tpf-45979105d2fa708a349bc0ddb6a4dfe9 av_one_third  avia-builder-el-10  el_after_av_one_third  el_before_av_one_third  flex_column_table_cell av-equal-height-column av-align-top  '     ><p>\n<style type=\"text\/css\" data-created_by=\"avia_inline_auto\" id=\"style-css-av-lv2maafx-dc80bf1502ced93d7b2e896ab5bcfc72\">\n#top .av-special-heading.av-lv2maafx-dc80bf1502ced93d7b2e896ab5bcfc72{\npadding-bottom:10px;\n}\nbody .av-special-heading.av-lv2maafx-dc80bf1502ced93d7b2e896ab5bcfc72 .av-special-heading-tag .heading-char{\nfont-size:25px;\n}\n.av-special-heading.av-lv2maafx-dc80bf1502ced93d7b2e896ab5bcfc72 .av-subheading{\nfont-size:15px;\n}\n<\/style>\n<div  class='av-special-heading av-lv2maafx-dc80bf1502ced93d7b2e896ab5bcfc72 av-special-heading-h3 blockquote modern-quote  avia-builder-el-11  el_before_av_image  avia-builder-el-first '><h3 class='av-special-heading-tag'  itemprop=\"headline\"  >Qualified service.<\/h3><div class=\"special-heading-border\"><div class=\"special-heading-inner-border\"><\/div><\/div><\/div><br \/>\n\n<style type=\"text\/css\" data-created_by=\"avia_inline_auto\" id=\"style-css-av-wp80b-5e0b45f83b3887b51d901086e36ba654\">\n.avia-image-container.av-wp80b-5e0b45f83b3887b51d901086e36ba654 img.avia_image{\nbox-shadow:none;\n}\n.avia-image-container.av-wp80b-5e0b45f83b3887b51d901086e36ba654 .av-image-caption-overlay-center{\ncolor:#ffffff;\n}\n<\/style>\n<div  class='avia-image-container av-wp80b-5e0b45f83b3887b51d901086e36ba654 av-styling-no-styling avia-align-  avia-builder-el-12  el_after_av_heading  el_before_av_textblock '   itemprop=\"image\" itemscope=\"itemscope\" itemtype=\"https:\/\/schema.org\/ImageObject\" ><div class=\"avia-image-container-inner\"><div class=\"avia-image-overlay-wrap\"><a href=\"https:\/\/bartech.sk\/sluzby\/servis\/\" class='avia_image'  aria-label='serv-box'><img decoding=\"async\" fetchpriority=\"high\" class='wp-image-3427 avia-img-lazy-loading-not-3427 avia_image ' src=\"https:\/\/bartech.sk\/wp-content\/uploads\/2024\/05\/serv-box-420x280.jpg\" alt='' title='serv-box'  height=\"280\" width=\"420\"  itemprop=\"thumbnailUrl\"  \/><\/a><\/div><\/div><\/div><br \/>\n<section  class='av_textblock_section av-lv2mal4i-a91039febcd33f4bf6e185f91f6e9c51 '   itemscope=\"itemscope\" itemtype=\"https:\/\/schema.org\/CreativeWork\" ><div class='avia_textblock'  itemprop=\"text\" ><p>In our company, we believe that quality products deserve equally&#8230;<\/p>\n<\/div><\/section><br \/>\n<div  class='avia-button-wrap av-8vqer-62c70ba7a67915667a2e2f74ddcffc94-wrap avia-button-left  avia-builder-el-14  el_after_av_textblock  avia-builder-el-last '><a href='https:\/\/bartech.sk\/sluzby\/servis\/'  class='avia-button av-8vqer-62c70ba7a67915667a2e2f74ddcffc94 avia-icon_select-yes-right-icon avia-size-small avia-position-left avia-color-theme-color'  ><span class='avia_iconbox_title' >Learn more<\/span><span class='avia_button_icon avia_button_icon_right' aria-hidden='true' data-av_icon='\ue800' data-av_iconfont='arrows'><\/span><\/a><\/div><\/p><\/div><div class='av-flex-placeholder'><\/div>\n<style type=\"text\/css\" data-created_by=\"avia_inline_auto\" id=\"style-css-av-knlo3-d8cf69551a327aeea1d6fca74f57c161\">\n.flex_column.av-knlo3-d8cf69551a327aeea1d6fca74f57c161{\nwidth:32%;\nmargin-left:0;\n}\n#top .flex_column_table.av-equal-height-column-flextable.av-knlo3-d8cf69551a327aeea1d6fca74f57c161 .av-flex-placeholder{\nwidth:2%;\n}\n<\/style>\n<div  class='flex_column av-knlo3-d8cf69551a327aeea1d6fca74f57c161 av_one_third  avia-builder-el-15  el_after_av_one_third  avia-builder-el-last  flex_column_table_cell av-equal-height-column av-align-top  '     ><p>\n<style type=\"text\/css\" data-created_by=\"avia_inline_auto\" id=\"style-css-av-lv2mb4ia-9650c3caae472063b976056f848ca249\">\n#top .av-special-heading.av-lv2mb4ia-9650c3caae472063b976056f848ca249{\npadding-bottom:10px;\n}\nbody .av-special-heading.av-lv2mb4ia-9650c3caae472063b976056f848ca249 .av-special-heading-tag .heading-char{\nfont-size:25px;\n}\n.av-special-heading.av-lv2mb4ia-9650c3caae472063b976056f848ca249 .av-subheading{\nfont-size:15px;\n}\n<\/style>\n<div  class='av-special-heading av-lv2mb4ia-9650c3caae472063b976056f848ca249 av-special-heading-h3 blockquote modern-quote  avia-builder-el-16  el_before_av_image  avia-builder-el-first '><h3 class='av-special-heading-tag'  itemprop=\"headline\"  >Code verification.<\/h3><div class=\"special-heading-border\"><div class=\"special-heading-inner-border\"><\/div><\/div><\/div><br \/>\n\n<style type=\"text\/css\" data-created_by=\"avia_inline_auto\" id=\"style-css-av-fetdf-c2a0a7331176792be963fc4d732bea87\">\n.avia-image-container.av-fetdf-c2a0a7331176792be963fc4d732bea87 img.avia_image{\nbox-shadow:none;\n}\n.avia-image-container.av-fetdf-c2a0a7331176792be963fc4d732bea87 .av-image-caption-overlay-center{\ncolor:#ffffff;\n}\n<\/style>\n<div  class='avia-image-container av-fetdf-c2a0a7331176792be963fc4d732bea87 av-styling-no-styling avia-align-  avia-builder-el-17  el_after_av_heading  el_before_av_textblock '   itemprop=\"image\" itemscope=\"itemscope\" itemtype=\"https:\/\/schema.org\/ImageObject\" ><div class=\"avia-image-container-inner\"><div class=\"avia-image-overlay-wrap\"><a href=\"https:\/\/bartech.sk\/sluzby\/verifikacie\/\" class='avia_image'  aria-label='verif-box'><img decoding=\"async\" fetchpriority=\"high\" class='wp-image-3433 avia-img-lazy-loading-not-3433 avia_image ' src=\"https:\/\/bartech.sk\/wp-content\/uploads\/2024\/05\/verif-box-420x280.jpg\" alt='' title='verif-box'  height=\"280\" width=\"420\"  itemprop=\"thumbnailUrl\"  \/><\/a><\/div><\/div><\/div><br \/>\n<section  class='av_textblock_section av-lv2mavbk-ed379bc700db2027eea9eb9a0be04ced '   itemscope=\"itemscope\" itemtype=\"https:\/\/schema.org\/CreativeWork\" ><div class='avia_textblock'  itemprop=\"text\" ><p>To ensure your business operations run smoothly, it is important&#8230;<\/p>\n<\/div><\/section><br \/>\n<div  class='avia-button-wrap av-lv2p6q98-302a2dafa261a4dd3a3b59595415c821-wrap avia-button-left  avia-builder-el-19  el_after_av_textblock  avia-builder-el-last '><a href='https:\/\/bartech.sk\/sluzby\/verifikacie\/'  class='avia-button av-lv2p6q98-302a2dafa261a4dd3a3b59595415c821 avia-icon_select-no avia-size-small avia-position-left avia-color-theme-color'  ><span class='avia_iconbox_title' >Learn more<\/span><\/a><\/div><\/p><\/div><\/div><!--close column table wrapper. Autoclose: 1 -->\n","protected":false},"excerpt":{"rendered":"","protected":false},"author":1,"featured_media":0,"parent":0,"menu_order":3,"comment_status":"closed","ping_status":"closed","template":"","meta":{"footnotes":""},"class_list":["post-4472","page","type-page","status-publish","hentry"],"yoast_head":"<!-- This site is optimized with the Yoast SEO Premium plugin v23.1 (Yoast SEO v26.3) - https:\/\/yoast.com\/wordpress\/plugins\/seo\/ -->\n<title>Services - BARTECH SLOVAKIA<\/title>\n<meta name=\"robots\" content=\"index, follow, max-snippet:-1, max-image-preview:large, max-video-preview:-1\" \/>\n<link rel=\"canonical\" href=\"https:\/\/bartech.sk\/en\/services\/\" \/>\n<meta property=\"og:locale\" content=\"en_US\" \/>\n<meta property=\"og:type\" content=\"article\" \/>\n<meta property=\"og:title\" content=\"Services\" \/>\n<meta property=\"og:url\" content=\"https:\/\/bartech.sk\/en\/services\/\" \/>\n<meta property=\"og:site_name\" content=\"BARTECH SLOVAKIA\" \/>\n<meta property=\"article:publisher\" content=\"https:\/\/www.facebook.com\/Bartech.Slovakia\" \/>\n<meta property=\"article:modified_time\" content=\"2024-09-24T11:37:26+00:00\" \/>\n<meta name=\"twitter:card\" content=\"summary_large_image\" \/>\n<meta name=\"twitter:label1\" content=\"Est. reading time\" \/>\n\t<meta name=\"twitter:data1\" content=\"29 minutes\" \/>\n<script type=\"application\/ld+json\" class=\"yoast-schema-graph\">{\"@context\":\"https:\/\/schema.org\",\"@graph\":[{\"@type\":\"WebPage\",\"@id\":\"https:\/\/bartech.sk\/en\/services\/\",\"url\":\"https:\/\/bartech.sk\/en\/services\/\",\"name\":\"Services - BARTECH SLOVAKIA\",\"isPartOf\":{\"@id\":\"https:\/\/bartech.sk\/en\/#website\"},\"datePublished\":\"2024-04-16T16:48:27+00:00\",\"dateModified\":\"2024-09-24T11:37:26+00:00\",\"breadcrumb\":{\"@id\":\"https:\/\/bartech.sk\/en\/services\/#breadcrumb\"},\"inLanguage\":\"en-US\",\"potentialAction\":[{\"@type\":\"ReadAction\",\"target\":[\"https:\/\/bartech.sk\/en\/services\/\"]}]},{\"@type\":\"BreadcrumbList\",\"@id\":\"https:\/\/bartech.sk\/en\/services\/#breadcrumb\",\"itemListElement\":[{\"@type\":\"ListItem\",\"position\":1,\"name\":\"Domovsk\u00e1 str\u00e1nka\",\"item\":\"https:\/\/bartech.sk\/en\/introduction\/\"},{\"@type\":\"ListItem\",\"position\":2,\"name\":\"Services\"}]},{\"@type\":\"WebSite\",\"@id\":\"https:\/\/bartech.sk\/en\/#website\",\"url\":\"https:\/\/bartech.sk\/en\/\",\"name\":\"Rie\u0161enia pre v\u00fdrobu a logistiku\",\"description\":\"Automatizovan\u00fd zber d\u00e1t vo v\u00fdrobe a logistike\",\"publisher\":{\"@id\":\"https:\/\/bartech.sk\/en\/#organization\"},\"potentialAction\":[{\"@type\":\"SearchAction\",\"target\":{\"@type\":\"EntryPoint\",\"urlTemplate\":\"https:\/\/bartech.sk\/en\/?s={search_term_string}\"},\"query-input\":{\"@type\":\"PropertyValueSpecification\",\"valueRequired\":true,\"valueName\":\"search_term_string\"}}],\"inLanguage\":\"en-US\"},{\"@type\":\"Organization\",\"@id\":\"https:\/\/bartech.sk\/en\/#organization\",\"name\":\"BARTECH SLOVAKIA\",\"url\":\"https:\/\/bartech.sk\/en\/\",\"logo\":{\"@type\":\"ImageObject\",\"inLanguage\":\"en-US\",\"@id\":\"https:\/\/bartech.sk\/en\/#\/schema\/logo\/image\/\",\"url\":\"https:\/\/bartech.sk\/wp-content\/uploads\/2024\/07\/Bartech_podpis.png\",\"contentUrl\":\"https:\/\/bartech.sk\/wp-content\/uploads\/2024\/07\/Bartech_podpis.png\",\"width\":185,\"height\":47,\"caption\":\"BARTECH SLOVAKIA\"},\"image\":{\"@id\":\"https:\/\/bartech.sk\/en\/#\/schema\/logo\/image\/\"},\"sameAs\":[\"https:\/\/www.facebook.com\/Bartech.Slovakia\",\"https:\/\/www.linkedin.com\/company\/bartech-slovakia\/\",\"https:\/\/www.youtube.com\/user\/BartechSk\"]}]}<\/script>\n<!-- \/ Yoast SEO Premium plugin. -->","yoast_head_json":{"title":"Services - BARTECH SLOVAKIA","robots":{"index":"index","follow":"follow","max-snippet":"max-snippet:-1","max-image-preview":"max-image-preview:large","max-video-preview":"max-video-preview:-1"},"canonical":"https:\/\/bartech.sk\/en\/services\/","og_locale":"en_US","og_type":"article","og_title":"Services","og_url":"https:\/\/bartech.sk\/en\/services\/","og_site_name":"BARTECH SLOVAKIA","article_publisher":"https:\/\/www.facebook.com\/Bartech.Slovakia","article_modified_time":"2024-09-24T11:37:26+00:00","twitter_card":"summary_large_image","twitter_misc":{"Est. reading time":"29 minutes"},"schema":{"@context":"https:\/\/schema.org","@graph":[{"@type":"WebPage","@id":"https:\/\/bartech.sk\/en\/services\/","url":"https:\/\/bartech.sk\/en\/services\/","name":"Services - BARTECH SLOVAKIA","isPartOf":{"@id":"https:\/\/bartech.sk\/en\/#website"},"datePublished":"2024-04-16T16:48:27+00:00","dateModified":"2024-09-24T11:37:26+00:00","breadcrumb":{"@id":"https:\/\/bartech.sk\/en\/services\/#breadcrumb"},"inLanguage":"en-US","potentialAction":[{"@type":"ReadAction","target":["https:\/\/bartech.sk\/en\/services\/"]}]},{"@type":"BreadcrumbList","@id":"https:\/\/bartech.sk\/en\/services\/#breadcrumb","itemListElement":[{"@type":"ListItem","position":1,"name":"Domovsk\u00e1 str\u00e1nka","item":"https:\/\/bartech.sk\/en\/introduction\/"},{"@type":"ListItem","position":2,"name":"Services"}]},{"@type":"WebSite","@id":"https:\/\/bartech.sk\/en\/#website","url":"https:\/\/bartech.sk\/en\/","name":"Rie\u0161enia pre v\u00fdrobu a logistiku","description":"Automatizovan\u00fd zber d\u00e1t vo v\u00fdrobe a logistike","publisher":{"@id":"https:\/\/bartech.sk\/en\/#organization"},"potentialAction":[{"@type":"SearchAction","target":{"@type":"EntryPoint","urlTemplate":"https:\/\/bartech.sk\/en\/?s={search_term_string}"},"query-input":{"@type":"PropertyValueSpecification","valueRequired":true,"valueName":"search_term_string"}}],"inLanguage":"en-US"},{"@type":"Organization","@id":"https:\/\/bartech.sk\/en\/#organization","name":"BARTECH SLOVAKIA","url":"https:\/\/bartech.sk\/en\/","logo":{"@type":"ImageObject","inLanguage":"en-US","@id":"https:\/\/bartech.sk\/en\/#\/schema\/logo\/image\/","url":"https:\/\/bartech.sk\/wp-content\/uploads\/2024\/07\/Bartech_podpis.png","contentUrl":"https:\/\/bartech.sk\/wp-content\/uploads\/2024\/07\/Bartech_podpis.png","width":185,"height":47,"caption":"BARTECH SLOVAKIA"},"image":{"@id":"https:\/\/bartech.sk\/en\/#\/schema\/logo\/image\/"},"sameAs":["https:\/\/www.facebook.com\/Bartech.Slovakia","https:\/\/www.linkedin.com\/company\/bartech-slovakia\/","https:\/\/www.youtube.com\/user\/BartechSk"]}]}},"_links":{"self":[{"href":"https:\/\/bartech.sk\/en\/wp-json\/wp\/v2\/pages\/4472","targetHints":{"allow":["GET"]}}],"collection":[{"href":"https:\/\/bartech.sk\/en\/wp-json\/wp\/v2\/pages"}],"about":[{"href":"https:\/\/bartech.sk\/en\/wp-json\/wp\/v2\/types\/page"}],"author":[{"embeddable":true,"href":"https:\/\/bartech.sk\/en\/wp-json\/wp\/v2\/users\/1"}],"replies":[{"embeddable":true,"href":"https:\/\/bartech.sk\/en\/wp-json\/wp\/v2\/comments?post=4472"}],"version-history":[{"count":3,"href":"https:\/\/bartech.sk\/en\/wp-json\/wp\/v2\/pages\/4472\/revisions"}],"predecessor-version":[{"id":4476,"href":"https:\/\/bartech.sk\/en\/wp-json\/wp\/v2\/pages\/4472\/revisions\/4476"}],"wp:attachment":[{"href":"https:\/\/bartech.sk\/en\/wp-json\/wp\/v2\/media?parent=4472"}],"curies":[{"name":"wp","href":"https:\/\/api.w.org\/{rel}","templated":true}]}}