{"id":4460,"date":"2024-04-18T18:22:56","date_gmt":"2024-04-18T16:22:56","guid":{"rendered":"https:\/\/bartech.sk\/stock-taking\/"},"modified":"2024-09-24T13:32:12","modified_gmt":"2024-09-24T11:32:12","slug":"stock-taking","status":"publish","type":"page","link":"https:\/\/bartech.sk\/en\/stock-taking\/","title":{"rendered":"Stock-taking"},"content":{"rendered":"\n<style type=\"text\/css\" data-created_by=\"avia_inline_auto\" id=\"style-css-av-lv2mfg6x-96b6049fa422b3d25906cc749069c86b\">\n.avia-section.av-lv2mfg6x-96b6049fa422b3d25906cc749069c86b{\nbackground-repeat:no-repeat;\nbackground-image:url(https:\/\/bartech.sk\/wp-content\/uploads\/2024\/04\/inventura-banner-v2.jpg);\nbackground-position:50% 50%;\nbackground-attachment:scroll;\n}\n.avia-section.av-lv2mfg6x-96b6049fa422b3d25906cc749069c86b .av-section-color-overlay{\nopacity:0.5;\n}\n<\/style>\n<div id='av_section_1'  class='avia-section av-lv2mfg6x-96b6049fa422b3d25906cc749069c86b main_color avia-section-default avia-no-border-styling  avia-builder-el-0  el_before_av_layout_row  avia-builder-el-first  main-banner avia-full-stretch avia-bg-style-scroll av-section-color-overlay-active av-minimum-height av-minimum-height-50 av-height-50  container_wrap fullsize'  data-section-bg-repeat='stretch' data-av_minimum_height_pc='50' data-av_min_height_opt='50'><div class=\"av-section-color-overlay-wrap\"><div class=\"av-section-color-overlay\"><\/div><div class='container av-section-cont-open' ><main  role=\"main\" itemprop=\"mainContentOfPage\"  class='template-page content  av-content-full alpha units'><div class='post-entry post-entry-type-page post-entry-4460'><div class='entry-content-wrapper clearfix'>\n<div  class='flex_column av-1vajsr-8d29198ae8c14cce77b49ee971ee9a22 av_one_full  avia-builder-el-1  avia-builder-el-no-sibling  first flex_column_div  '     ><p>\n<style type=\"text\/css\" data-created_by=\"avia_inline_auto\" id=\"style-css-av-lv2m7y1x-507e9b6fbb9fee317469e510b17547c7\">\n#top .av-special-heading.av-lv2m7y1x-507e9b6fbb9fee317469e510b17547c7{\npadding-bottom:0;\n}\nbody .av-special-heading.av-lv2m7y1x-507e9b6fbb9fee317469e510b17547c7 .av-special-heading-tag .heading-char{\nfont-size:25px;\n}\n.av-special-heading.av-lv2m7y1x-507e9b6fbb9fee317469e510b17547c7 .av-subheading{\nfont-size:15px;\n}\n<\/style>\n<div  class='av-special-heading av-lv2m7y1x-507e9b6fbb9fee317469e510b17547c7 av-special-heading-h1 blockquote modern-quote  avia-builder-el-2  el_before_av_hr  avia-builder-el-first  subpage-title-h1'><h1 class='av-special-heading-tag'  itemprop=\"headline\"  >Stock-taking<\/h1><div class=\"special-heading-border\"><div class=\"special-heading-inner-border\"><\/div><\/div><\/div><br \/>\n\n<style type=\"text\/css\" data-created_by=\"avia_inline_auto\" id=\"style-css-av-1ok5pv-dc9fd34106166fdfac22b9cb17fda2c6\">\n#top .hr.av-1ok5pv-dc9fd34106166fdfac22b9cb17fda2c6{\nmargin-top:0px;\nmargin-bottom:30px;\n}\n.hr.av-1ok5pv-dc9fd34106166fdfac22b9cb17fda2c6 .hr-inner{\nwidth:100px;\nborder-color:#ed7207;\n}\n<\/style>\n<div  class='hr av-1ok5pv-dc9fd34106166fdfac22b9cb17fda2c6 hr-custom  avia-builder-el-3  el_after_av_heading  avia-builder-el-last  hr-subpage-banner hr-left hr-icon-no'><span class='hr-inner inner-border-av-border-fat'><span class=\"hr-inner-style\"><\/span><\/span><\/div><\/p><\/div>\n\n<\/div><\/div><\/main><!-- close content main element --><\/div><\/div><\/div><div id='av-layout-grid-1'  class='av-layout-grid-container av-32q707-bd76a47debf781d1f2db4eacd24b85b6 entry-content-wrapper main_color av-flex-cells  avia-builder-el-4  el_after_av_section  avia-builder-el-last  boxes-grid boxes-tech boxes-tech-single grid-row-not-first  container_wrap fullsize'  >\n\n<style type=\"text\/css\" data-created_by=\"avia_inline_auto\" id=\"style-css-av-a6x0v-862f996b1ae8d539dc7b270691ad9766\">\n.flex_cell.av-a6x0v-862f996b1ae8d539dc7b270691ad9766{\nvertical-align:top;\n}\n<\/style>\n<div class='flex_cell av-a6x0v-862f996b1ae8d539dc7b270691ad9766 av-gridrow-cell av_one_third no_margin  avia-builder-el-5  el_before_av_cell_one_third  avia-builder-el-first  flip-box'  ><div class='flex_cell_inner'><p><div  class='flex_column av-2p0pkn-4375a46272165174a37506932e5e63ff av_one_full  avia-builder-el-6  el_before_av_one_full  avia-builder-el-first  flip-box-front first flex_column_div  '     ><p>\n<style type=\"text\/css\" data-created_by=\"avia_inline_auto\" id=\"style-css-av-lv5ga0tg-2b15957a43aed216486fa9a51a46b6f3\">\n.avia-image-container.av-lv5ga0tg-2b15957a43aed216486fa9a51a46b6f3 img.avia_image{\nbox-shadow:none;\n}\n.avia-image-container.av-lv5ga0tg-2b15957a43aed216486fa9a51a46b6f3 .av-image-caption-overlay-center{\ncolor:#ffffff;\n}\n<\/style>\n<div  class='avia-image-container av-lv5ga0tg-2b15957a43aed216486fa9a51a46b6f3 av-styling-no-styling avia-align-center  avia-builder-el-7  el_before_av_heading  avia-builder-el-first '   itemprop=\"image\" itemscope=\"itemscope\" itemtype=\"https:\/\/schema.org\/ImageObject\" ><div class=\"avia-image-container-inner\"><div class=\"avia-image-overlay-wrap\"><img decoding=\"async\" fetchpriority=\"high\" class='wp-image-906 avia-img-lazy-loading-not-906 avia_image ' src=\"https:\/\/bartech.sk\/wp-content\/uploads\/2024\/04\/EMA-1-300x300.png\" alt='' title='EMA'  height=\"300\" width=\"300\"  itemprop=\"thumbnailUrl\"  \/><\/div><\/div><\/div><br \/>\n\n<style type=\"text\/css\" data-created_by=\"avia_inline_auto\" id=\"style-css-av-lv5g6hqe-ec5f0cc52eb0aca5f98811da31651f94\">\n#top .av-special-heading.av-lv5g6hqe-ec5f0cc52eb0aca5f98811da31651f94{\npadding-bottom:10px;\n}\nbody .av-special-heading.av-lv5g6hqe-ec5f0cc52eb0aca5f98811da31651f94 .av-special-heading-tag .heading-char{\nfont-size:25px;\n}\n.av-special-heading.av-lv5g6hqe-ec5f0cc52eb0aca5f98811da31651f94 .av-subheading{\nfont-size:15px;\n}\n<\/style>\n<div  class='av-special-heading av-lv5g6hqe-ec5f0cc52eb0aca5f98811da31651f94 av-special-heading-h3 blockquote modern-quote  avia-builder-el-8  el_after_av_image  avia-builder-el-last '><h3 class='av-special-heading-tag'  itemprop=\"headline\"  >EMA &#8211; asset management with inventory tracking.<\/h3><div class=\"special-heading-border\"><div class=\"special-heading-inner-border\"><\/div><\/div><\/div><\/p><\/div><div  class='flex_column av-jd887-2bdade83cfa58dace6526b0f9dcc92a8 av_one_full  avia-builder-el-9  el_after_av_one_full  avia-builder-el-last  flip-box-back first flex_column_div  column-top-margin'     ><p><section  class='av_textblock_section av-cthcf-d5bfab680211342fcd50e776540d27a4 '   itemscope=\"itemscope\" itemtype=\"https:\/\/schema.org\/CreativeWork\" ><div class='avia_textblock'  itemprop=\"text\" ><p>The solution is designed for all customers who need accurate asset management with immediate identification of where&#8230;<\/p>\n<\/div><\/section><br \/>\n<div  class='avia-button-wrap av-bs5zb-687c51fd80ab8fc68b83f0fd82fcbb7d-wrap avia-button-left  avia-builder-el-11  el_after_av_textblock  avia-builder-el-last '>\n<style type=\"text\/css\" data-created_by=\"avia_inline_auto\" id=\"style-css-av-bs5zb-687c51fd80ab8fc68b83f0fd82fcbb7d\">\n#top #wrap_all .avia-button.av-bs5zb-687c51fd80ab8fc68b83f0fd82fcbb7d:hover{\nopacity:1;\ntransition:all 0.4s ease-in-out;\n}\n<\/style>\n<a href='https:\/\/bartech.sk\/ema-evidencia-majetku-s-inventurou\/'  class='avia-button av-bs5zb-687c51fd80ab8fc68b83f0fd82fcbb7d avia-icon_select-yes-right-icon avia-size-large avia-position-left avia-color-theme-color'  ><span class='avia_iconbox_title' >Read more<\/span><span class='avia_button_icon avia_button_icon_right' aria-hidden='true' data-av_icon='\ue800' data-av_iconfont='arrows'><\/span><\/a><\/div><\/p><\/div><\/p>\n<\/div><\/div>\n<style type=\"text\/css\" data-created_by=\"avia_inline_auto\" id=\"style-css-av-2726vr-d7aedd49645574aae03f7595be5791a6\">\n.flex_cell.av-2726vr-d7aedd49645574aae03f7595be5791a6{\nvertical-align:top;\n}\n<\/style>\n<div class='flex_cell av-2726vr-d7aedd49645574aae03f7595be5791a6 av-gridrow-cell av_one_third no_margin  avia-builder-el-12  el_after_av_cell_one_third  el_before_av_cell_one_third  flip-box'  ><div class='flex_cell_inner'><p><div  class='flex_column av-21ch0n-d19aac88cceb8d5dd0b8a75c38b4b22d av_one_full  avia-builder-el-13  el_before_av_one_full  avia-builder-el-first  flip-box-front first flex_column_div  '     ><p>\n<style type=\"text\/css\" data-created_by=\"avia_inline_auto\" id=\"style-css-av-1xq6fj-20595178df970ae468492384cf94be01\">\n.avia-image-container.av-1xq6fj-20595178df970ae468492384cf94be01 img.avia_image{\nbox-shadow:none;\n}\n.avia-image-container.av-1xq6fj-20595178df970ae468492384cf94be01 .av-image-caption-overlay-center{\ncolor:#ffffff;\n}\n<\/style>\n<div  class='avia-image-container av-1xq6fj-20595178df970ae468492384cf94be01 av-styling-no-styling avia-align-center  avia-builder-el-14  el_before_av_heading  avia-builder-el-first '   itemprop=\"image\" itemscope=\"itemscope\" itemtype=\"https:\/\/schema.org\/ImageObject\" ><div class=\"avia-image-container-inner\"><div class=\"avia-image-overlay-wrap\"><img decoding=\"async\" fetchpriority=\"high\" class='wp-image-908 avia-img-lazy-loading-not-908 avia_image ' src=\"https:\/\/bartech.sk\/wp-content\/uploads\/2024\/04\/MODO-300x300.png\" alt='' title='MODO'  height=\"300\" width=\"300\"  itemprop=\"thumbnailUrl\"  \/><\/div><\/div><\/div><br \/>\n\n<style type=\"text\/css\" data-created_by=\"avia_inline_auto\" id=\"style-css-av-lv5gbshd-af2cab03adb7a620127d31f16294d7ed\">\n#top .av-special-heading.av-lv5gbshd-af2cab03adb7a620127d31f16294d7ed{\npadding-bottom:10px;\n}\nbody .av-special-heading.av-lv5gbshd-af2cab03adb7a620127d31f16294d7ed .av-special-heading-tag .heading-char{\nfont-size:25px;\n}\n.av-special-heading.av-lv5gbshd-af2cab03adb7a620127d31f16294d7ed .av-subheading{\nfont-size:15px;\n}\n<\/style>\n<div  class='av-special-heading av-lv5gbshd-af2cab03adb7a620127d31f16294d7ed av-special-heading-h3 blockquote modern-quote  avia-builder-el-15  el_after_av_image  avia-builder-el-last '><h3 class='av-special-heading-tag'  itemprop=\"headline\"  > MODO &#8211; mobile documents for Android.<\/h3><div class=\"special-heading-border\"><div class=\"special-heading-inner-border\"><\/div><\/div><\/div><\/p><\/div><div  class='flex_column av-riz2n-cb6b1bee43c0e1886090a4cb50ba01dd av_one_full  avia-builder-el-16  el_after_av_one_full  avia-builder-el-last  flip-box-back first flex_column_div  column-top-margin'     ><p><section  class='av_textblock_section av-lv5gh5ha-4ce2fd798a15869beb41eaaf313ddb4f '   itemscope=\"itemscope\" itemtype=\"https:\/\/schema.org\/CreativeWork\" ><div class='avia_textblock'  itemprop=\"text\" ><p>The MODO application \u2013 MObile DOcuments is designed for data collection in warehouses and stores via barcode&#8230;<\/p>\n<\/div><\/section><br \/>\n<div  class='avia-button-wrap av-j9jif-eb26b3d09f385ee97d041f89d0563999-wrap avia-button-left  avia-builder-el-18  el_after_av_textblock  avia-builder-el-last '>\n<style type=\"text\/css\" data-created_by=\"avia_inline_auto\" id=\"style-css-av-j9jif-eb26b3d09f385ee97d041f89d0563999\">\n#top #wrap_all .avia-button.av-j9jif-eb26b3d09f385ee97d041f89d0563999:hover{\nopacity:1;\ntransition:all 0.4s ease-in-out;\n}\n<\/style>\n<a href='https:\/\/bartech.sk\/modo-mobilne-doklady-android\/'  class='avia-button av-j9jif-eb26b3d09f385ee97d041f89d0563999 avia-icon_select-yes-right-icon avia-size-large avia-position-left avia-color-theme-color'  ><span class='avia_iconbox_title' >Read more<\/span><span class='avia_button_icon avia_button_icon_right' aria-hidden='true' data-av_icon='\ue800' data-av_iconfont='arrows'><\/span><\/a><\/div><\/p><\/div><\/p>\n<\/div><\/div>\n<style type=\"text\/css\" data-created_by=\"avia_inline_auto\" id=\"style-css-av-178pl3-c74c408fb5335c846184334e39ed9679\">\n.flex_cell.av-178pl3-c74c408fb5335c846184334e39ed9679{\nvertical-align:top;\n}\n<\/style>\n<div class='flex_cell av-178pl3-c74c408fb5335c846184334e39ed9679 av-gridrow-cell av_one_third no_margin  avia-builder-el-19  el_after_av_cell_one_third  avia-builder-el-last  flip-box'  ><div class='flex_cell_inner'><p><div  class='flex_column av-10qsaf-6fe5c98bb011a1b098478afa0aa8a863 av_one_full  avia-builder-el-20  el_before_av_one_full  avia-builder-el-first  flip-box-front first flex_column_div  '     ><p>\n<style type=\"text\/css\" data-created_by=\"avia_inline_auto\" id=\"style-css-av-wcyyn-9f3f1c541993703364068045f96a7f3c\">\n.avia-image-container.av-wcyyn-9f3f1c541993703364068045f96a7f3c img.avia_image{\nbox-shadow:none;\n}\n.avia-image-container.av-wcyyn-9f3f1c541993703364068045f96a7f3c .av-image-caption-overlay-center{\ncolor:#ffffff;\n}\n<\/style>\n<div  class='avia-image-container av-wcyyn-9f3f1c541993703364068045f96a7f3c av-styling-no-styling avia-align-center  avia-builder-el-21  el_before_av_heading  avia-builder-el-first '   itemprop=\"image\" itemscope=\"itemscope\" itemtype=\"https:\/\/schema.org\/ImageObject\" ><div class=\"avia-image-container-inner\"><div class=\"avia-image-overlay-wrap\"><img decoding=\"async\" fetchpriority=\"high\" class='wp-image-911 avia-img-lazy-loading-not-911 avia_image ' src=\"https:\/\/bartech.sk\/wp-content\/uploads\/2024\/04\/INA-300x300.png\" alt='' title='INA'  height=\"300\" width=\"300\"  itemprop=\"thumbnailUrl\"  \/><\/div><\/div><\/div><br \/>\n\n<style type=\"text\/css\" data-created_by=\"avia_inline_auto\" id=\"style-css-av-t5cxb-ef9f7a36a3f02ac88a3886b227a80c17\">\n#top .av-special-heading.av-t5cxb-ef9f7a36a3f02ac88a3886b227a80c17{\npadding-bottom:10px;\n}\nbody .av-special-heading.av-t5cxb-ef9f7a36a3f02ac88a3886b227a80c17 .av-special-heading-tag .heading-char{\nfont-size:25px;\n}\n.av-special-heading.av-t5cxb-ef9f7a36a3f02ac88a3886b227a80c17 .av-subheading{\nfont-size:15px;\n}\n<\/style>\n<div  class='av-special-heading av-t5cxb-ef9f7a36a3f02ac88a3886b227a80c17 av-special-heading-h3 blockquote modern-quote  avia-builder-el-22  el_after_av_image  avia-builder-el-last '><h3 class='av-special-heading-tag'  itemprop=\"headline\"  > INA &#8211; universal ANDROID application.<\/h3><div class=\"special-heading-border\"><div class=\"special-heading-inner-border\"><\/div><\/div><\/div><\/p><\/div><div  class='flex_column av-fl4jb-8f771a899faacb8f648724635730bbce av_one_full  avia-builder-el-23  el_after_av_one_full  avia-builder-el-last  flip-box-back first flex_column_div  column-top-margin'     ><p><section  class='av_textblock_section av-lv5ghahf-ca99ff93eb198bf2ac466662ba3fa8c1 '   itemscope=\"itemscope\" itemtype=\"https:\/\/schema.org\/CreativeWork\" ><div class='avia_textblock'  itemprop=\"text\" ><p>The INA program \u2013 INtelligent Application is designed for deployment on the ANDROID operating system (min. 4.4). It is a&#8230;<\/p>\n<\/div><\/section><br \/>\n<div  class='avia-button-wrap av-99ly7-e64452c37f7eb1c69e4960347723e16c-wrap avia-button-left  avia-builder-el-25  el_after_av_textblock  avia-builder-el-last '>\n<style type=\"text\/css\" data-created_by=\"avia_inline_auto\" id=\"style-css-av-99ly7-e64452c37f7eb1c69e4960347723e16c\">\n#top #wrap_all .avia-button.av-99ly7-e64452c37f7eb1c69e4960347723e16c:hover{\nopacity:1;\ntransition:all 0.4s ease-in-out;\n}\n<\/style>\n<a href='https:\/\/bartech.sk\/ina-univerzalna-android-aplikacia\/'  class='avia-button av-99ly7-e64452c37f7eb1c69e4960347723e16c avia-icon_select-yes-right-icon avia-size-large avia-position-left avia-color-theme-color'  ><span class='avia_iconbox_title' >Read more<\/span><span class='avia_button_icon avia_button_icon_right' aria-hidden='true' data-av_icon='\ue800' data-av_iconfont='arrows'><\/span><\/a><\/div><\/p><\/div><\/p>\n<\/div><\/div>\n<\/div>\n","protected":false},"excerpt":{"rendered":"","protected":false},"author":2,"featured_media":0,"parent":0,"menu_order":3,"comment_status":"closed","ping_status":"closed","template":"","meta":{"footnotes":""},"class_list":["post-4460","page","type-page","status-publish","hentry"],"yoast_head":"<!-- This site is optimized with the Yoast SEO Premium plugin v23.1 (Yoast SEO v26.3) - https:\/\/yoast.com\/wordpress\/plugins\/seo\/ -->\n<title>Stock-taking - BARTECH SLOVAKIA<\/title>\n<meta name=\"robots\" content=\"index, follow, max-snippet:-1, max-image-preview:large, max-video-preview:-1\" \/>\n<link rel=\"canonical\" href=\"https:\/\/bartech.sk\/en\/stock-taking\/\" \/>\n<meta property=\"og:locale\" content=\"en_US\" \/>\n<meta property=\"og:type\" content=\"article\" \/>\n<meta property=\"og:title\" content=\"Stock-taking\" \/>\n<meta property=\"og:url\" content=\"https:\/\/bartech.sk\/en\/stock-taking\/\" \/>\n<meta property=\"og:site_name\" content=\"BARTECH SLOVAKIA\" \/>\n<meta property=\"article:publisher\" content=\"https:\/\/www.facebook.com\/Bartech.Slovakia\" \/>\n<meta property=\"article:modified_time\" content=\"2024-09-24T11:32:12+00:00\" \/>\n<meta name=\"twitter:card\" content=\"summary_large_image\" \/>\n<meta name=\"twitter:label1\" content=\"Est. reading time\" \/>\n\t<meta name=\"twitter:data1\" content=\"36 minutes\" \/>\n<script type=\"application\/ld+json\" class=\"yoast-schema-graph\">{\"@context\":\"https:\/\/schema.org\",\"@graph\":[{\"@type\":\"WebPage\",\"@id\":\"https:\/\/bartech.sk\/en\/stock-taking\/\",\"url\":\"https:\/\/bartech.sk\/en\/stock-taking\/\",\"name\":\"Stock-taking - BARTECH SLOVAKIA\",\"isPartOf\":{\"@id\":\"https:\/\/bartech.sk\/en\/#website\"},\"datePublished\":\"2024-04-18T16:22:56+00:00\",\"dateModified\":\"2024-09-24T11:32:12+00:00\",\"breadcrumb\":{\"@id\":\"https:\/\/bartech.sk\/en\/stock-taking\/#breadcrumb\"},\"inLanguage\":\"en-US\",\"potentialAction\":[{\"@type\":\"ReadAction\",\"target\":[\"https:\/\/bartech.sk\/en\/stock-taking\/\"]}]},{\"@type\":\"BreadcrumbList\",\"@id\":\"https:\/\/bartech.sk\/en\/stock-taking\/#breadcrumb\",\"itemListElement\":[{\"@type\":\"ListItem\",\"position\":1,\"name\":\"Domovsk\u00e1 str\u00e1nka\",\"item\":\"https:\/\/bartech.sk\/en\/introduction\/\"},{\"@type\":\"ListItem\",\"position\":2,\"name\":\"Stock-taking\"}]},{\"@type\":\"WebSite\",\"@id\":\"https:\/\/bartech.sk\/en\/#website\",\"url\":\"https:\/\/bartech.sk\/en\/\",\"name\":\"Rie\u0161enia pre v\u00fdrobu a logistiku\",\"description\":\"Automatizovan\u00fd zber d\u00e1t vo v\u00fdrobe a logistike\",\"publisher\":{\"@id\":\"https:\/\/bartech.sk\/en\/#organization\"},\"potentialAction\":[{\"@type\":\"SearchAction\",\"target\":{\"@type\":\"EntryPoint\",\"urlTemplate\":\"https:\/\/bartech.sk\/en\/?s={search_term_string}\"},\"query-input\":{\"@type\":\"PropertyValueSpecification\",\"valueRequired\":true,\"valueName\":\"search_term_string\"}}],\"inLanguage\":\"en-US\"},{\"@type\":\"Organization\",\"@id\":\"https:\/\/bartech.sk\/en\/#organization\",\"name\":\"BARTECH SLOVAKIA\",\"url\":\"https:\/\/bartech.sk\/en\/\",\"logo\":{\"@type\":\"ImageObject\",\"inLanguage\":\"en-US\",\"@id\":\"https:\/\/bartech.sk\/en\/#\/schema\/logo\/image\/\",\"url\":\"https:\/\/bartech.sk\/wp-content\/uploads\/2024\/07\/Bartech_podpis.png\",\"contentUrl\":\"https:\/\/bartech.sk\/wp-content\/uploads\/2024\/07\/Bartech_podpis.png\",\"width\":185,\"height\":47,\"caption\":\"BARTECH SLOVAKIA\"},\"image\":{\"@id\":\"https:\/\/bartech.sk\/en\/#\/schema\/logo\/image\/\"},\"sameAs\":[\"https:\/\/www.facebook.com\/Bartech.Slovakia\",\"https:\/\/www.linkedin.com\/company\/bartech-slovakia\/\",\"https:\/\/www.youtube.com\/user\/BartechSk\"]}]}<\/script>\n<!-- \/ Yoast SEO Premium plugin. -->","yoast_head_json":{"title":"Stock-taking - BARTECH SLOVAKIA","robots":{"index":"index","follow":"follow","max-snippet":"max-snippet:-1","max-image-preview":"max-image-preview:large","max-video-preview":"max-video-preview:-1"},"canonical":"https:\/\/bartech.sk\/en\/stock-taking\/","og_locale":"en_US","og_type":"article","og_title":"Stock-taking","og_url":"https:\/\/bartech.sk\/en\/stock-taking\/","og_site_name":"BARTECH SLOVAKIA","article_publisher":"https:\/\/www.facebook.com\/Bartech.Slovakia","article_modified_time":"2024-09-24T11:32:12+00:00","twitter_card":"summary_large_image","twitter_misc":{"Est. reading time":"36 minutes"},"schema":{"@context":"https:\/\/schema.org","@graph":[{"@type":"WebPage","@id":"https:\/\/bartech.sk\/en\/stock-taking\/","url":"https:\/\/bartech.sk\/en\/stock-taking\/","name":"Stock-taking - BARTECH SLOVAKIA","isPartOf":{"@id":"https:\/\/bartech.sk\/en\/#website"},"datePublished":"2024-04-18T16:22:56+00:00","dateModified":"2024-09-24T11:32:12+00:00","breadcrumb":{"@id":"https:\/\/bartech.sk\/en\/stock-taking\/#breadcrumb"},"inLanguage":"en-US","potentialAction":[{"@type":"ReadAction","target":["https:\/\/bartech.sk\/en\/stock-taking\/"]}]},{"@type":"BreadcrumbList","@id":"https:\/\/bartech.sk\/en\/stock-taking\/#breadcrumb","itemListElement":[{"@type":"ListItem","position":1,"name":"Domovsk\u00e1 str\u00e1nka","item":"https:\/\/bartech.sk\/en\/introduction\/"},{"@type":"ListItem","position":2,"name":"Stock-taking"}]},{"@type":"WebSite","@id":"https:\/\/bartech.sk\/en\/#website","url":"https:\/\/bartech.sk\/en\/","name":"Rie\u0161enia pre v\u00fdrobu a logistiku","description":"Automatizovan\u00fd zber d\u00e1t vo v\u00fdrobe a logistike","publisher":{"@id":"https:\/\/bartech.sk\/en\/#organization"},"potentialAction":[{"@type":"SearchAction","target":{"@type":"EntryPoint","urlTemplate":"https:\/\/bartech.sk\/en\/?s={search_term_string}"},"query-input":{"@type":"PropertyValueSpecification","valueRequired":true,"valueName":"search_term_string"}}],"inLanguage":"en-US"},{"@type":"Organization","@id":"https:\/\/bartech.sk\/en\/#organization","name":"BARTECH SLOVAKIA","url":"https:\/\/bartech.sk\/en\/","logo":{"@type":"ImageObject","inLanguage":"en-US","@id":"https:\/\/bartech.sk\/en\/#\/schema\/logo\/image\/","url":"https:\/\/bartech.sk\/wp-content\/uploads\/2024\/07\/Bartech_podpis.png","contentUrl":"https:\/\/bartech.sk\/wp-content\/uploads\/2024\/07\/Bartech_podpis.png","width":185,"height":47,"caption":"BARTECH SLOVAKIA"},"image":{"@id":"https:\/\/bartech.sk\/en\/#\/schema\/logo\/image\/"},"sameAs":["https:\/\/www.facebook.com\/Bartech.Slovakia","https:\/\/www.linkedin.com\/company\/bartech-slovakia\/","https:\/\/www.youtube.com\/user\/BartechSk"]}]}},"_links":{"self":[{"href":"https:\/\/bartech.sk\/en\/wp-json\/wp\/v2\/pages\/4460","targetHints":{"allow":["GET"]}}],"collection":[{"href":"https:\/\/bartech.sk\/en\/wp-json\/wp\/v2\/pages"}],"about":[{"href":"https:\/\/bartech.sk\/en\/wp-json\/wp\/v2\/types\/page"}],"author":[{"embeddable":true,"href":"https:\/\/bartech.sk\/en\/wp-json\/wp\/v2\/users\/2"}],"replies":[{"embeddable":true,"href":"https:\/\/bartech.sk\/en\/wp-json\/wp\/v2\/comments?post=4460"}],"version-history":[{"count":2,"href":"https:\/\/bartech.sk\/en\/wp-json\/wp\/v2\/pages\/4460\/revisions"}],"predecessor-version":[{"id":4462,"href":"https:\/\/bartech.sk\/en\/wp-json\/wp\/v2\/pages\/4460\/revisions\/4462"}],"wp:attachment":[{"href":"https:\/\/bartech.sk\/en\/wp-json\/wp\/v2\/media?parent=4460"}],"curies":[{"name":"wp","href":"https:\/\/api.w.org\/{rel}","templated":true}]}}