{"id":4457,"date":"2024-05-31T15:52:39","date_gmt":"2024-05-31T13:52:39","guid":{"rendered":"https:\/\/bartech.sk\/how-to-scan\/"},"modified":"2024-09-24T13:29:58","modified_gmt":"2024-09-24T11:29:58","slug":"how-to-scan","status":"publish","type":"page","link":"https:\/\/bartech.sk\/en\/how-to-scan\/","title":{"rendered":"How to scan?"},"content":{"rendered":"\n<style type=\"text\/css\" data-created_by=\"avia_inline_auto\" id=\"style-css-av-lv2mfg6x-ad98a3cf0607864f47c8004c8dd978e4\">\n.avia-section.av-lv2mfg6x-ad98a3cf0607864f47c8004c8dd978e4{\nbackground-repeat:no-repeat;\nbackground-image:url(https:\/\/bartech.sk\/wp-content\/uploads\/2024\/04\/vyroba-banner-v2.jpg);\nbackground-position:50% 50%;\nbackground-attachment:scroll;\n}\n.avia-section.av-lv2mfg6x-ad98a3cf0607864f47c8004c8dd978e4 .av-section-color-overlay{\nopacity:0.5;\n}\n<\/style>\n<div id='av_section_1'  class='avia-section av-lv2mfg6x-ad98a3cf0607864f47c8004c8dd978e4 main_color avia-section-default avia-no-border-styling  avia-builder-el-0  el_before_av_section  avia-builder-el-first  main-banner avia-full-stretch avia-bg-style-scroll av-section-color-overlay-active av-minimum-height av-minimum-height-50 av-height-50  container_wrap fullsize'  data-section-bg-repeat='stretch' data-av_minimum_height_pc='50' data-av_min_height_opt='50'><div class=\"av-section-color-overlay-wrap\"><div class=\"av-section-color-overlay\"><\/div><div class='container av-section-cont-open' ><main  role=\"main\" itemprop=\"mainContentOfPage\"  class='template-page content  av-content-full alpha units'><div class='post-entry post-entry-type-page post-entry-4457'><div class='entry-content-wrapper clearfix'>\n<div  class='flex_column av-1vajsr-8d29198ae8c14cce77b49ee971ee9a22 av_one_full  avia-builder-el-1  avia-builder-el-no-sibling  first flex_column_div  '     ><p>\n<style type=\"text\/css\" data-created_by=\"avia_inline_auto\" id=\"style-css-av-lv2m7y1x-49aecf95a7c595f58c091a8e588a996f\">\n#top .av-special-heading.av-lv2m7y1x-49aecf95a7c595f58c091a8e588a996f{\npadding-bottom:0;\n}\nbody .av-special-heading.av-lv2m7y1x-49aecf95a7c595f58c091a8e588a996f .av-special-heading-tag .heading-char{\nfont-size:25px;\n}\n.av-special-heading.av-lv2m7y1x-49aecf95a7c595f58c091a8e588a996f .av-subheading{\nfont-size:15px;\n}\n<\/style>\n<div  class='av-special-heading av-lv2m7y1x-49aecf95a7c595f58c091a8e588a996f av-special-heading-h1 blockquote modern-quote  avia-builder-el-2  el_before_av_hr  avia-builder-el-first  subpage-title-h1'><h1 class='av-special-heading-tag'  itemprop=\"headline\"  >How to scan?<\/h1><div class=\"special-heading-border\"><div class=\"special-heading-inner-border\"><\/div><\/div><\/div><br \/>\n\n<style type=\"text\/css\" data-created_by=\"avia_inline_auto\" id=\"style-css-av-1ok5pv-dc9fd34106166fdfac22b9cb17fda2c6\">\n#top .hr.av-1ok5pv-dc9fd34106166fdfac22b9cb17fda2c6{\nmargin-top:0px;\nmargin-bottom:30px;\n}\n.hr.av-1ok5pv-dc9fd34106166fdfac22b9cb17fda2c6 .hr-inner{\nwidth:100px;\nborder-color:#ed7207;\n}\n<\/style>\n<div  class='hr av-1ok5pv-dc9fd34106166fdfac22b9cb17fda2c6 hr-custom  avia-builder-el-3  el_after_av_heading  avia-builder-el-last  hr-subpage-banner hr-left hr-icon-no'><span class='hr-inner inner-border-av-border-fat'><span class=\"hr-inner-style\"><\/span><\/span><\/div><\/p><\/div>\n\n<\/div><\/div><\/main><!-- close content main element --><\/div><\/div><\/div><div id='av_section_2'  class='avia-section av-6ey47l-42abfd2b4d81c0b9d558006ac33ee4a9 main_color avia-section-default avia-no-border-styling  avia-builder-el-4  el_after_av_section  avia-builder-el-last  avia-bg-style-scroll container_wrap fullsize'  ><div class='container av-section-cont-open' ><div class='template-page content  av-content-full alpha units'><div class='post-entry post-entry-type-page post-entry-4457'><div class='entry-content-wrapper clearfix'>\n<div  class='flex_column av-42zkhd-59013be82c8c8405d8563ff6caefcf02 av_one_half  avia-builder-el-5  el_before_av_one_half  avia-builder-el-first  first flex_column_div  '     ><p>\n<style type=\"text\/css\" data-created_by=\"avia_inline_auto\" id=\"style-css-av-lwuppko3-b9e7db70def244aec39325f4cf1781da\">\n#top .av-special-heading.av-lwuppko3-b9e7db70def244aec39325f4cf1781da{\npadding-bottom:10px;\n}\nbody .av-special-heading.av-lwuppko3-b9e7db70def244aec39325f4cf1781da .av-special-heading-tag .heading-char{\nfont-size:25px;\n}\n.av-special-heading.av-lwuppko3-b9e7db70def244aec39325f4cf1781da .av-subheading{\nfont-size:15px;\n}\n<\/style>\n<div  class='av-special-heading av-lwuppko3-b9e7db70def244aec39325f4cf1781da av-special-heading-h2 blockquote modern-quote  avia-builder-el-6  el_before_av_textblock  avia-builder-el-first '><h2 class='av-special-heading-tag'  itemprop=\"headline\"  >Our recommendation<\/h2><div class=\"special-heading-border\"><div class=\"special-heading-inner-border\"><\/div><\/div><\/div><br \/>\n<section  class='av_textblock_section av-lwupq193-9fbe00ee9956c15f749c9e00cca80b7c '   itemscope=\"itemscope\" itemtype=\"https:\/\/schema.org\/CreativeWork\" ><div class='avia_textblock'  itemprop=\"text\" ><p>For barcode scanning, we primarily recommend scanners from our suppliers Zebra, Honeywell, Datalogic, and Unitech, who are leaders in their field. These manufacturers guarantee high quality, reliability, and innovations that will simplify and improve your workflow.<\/p>\n<\/div><\/section><\/p><\/div><div  class='flex_column av-297ta9-932a9036327495a6a735eee44a5323b0 av_one_half  avia-builder-el-8  el_after_av_one_half  el_before_av_one_half  flex_column_div  '     ><style type=\"text\/css\" data-created_by=\"avia_inline_auto\" id=\"style-css-av-lwupqxps-9d2051fb2931c185c56f8320d04d7f89\">\n.avia-image-container.av-lwupqxps-9d2051fb2931c185c56f8320d04d7f89 img.avia_image{\nbox-shadow:none;\n}\n.avia-image-container.av-lwupqxps-9d2051fb2931c185c56f8320d04d7f89 .av-image-caption-overlay-center{\ncolor:#ffffff;\n}\n<\/style>\n<div  class='avia-image-container av-lwupqxps-9d2051fb2931c185c56f8320d04d7f89 av-styling- avia-align-center  avia-builder-el-9  avia-builder-el-no-sibling '   itemprop=\"image\" itemscope=\"itemscope\" itemtype=\"https:\/\/schema.org\/ImageObject\" ><div class=\"avia-image-container-inner\"><div class=\"avia-image-overlay-wrap\"><img decoding=\"async\" fetchpriority=\"high\" class='wp-image-3200 avia-img-lazy-loading-not-3200 avia_image ' src=\"https:\/\/bartech.sk\/wp-content\/uploads\/2024\/04\/FIS-300x283.jpg\" alt='' title='FIS'  height=\"283\" width=\"300\"  itemprop=\"thumbnailUrl\"  \/><\/div><\/div><\/div><\/div><div  class='flex_column av-evawnz-5bfb298aad79d012dac4484b3767b0b0 av_one_half  avia-builder-el-10  el_after_av_one_half  el_before_av_one_half  first flex_column_div  column-top-margin'     ><p>\n<style type=\"text\/css\" data-created_by=\"avia_inline_auto\" id=\"style-css-av-lyx5vfvu-df772a3238ac0d684c1712e8b89f2309\">\n#top .av-special-heading.av-lyx5vfvu-df772a3238ac0d684c1712e8b89f2309{\npadding-bottom:10px;\n}\nbody .av-special-heading.av-lyx5vfvu-df772a3238ac0d684c1712e8b89f2309 .av-special-heading-tag .heading-char{\nfont-size:25px;\n}\n.av-special-heading.av-lyx5vfvu-df772a3238ac0d684c1712e8b89f2309 .av-subheading{\nfont-size:15px;\n}\n<\/style>\n<div  class='av-special-heading av-lyx5vfvu-df772a3238ac0d684c1712e8b89f2309 av-special-heading-h3 blockquote modern-quote  avia-builder-el-11  el_before_av_textblock  avia-builder-el-first  av-linked-heading'><h3 class='av-special-heading-tag'  itemprop=\"headline\"  ><a class=\"av-heading-link\" href=\"https:\/\/www.zebra.com\" target=\"_blank\" rel=\"noopener noreferrer\">Zebra<\/a><\/h3><div class=\"special-heading-border\"><div class=\"special-heading-inner-border\"><\/div><\/div><\/div><br \/>\n<section  class='av_textblock_section av-lyx5w0fc-fa50fddb0c34ab008e98310a922edbe8 '   itemscope=\"itemscope\" itemtype=\"https:\/\/schema.org\/CreativeWork\" ><div class='avia_textblock'  itemprop=\"text\" ><p>Zebra Technologies is a global leader in barcode scanning technologies and identification solutions. Their products are known for their reliability, durability, and advanced features that enhance efficiency and accuracy across various industries.<\/p>\n<\/div><\/section><\/p><\/div><div  class='flex_column av-cw38zz-591e8e9985985689cf537177dcda84c6 av_one_half  avia-builder-el-13  el_after_av_one_half  el_before_av_one_half  flex_column_div  column-top-margin'     ><style type=\"text\/css\" data-created_by=\"avia_inline_auto\" id=\"style-css-av-lyx5w961-60fa52cb3ecb55556a22d555306dbc12\">\n.avia-image-container.av-lyx5w961-60fa52cb3ecb55556a22d555306dbc12 img.avia_image{\nbox-shadow:none;\n}\n.avia-image-container.av-lyx5w961-60fa52cb3ecb55556a22d555306dbc12 .av-image-caption-overlay-center{\ncolor:#ffffff;\n}\n<\/style>\n<div  class='avia-image-container av-lyx5w961-60fa52cb3ecb55556a22d555306dbc12 av-styling- avia-align-center  avia-builder-el-14  avia-builder-el-no-sibling '   itemprop=\"image\" itemscope=\"itemscope\" itemtype=\"https:\/\/schema.org\/ImageObject\" ><div class=\"avia-image-container-inner\"><div class=\"avia-image-overlay-wrap\"><img decoding=\"async\" fetchpriority=\"high\" class='wp-image-3727 avia-img-lazy-loading-not-3727 avia_image ' src=\"https:\/\/bartech.sk\/wp-content\/uploads\/2024\/07\/2-zebra_logo-300x97.png\" alt='' title='2-zebra_logo'  height=\"97\" width=\"300\"  itemprop=\"thumbnailUrl\"  \/><\/div><\/div><\/div><\/div><div  class='flex_column av-bj9pe7-c15efa774eafe968553b389ace824933 av_one_half  avia-builder-el-15  el_after_av_one_half  el_before_av_one_half  first flex_column_div  column-top-margin'     ><p>\n<style type=\"text\/css\" data-created_by=\"avia_inline_auto\" id=\"style-css-av-lyx5x3ek-65c39f32ed29729a17b071f590fe01b1\">\n#top .av-special-heading.av-lyx5x3ek-65c39f32ed29729a17b071f590fe01b1{\npadding-bottom:10px;\n}\nbody .av-special-heading.av-lyx5x3ek-65c39f32ed29729a17b071f590fe01b1 .av-special-heading-tag .heading-char{\nfont-size:25px;\n}\n.av-special-heading.av-lyx5x3ek-65c39f32ed29729a17b071f590fe01b1 .av-subheading{\nfont-size:15px;\n}\n<\/style>\n<div  class='av-special-heading av-lyx5x3ek-65c39f32ed29729a17b071f590fe01b1 av-special-heading-h3 blockquote modern-quote  avia-builder-el-16  el_before_av_textblock  avia-builder-el-first  av-linked-heading'><h3 class='av-special-heading-tag'  itemprop=\"headline\"  ><a class=\"av-heading-link\" href=\"https:\/\/sps.honeywell.com\/us\/en\" target=\"_blank\" rel=\"noopener noreferrer\">Honeywell<\/a><\/h3><div class=\"special-heading-border\"><div class=\"special-heading-inner-border\"><\/div><\/div><\/div><br \/>\n<section  class='av_textblock_section av-lyx5yn33-808391abcac8e20841e601e79fc5d688 '   itemscope=\"itemscope\" itemtype=\"https:\/\/schema.org\/CreativeWork\" ><div class='avia_textblock'  itemprop=\"text\" ><p>Honeywell is one of the leading manufacturers in the field of automatic identification and data solutions. Their barcode scanners are distinguished by high quality, innovative technologies, and the ability to adapt to various work environments, ensuring reliable performance and long-lasting durability.<\/p>\n<\/div><\/section><\/p><\/div><div  class='flex_column av-9eskqn-f8fcb2800e679637663ebbf1393f6e10 av_one_half  avia-builder-el-18  el_after_av_one_half  el_before_av_one_half  flex_column_div  column-top-margin'     ><style type=\"text\/css\" data-created_by=\"avia_inline_auto\" id=\"style-css-av-lyx613vo-caf34ed5ab065197a9ed84523c7b1abd\">\n.avia-image-container.av-lyx613vo-caf34ed5ab065197a9ed84523c7b1abd img.avia_image{\nbox-shadow:none;\n}\n.avia-image-container.av-lyx613vo-caf34ed5ab065197a9ed84523c7b1abd .av-image-caption-overlay-center{\ncolor:#ffffff;\n}\n<\/style>\n<div  class='avia-image-container av-lyx613vo-caf34ed5ab065197a9ed84523c7b1abd av-styling- avia-align-center  avia-builder-el-19  avia-builder-el-no-sibling '   itemprop=\"image\" itemscope=\"itemscope\" itemtype=\"https:\/\/schema.org\/ImageObject\" ><div class=\"avia-image-container-inner\"><div class=\"avia-image-overlay-wrap\"><img decoding=\"async\" fetchpriority=\"high\" class='wp-image-3745 avia-img-lazy-loading-not-3745 avia_image ' src=\"https:\/\/bartech.sk\/wp-content\/uploads\/2024\/07\/Navrh-bez-nazvu-6-300x97.png\" alt='' title='N\u00e1vrh bez n\u00e1zvu-6'  height=\"97\" width=\"300\"  itemprop=\"thumbnailUrl\"  \/><\/div><\/div><\/div><\/div><div  class='flex_column av-7gvfgf-0b3742735159f4a1858ed922712afe9f av_one_half  avia-builder-el-20  el_after_av_one_half  el_before_av_one_half  first flex_column_div  column-top-margin'     ><p>\n<style type=\"text\/css\" data-created_by=\"avia_inline_auto\" id=\"style-css-av-lyx62f1b-5087a19009e2f6721fb766830955c798\">\n#top .av-special-heading.av-lyx62f1b-5087a19009e2f6721fb766830955c798{\npadding-bottom:10px;\n}\nbody .av-special-heading.av-lyx62f1b-5087a19009e2f6721fb766830955c798 .av-special-heading-tag .heading-char{\nfont-size:25px;\n}\n.av-special-heading.av-lyx62f1b-5087a19009e2f6721fb766830955c798 .av-subheading{\nfont-size:15px;\n}\n<\/style>\n<div  class='av-special-heading av-lyx62f1b-5087a19009e2f6721fb766830955c798 av-special-heading-h3 blockquote modern-quote  avia-builder-el-21  el_before_av_textblock  avia-builder-el-first  av-linked-heading'><h3 class='av-special-heading-tag'  itemprop=\"headline\"  ><a class=\"av-heading-link\" href=\"https:\/\/www.datalogic.com\" target=\"_blank\" rel=\"noopener noreferrer\">Datalogic<\/a><\/h3><div class=\"special-heading-border\"><div class=\"special-heading-inner-border\"><\/div><\/div><\/div><br \/>\n<section  class='av_textblock_section av-lyx620ro-d05d0cd800600bb83c905b19e54c7871 '   itemscope=\"itemscope\" itemtype=\"https:\/\/schema.org\/CreativeWork\" ><div class='avia_textblock'  itemprop=\"text\" ><p>Datalogic is a renowned provider of barcode scanning, automation, and detection solutions. Their products are known for their precision, speed, and durability. Datalogic focuses on continuous innovation, delivering solutions that enhance productivity and improve work processes.<\/p>\n<\/div><\/section><\/p><\/div><div  class='flex_column av-kpj33-4b8e68c9e4b7f75ed6f6122da695ae4f av_one_half  avia-builder-el-23  el_after_av_one_half  el_before_av_one_half  flex_column_div  column-top-margin'     ><style type=\"text\/css\" data-created_by=\"avia_inline_auto\" id=\"style-css-av-lyx63bt6-68b90a9e4dcb1705f6e38ac8089d60e3\">\n.avia-image-container.av-lyx63bt6-68b90a9e4dcb1705f6e38ac8089d60e3 img.avia_image{\nbox-shadow:none;\n}\n.avia-image-container.av-lyx63bt6-68b90a9e4dcb1705f6e38ac8089d60e3 .av-image-caption-overlay-center{\ncolor:#ffffff;\n}\n<\/style>\n<div  class='avia-image-container av-lyx63bt6-68b90a9e4dcb1705f6e38ac8089d60e3 av-styling- avia-align-center  avia-builder-el-24  avia-builder-el-no-sibling '   itemprop=\"image\" itemscope=\"itemscope\" itemtype=\"https:\/\/schema.org\/ImageObject\" ><div class=\"avia-image-container-inner\"><div class=\"avia-image-overlay-wrap\"><img decoding=\"async\" fetchpriority=\"high\" class='wp-image-3743 avia-img-lazy-loading-not-3743 avia_image ' src=\"https:\/\/bartech.sk\/wp-content\/uploads\/2024\/07\/Datalogic_LOGO-300x80.png\" alt='' title='Datalogic_LOGO'  height=\"80\" width=\"300\"  itemprop=\"thumbnailUrl\"  \/><\/div><\/div><\/div><\/div><div  class='flex_column av-4vm39b-e05a53a29071d67df2e530eabede6798 av_one_half  avia-builder-el-25  el_after_av_one_half  el_before_av_one_half  first flex_column_div  column-top-margin'     ><p>\n<style type=\"text\/css\" data-created_by=\"avia_inline_auto\" id=\"style-css-av-lyx6dm94-e3d65fa98003456c1d99e628d908e3d9\">\n#top .av-special-heading.av-lyx6dm94-e3d65fa98003456c1d99e628d908e3d9{\npadding-bottom:10px;\n}\nbody .av-special-heading.av-lyx6dm94-e3d65fa98003456c1d99e628d908e3d9 .av-special-heading-tag .heading-char{\nfont-size:25px;\n}\n.av-special-heading.av-lyx6dm94-e3d65fa98003456c1d99e628d908e3d9 .av-subheading{\nfont-size:15px;\n}\n<\/style>\n<div  class='av-special-heading av-lyx6dm94-e3d65fa98003456c1d99e628d908e3d9 av-special-heading-h3 blockquote modern-quote  avia-builder-el-26  el_before_av_textblock  avia-builder-el-first  av-linked-heading'><h3 class='av-special-heading-tag'  itemprop=\"headline\"  ><a class=\"av-heading-link\" href=\"https:\/\/www.ute.com\/en\" target=\"_blank\" rel=\"noopener noreferrer\">Unitech<\/a><\/h3><div class=\"special-heading-border\"><div class=\"special-heading-inner-border\"><\/div><\/div><\/div><br \/>\n<section  class='av_textblock_section av-lyx6cyak-15a101fdfaf49c26f96e797f554c3120 '   itemscope=\"itemscope\" itemtype=\"https:\/\/schema.org\/CreativeWork\" ><div class='avia_textblock'  itemprop=\"text\" ><p>Unitech specializes in the production of barcode scanners and mobile computers. Their products are valued for their robustness, user-friendliness, and excellent price-performance ratio. Unitech strives to provide reliable and affordable solutions for various applications and industries.<\/p>\n<\/div><\/section><\/p><\/div><div  class='flex_column av-2nwd2n-1e6c4037814c242569b2a82cc8349bcc av_one_half  avia-builder-el-28  el_after_av_one_half  avia-builder-el-last  flex_column_div  column-top-margin'     ><style type=\"text\/css\" data-created_by=\"avia_inline_auto\" id=\"style-css-av-lyx6g1ef-cf665f34535cecd349380c8f930a40f8\">\n.avia-image-container.av-lyx6g1ef-cf665f34535cecd349380c8f930a40f8 img.avia_image{\nbox-shadow:none;\n}\n.avia-image-container.av-lyx6g1ef-cf665f34535cecd349380c8f930a40f8 .av-image-caption-overlay-center{\ncolor:#ffffff;\n}\n<\/style>\n<div  class='avia-image-container av-lyx6g1ef-cf665f34535cecd349380c8f930a40f8 av-styling- avia-align-center  avia-builder-el-29  avia-builder-el-no-sibling '   itemprop=\"image\" itemscope=\"itemscope\" itemtype=\"https:\/\/schema.org\/ImageObject\" ><div class=\"avia-image-container-inner\"><div class=\"avia-image-overlay-wrap\"><img decoding=\"async\" fetchpriority=\"high\" class='wp-image-3747 avia-img-lazy-loading-not-3747 avia_image ' src=\"https:\/\/bartech.sk\/wp-content\/uploads\/2024\/07\/Navrh-bez-nazvu-7-300x97.png\" alt='' title='N\u00e1vrh bez n\u00e1zvu-7'  height=\"97\" width=\"300\"  itemprop=\"thumbnailUrl\"  \/><\/div><\/div><\/div><\/div>\n","protected":false},"excerpt":{"rendered":"","protected":false},"author":2,"featured_media":0,"parent":0,"menu_order":3,"comment_status":"closed","ping_status":"closed","template":"","meta":{"footnotes":""},"class_list":["post-4457","page","type-page","status-publish","hentry"],"yoast_head":"<!-- This site is optimized with the Yoast SEO Premium plugin v23.1 (Yoast SEO v26.3) - https:\/\/yoast.com\/wordpress\/plugins\/seo\/ -->\n<title>How to scan? - BARTECH SLOVAKIA<\/title>\n<meta name=\"robots\" content=\"index, follow, max-snippet:-1, max-image-preview:large, max-video-preview:-1\" \/>\n<link rel=\"canonical\" href=\"https:\/\/bartech.sk\/en\/how-to-scan\/\" \/>\n<meta property=\"og:locale\" content=\"en_US\" \/>\n<meta property=\"og:type\" content=\"article\" \/>\n<meta property=\"og:title\" content=\"How to scan?\" \/>\n<meta property=\"og:url\" content=\"https:\/\/bartech.sk\/en\/how-to-scan\/\" \/>\n<meta property=\"og:site_name\" content=\"BARTECH SLOVAKIA\" \/>\n<meta property=\"article:publisher\" content=\"https:\/\/www.facebook.com\/Bartech.Slovakia\" \/>\n<meta property=\"article:modified_time\" content=\"2024-09-24T11:29:58+00:00\" \/>\n<meta name=\"twitter:card\" content=\"summary_large_image\" \/>\n<meta name=\"twitter:label1\" content=\"Est. reading time\" \/>\n\t<meta name=\"twitter:data1\" content=\"47 minutes\" \/>\n<script type=\"application\/ld+json\" class=\"yoast-schema-graph\">{\"@context\":\"https:\/\/schema.org\",\"@graph\":[{\"@type\":\"WebPage\",\"@id\":\"https:\/\/bartech.sk\/en\/how-to-scan\/\",\"url\":\"https:\/\/bartech.sk\/en\/how-to-scan\/\",\"name\":\"How to scan? - BARTECH SLOVAKIA\",\"isPartOf\":{\"@id\":\"https:\/\/bartech.sk\/en\/#website\"},\"datePublished\":\"2024-05-31T13:52:39+00:00\",\"dateModified\":\"2024-09-24T11:29:58+00:00\",\"breadcrumb\":{\"@id\":\"https:\/\/bartech.sk\/en\/how-to-scan\/#breadcrumb\"},\"inLanguage\":\"en-US\",\"potentialAction\":[{\"@type\":\"ReadAction\",\"target\":[\"https:\/\/bartech.sk\/en\/how-to-scan\/\"]}]},{\"@type\":\"BreadcrumbList\",\"@id\":\"https:\/\/bartech.sk\/en\/how-to-scan\/#breadcrumb\",\"itemListElement\":[{\"@type\":\"ListItem\",\"position\":1,\"name\":\"Domovsk\u00e1 str\u00e1nka\",\"item\":\"https:\/\/bartech.sk\/en\/introduction\/\"},{\"@type\":\"ListItem\",\"position\":2,\"name\":\"How to scan?\"}]},{\"@type\":\"WebSite\",\"@id\":\"https:\/\/bartech.sk\/en\/#website\",\"url\":\"https:\/\/bartech.sk\/en\/\",\"name\":\"Rie\u0161enia pre v\u00fdrobu a logistiku\",\"description\":\"Automatizovan\u00fd zber d\u00e1t vo v\u00fdrobe a logistike\",\"publisher\":{\"@id\":\"https:\/\/bartech.sk\/en\/#organization\"},\"potentialAction\":[{\"@type\":\"SearchAction\",\"target\":{\"@type\":\"EntryPoint\",\"urlTemplate\":\"https:\/\/bartech.sk\/en\/?s={search_term_string}\"},\"query-input\":{\"@type\":\"PropertyValueSpecification\",\"valueRequired\":true,\"valueName\":\"search_term_string\"}}],\"inLanguage\":\"en-US\"},{\"@type\":\"Organization\",\"@id\":\"https:\/\/bartech.sk\/en\/#organization\",\"name\":\"BARTECH SLOVAKIA\",\"url\":\"https:\/\/bartech.sk\/en\/\",\"logo\":{\"@type\":\"ImageObject\",\"inLanguage\":\"en-US\",\"@id\":\"https:\/\/bartech.sk\/en\/#\/schema\/logo\/image\/\",\"url\":\"https:\/\/bartech.sk\/wp-content\/uploads\/2024\/07\/Bartech_podpis.png\",\"contentUrl\":\"https:\/\/bartech.sk\/wp-content\/uploads\/2024\/07\/Bartech_podpis.png\",\"width\":185,\"height\":47,\"caption\":\"BARTECH SLOVAKIA\"},\"image\":{\"@id\":\"https:\/\/bartech.sk\/en\/#\/schema\/logo\/image\/\"},\"sameAs\":[\"https:\/\/www.facebook.com\/Bartech.Slovakia\",\"https:\/\/www.linkedin.com\/company\/bartech-slovakia\/\",\"https:\/\/www.youtube.com\/user\/BartechSk\"]}]}<\/script>\n<!-- \/ Yoast SEO Premium plugin. -->","yoast_head_json":{"title":"How to scan? - BARTECH SLOVAKIA","robots":{"index":"index","follow":"follow","max-snippet":"max-snippet:-1","max-image-preview":"max-image-preview:large","max-video-preview":"max-video-preview:-1"},"canonical":"https:\/\/bartech.sk\/en\/how-to-scan\/","og_locale":"en_US","og_type":"article","og_title":"How to scan?","og_url":"https:\/\/bartech.sk\/en\/how-to-scan\/","og_site_name":"BARTECH SLOVAKIA","article_publisher":"https:\/\/www.facebook.com\/Bartech.Slovakia","article_modified_time":"2024-09-24T11:29:58+00:00","twitter_card":"summary_large_image","twitter_misc":{"Est. reading time":"47 minutes"},"schema":{"@context":"https:\/\/schema.org","@graph":[{"@type":"WebPage","@id":"https:\/\/bartech.sk\/en\/how-to-scan\/","url":"https:\/\/bartech.sk\/en\/how-to-scan\/","name":"How to scan? - BARTECH SLOVAKIA","isPartOf":{"@id":"https:\/\/bartech.sk\/en\/#website"},"datePublished":"2024-05-31T13:52:39+00:00","dateModified":"2024-09-24T11:29:58+00:00","breadcrumb":{"@id":"https:\/\/bartech.sk\/en\/how-to-scan\/#breadcrumb"},"inLanguage":"en-US","potentialAction":[{"@type":"ReadAction","target":["https:\/\/bartech.sk\/en\/how-to-scan\/"]}]},{"@type":"BreadcrumbList","@id":"https:\/\/bartech.sk\/en\/how-to-scan\/#breadcrumb","itemListElement":[{"@type":"ListItem","position":1,"name":"Domovsk\u00e1 str\u00e1nka","item":"https:\/\/bartech.sk\/en\/introduction\/"},{"@type":"ListItem","position":2,"name":"How to scan?"}]},{"@type":"WebSite","@id":"https:\/\/bartech.sk\/en\/#website","url":"https:\/\/bartech.sk\/en\/","name":"Rie\u0161enia pre v\u00fdrobu a logistiku","description":"Automatizovan\u00fd zber d\u00e1t vo v\u00fdrobe a logistike","publisher":{"@id":"https:\/\/bartech.sk\/en\/#organization"},"potentialAction":[{"@type":"SearchAction","target":{"@type":"EntryPoint","urlTemplate":"https:\/\/bartech.sk\/en\/?s={search_term_string}"},"query-input":{"@type":"PropertyValueSpecification","valueRequired":true,"valueName":"search_term_string"}}],"inLanguage":"en-US"},{"@type":"Organization","@id":"https:\/\/bartech.sk\/en\/#organization","name":"BARTECH SLOVAKIA","url":"https:\/\/bartech.sk\/en\/","logo":{"@type":"ImageObject","inLanguage":"en-US","@id":"https:\/\/bartech.sk\/en\/#\/schema\/logo\/image\/","url":"https:\/\/bartech.sk\/wp-content\/uploads\/2024\/07\/Bartech_podpis.png","contentUrl":"https:\/\/bartech.sk\/wp-content\/uploads\/2024\/07\/Bartech_podpis.png","width":185,"height":47,"caption":"BARTECH SLOVAKIA"},"image":{"@id":"https:\/\/bartech.sk\/en\/#\/schema\/logo\/image\/"},"sameAs":["https:\/\/www.facebook.com\/Bartech.Slovakia","https:\/\/www.linkedin.com\/company\/bartech-slovakia\/","https:\/\/www.youtube.com\/user\/BartechSk"]}]}},"_links":{"self":[{"href":"https:\/\/bartech.sk\/en\/wp-json\/wp\/v2\/pages\/4457","targetHints":{"allow":["GET"]}}],"collection":[{"href":"https:\/\/bartech.sk\/en\/wp-json\/wp\/v2\/pages"}],"about":[{"href":"https:\/\/bartech.sk\/en\/wp-json\/wp\/v2\/types\/page"}],"author":[{"embeddable":true,"href":"https:\/\/bartech.sk\/en\/wp-json\/wp\/v2\/users\/2"}],"replies":[{"embeddable":true,"href":"https:\/\/bartech.sk\/en\/wp-json\/wp\/v2\/comments?post=4457"}],"version-history":[{"count":2,"href":"https:\/\/bartech.sk\/en\/wp-json\/wp\/v2\/pages\/4457\/revisions"}],"predecessor-version":[{"id":4459,"href":"https:\/\/bartech.sk\/en\/wp-json\/wp\/v2\/pages\/4457\/revisions\/4459"}],"wp:attachment":[{"href":"https:\/\/bartech.sk\/en\/wp-json\/wp\/v2\/media?parent=4457"}],"curies":[{"name":"wp","href":"https:\/\/api.w.org\/{rel}","templated":true}]}}