{"id":4454,"date":"2024-05-31T15:22:15","date_gmt":"2024-05-31T13:22:15","guid":{"rendered":"https:\/\/bartech.sk\/how-to-print\/"},"modified":"2024-09-24T13:27:22","modified_gmt":"2024-09-24T11:27:22","slug":"how-to-print","status":"publish","type":"page","link":"https:\/\/bartech.sk\/en\/how-to-print\/","title":{"rendered":"How to print?"},"content":{"rendered":"\n<style type=\"text\/css\" data-created_by=\"avia_inline_auto\" id=\"style-css-av-lv2mfg6x-ad98a3cf0607864f47c8004c8dd978e4\">\n.avia-section.av-lv2mfg6x-ad98a3cf0607864f47c8004c8dd978e4{\nbackground-repeat:no-repeat;\nbackground-image:url(https:\/\/bartech.sk\/wp-content\/uploads\/2024\/04\/vyroba-banner-v2.jpg);\nbackground-position:50% 50%;\nbackground-attachment:scroll;\n}\n.avia-section.av-lv2mfg6x-ad98a3cf0607864f47c8004c8dd978e4 .av-section-color-overlay{\nopacity:0.5;\n}\n<\/style>\n<div id='av_section_1'  class='avia-section av-lv2mfg6x-ad98a3cf0607864f47c8004c8dd978e4 main_color avia-section-default avia-no-border-styling  avia-builder-el-0  el_before_av_section  avia-builder-el-first  main-banner avia-full-stretch avia-bg-style-scroll av-section-color-overlay-active av-minimum-height av-minimum-height-50 av-height-50  container_wrap fullsize'  data-section-bg-repeat='stretch' data-av_minimum_height_pc='50' data-av_min_height_opt='50'><div class=\"av-section-color-overlay-wrap\"><div class=\"av-section-color-overlay\"><\/div><div class='container av-section-cont-open' ><main  role=\"main\" itemprop=\"mainContentOfPage\"  class='template-page content  av-content-full alpha units'><div class='post-entry post-entry-type-page post-entry-4454'><div class='entry-content-wrapper clearfix'>\n<div  class='flex_column av-1vajsr-8d29198ae8c14cce77b49ee971ee9a22 av_one_full  avia-builder-el-1  avia-builder-el-no-sibling  first flex_column_div  '     ><p>\n<style type=\"text\/css\" data-created_by=\"avia_inline_auto\" id=\"style-css-av-lv2m7y1x-a8a74c717b76ada8f9f5a865ed80d02f\">\n#top .av-special-heading.av-lv2m7y1x-a8a74c717b76ada8f9f5a865ed80d02f{\npadding-bottom:0;\n}\nbody .av-special-heading.av-lv2m7y1x-a8a74c717b76ada8f9f5a865ed80d02f .av-special-heading-tag .heading-char{\nfont-size:25px;\n}\n.av-special-heading.av-lv2m7y1x-a8a74c717b76ada8f9f5a865ed80d02f .av-subheading{\nfont-size:15px;\n}\n<\/style>\n<div  class='av-special-heading av-lv2m7y1x-a8a74c717b76ada8f9f5a865ed80d02f av-special-heading-h1 blockquote modern-quote  avia-builder-el-2  el_before_av_hr  avia-builder-el-first  subpage-title-h1'><h1 class='av-special-heading-tag'  itemprop=\"headline\"  >How to print?<\/h1><div class=\"special-heading-border\"><div class=\"special-heading-inner-border\"><\/div><\/div><\/div><br \/>\n\n<style type=\"text\/css\" data-created_by=\"avia_inline_auto\" id=\"style-css-av-1ok5pv-dc9fd34106166fdfac22b9cb17fda2c6\">\n#top .hr.av-1ok5pv-dc9fd34106166fdfac22b9cb17fda2c6{\nmargin-top:0px;\nmargin-bottom:30px;\n}\n.hr.av-1ok5pv-dc9fd34106166fdfac22b9cb17fda2c6 .hr-inner{\nwidth:100px;\nborder-color:#ed7207;\n}\n<\/style>\n<div  class='hr av-1ok5pv-dc9fd34106166fdfac22b9cb17fda2c6 hr-custom  avia-builder-el-3  el_after_av_heading  avia-builder-el-last  hr-subpage-banner hr-left hr-icon-no'><span class='hr-inner inner-border-av-border-fat'><span class=\"hr-inner-style\"><\/span><\/span><\/div><\/p><\/div>\n\n<\/div><\/div><\/main><!-- close content main element --><\/div><\/div><\/div><div id='av_section_2'  class='avia-section av-6ey47l-42abfd2b4d81c0b9d558006ac33ee4a9 main_color avia-section-default avia-no-border-styling  avia-builder-el-4  el_after_av_section  avia-builder-el-last  avia-bg-style-scroll container_wrap fullsize'  ><div class='container av-section-cont-open' ><div class='template-page content  av-content-full alpha units'><div class='post-entry post-entry-type-page post-entry-4454'><div class='entry-content-wrapper clearfix'>\n<section  class='av_textblock_section av-lyikm0e7-badccee46b91be2d32ba587d5c08fe9b '   itemscope=\"itemscope\" itemtype=\"https:\/\/schema.org\/CreativeWork\" ><div class='avia_textblock'  itemprop=\"text\" ><p>For label design, printing, and complete management of printing solutions while adhering to all GS1 standards, we provide the following software:<\/p>\n<\/div><\/section>\n<div  class='flex_column av-42zkhd-59013be82c8c8405d8563ff6caefcf02 av_one_half  avia-builder-el-6  el_after_av_textblock  el_before_av_one_half  first flex_column_div  column-top-margin'     ><section  class='av_textblock_section av-lwupq193-9fbe00ee9956c15f749c9e00cca80b7c '   itemscope=\"itemscope\" itemtype=\"https:\/\/schema.org\/CreativeWork\" ><div class='avia_textblock'  itemprop=\"text\" ><p><strong><a href=\"https:\/\/www.seagullscientific.com\/\"><a href=\"https:\/\/www.seagullscientific.com\/\">BarTender (manufacturer: Seagull Scientific)<\/a><\/a><\/strong><\/p>\n<ul>\n<li>Standardized and centralized labeling ensures data integrity and compliance for audits and traceability.<\/li>\n<li>Integrating labeling with your business data minimizes errors from manual data entry by print operators.<\/li>\n<li>Printing at the point of work optimizes workforce efficiency and reduces labor and training costs.<\/li>\n<li>Integration with your enterprise systems (SAP, ORACLE, etc.) to automate labeling operations increases cost efficiency and flexibility.<\/li>\n<\/ul>\n<p><em><a href=\"https:\/\/www.seagullscientific.com\/30-day-trial-referral\/?TrackData=ReferralAccount~BARTEC_SK*ReferralCampaign~CMP-01432-G7P8K2*Trial~True\"><a href=\"https:\/\/www.seagullscientific.com\/30-day-trial-referral\/?TrackData=ReferralAccount~BARTEC_SK*ReferralCampaign~CMP-01432-G7P8K2*Trial~True\">TRIAL version here<\/a><\/a><\/em><\/p>\n<\/div><\/section><\/div><div  class='flex_column av-8ndkbl-3b0062dc8e3b17215294f78454cf2e94 av_one_half  avia-builder-el-8  el_after_av_one_half  el_before_av_one_half  flex_column_div  column-top-margin'     ><style type=\"text\/css\" data-created_by=\"avia_inline_auto\" id=\"style-css-av-lyx4ztiw-44578aa25f1f4a420aceda69384f1814\">\n.avia-image-container.av-lyx4ztiw-44578aa25f1f4a420aceda69384f1814 img.avia_image{\nbox-shadow:none;\n}\n.avia-image-container.av-lyx4ztiw-44578aa25f1f4a420aceda69384f1814 .av-image-caption-overlay-center{\ncolor:#ffffff;\n}\n<\/style>\n<div  class='avia-image-container av-lyx4ztiw-44578aa25f1f4a420aceda69384f1814 av-styling- avia-align-center  avia-builder-el-9  avia-builder-el-no-sibling '   itemprop=\"image\" itemscope=\"itemscope\" itemtype=\"https:\/\/schema.org\/ImageObject\" ><div class=\"avia-image-container-inner\"><div class=\"avia-image-overlay-wrap\"><img decoding=\"async\" fetchpriority=\"high\" class='wp-image-3723 avia-img-lazy-loading-not-3723 avia_image ' src=\"https:\/\/bartech.sk\/wp-content\/uploads\/2024\/07\/logo.webp\" alt='' title='logo'  height=\"52\" width=\"257\"  itemprop=\"thumbnailUrl\"  \/><\/div><\/div><\/div><\/div><div  class='flex_column av-7vembl-6261b6b88211eeebbfd8aa1a6342e373 av_one_half  avia-builder-el-10  el_after_av_one_half  el_before_av_one_half  first flex_column_div  column-top-margin'     ><section  class='av_textblock_section av-lyx51u83-861099c881c6d41eea4d80af44c72c96 '   itemscope=\"itemscope\" itemtype=\"https:\/\/schema.org\/CreativeWork\" ><div class='avia_textblock'  itemprop=\"text\" ><p><strong><a href=\"https:\/\/www.teklynx.com\/\"><a href=\"https:\/\/www.teklynx.com\/\">Label Matrix, Labelview a Codesoft (manufacturer: Teklynx)<\/a><\/a><\/strong><\/p>\n<ul>\n<li>Advanced barcode label design and integration.<\/li>\n<li>Robust database connectivity.<\/li>\n<li>Leading label templates.<\/li>\n<li>Over 100 barcode symbols.<\/li>\n<li>Over 4,000 native printer drivers.<\/li>\n<li>Compatible with enterprise solutions.<\/li>\n<\/ul>\n<\/div><\/section><\/div><div  class='flex_column av-6h0hoh-88997df289e64f0021b1f189fa9016ce av_one_half  avia-builder-el-12  el_after_av_one_half  el_before_av_one_half  flex_column_div  column-top-margin'     ><style type=\"text\/css\" data-created_by=\"avia_inline_auto\" id=\"style-css-av-lyx589rl-41634157af6c35bf6663359b174a6170\">\n.avia-image-container.av-lyx589rl-41634157af6c35bf6663359b174a6170 img.avia_image{\nbox-shadow:none;\n}\n.avia-image-container.av-lyx589rl-41634157af6c35bf6663359b174a6170 .av-image-caption-overlay-center{\ncolor:#ffffff;\n}\n<\/style>\n<div  class='avia-image-container av-lyx589rl-41634157af6c35bf6663359b174a6170 av-styling- avia-align-center  avia-builder-el-13  avia-builder-el-no-sibling '   itemprop=\"image\" itemscope=\"itemscope\" itemtype=\"https:\/\/schema.org\/ImageObject\" ><div class=\"avia-image-container-inner\"><div class=\"avia-image-overlay-wrap\"><img decoding=\"async\" fetchpriority=\"high\" class='wp-image-3725 avia-img-lazy-loading-not-3725 avia_image ' src=\"https:\/\/bartech.sk\/wp-content\/uploads\/2024\/07\/Snimek-obrazovky-2024-07-22-v-17-29-15-300x113.png\" alt='' title='Sn\u00edmek obrazovky 2024-07-22 v\u00a017.29.15'  height=\"113\" width=\"300\"  itemprop=\"thumbnailUrl\"  \/><\/div><\/div><\/div><\/div><div  class='flex_column av-4w7ya9-cef974ac093945a698342d6707241f14 av_one_half  avia-builder-el-14  el_after_av_one_half  el_before_av_one_half  first flex_column_div  column-top-margin'     ><section  class='av_textblock_section av-lyx592do-e83b18bb36769ab1fa73838864cace1a '   itemscope=\"itemscope\" itemtype=\"https:\/\/schema.org\/CreativeWork\" ><div class='avia_textblock'  itemprop=\"text\" ><p><a href=\"https:\/\/www.zebra.com\/us\/en\/software\/printer-software\/zebradesigner.html\"><strong>Zebra Designer (manufacturer: Zebra)<\/strong><\/a><\/p>\n<ul>\n<li>Quickly and easily design professional labels without prior knowledge of barcodes or labeling using our Microsoft Office-style interface.<\/li>\n<li>Set your user interface to one of 20 international languages.<\/li>\n<li>Start with a basic template design including text, barcode, and graphic elements.<\/li>\n<li>Utilize input from the keyboard, date, time, and counter data sources.<\/li>\n<li>Take advantage of the GS1-128 barcode wizard.<\/li>\n<li>Use one of the pre-designed label templates or create your own from scratch.<\/li>\n<li>Compatible with formats created in ZebraDesigner version 2.<\/li>\n<\/ul>\n<\/div><\/section><\/div><div  class='flex_column av-2jbbpd-c00cbd9c28dedfbbe534ebfc7ee6e1ee av_one_half  avia-builder-el-16  el_after_av_one_half  avia-builder-el-last  flex_column_div  column-top-margin'     ><style type=\"text\/css\" data-created_by=\"avia_inline_auto\" id=\"style-css-av-lyx5bp7j-28d77611f93af0d354d34f707ba99a7d\">\n.avia-image-container.av-lyx5bp7j-28d77611f93af0d354d34f707ba99a7d img.avia_image{\nbox-shadow:none;\n}\n.avia-image-container.av-lyx5bp7j-28d77611f93af0d354d34f707ba99a7d .av-image-caption-overlay-center{\ncolor:#ffffff;\n}\n<\/style>\n<div  class='avia-image-container av-lyx5bp7j-28d77611f93af0d354d34f707ba99a7d av-styling- avia-align-center  avia-builder-el-17  avia-builder-el-no-sibling '   itemprop=\"image\" itemscope=\"itemscope\" itemtype=\"https:\/\/schema.org\/ImageObject\" ><div class=\"avia-image-container-inner\"><div class=\"avia-image-overlay-wrap\"><img decoding=\"async\" fetchpriority=\"high\" class='wp-image-3731 avia-img-lazy-loading-not-3731 avia_image ' src=\"https:\/\/bartech.sk\/wp-content\/uploads\/2024\/07\/zebra-designer-icon-blue-450x450-png-imgo_.png\" alt='' title='zebra-designer-icon-blue-450x450.png.imgo'  height=\"180\" width=\"180\"  itemprop=\"thumbnailUrl\"  \/><\/div><\/div><\/div><\/div>\n","protected":false},"excerpt":{"rendered":"","protected":false},"author":2,"featured_media":0,"parent":0,"menu_order":3,"comment_status":"closed","ping_status":"closed","template":"","meta":{"footnotes":""},"class_list":["post-4454","page","type-page","status-publish","hentry"],"yoast_head":"<!-- This site is optimized with the Yoast SEO Premium plugin v23.1 (Yoast SEO v26.3) - https:\/\/yoast.com\/wordpress\/plugins\/seo\/ -->\n<title>How to print? - BARTECH SLOVAKIA<\/title>\n<meta name=\"robots\" content=\"index, follow, max-snippet:-1, max-image-preview:large, max-video-preview:-1\" \/>\n<link rel=\"canonical\" href=\"https:\/\/bartech.sk\/en\/how-to-print\/\" \/>\n<meta property=\"og:locale\" content=\"en_US\" \/>\n<meta property=\"og:type\" content=\"article\" \/>\n<meta property=\"og:title\" content=\"How to print?\" \/>\n<meta property=\"og:url\" content=\"https:\/\/bartech.sk\/en\/how-to-print\/\" \/>\n<meta property=\"og:site_name\" content=\"BARTECH SLOVAKIA\" \/>\n<meta property=\"article:publisher\" content=\"https:\/\/www.facebook.com\/Bartech.Slovakia\" \/>\n<meta property=\"article:modified_time\" content=\"2024-09-24T11:27:22+00:00\" \/>\n<meta name=\"twitter:card\" content=\"summary_large_image\" \/>\n<meta name=\"twitter:label1\" content=\"Est. reading time\" \/>\n\t<meta name=\"twitter:data1\" content=\"29 minutes\" \/>\n<script type=\"application\/ld+json\" class=\"yoast-schema-graph\">{\"@context\":\"https:\/\/schema.org\",\"@graph\":[{\"@type\":\"WebPage\",\"@id\":\"https:\/\/bartech.sk\/en\/how-to-print\/\",\"url\":\"https:\/\/bartech.sk\/en\/how-to-print\/\",\"name\":\"How to print? - BARTECH SLOVAKIA\",\"isPartOf\":{\"@id\":\"https:\/\/bartech.sk\/en\/#website\"},\"datePublished\":\"2024-05-31T13:22:15+00:00\",\"dateModified\":\"2024-09-24T11:27:22+00:00\",\"breadcrumb\":{\"@id\":\"https:\/\/bartech.sk\/en\/how-to-print\/#breadcrumb\"},\"inLanguage\":\"en-US\",\"potentialAction\":[{\"@type\":\"ReadAction\",\"target\":[\"https:\/\/bartech.sk\/en\/how-to-print\/\"]}]},{\"@type\":\"BreadcrumbList\",\"@id\":\"https:\/\/bartech.sk\/en\/how-to-print\/#breadcrumb\",\"itemListElement\":[{\"@type\":\"ListItem\",\"position\":1,\"name\":\"Domovsk\u00e1 str\u00e1nka\",\"item\":\"https:\/\/bartech.sk\/en\/introduction\/\"},{\"@type\":\"ListItem\",\"position\":2,\"name\":\"How to print?\"}]},{\"@type\":\"WebSite\",\"@id\":\"https:\/\/bartech.sk\/en\/#website\",\"url\":\"https:\/\/bartech.sk\/en\/\",\"name\":\"Rie\u0161enia pre v\u00fdrobu a logistiku\",\"description\":\"Automatizovan\u00fd zber d\u00e1t vo v\u00fdrobe a logistike\",\"publisher\":{\"@id\":\"https:\/\/bartech.sk\/en\/#organization\"},\"potentialAction\":[{\"@type\":\"SearchAction\",\"target\":{\"@type\":\"EntryPoint\",\"urlTemplate\":\"https:\/\/bartech.sk\/en\/?s={search_term_string}\"},\"query-input\":{\"@type\":\"PropertyValueSpecification\",\"valueRequired\":true,\"valueName\":\"search_term_string\"}}],\"inLanguage\":\"en-US\"},{\"@type\":\"Organization\",\"@id\":\"https:\/\/bartech.sk\/en\/#organization\",\"name\":\"BARTECH SLOVAKIA\",\"url\":\"https:\/\/bartech.sk\/en\/\",\"logo\":{\"@type\":\"ImageObject\",\"inLanguage\":\"en-US\",\"@id\":\"https:\/\/bartech.sk\/en\/#\/schema\/logo\/image\/\",\"url\":\"https:\/\/bartech.sk\/wp-content\/uploads\/2024\/07\/Bartech_podpis.png\",\"contentUrl\":\"https:\/\/bartech.sk\/wp-content\/uploads\/2024\/07\/Bartech_podpis.png\",\"width\":185,\"height\":47,\"caption\":\"BARTECH SLOVAKIA\"},\"image\":{\"@id\":\"https:\/\/bartech.sk\/en\/#\/schema\/logo\/image\/\"},\"sameAs\":[\"https:\/\/www.facebook.com\/Bartech.Slovakia\",\"https:\/\/www.linkedin.com\/company\/bartech-slovakia\/\",\"https:\/\/www.youtube.com\/user\/BartechSk\"]}]}<\/script>\n<!-- \/ Yoast SEO Premium plugin. -->","yoast_head_json":{"title":"How to print? - BARTECH SLOVAKIA","robots":{"index":"index","follow":"follow","max-snippet":"max-snippet:-1","max-image-preview":"max-image-preview:large","max-video-preview":"max-video-preview:-1"},"canonical":"https:\/\/bartech.sk\/en\/how-to-print\/","og_locale":"en_US","og_type":"article","og_title":"How to print?","og_url":"https:\/\/bartech.sk\/en\/how-to-print\/","og_site_name":"BARTECH SLOVAKIA","article_publisher":"https:\/\/www.facebook.com\/Bartech.Slovakia","article_modified_time":"2024-09-24T11:27:22+00:00","twitter_card":"summary_large_image","twitter_misc":{"Est. reading time":"29 minutes"},"schema":{"@context":"https:\/\/schema.org","@graph":[{"@type":"WebPage","@id":"https:\/\/bartech.sk\/en\/how-to-print\/","url":"https:\/\/bartech.sk\/en\/how-to-print\/","name":"How to print? - BARTECH SLOVAKIA","isPartOf":{"@id":"https:\/\/bartech.sk\/en\/#website"},"datePublished":"2024-05-31T13:22:15+00:00","dateModified":"2024-09-24T11:27:22+00:00","breadcrumb":{"@id":"https:\/\/bartech.sk\/en\/how-to-print\/#breadcrumb"},"inLanguage":"en-US","potentialAction":[{"@type":"ReadAction","target":["https:\/\/bartech.sk\/en\/how-to-print\/"]}]},{"@type":"BreadcrumbList","@id":"https:\/\/bartech.sk\/en\/how-to-print\/#breadcrumb","itemListElement":[{"@type":"ListItem","position":1,"name":"Domovsk\u00e1 str\u00e1nka","item":"https:\/\/bartech.sk\/en\/introduction\/"},{"@type":"ListItem","position":2,"name":"How to print?"}]},{"@type":"WebSite","@id":"https:\/\/bartech.sk\/en\/#website","url":"https:\/\/bartech.sk\/en\/","name":"Rie\u0161enia pre v\u00fdrobu a logistiku","description":"Automatizovan\u00fd zber d\u00e1t vo v\u00fdrobe a logistike","publisher":{"@id":"https:\/\/bartech.sk\/en\/#organization"},"potentialAction":[{"@type":"SearchAction","target":{"@type":"EntryPoint","urlTemplate":"https:\/\/bartech.sk\/en\/?s={search_term_string}"},"query-input":{"@type":"PropertyValueSpecification","valueRequired":true,"valueName":"search_term_string"}}],"inLanguage":"en-US"},{"@type":"Organization","@id":"https:\/\/bartech.sk\/en\/#organization","name":"BARTECH SLOVAKIA","url":"https:\/\/bartech.sk\/en\/","logo":{"@type":"ImageObject","inLanguage":"en-US","@id":"https:\/\/bartech.sk\/en\/#\/schema\/logo\/image\/","url":"https:\/\/bartech.sk\/wp-content\/uploads\/2024\/07\/Bartech_podpis.png","contentUrl":"https:\/\/bartech.sk\/wp-content\/uploads\/2024\/07\/Bartech_podpis.png","width":185,"height":47,"caption":"BARTECH SLOVAKIA"},"image":{"@id":"https:\/\/bartech.sk\/en\/#\/schema\/logo\/image\/"},"sameAs":["https:\/\/www.facebook.com\/Bartech.Slovakia","https:\/\/www.linkedin.com\/company\/bartech-slovakia\/","https:\/\/www.youtube.com\/user\/BartechSk"]}]}},"_links":{"self":[{"href":"https:\/\/bartech.sk\/en\/wp-json\/wp\/v2\/pages\/4454","targetHints":{"allow":["GET"]}}],"collection":[{"href":"https:\/\/bartech.sk\/en\/wp-json\/wp\/v2\/pages"}],"about":[{"href":"https:\/\/bartech.sk\/en\/wp-json\/wp\/v2\/types\/page"}],"author":[{"embeddable":true,"href":"https:\/\/bartech.sk\/en\/wp-json\/wp\/v2\/users\/2"}],"replies":[{"embeddable":true,"href":"https:\/\/bartech.sk\/en\/wp-json\/wp\/v2\/comments?post=4454"}],"version-history":[{"count":2,"href":"https:\/\/bartech.sk\/en\/wp-json\/wp\/v2\/pages\/4454\/revisions"}],"predecessor-version":[{"id":4456,"href":"https:\/\/bartech.sk\/en\/wp-json\/wp\/v2\/pages\/4454\/revisions\/4456"}],"wp:attachment":[{"href":"https:\/\/bartech.sk\/en\/wp-json\/wp\/v2\/media?parent=4454"}],"curies":[{"name":"wp","href":"https:\/\/api.w.org\/{rel}","templated":true}]}}